{"id":833,"date":"2020-07-24T09:29:56","date_gmt":"2020-07-24T09:29:56","guid":{"rendered":"https:\/\/partsandpieces.bonsaidev.nl\/?product=ladetrekker-sl-gat-974364-zam"},"modified":"2025-12-29T13:17:33","modified_gmt":"2025-12-29T12:17:33","slug":"schubladengriff-messing-antik-ovale-perlenkette-mit-schlusselloch-97x33mm","status":"publish","type":"product","link":"https:\/\/partsandpieces.nl\/de\/product\/ladegreep-messing-antiek-ovale-kralenketting-met-sleutelgat-97x33mm\/","title":{"rendered":"Schubladengriff Messing Antik Ovale Perlenkette mit Schl\u00fcsselloch 97x33mm"},"content":{"rendered":"<p><strong>Schubladengriff Messing Antik Ovale Perlenkette mit Schl\u00fcsselloch 97x33mm<\/strong>\u00a0ist ein wundersch\u00f6ner Schubladengriff aus Zamak* mit antikem Messingfinish. Der Griff ist rundherum mit einer Kugelkette und in der Mitte mit einer Kugelkette in ovaler Form verziert. Das Erscheinungsbild dieses klassischen Griffs ist matt. Dieser Griff passt gut zu Ihren antiken oder klassischen M\u00f6beln und Schubladen.<\/p>\n<p>Dieser hochwertige Schubladengriff wird in Italien hergestellt.<\/p>\n<p><strong>Ma\u00dfe<br \/>\n<\/strong>Schubladengriff Messing antik ovale Perlenkette mit Schl\u00fcsselloch 97 x 33 mm ist insgesamt 97 mm breit und 33 mm hoch. Der Griff selbst ist 87 mm breit. Nach der Montage steht dieser Griff 15mm \u00fcber. Die Bohrl\u00f6cher des Griffs haben einen Abstand von 64 mm.<\/p>\n<p><strong>Bearbeiten<br \/>\n<\/strong>Sie k\u00f6nnen den Griff mit blind montieren\u00a0<a href=\"https:\/\/partsandpieces.nl\/de\/produkt\/schraube-edelstahl-zur-blindmontage-von-mobelbeschlagen-45x4mm-20-stuck\/\">Edelstahlschraube zur Blindbefestigung von M\u00f6belbeschl\u00e4gen (45x4mm)<\/a>\u00a0Ich schicke diese Schrauben\u00a0<strong>FREI<\/strong>\u00a0mit Ihrer Bestellung.<\/p>\n<p>* Zamak ist eine Legierung mit Zink als Hauptbestandteil. Es hat einen relativ niedrigen Schmelzpunkt und ist leicht zu gie\u00dfen. Der Name ist ein Akronym, abgeleitet von den Anfangsbuchstaben der deutschen Bezeichnungen f\u00fcr die Metalle, aus denen sich der Werkstoff zusammensetzt: Zink, Aluminium, MAGnesium, Kupfer. Zamak wird in der Auto- und M\u00f6belindustrie f\u00fcr T\u00fcrgriffe, Griffe, Logos und Zierleisten verwendet. Es wird auch h\u00e4ufig als Ersatz f\u00fcr das giftige Blei verwendet.<\/p>","protected":false},"excerpt":{"rendered":"<p>Ladegreep Messing Antiek Ovale Kralenketting met sleutelgat 97x33mm\u00a0is een mooie ladegreep gemaakt van zamak* met een antieke messing afwerking. De greep is versierd met een kralenketting rondom en een kralenketting in een ovale vorm middenin. De uitstraling van deze klassieke greep is mat. Deze greep past goed op je antieke of klassieke meubel en lades. [&hellip;]<\/p>\n","protected":false},"featured_media":6786,"template":"","meta":{"_acf_changed":false},"product_brand":[],"product_cat":[41,23,48],"product_tag":[],"class_list":{"0":"post-833","1":"product","2":"type-product","3":"status-publish","4":"has-post-thumbnail","6":"product_cat-ladetrekkers","7":"product_cat-meubelbeslag","8":"product_cat-sleutelplaten","10":"first","11":"instock","12":"taxable","13":"shipping-taxable","14":"purchasable","15":"product-type-simple"},"acf":[],"yoast_head":"<!-- This site is optimized with the Yoast SEO plugin v27.3 - https:\/\/yoast.com\/product\/yoast-seo-wordpress\/ -->\n<title>Ladegreep Messing Kralenketting met sleutelgat<\/title>\n<meta name=\"description\" content=\"Ladegreep Messing Antiek Ovale Kralenketting met sleutelgat 97x33mm is versierd met een kralenketting rondom en kralenketting in een ovale vorm middenin.\" \/>\n<meta name=\"robots\" content=\"index, follow, max-snippet:-1, max-image-preview:large, max-video-preview:-1\" \/>\n<link rel=\"canonical\" href=\"https:\/\/partsandpieces.nl\/de\/produkt\/schubladengriff-messing-antik-ovale-perlenkette-mit-schlusselloch-97x33mm\/\" \/>\n<meta property=\"og:locale\" content=\"de_DE\" \/>\n<meta property=\"og:type\" content=\"article\" \/>\n<meta property=\"og:title\" content=\"Ladegreep Messing Kralenketting met sleutelgat\" \/>\n<meta property=\"og:description\" content=\"Ladegreep Messing Antiek Ovale Kralenketting met sleutelgat 97x33mm is versierd met een kralenketting rondom en kralenketting in een ovale vorm middenin.\" \/>\n<meta property=\"og:url\" content=\"https:\/\/partsandpieces.nl\/de\/produkt\/schubladengriff-messing-antik-ovale-perlenkette-mit-schlusselloch-97x33mm\/\" \/>\n<meta property=\"og:site_name\" content=\"Parts &amp; Pieces\" \/>\n<meta property=\"article:modified_time\" content=\"2025-12-29T12:17:33+00:00\" \/>\n<meta property=\"og:image\" content=\"https:\/\/partsandpieces.nl\/wp-content\/uploads\/2020\/07\/Ladegreep-Messing-Antiek-Ovale-Kralenketting-met-sleutelgat-97x33mm.jpg\" \/>\n\t<meta property=\"og:image:width\" content=\"470\" \/>\n\t<meta property=\"og:image:height\" content=\"466\" \/>\n\t<meta property=\"og:image:type\" content=\"image\/jpeg\" \/>\n<meta name=\"twitter:card\" content=\"summary_large_image\" \/>\n<meta name=\"twitter:label1\" content=\"Gesch\u00e4tzte Lesezeit\" \/>\n\t<meta name=\"twitter:data1\" content=\"1\u00a0Minute\" \/>\n<script type=\"application\/ld+json\" class=\"yoast-schema-graph\">{\"@context\":\"https:\\\/\\\/schema.org\",\"@graph\":[{\"@type\":\"WebPage\",\"@id\":\"https:\\\/\\\/partsandpieces.nl\\\/product\\\/ladegreep-messing-antiek-ovale-kralenketting-met-sleutelgat-97x33mm\\\/\",\"url\":\"https:\\\/\\\/partsandpieces.nl\\\/product\\\/ladegreep-messing-antiek-ovale-kralenketting-met-sleutelgat-97x33mm\\\/\",\"name\":\"Ladegreep Messing Kralenketting met sleutelgat\",\"isPartOf\":{\"@id\":\"https:\\\/\\\/partsandpieces.nl\\\/#website\"},\"primaryImageOfPage\":{\"@id\":\"https:\\\/\\\/partsandpieces.nl\\\/product\\\/ladegreep-messing-antiek-ovale-kralenketting-met-sleutelgat-97x33mm\\\/#primaryimage\"},\"image\":{\"@id\":\"https:\\\/\\\/partsandpieces.nl\\\/product\\\/ladegreep-messing-antiek-ovale-kralenketting-met-sleutelgat-97x33mm\\\/#primaryimage\"},\"thumbnailUrl\":\"https:\\\/\\\/partsandpieces.nl\\\/wp-content\\\/uploads\\\/2020\\\/07\\\/Ladegreep-Messing-Antiek-Ovale-Kralenketting-met-sleutelgat-97x33mm.jpg\",\"datePublished\":\"2020-07-24T09:29:56+00:00\",\"dateModified\":\"2025-12-29T12:17:33+00:00\",\"description\":\"Ladegreep Messing Antiek Ovale Kralenketting met sleutelgat 97x33mm is versierd met een kralenketting rondom en kralenketting in een ovale vorm middenin.\",\"breadcrumb\":{\"@id\":\"https:\\\/\\\/partsandpieces.nl\\\/product\\\/ladegreep-messing-antiek-ovale-kralenketting-met-sleutelgat-97x33mm\\\/#breadcrumb\"},\"inLanguage\":\"de\",\"potentialAction\":[{\"@type\":\"ReadAction\",\"target\":[\"https:\\\/\\\/partsandpieces.nl\\\/product\\\/ladegreep-messing-antiek-ovale-kralenketting-met-sleutelgat-97x33mm\\\/\"]}]},{\"@type\":\"ImageObject\",\"inLanguage\":\"de\",\"@id\":\"https:\\\/\\\/partsandpieces.nl\\\/product\\\/ladegreep-messing-antiek-ovale-kralenketting-met-sleutelgat-97x33mm\\\/#primaryimage\",\"url\":\"https:\\\/\\\/partsandpieces.nl\\\/wp-content\\\/uploads\\\/2020\\\/07\\\/Ladegreep-Messing-Antiek-Ovale-Kralenketting-met-sleutelgat-97x33mm.jpg\",\"contentUrl\":\"https:\\\/\\\/partsandpieces.nl\\\/wp-content\\\/uploads\\\/2020\\\/07\\\/Ladegreep-Messing-Antiek-Ovale-Kralenketting-met-sleutelgat-97x33mm.jpg\",\"width\":470,\"height\":466,\"caption\":\"Ladegreep Messing Antiek Ovale Kralenketting met sleutelgat 97x33mm\"},{\"@type\":\"BreadcrumbList\",\"@id\":\"https:\\\/\\\/partsandpieces.nl\\\/product\\\/ladegreep-messing-antiek-ovale-kralenketting-met-sleutelgat-97x33mm\\\/#breadcrumb\",\"itemListElement\":[{\"@type\":\"ListItem\",\"position\":1,\"name\":\"Home\",\"item\":\"https:\\\/\\\/partsandpieces.nl\\\/home\\\/\"},{\"@type\":\"ListItem\",\"position\":2,\"name\":\"Winkel\",\"item\":\"https:\\\/\\\/partsandpieces.nl\\\/winkel\\\/\"},{\"@type\":\"ListItem\",\"position\":3,\"name\":\"Ladegreep Messing Antiek Ovale Kralenketting met sleutelgat 97x33mm\"}]},{\"@type\":\"WebSite\",\"@id\":\"https:\\\/\\\/partsandpieces.nl\\\/#website\",\"url\":\"https:\\\/\\\/partsandpieces.nl\\\/\",\"name\":\"Parts &amp; Pieces\",\"description\":\"Alles voor uw meubelrestauratie en -onderhoud!\",\"potentialAction\":[{\"@type\":\"SearchAction\",\"target\":{\"@type\":\"EntryPoint\",\"urlTemplate\":\"https:\\\/\\\/partsandpieces.nl\\\/?s={search_term_string}\"},\"query-input\":{\"@type\":\"PropertyValueSpecification\",\"valueRequired\":true,\"valueName\":\"search_term_string\"}}],\"inLanguage\":\"de\"}]}<\/script>\n<!-- \/ Yoast SEO plugin. -->","yoast_head_json":{"title":"Schubladengriff Messingperlenkette mit Schl\u00fcsselloch","description":"Schubladengriff Messing Antik Ovale Perlenkette mit Schl\u00fcsselloch 97x33mm ist mit einer Perlenkette rundherum und einer Perlenkette in ovaler Form in der Mitte verziert.","robots":{"index":"index","follow":"follow","max-snippet":"max-snippet:-1","max-image-preview":"max-image-preview:large","max-video-preview":"max-video-preview:-1"},"canonical":"https:\/\/partsandpieces.nl\/de\/produkt\/schubladengriff-messing-antik-ovale-perlenkette-mit-schlusselloch-97x33mm\/","og_locale":"de_DE","og_type":"article","og_title":"Ladegreep Messing Kralenketting met sleutelgat","og_description":"Ladegreep Messing Antiek Ovale Kralenketting met sleutelgat 97x33mm is versierd met een kralenketting rondom en kralenketting in een ovale vorm middenin.","og_url":"https:\/\/partsandpieces.nl\/de\/produkt\/schubladengriff-messing-antik-ovale-perlenkette-mit-schlusselloch-97x33mm\/","og_site_name":"Parts &amp; Pieces","article_modified_time":"2025-12-29T12:17:33+00:00","og_image":[{"width":470,"height":466,"url":"https:\/\/partsandpieces.nl\/wp-content\/uploads\/2020\/07\/Ladegreep-Messing-Antiek-Ovale-Kralenketting-met-sleutelgat-97x33mm.jpg","type":"image\/jpeg"}],"twitter_card":"summary_large_image","twitter_misc":{"Gesch\u00e4tzte Lesezeit":"1\u00a0Minute"},"schema":{"@context":"https:\/\/schema.org","@graph":[{"@type":"WebPage","@id":"https:\/\/partsandpieces.nl\/product\/ladegreep-messing-antiek-ovale-kralenketting-met-sleutelgat-97x33mm\/","url":"https:\/\/partsandpieces.nl\/product\/ladegreep-messing-antiek-ovale-kralenketting-met-sleutelgat-97x33mm\/","name":"Schubladengriff Messingperlenkette mit Schl\u00fcsselloch","isPartOf":{"@id":"https:\/\/partsandpieces.nl\/#website"},"primaryImageOfPage":{"@id":"https:\/\/partsandpieces.nl\/product\/ladegreep-messing-antiek-ovale-kralenketting-met-sleutelgat-97x33mm\/#primaryimage"},"image":{"@id":"https:\/\/partsandpieces.nl\/product\/ladegreep-messing-antiek-ovale-kralenketting-met-sleutelgat-97x33mm\/#primaryimage"},"thumbnailUrl":"https:\/\/partsandpieces.nl\/wp-content\/uploads\/2020\/07\/Ladegreep-Messing-Antiek-Ovale-Kralenketting-met-sleutelgat-97x33mm.jpg","datePublished":"2020-07-24T09:29:56+00:00","dateModified":"2025-12-29T12:17:33+00:00","description":"Schubladengriff Messing Antik Ovale Perlenkette mit Schl\u00fcsselloch 97x33mm ist mit einer Perlenkette rundherum und einer Perlenkette in ovaler Form in der Mitte verziert.","breadcrumb":{"@id":"https:\/\/partsandpieces.nl\/product\/ladegreep-messing-antiek-ovale-kralenketting-met-sleutelgat-97x33mm\/#breadcrumb"},"inLanguage":"de","potentialAction":[{"@type":"ReadAction","target":["https:\/\/partsandpieces.nl\/product\/ladegreep-messing-antiek-ovale-kralenketting-met-sleutelgat-97x33mm\/"]}]},{"@type":"ImageObject","inLanguage":"de","@id":"https:\/\/partsandpieces.nl\/product\/ladegreep-messing-antiek-ovale-kralenketting-met-sleutelgat-97x33mm\/#primaryimage","url":"https:\/\/partsandpieces.nl\/wp-content\/uploads\/2020\/07\/Ladegreep-Messing-Antiek-Ovale-Kralenketting-met-sleutelgat-97x33mm.jpg","contentUrl":"https:\/\/partsandpieces.nl\/wp-content\/uploads\/2020\/07\/Ladegreep-Messing-Antiek-Ovale-Kralenketting-met-sleutelgat-97x33mm.jpg","width":470,"height":466,"caption":"Ladegreep Messing Antiek Ovale Kralenketting met sleutelgat 97x33mm"},{"@type":"BreadcrumbList","@id":"https:\/\/partsandpieces.nl\/product\/ladegreep-messing-antiek-ovale-kralenketting-met-sleutelgat-97x33mm\/#breadcrumb","itemListElement":[{"@type":"ListItem","position":1,"name":"Home","item":"https:\/\/partsandpieces.nl\/home\/"},{"@type":"ListItem","position":2,"name":"Winkel","item":"https:\/\/partsandpieces.nl\/winkel\/"},{"@type":"ListItem","position":3,"name":"Ladegreep Messing Antiek Ovale Kralenketting met sleutelgat 97x33mm"}]},{"@type":"WebSite","@id":"https:\/\/partsandpieces.nl\/#website","url":"https:\/\/partsandpieces.nl\/","name":"Teile &amp; St\u00fccke","description":"Alles f\u00fcr Ihre M\u00f6belrestaurierung und -pflege!","potentialAction":[{"@type":"SearchAction","target":{"@type":"EntryPoint","urlTemplate":"https:\/\/partsandpieces.nl\/?s={search_term_string}"},"query-input":{"@type":"PropertyValueSpecification","valueRequired":true,"valueName":"search_term_string"}}],"inLanguage":"de"}]}},"_links":{"self":[{"href":"https:\/\/partsandpieces.nl\/de\/wp-json\/wp\/v2\/product\/833","targetHints":{"allow":["GET"]}}],"collection":[{"href":"https:\/\/partsandpieces.nl\/de\/wp-json\/wp\/v2\/product"}],"about":[{"href":"https:\/\/partsandpieces.nl\/de\/wp-json\/wp\/v2\/types\/product"}],"wp:featuredmedia":[{"embeddable":true,"href":"https:\/\/partsandpieces.nl\/de\/wp-json\/wp\/v2\/media\/6786"}],"wp:attachment":[{"href":"https:\/\/partsandpieces.nl\/de\/wp-json\/wp\/v2\/media?parent=833"}],"wp:term":[{"taxonomy":"product_brand","embeddable":true,"href":"https:\/\/partsandpieces.nl\/de\/wp-json\/wp\/v2\/product_brand?post=833"},{"taxonomy":"product_cat","embeddable":true,"href":"https:\/\/partsandpieces.nl\/de\/wp-json\/wp\/v2\/product_cat?post=833"},{"taxonomy":"product_tag","embeddable":true,"href":"https:\/\/partsandpieces.nl\/de\/wp-json\/wp\/v2\/product_tag?post=833"}],"curies":[{"name":"wp","href":"https:\/\/api.w.org\/{rel}","templated":true}]}}