{"id":8341,"date":"2024-03-12T09:21:40","date_gmt":"2024-03-12T08:21:40","guid":{"rendered":"https:\/\/partsandpieces.nl\/?post_type=product&#038;p=8341"},"modified":"2026-03-25T14:40:15","modified_gmt":"2026-03-25T13:40:15","slug":"borma-wachs-parkettwachs-flussigwachs-auf-wasserbasis-seidenmatt-30-gu-farblos-1-liter","status":"publish","type":"product","link":"https:\/\/partsandpieces.nl\/de\/product\/borma-wachs-parketwas-vloeibare-was-op-waterbasis-zijdemat-30-gu-kleurloos-1-liter\/","title":{"rendered":"Borma Wachs Parkettwachs Fl\u00fcssigwachs auf Wasserbasis Seidenmatt (30 GU) farblos 1 Liter"},"content":{"rendered":"<p><strong>Borma Wachs Parkettwachs fl\u00fcssiges Wachs auf Wasserbasis Seidenmatt (30 GU) farblos <\/strong>von <a href=\"https:\/\/bormawachs.com\/dettaglio_new.php?idprod=0490-XX&amp;cat1=4&amp;lang=2\">Borma Wachs<\/a> ist eine l\u00f6sungsmittelfreie Wachsemulsion zum Schutz und zur Erneuerung von durch Abnutzung besch\u00e4digtem Parkett. Die Zusammensetzung aus nat\u00fcrlichen Wachsen mit Tensiden sorgt f\u00fcr einen angenehmen Glanz und Schutz vor h\u00e4ufiger Nutzung des Bodens. Dieses Wachs ist v\u00f6llig geruchs- und farblos und macht Ihren Boden langlebig.<br \/>\nIdeal zum Schutz ge\u00f6lter und lackierter Parkettb\u00f6den. Sie k\u00f6nnen das Wachs pur als Parkettwachs und verd\u00fcnnt als Pflegemittel verwenden.<\/p>\n<p>Dieses Borma Wachs Parkettwachs f\u00fcr B\u00f6den hat einen seidenmatten Effekt (30 Glanzeinheiten \u00e0 100)<\/p>\n<p>Gesch\u00e4tzter Verbrauch: 60\u201370 m\u00b2\/Liter<\/p>\n<h5><strong>Anweisungen<\/strong><\/h5>\n<p>\u2013 Gleichm\u00e4\u00dfig auftragen und \u00dcberlappungen vermeiden.<br \/>\n\u2013 Eventuelle R\u00fcckst\u00e4nde absp\u00fclen und das Wachs mit einem Tuch gleichm\u00e4\u00dfig auf der gesamten Oberfl\u00e4che trocknen.<br \/>\n\u2013 1-2 Stunden trocknen lassen.<br \/>\n\u2013 Das Produkt erzeugt einen tiefmatten Film, der resistent gegen Reinigungsmittel und Fingerabdr\u00fccke ist. Wiederholen Sie den Vorgang bei Bedarf.<\/p>\n<h5>Was ist wasserbasiertes Parkettwachs?<\/h5>\n<p>Wasserbasiertes Parkettwachs ist ein <em><strong>umweltfreundliche Alternative<\/strong><\/em> f\u00fcr herk\u00f6mmliche Waschmittel. Es ist f\u00fcr alle Parkettb\u00f6den geeignet und bietet dauerhaften Schutz f\u00fcr den Boden. Das Produkt wurde speziell f\u00fcr die Pflege von Holzb\u00f6den entwickelt und sorgt f\u00fcr langanhaltenden Glanz und Schutz. Die fl\u00fcssige Textur erleichtert das Auftragen und Verteilen auf dem Boden. Mit diesem Fl\u00fcssigwachs f\u00fcr Parkett sch\u00fctzen Sie den Boden vor Kratzern, Abnutzung und Schmutz. Durch die regelm\u00e4\u00dfige Anwendung von Parkettwachs bleibt der Boden in optimalem Zustand und h\u00e4lt l\u00e4nger.<\/p>\n<p>Kurz gesagt: Parkettwachs auf Wasserbasis ist die ideale Wahl f\u00fcr die Pflege Ihres Parkettbodens. Mit dem fl\u00fcssigen Wachs auf Wasserbasis Borma Wachs Parketwax k\u00f6nnen Sie sich \u00fcber einen sch\u00f6nen und gut gesch\u00fctzten Boden freuen.<\/p>\n<h5>Welche Vorteile bietet die Pflege Ihres Parkettbodens mit Parkettwachs?<\/h5>\n<p>Die regelm\u00e4\u00dfige Pflege Ihres Parkettbodens mit Parkettwachs hat mehrere Vorteile:<\/p>\n<p>\u2013 Parkettwachs sch\u00fctzt den Boden vor Kratzern und Abnutzung und h\u00e4lt ihn l\u00e4nger sch\u00f6n. So bleibt Ihr Parkettboden auch nach intensiver Beanspruchung wie neu. Durch den Schutz des Parkettwachses bleibt der Boden l\u00e4nger in einem Top-Zustand, was Kosten f\u00fcr Reparaturen und Erneuerungen spart. \u2013 Das Wachs verleiht dem Boden einen sch\u00f6nen Glanz und eine tiefe Farbe, was das Erscheinungsbild des Raumes verbessert. Dies verleiht dem Raum eine luxuri\u00f6se Ausstrahlung und l\u00e4sst ihn warm und einladend wirken. Glanz und Farbe des Bodens sorgen f\u00fcr eine attraktive Atmosph\u00e4re im Raum.<br \/>\n\u2013 Die Verwendung von Parkettwachs verl\u00e4ngert die Lebensdauer des Parketts. So haben Sie l\u00e4nger Freude an einem sch\u00f6nen und langlebigen Bodenbelag, ohne dass dieser schnell verschlei\u00dft. Durch die regelm\u00e4\u00dfige Anwendung von Parkettwachs investieren Sie in die Langlebigkeit Ihres Bodens.<br \/>\n\u2013 Parkettwachs sorgt f\u00fcr eine leichtere Sauberhaltung des Bodens, was die Bodenpflege vereinfacht. Auf dem behandelten Boden haften Schmutz und Staub weniger schnell, sodass er sich leicht mit einem feuchten Tuch oder Staubsauger reinigen l\u00e4sst. Dies spart Zeit und M\u00fche beim Reinigen des Bodens.<br \/>\n\u2013 Das Wachs verhindert das Austrocknen und Rei\u00dfen des Holzes, wodurch der Boden l\u00e4nger sch\u00f6n bleibt. Durch die Pflege und den Schutz des Holzes mit Parkettwachs bleibt das Material in gutem Zustand und beh\u00e4lt seine nat\u00fcrliche Sch\u00f6nheit. Dadurch bleibt die sch\u00f6ne Optik des Bodens \u00fcber Jahre erhalten.<br \/>\n\u2013 Durch die Verwendung von Parkettwachs erh\u00e4lt der Boden eine nat\u00fcrliche Optik, wodurch die warme und authentische Optik des Holzes erhalten bleibt. Durch das Parkettwachs kommen die nat\u00fcrliche Struktur und Farbe des Holzes optimal zur Geltung und sorgen f\u00fcr eine warme, behagliche Raumatmosph\u00e4re.<\/p>\n<p>Um von all diesen Vorteilen zu profitieren und einen sch\u00f6nen und langlebigen Boden zu erhalten, ist die regelm\u00e4\u00dfige Pflege Ihres Parkettbodens mit Parkettwachs unerl\u00e4sslich.<\/p>\n<h5>Wie wenden Sie Parkettwachs f\u00fcr Ihren Parkettboden an?<\/h5>\n<p>Um Ihren Parkettboden mit Parkettwachs zu pflegen, ist es wichtig, zun\u00e4chst einen sauberen und trockenen Boden zu verwenden.<\/p>\n<p>\u2013 Entfernen Sie vor dem Auftragen des Wachses jeglichen Schmutz und Staub.<br \/>\n\u2013 Anschlie\u00dfend das Parkettwachs mit einem Pinsel oder Tuch gleichm\u00e4\u00dfig und immer in Richtung der Holzmaserung auftragen.<br \/>\n\u2013 Lassen Sie die W\u00e4sche entsprechend den Anweisungen auf der Verpackung trocknen, dies dauert in der Regel einige Stunden.<br \/>\n\u2013 Bei Bedarf k\u00f6nnen Sie den Wachsauftrag f\u00fcr tieferen Glanz und besseren Schutz wiederholen.<br \/>\n\u2013 Vergessen Sie nicht, Ihren Parkettboden regelm\u00e4\u00dfig zu pflegen, indem Sie ihn absaugen und gelegentlich mit einer neuen Wachsschicht auffrischen.<\/p>","protected":false},"excerpt":{"rendered":"<p>Borma Wachs Parketwas vloeibare was op waterbasis Zijdemat (30 GU) kleurloos van Borma Wachs is een oplosmiddelvrije wasemulsie voor bescherming en vernieuwing van door slijtage beschadigd parket. De samenstelling van natuurlijke wassen met oppervlakte-actieve stoffen zorgt voor een aangename glans en bescherming tegen veelvuldig gebruik van de vloer. Deze was is volledig geur- en kleurloos [&hellip;]<\/p>\n","protected":false},"featured_media":6464,"template":"","meta":{"_acf_changed":false},"product_brand":[],"product_cat":[64,159,85],"product_tag":[],"class_list":{"0":"post-8341","1":"product","2":"type-product","3":"status-publish","4":"has-post-thumbnail","6":"product_cat-oppervlakte-behandeling-borma-wachs","7":"product_cat-parketwas-vloeibare-was-op-waterbasis","8":"product_cat-vloerwas-duurzame-bescherming","10":"first","11":"instock","12":"taxable","13":"shipping-taxable","14":"purchasable","15":"product-type-simple"},"acf":[],"yoast_head":"<!-- This site is optimized with the Yoast SEO plugin v27.3 - https:\/\/yoast.com\/product\/yoast-seo-wordpress\/ -->\n<title>Borma Wachs Parketwas waterbasis<\/title>\n<meta name=\"description\" content=\"Borma Wachs Parketwas op waterbasis Zijdemat (30 GU) kleurloos\u00a0is een oplosmiddelvrije wasemulsie voor bescherming en vernieuwing van beschadigd parket.\" \/>\n<meta name=\"robots\" content=\"index, follow, max-snippet:-1, max-image-preview:large, max-video-preview:-1\" \/>\n<link rel=\"canonical\" href=\"https:\/\/partsandpieces.nl\/de\/produkt\/borma-wachs-parkettwachs-flussigwachs-auf-wasserbasis-seidenmatt-30-gu-farblos-1-liter\/\" \/>\n<meta property=\"og:locale\" content=\"de_DE\" \/>\n<meta property=\"og:type\" content=\"article\" \/>\n<meta property=\"og:title\" content=\"Borma Wachs Parketwas waterbasis\" \/>\n<meta property=\"og:description\" content=\"Borma Wachs Parketwas op waterbasis Zijdemat (30 GU) kleurloos\u00a0is een oplosmiddelvrije wasemulsie voor bescherming en vernieuwing van beschadigd parket.\" \/>\n<meta property=\"og:url\" content=\"https:\/\/partsandpieces.nl\/de\/produkt\/borma-wachs-parkettwachs-flussigwachs-auf-wasserbasis-seidenmatt-30-gu-farblos-1-liter\/\" \/>\n<meta property=\"og:site_name\" content=\"Parts &amp; Pieces\" \/>\n<meta property=\"article:modified_time\" content=\"2026-03-25T13:40:15+00:00\" \/>\n<meta property=\"og:image\" content=\"https:\/\/partsandpieces.nl\/wp-content\/uploads\/2020\/09\/Borma-Wachs-Parketwas-vloeibare-was-op-waterbasis-voor-vloeren-diep-mat-kleurloos-5-liter.jpg\" \/>\n\t<meta property=\"og:image:width\" content=\"800\" \/>\n\t<meta property=\"og:image:height\" content=\"800\" \/>\n\t<meta property=\"og:image:type\" content=\"image\/jpeg\" \/>\n<meta name=\"twitter:card\" content=\"summary_large_image\" \/>\n<meta name=\"twitter:label1\" content=\"Gesch\u00e4tzte Lesezeit\" \/>\n\t<meta name=\"twitter:data1\" content=\"1\u00a0Minute\" \/>\n<script type=\"application\/ld+json\" class=\"yoast-schema-graph\">{\"@context\":\"https:\\\/\\\/schema.org\",\"@graph\":[{\"@type\":\"WebPage\",\"@id\":\"https:\\\/\\\/partsandpieces.nl\\\/product\\\/borma-wachs-parketwas-vloeibare-was-op-waterbasis-zijdemat-30-gu-kleurloos-1-liter\\\/\",\"url\":\"https:\\\/\\\/partsandpieces.nl\\\/product\\\/borma-wachs-parketwas-vloeibare-was-op-waterbasis-zijdemat-30-gu-kleurloos-1-liter\\\/\",\"name\":\"Borma Wachs Parketwas waterbasis\",\"isPartOf\":{\"@id\":\"https:\\\/\\\/partsandpieces.nl\\\/#website\"},\"primaryImageOfPage\":{\"@id\":\"https:\\\/\\\/partsandpieces.nl\\\/product\\\/borma-wachs-parketwas-vloeibare-was-op-waterbasis-zijdemat-30-gu-kleurloos-1-liter\\\/#primaryimage\"},\"image\":{\"@id\":\"https:\\\/\\\/partsandpieces.nl\\\/product\\\/borma-wachs-parketwas-vloeibare-was-op-waterbasis-zijdemat-30-gu-kleurloos-1-liter\\\/#primaryimage\"},\"thumbnailUrl\":\"https:\\\/\\\/partsandpieces.nl\\\/wp-content\\\/uploads\\\/2020\\\/09\\\/Borma-Wachs-Parketwas-vloeibare-was-op-waterbasis-voor-vloeren-diep-mat-kleurloos-5-liter.jpg\",\"datePublished\":\"2024-03-12T08:21:40+00:00\",\"dateModified\":\"2026-03-25T13:40:15+00:00\",\"description\":\"Borma Wachs Parketwas op waterbasis Zijdemat (30 GU) kleurloos\u00a0is een oplosmiddelvrije wasemulsie voor bescherming en vernieuwing van beschadigd parket.\",\"breadcrumb\":{\"@id\":\"https:\\\/\\\/partsandpieces.nl\\\/product\\\/borma-wachs-parketwas-vloeibare-was-op-waterbasis-zijdemat-30-gu-kleurloos-1-liter\\\/#breadcrumb\"},\"inLanguage\":\"de\",\"potentialAction\":[{\"@type\":\"ReadAction\",\"target\":[\"https:\\\/\\\/partsandpieces.nl\\\/product\\\/borma-wachs-parketwas-vloeibare-was-op-waterbasis-zijdemat-30-gu-kleurloos-1-liter\\\/\"]}]},{\"@type\":\"ImageObject\",\"inLanguage\":\"de\",\"@id\":\"https:\\\/\\\/partsandpieces.nl\\\/product\\\/borma-wachs-parketwas-vloeibare-was-op-waterbasis-zijdemat-30-gu-kleurloos-1-liter\\\/#primaryimage\",\"url\":\"https:\\\/\\\/partsandpieces.nl\\\/wp-content\\\/uploads\\\/2020\\\/09\\\/Borma-Wachs-Parketwas-vloeibare-was-op-waterbasis-voor-vloeren-diep-mat-kleurloos-5-liter.jpg\",\"contentUrl\":\"https:\\\/\\\/partsandpieces.nl\\\/wp-content\\\/uploads\\\/2020\\\/09\\\/Borma-Wachs-Parketwas-vloeibare-was-op-waterbasis-voor-vloeren-diep-mat-kleurloos-5-liter.jpg\",\"width\":800,\"height\":800,\"caption\":\"Borma Wachs Parketwas vloeibare was op waterbasis voor vloeren diep mat (kleurloos) 5 liter\"},{\"@type\":\"BreadcrumbList\",\"@id\":\"https:\\\/\\\/partsandpieces.nl\\\/product\\\/borma-wachs-parketwas-vloeibare-was-op-waterbasis-zijdemat-30-gu-kleurloos-1-liter\\\/#breadcrumb\",\"itemListElement\":[{\"@type\":\"ListItem\",\"position\":1,\"name\":\"Home\",\"item\":\"https:\\\/\\\/partsandpieces.nl\\\/home\\\/\"},{\"@type\":\"ListItem\",\"position\":2,\"name\":\"Winkel\",\"item\":\"https:\\\/\\\/partsandpieces.nl\\\/winkel\\\/\"},{\"@type\":\"ListItem\",\"position\":3,\"name\":\"Borma Wachs Parketwas vloeibare was op waterbasis Zijdemat (30 GU) kleurloos 1 liter\"}]},{\"@type\":\"WebSite\",\"@id\":\"https:\\\/\\\/partsandpieces.nl\\\/#website\",\"url\":\"https:\\\/\\\/partsandpieces.nl\\\/\",\"name\":\"Parts &amp; Pieces\",\"description\":\"Alles voor uw meubelrestauratie en -onderhoud!\",\"potentialAction\":[{\"@type\":\"SearchAction\",\"target\":{\"@type\":\"EntryPoint\",\"urlTemplate\":\"https:\\\/\\\/partsandpieces.nl\\\/?s={search_term_string}\"},\"query-input\":{\"@type\":\"PropertyValueSpecification\",\"valueRequired\":true,\"valueName\":\"search_term_string\"}}],\"inLanguage\":\"de\"}]}<\/script>\n<!-- \/ Yoast SEO plugin. -->","yoast_head_json":{"title":"Borma Wachs Parkettwachs auf Wasserbasis","description":"Borma Wachs Wasserbasiertes Parkettwachs Seidenmatt (30 GU) farblos ist eine l\u00f6sungsmittelfreie Wachsemulsion zum Schutz und zur Erneuerung von besch\u00e4digtem Parkett.","robots":{"index":"index","follow":"follow","max-snippet":"max-snippet:-1","max-image-preview":"max-image-preview:large","max-video-preview":"max-video-preview:-1"},"canonical":"https:\/\/partsandpieces.nl\/de\/produkt\/borma-wachs-parkettwachs-flussigwachs-auf-wasserbasis-seidenmatt-30-gu-farblos-1-liter\/","og_locale":"de_DE","og_type":"article","og_title":"Borma Wachs Parketwas waterbasis","og_description":"Borma Wachs Parketwas op waterbasis Zijdemat (30 GU) kleurloos\u00a0is een oplosmiddelvrije wasemulsie voor bescherming en vernieuwing van beschadigd parket.","og_url":"https:\/\/partsandpieces.nl\/de\/produkt\/borma-wachs-parkettwachs-flussigwachs-auf-wasserbasis-seidenmatt-30-gu-farblos-1-liter\/","og_site_name":"Parts &amp; Pieces","article_modified_time":"2026-03-25T13:40:15+00:00","og_image":[{"width":800,"height":800,"url":"https:\/\/partsandpieces.nl\/wp-content\/uploads\/2020\/09\/Borma-Wachs-Parketwas-vloeibare-was-op-waterbasis-voor-vloeren-diep-mat-kleurloos-5-liter.jpg","type":"image\/jpeg"}],"twitter_card":"summary_large_image","twitter_misc":{"Gesch\u00e4tzte Lesezeit":"1\u00a0Minute"},"schema":{"@context":"https:\/\/schema.org","@graph":[{"@type":"WebPage","@id":"https:\/\/partsandpieces.nl\/product\/borma-wachs-parketwas-vloeibare-was-op-waterbasis-zijdemat-30-gu-kleurloos-1-liter\/","url":"https:\/\/partsandpieces.nl\/product\/borma-wachs-parketwas-vloeibare-was-op-waterbasis-zijdemat-30-gu-kleurloos-1-liter\/","name":"Borma Wachs Parkettwachs auf Wasserbasis","isPartOf":{"@id":"https:\/\/partsandpieces.nl\/#website"},"primaryImageOfPage":{"@id":"https:\/\/partsandpieces.nl\/product\/borma-wachs-parketwas-vloeibare-was-op-waterbasis-zijdemat-30-gu-kleurloos-1-liter\/#primaryimage"},"image":{"@id":"https:\/\/partsandpieces.nl\/product\/borma-wachs-parketwas-vloeibare-was-op-waterbasis-zijdemat-30-gu-kleurloos-1-liter\/#primaryimage"},"thumbnailUrl":"https:\/\/partsandpieces.nl\/wp-content\/uploads\/2020\/09\/Borma-Wachs-Parketwas-vloeibare-was-op-waterbasis-voor-vloeren-diep-mat-kleurloos-5-liter.jpg","datePublished":"2024-03-12T08:21:40+00:00","dateModified":"2026-03-25T13:40:15+00:00","description":"Borma Wachs Wasserbasiertes Parkettwachs Seidenmatt (30 GU) farblos ist eine l\u00f6sungsmittelfreie Wachsemulsion zum Schutz und zur Erneuerung von besch\u00e4digtem Parkett.","breadcrumb":{"@id":"https:\/\/partsandpieces.nl\/product\/borma-wachs-parketwas-vloeibare-was-op-waterbasis-zijdemat-30-gu-kleurloos-1-liter\/#breadcrumb"},"inLanguage":"de","potentialAction":[{"@type":"ReadAction","target":["https:\/\/partsandpieces.nl\/product\/borma-wachs-parketwas-vloeibare-was-op-waterbasis-zijdemat-30-gu-kleurloos-1-liter\/"]}]},{"@type":"ImageObject","inLanguage":"de","@id":"https:\/\/partsandpieces.nl\/product\/borma-wachs-parketwas-vloeibare-was-op-waterbasis-zijdemat-30-gu-kleurloos-1-liter\/#primaryimage","url":"https:\/\/partsandpieces.nl\/wp-content\/uploads\/2020\/09\/Borma-Wachs-Parketwas-vloeibare-was-op-waterbasis-voor-vloeren-diep-mat-kleurloos-5-liter.jpg","contentUrl":"https:\/\/partsandpieces.nl\/wp-content\/uploads\/2020\/09\/Borma-Wachs-Parketwas-vloeibare-was-op-waterbasis-voor-vloeren-diep-mat-kleurloos-5-liter.jpg","width":800,"height":800,"caption":"Borma Wachs Parketwas vloeibare was op waterbasis voor vloeren diep mat (kleurloos) 5 liter"},{"@type":"BreadcrumbList","@id":"https:\/\/partsandpieces.nl\/product\/borma-wachs-parketwas-vloeibare-was-op-waterbasis-zijdemat-30-gu-kleurloos-1-liter\/#breadcrumb","itemListElement":[{"@type":"ListItem","position":1,"name":"Home","item":"https:\/\/partsandpieces.nl\/home\/"},{"@type":"ListItem","position":2,"name":"Winkel","item":"https:\/\/partsandpieces.nl\/winkel\/"},{"@type":"ListItem","position":3,"name":"Borma Wachs Parketwas vloeibare was op waterbasis Zijdemat (30 GU) kleurloos 1 liter"}]},{"@type":"WebSite","@id":"https:\/\/partsandpieces.nl\/#website","url":"https:\/\/partsandpieces.nl\/","name":"Teile &amp; St\u00fccke","description":"Alles f\u00fcr Ihre M\u00f6belrestaurierung und -pflege!","potentialAction":[{"@type":"SearchAction","target":{"@type":"EntryPoint","urlTemplate":"https:\/\/partsandpieces.nl\/?s={search_term_string}"},"query-input":{"@type":"PropertyValueSpecification","valueRequired":true,"valueName":"search_term_string"}}],"inLanguage":"de"}]}},"_links":{"self":[{"href":"https:\/\/partsandpieces.nl\/de\/wp-json\/wp\/v2\/product\/8341","targetHints":{"allow":["GET"]}}],"collection":[{"href":"https:\/\/partsandpieces.nl\/de\/wp-json\/wp\/v2\/product"}],"about":[{"href":"https:\/\/partsandpieces.nl\/de\/wp-json\/wp\/v2\/types\/product"}],"wp:featuredmedia":[{"embeddable":true,"href":"https:\/\/partsandpieces.nl\/de\/wp-json\/wp\/v2\/media\/6464"}],"wp:attachment":[{"href":"https:\/\/partsandpieces.nl\/de\/wp-json\/wp\/v2\/media?parent=8341"}],"wp:term":[{"taxonomy":"product_brand","embeddable":true,"href":"https:\/\/partsandpieces.nl\/de\/wp-json\/wp\/v2\/product_brand?post=8341"},{"taxonomy":"product_cat","embeddable":true,"href":"https:\/\/partsandpieces.nl\/de\/wp-json\/wp\/v2\/product_cat?post=8341"},{"taxonomy":"product_tag","embeddable":true,"href":"https:\/\/partsandpieces.nl\/de\/wp-json\/wp\/v2\/product_tag?post=8341"}],"curies":[{"name":"wp","href":"https:\/\/api.w.org\/{rel}","templated":true}]}}