{"id":835,"date":"2020-07-24T09:39:45","date_gmt":"2020-07-24T09:39:45","guid":{"rendered":"https:\/\/partsandpieces.bonsaidev.nl\/?product=ladetrekker-ovaal-66x5052"},"modified":"2026-01-18T15:04:40","modified_gmt":"2026-01-18T14:04:40","slug":"schubladengriff-messing-antik-oval-blumenstrausohren-mit-band-66x55mm","status":"publish","type":"product","link":"https:\/\/partsandpieces.nl\/de\/product\/ladegreep-messing-antiek-ovaal-boeket-aren-met-lint-66x55mm\/","title":{"rendered":"Schubladengriff Messing Antik Oval Bouquet Spikes mit Band 66x55mm"},"content":{"rendered":"<p><strong>Schubladengriff Messing Antik Oval Bouquet Spikes mit Band 66x55mm<\/strong> ist ein wundersch\u00f6n gegossener und daher schwerer Schubladengriff aus Messing mit antikem Finish. Der Schubladengriff hat eine ovale Form und ist mit drei Ohren in Blumenstrau\u00dfform verziert, die mit einem Band zusammengehalten werden. Dieser Griff passt gut zu Ihren antiken oder klassischen M\u00f6beln und Schubladen.<\/p>\n<p>Dieser hochwertige Schubladengriff wird in Italien hergestellt.<\/p>\n<p><strong>Ma\u00dfe<br \/>\n<\/strong>Der Schubladengriff Messing Antik Oval Bouquet Spikes mit Band 66x55mm ist 66mm breit und 55mm hoch. Nach der Montage steht dieser Griff 14mm \u00fcber. Die Bohrl\u00f6cher des Griffs haben einen Abstand von 52 mm.<\/p>\n<p><strong>Bearbeiten<br \/>\n<\/strong>Sie k\u00f6nnen den Griff mit blind montieren\u00a0<span style=\"text-decoration: underline;\"><a href=\"https:\/\/partsandpieces.nl\/de\/produkt\/schraube-edelstahl-zur-blindmontage-von-mobelbeschlagen-45x4mm-20-stuck\/\">Edelstahlschraube zur Blindbefestigung von M\u00f6belbeschl\u00e4gen (45x4mm)<\/a><\/span>\u00a0Ich schicke diese Schrauben\u00a0<strong>FREI<\/strong>\u00a0mit Ihrer Bestellung.<\/p>","protected":false},"excerpt":{"rendered":"<p>Ladegreep Messing Antiek Ovaal Boeket Aren met Lint 66x55mm is een mooie gegoten en dus zware ladegreep gemaakt van messing met een antieke afwerking. De ladetrekker is ovaal van vorm en heeft een versiering met een 3 aren in een boeketvorm bijeengehouden met een lint. Deze greep past goed op je antieke of klassieke meubel [&hellip;]<\/p>\n","protected":false},"featured_media":6756,"template":"","meta":{"_acf_changed":false},"product_brand":[],"product_cat":[41,23],"product_tag":[],"class_list":{"0":"post-835","1":"product","2":"type-product","3":"status-publish","4":"has-post-thumbnail","6":"product_cat-ladetrekkers","7":"product_cat-meubelbeslag","9":"first","10":"instock","11":"taxable","12":"shipping-taxable","13":"purchasable","14":"product-type-simple"},"acf":[],"yoast_head":"<!-- This site is optimized with the Yoast SEO plugin v27.3 - https:\/\/yoast.com\/product\/yoast-seo-wordpress\/ -->\n<title>Ladegreep Messing Ovaal 66x55mm<\/title>\n<meta name=\"description\" content=\"Ladegreep Messing Antiek Ovaal Boeket Aren met Lint 66x55mm is een gegoten en dus zware ladegreep met een versiering met een 3 aren met een lint.\" \/>\n<meta name=\"robots\" content=\"index, follow, max-snippet:-1, max-image-preview:large, max-video-preview:-1\" \/>\n<link rel=\"canonical\" href=\"https:\/\/partsandpieces.nl\/de\/produkt\/schubladengriff-messing-antik-oval-blumenstrausohren-mit-band-66x55mm\/\" \/>\n<meta property=\"og:locale\" content=\"de_DE\" \/>\n<meta property=\"og:type\" content=\"article\" \/>\n<meta property=\"og:title\" content=\"Ladegreep Messing Ovaal 66x55mm\" \/>\n<meta property=\"og:description\" content=\"Ladegreep Messing Antiek Ovaal Boeket Aren met Lint 66x55mm is een gegoten en dus zware ladegreep met een versiering met een 3 aren met een lint.\" \/>\n<meta property=\"og:url\" content=\"https:\/\/partsandpieces.nl\/de\/produkt\/schubladengriff-messing-antik-oval-blumenstrausohren-mit-band-66x55mm\/\" \/>\n<meta property=\"og:site_name\" content=\"Parts &amp; Pieces\" \/>\n<meta property=\"article:modified_time\" content=\"2026-01-18T14:04:40+00:00\" \/>\n<meta property=\"og:image\" content=\"https:\/\/partsandpieces.nl\/wp-content\/uploads\/2020\/07\/Ladegreep-Messing-Antiek-Ovaal-Boeket-Aren-met-Lint-66x55mm.jpg\" \/>\n\t<meta property=\"og:image:width\" content=\"458\" \/>\n\t<meta property=\"og:image:height\" content=\"456\" \/>\n\t<meta property=\"og:image:type\" content=\"image\/jpeg\" \/>\n<meta name=\"twitter:card\" content=\"summary_large_image\" \/>\n<meta name=\"twitter:label1\" content=\"Gesch\u00e4tzte Lesezeit\" \/>\n\t<meta name=\"twitter:data1\" content=\"1\u00a0Minute\" \/>\n<script type=\"application\/ld+json\" class=\"yoast-schema-graph\">{\"@context\":\"https:\\\/\\\/schema.org\",\"@graph\":[{\"@type\":\"WebPage\",\"@id\":\"https:\\\/\\\/partsandpieces.nl\\\/product\\\/ladegreep-messing-antiek-ovaal-boeket-aren-met-lint-66x55mm\\\/\",\"url\":\"https:\\\/\\\/partsandpieces.nl\\\/product\\\/ladegreep-messing-antiek-ovaal-boeket-aren-met-lint-66x55mm\\\/\",\"name\":\"Ladegreep Messing Ovaal 66x55mm\",\"isPartOf\":{\"@id\":\"https:\\\/\\\/partsandpieces.nl\\\/#website\"},\"primaryImageOfPage\":{\"@id\":\"https:\\\/\\\/partsandpieces.nl\\\/product\\\/ladegreep-messing-antiek-ovaal-boeket-aren-met-lint-66x55mm\\\/#primaryimage\"},\"image\":{\"@id\":\"https:\\\/\\\/partsandpieces.nl\\\/product\\\/ladegreep-messing-antiek-ovaal-boeket-aren-met-lint-66x55mm\\\/#primaryimage\"},\"thumbnailUrl\":\"https:\\\/\\\/partsandpieces.nl\\\/wp-content\\\/uploads\\\/2020\\\/07\\\/Ladegreep-Messing-Antiek-Ovaal-Boeket-Aren-met-Lint-66x55mm.jpg\",\"datePublished\":\"2020-07-24T09:39:45+00:00\",\"dateModified\":\"2026-01-18T14:04:40+00:00\",\"description\":\"Ladegreep Messing Antiek Ovaal Boeket Aren met Lint 66x55mm is een gegoten en dus zware ladegreep met een versiering met een 3 aren met een lint.\",\"breadcrumb\":{\"@id\":\"https:\\\/\\\/partsandpieces.nl\\\/product\\\/ladegreep-messing-antiek-ovaal-boeket-aren-met-lint-66x55mm\\\/#breadcrumb\"},\"inLanguage\":\"de\",\"potentialAction\":[{\"@type\":\"ReadAction\",\"target\":[\"https:\\\/\\\/partsandpieces.nl\\\/product\\\/ladegreep-messing-antiek-ovaal-boeket-aren-met-lint-66x55mm\\\/\"]}]},{\"@type\":\"ImageObject\",\"inLanguage\":\"de\",\"@id\":\"https:\\\/\\\/partsandpieces.nl\\\/product\\\/ladegreep-messing-antiek-ovaal-boeket-aren-met-lint-66x55mm\\\/#primaryimage\",\"url\":\"https:\\\/\\\/partsandpieces.nl\\\/wp-content\\\/uploads\\\/2020\\\/07\\\/Ladegreep-Messing-Antiek-Ovaal-Boeket-Aren-met-Lint-66x55mm.jpg\",\"contentUrl\":\"https:\\\/\\\/partsandpieces.nl\\\/wp-content\\\/uploads\\\/2020\\\/07\\\/Ladegreep-Messing-Antiek-Ovaal-Boeket-Aren-met-Lint-66x55mm.jpg\",\"width\":458,\"height\":456,\"caption\":\"Ladegreep Messing Antiek Ovaal Boeket Aren met Lint 66x55mm\"},{\"@type\":\"BreadcrumbList\",\"@id\":\"https:\\\/\\\/partsandpieces.nl\\\/product\\\/ladegreep-messing-antiek-ovaal-boeket-aren-met-lint-66x55mm\\\/#breadcrumb\",\"itemListElement\":[{\"@type\":\"ListItem\",\"position\":1,\"name\":\"Home\",\"item\":\"https:\\\/\\\/partsandpieces.nl\\\/home\\\/\"},{\"@type\":\"ListItem\",\"position\":2,\"name\":\"Winkel\",\"item\":\"https:\\\/\\\/partsandpieces.nl\\\/winkel\\\/\"},{\"@type\":\"ListItem\",\"position\":3,\"name\":\"Ladegreep Messing Antiek Ovaal Boeket Aren met Lint 66x55mm\"}]},{\"@type\":\"WebSite\",\"@id\":\"https:\\\/\\\/partsandpieces.nl\\\/#website\",\"url\":\"https:\\\/\\\/partsandpieces.nl\\\/\",\"name\":\"Parts &amp; Pieces\",\"description\":\"Alles voor uw meubelrestauratie en -onderhoud!\",\"potentialAction\":[{\"@type\":\"SearchAction\",\"target\":{\"@type\":\"EntryPoint\",\"urlTemplate\":\"https:\\\/\\\/partsandpieces.nl\\\/?s={search_term_string}\"},\"query-input\":{\"@type\":\"PropertyValueSpecification\",\"valueRequired\":true,\"valueName\":\"search_term_string\"}}],\"inLanguage\":\"de\"}]}<\/script>\n<!-- \/ Yoast SEO plugin. -->","yoast_head_json":{"title":"Schubladengriff Messing Oval 66x55mm","description":"Schubladengriff Messing antik ovale Blumenstrau\u00dfohren mit Band 66x55mm ist ein gegossener und daher schwerer Schubladengriff mit einer Verzierung aus 3 Ohren mit einem Band.","robots":{"index":"index","follow":"follow","max-snippet":"max-snippet:-1","max-image-preview":"max-image-preview:large","max-video-preview":"max-video-preview:-1"},"canonical":"https:\/\/partsandpieces.nl\/de\/produkt\/schubladengriff-messing-antik-oval-blumenstrausohren-mit-band-66x55mm\/","og_locale":"de_DE","og_type":"article","og_title":"Ladegreep Messing Ovaal 66x55mm","og_description":"Ladegreep Messing Antiek Ovaal Boeket Aren met Lint 66x55mm is een gegoten en dus zware ladegreep met een versiering met een 3 aren met een lint.","og_url":"https:\/\/partsandpieces.nl\/de\/produkt\/schubladengriff-messing-antik-oval-blumenstrausohren-mit-band-66x55mm\/","og_site_name":"Parts &amp; Pieces","article_modified_time":"2026-01-18T14:04:40+00:00","og_image":[{"width":458,"height":456,"url":"https:\/\/partsandpieces.nl\/wp-content\/uploads\/2020\/07\/Ladegreep-Messing-Antiek-Ovaal-Boeket-Aren-met-Lint-66x55mm.jpg","type":"image\/jpeg"}],"twitter_card":"summary_large_image","twitter_misc":{"Gesch\u00e4tzte Lesezeit":"1\u00a0Minute"},"schema":{"@context":"https:\/\/schema.org","@graph":[{"@type":"WebPage","@id":"https:\/\/partsandpieces.nl\/product\/ladegreep-messing-antiek-ovaal-boeket-aren-met-lint-66x55mm\/","url":"https:\/\/partsandpieces.nl\/product\/ladegreep-messing-antiek-ovaal-boeket-aren-met-lint-66x55mm\/","name":"Schubladengriff Messing Oval 66x55mm","isPartOf":{"@id":"https:\/\/partsandpieces.nl\/#website"},"primaryImageOfPage":{"@id":"https:\/\/partsandpieces.nl\/product\/ladegreep-messing-antiek-ovaal-boeket-aren-met-lint-66x55mm\/#primaryimage"},"image":{"@id":"https:\/\/partsandpieces.nl\/product\/ladegreep-messing-antiek-ovaal-boeket-aren-met-lint-66x55mm\/#primaryimage"},"thumbnailUrl":"https:\/\/partsandpieces.nl\/wp-content\/uploads\/2020\/07\/Ladegreep-Messing-Antiek-Ovaal-Boeket-Aren-met-Lint-66x55mm.jpg","datePublished":"2020-07-24T09:39:45+00:00","dateModified":"2026-01-18T14:04:40+00:00","description":"Schubladengriff Messing antik ovale Blumenstrau\u00dfohren mit Band 66x55mm ist ein gegossener und daher schwerer Schubladengriff mit einer Verzierung aus 3 Ohren mit einem Band.","breadcrumb":{"@id":"https:\/\/partsandpieces.nl\/product\/ladegreep-messing-antiek-ovaal-boeket-aren-met-lint-66x55mm\/#breadcrumb"},"inLanguage":"de","potentialAction":[{"@type":"ReadAction","target":["https:\/\/partsandpieces.nl\/product\/ladegreep-messing-antiek-ovaal-boeket-aren-met-lint-66x55mm\/"]}]},{"@type":"ImageObject","inLanguage":"de","@id":"https:\/\/partsandpieces.nl\/product\/ladegreep-messing-antiek-ovaal-boeket-aren-met-lint-66x55mm\/#primaryimage","url":"https:\/\/partsandpieces.nl\/wp-content\/uploads\/2020\/07\/Ladegreep-Messing-Antiek-Ovaal-Boeket-Aren-met-Lint-66x55mm.jpg","contentUrl":"https:\/\/partsandpieces.nl\/wp-content\/uploads\/2020\/07\/Ladegreep-Messing-Antiek-Ovaal-Boeket-Aren-met-Lint-66x55mm.jpg","width":458,"height":456,"caption":"Ladegreep Messing Antiek Ovaal Boeket Aren met Lint 66x55mm"},{"@type":"BreadcrumbList","@id":"https:\/\/partsandpieces.nl\/product\/ladegreep-messing-antiek-ovaal-boeket-aren-met-lint-66x55mm\/#breadcrumb","itemListElement":[{"@type":"ListItem","position":1,"name":"Home","item":"https:\/\/partsandpieces.nl\/home\/"},{"@type":"ListItem","position":2,"name":"Winkel","item":"https:\/\/partsandpieces.nl\/winkel\/"},{"@type":"ListItem","position":3,"name":"Ladegreep Messing Antiek Ovaal Boeket Aren met Lint 66x55mm"}]},{"@type":"WebSite","@id":"https:\/\/partsandpieces.nl\/#website","url":"https:\/\/partsandpieces.nl\/","name":"Teile &amp; St\u00fccke","description":"Alles f\u00fcr Ihre M\u00f6belrestaurierung und -pflege!","potentialAction":[{"@type":"SearchAction","target":{"@type":"EntryPoint","urlTemplate":"https:\/\/partsandpieces.nl\/?s={search_term_string}"},"query-input":{"@type":"PropertyValueSpecification","valueRequired":true,"valueName":"search_term_string"}}],"inLanguage":"de"}]}},"_links":{"self":[{"href":"https:\/\/partsandpieces.nl\/de\/wp-json\/wp\/v2\/product\/835","targetHints":{"allow":["GET"]}}],"collection":[{"href":"https:\/\/partsandpieces.nl\/de\/wp-json\/wp\/v2\/product"}],"about":[{"href":"https:\/\/partsandpieces.nl\/de\/wp-json\/wp\/v2\/types\/product"}],"wp:featuredmedia":[{"embeddable":true,"href":"https:\/\/partsandpieces.nl\/de\/wp-json\/wp\/v2\/media\/6756"}],"wp:attachment":[{"href":"https:\/\/partsandpieces.nl\/de\/wp-json\/wp\/v2\/media?parent=835"}],"wp:term":[{"taxonomy":"product_brand","embeddable":true,"href":"https:\/\/partsandpieces.nl\/de\/wp-json\/wp\/v2\/product_brand?post=835"},{"taxonomy":"product_cat","embeddable":true,"href":"https:\/\/partsandpieces.nl\/de\/wp-json\/wp\/v2\/product_cat?post=835"},{"taxonomy":"product_tag","embeddable":true,"href":"https:\/\/partsandpieces.nl\/de\/wp-json\/wp\/v2\/product_tag?post=835"}],"curies":[{"name":"wp","href":"https:\/\/api.w.org\/{rel}","templated":true}]}}