{"id":8361,"date":"2024-03-13T14:51:44","date_gmt":"2024-03-13T13:51:44","guid":{"rendered":"https:\/\/partsandpieces.nl\/?post_type=product&#038;p=8361"},"modified":"2026-04-02T08:59:23","modified_gmt":"2026-04-02T06:59:23","slug":"festool-granatschleifpapier-80x133mm-p80-50-stuck","status":"publish","type":"product","link":"https:\/\/partsandpieces.nl\/de\/product\/festool-schuurpapier-granat-80x133mm-p80-50-stuks\/","title":{"rendered":"Festool Schleifpapier Granat 80x133mm P80 (50 St\u00fcck)"},"content":{"rendered":"<p><strong>Festool Schleifpapier Granat 80x133mm P80 (50 St\u00fcck)<br \/>\n<\/strong><br \/>\n\u2013 K\u00f6rnung P80<br \/>\n\u2013 Packungsinhalt: 50 St\u00fcck<br \/>\n\u2013 F\u00fcr RTS 400, RTSC 400, RS 400, RS 4, LS 130, HSK-A 80\u00d7130, HSK 80\u00d7133<br \/>\n\u2013 Verarbeitung modernster Lacksysteme<br \/>\n\u2013 Besonders empfehlenswert f\u00fcr VOC-Lacke<br \/>\n\u2013 Bearbeitung h\u00e4rtester Oberfl\u00e4chen<br \/>\n\u2013 Verarbeitung von Kunststoff, mineralischen Rohstoffen, Acryl<br \/>\n\u2013 Gr\u00f6\u00dfe 80x133mm<\/p>","protected":false},"excerpt":{"rendered":"<p>Festool schuurpapier Granat 80x133mm P80 (50 stuks) &#8211; Korrel P80 &#8211; Verpakkingsinhoud: 50 stuks &#8211; Voor RTS 400, RTSC 400, RS 400, RS 4, LS 130, HSK-A 80&#215;130, HSK 80&#215;133 &#8211; Bewerking van de modernste laksystemen &#8211; Met name aanbevolen voor VOC-lak &#8211; Bewerking van de hardste ondergronden &#8211; Bewerking van kunststof, minerale grondstoffen, acryl [&hellip;]<\/p>\n","protected":false},"featured_media":8369,"template":"","meta":{"_acf_changed":false},"product_brand":[],"product_cat":[97],"product_tag":[],"class_list":{"0":"post-8361","1":"product","2":"type-product","3":"status-publish","4":"has-post-thumbnail","6":"product_cat-schuurpapier","8":"first","9":"instock","10":"taxable","11":"shipping-taxable","12":"purchasable","13":"product-type-simple"},"acf":[],"yoast_head":"<!-- This site is optimized with the Yoast SEO plugin v27.3 - https:\/\/yoast.com\/product\/yoast-seo-wordpress\/ -->\n<title>Festool schuurpapier 80x133mm P80 Granat (50 stuks)<\/title>\n<meta name=\"description\" content=\"Festool schuurpapier 80x133mm P80.Voor RTS 400, RTSC 400, RS 400, RS 4, LS 130, HSK-A 80x130, HSK 80x133. Bewerking van de modernste laksystemen.\" \/>\n<meta name=\"robots\" content=\"index, follow, max-snippet:-1, max-image-preview:large, max-video-preview:-1\" \/>\n<link rel=\"canonical\" href=\"https:\/\/partsandpieces.nl\/de\/produkt\/festool-granatschleifpapier-80x133mm-p80-50-stuck\/\" \/>\n<meta property=\"og:locale\" content=\"de_DE\" \/>\n<meta property=\"og:type\" content=\"article\" \/>\n<meta property=\"og:title\" content=\"Festool schuurpapier 80x133mm P80 Granat (50 stuks)\" \/>\n<meta property=\"og:description\" content=\"Festool schuurpapier 80x133mm P80.Voor RTS 400, RTSC 400, RS 400, RS 4, LS 130, HSK-A 80x130, HSK 80x133. Bewerking van de modernste laksystemen.\" \/>\n<meta property=\"og:url\" content=\"https:\/\/partsandpieces.nl\/de\/produkt\/festool-granatschleifpapier-80x133mm-p80-50-stuck\/\" \/>\n<meta property=\"og:site_name\" content=\"Parts &amp; Pieces\" \/>\n<meta property=\"article:modified_time\" content=\"2026-04-02T06:59:23+00:00\" \/>\n<meta property=\"og:image\" content=\"https:\/\/partsandpieces.nl\/wp-content\/uploads\/2024\/03\/Festool-schuurpapier-Granat-80x133mm-P80-497119-4.jpg\" \/>\n\t<meta property=\"og:image:width\" content=\"500\" \/>\n\t<meta property=\"og:image:height\" content=\"500\" \/>\n\t<meta property=\"og:image:type\" content=\"image\/jpeg\" \/>\n<meta name=\"twitter:card\" content=\"summary_large_image\" \/>\n<meta name=\"twitter:label1\" content=\"Gesch\u00e4tzte Lesezeit\" \/>\n\t<meta name=\"twitter:data1\" content=\"1\u00a0Minute\" \/>\n<script type=\"application\/ld+json\" class=\"yoast-schema-graph\">{\"@context\":\"https:\\\/\\\/schema.org\",\"@graph\":[{\"@type\":\"WebPage\",\"@id\":\"https:\\\/\\\/partsandpieces.nl\\\/product\\\/festool-schuurpapier-granat-80x133mm-p80-50-stuks\\\/\",\"url\":\"https:\\\/\\\/partsandpieces.nl\\\/product\\\/festool-schuurpapier-granat-80x133mm-p80-50-stuks\\\/\",\"name\":\"Festool schuurpapier 80x133mm P80 Granat (50 stuks)\",\"isPartOf\":{\"@id\":\"https:\\\/\\\/partsandpieces.nl\\\/#website\"},\"primaryImageOfPage\":{\"@id\":\"https:\\\/\\\/partsandpieces.nl\\\/product\\\/festool-schuurpapier-granat-80x133mm-p80-50-stuks\\\/#primaryimage\"},\"image\":{\"@id\":\"https:\\\/\\\/partsandpieces.nl\\\/product\\\/festool-schuurpapier-granat-80x133mm-p80-50-stuks\\\/#primaryimage\"},\"thumbnailUrl\":\"https:\\\/\\\/partsandpieces.nl\\\/wp-content\\\/uploads\\\/2024\\\/03\\\/Festool-schuurpapier-Granat-80x133mm-P80-497119-4.jpg\",\"datePublished\":\"2024-03-13T13:51:44+00:00\",\"dateModified\":\"2026-04-02T06:59:23+00:00\",\"description\":\"Festool schuurpapier 80x133mm P80.Voor RTS 400, RTSC 400, RS 400, RS 4, LS 130, HSK-A 80x130, HSK 80x133. Bewerking van de modernste laksystemen.\",\"breadcrumb\":{\"@id\":\"https:\\\/\\\/partsandpieces.nl\\\/product\\\/festool-schuurpapier-granat-80x133mm-p80-50-stuks\\\/#breadcrumb\"},\"inLanguage\":\"de\",\"potentialAction\":[{\"@type\":\"ReadAction\",\"target\":[\"https:\\\/\\\/partsandpieces.nl\\\/product\\\/festool-schuurpapier-granat-80x133mm-p80-50-stuks\\\/\"]}]},{\"@type\":\"ImageObject\",\"inLanguage\":\"de\",\"@id\":\"https:\\\/\\\/partsandpieces.nl\\\/product\\\/festool-schuurpapier-granat-80x133mm-p80-50-stuks\\\/#primaryimage\",\"url\":\"https:\\\/\\\/partsandpieces.nl\\\/wp-content\\\/uploads\\\/2024\\\/03\\\/Festool-schuurpapier-Granat-80x133mm-P80-497119-4.jpg\",\"contentUrl\":\"https:\\\/\\\/partsandpieces.nl\\\/wp-content\\\/uploads\\\/2024\\\/03\\\/Festool-schuurpapier-Granat-80x133mm-P80-497119-4.jpg\",\"width\":500,\"height\":500,\"caption\":\"Festool schuurpapier Granat 80x133mm P80 (50 stuks)\"},{\"@type\":\"BreadcrumbList\",\"@id\":\"https:\\\/\\\/partsandpieces.nl\\\/product\\\/festool-schuurpapier-granat-80x133mm-p80-50-stuks\\\/#breadcrumb\",\"itemListElement\":[{\"@type\":\"ListItem\",\"position\":1,\"name\":\"Home\",\"item\":\"https:\\\/\\\/partsandpieces.nl\\\/home\\\/\"},{\"@type\":\"ListItem\",\"position\":2,\"name\":\"Winkel\",\"item\":\"https:\\\/\\\/partsandpieces.nl\\\/winkel\\\/\"},{\"@type\":\"ListItem\",\"position\":3,\"name\":\"Festool schuurpapier Granat 80x133mm P80 (50 stuks)\"}]},{\"@type\":\"WebSite\",\"@id\":\"https:\\\/\\\/partsandpieces.nl\\\/#website\",\"url\":\"https:\\\/\\\/partsandpieces.nl\\\/\",\"name\":\"Parts &amp; Pieces\",\"description\":\"Alles voor uw meubelrestauratie en -onderhoud!\",\"potentialAction\":[{\"@type\":\"SearchAction\",\"target\":{\"@type\":\"EntryPoint\",\"urlTemplate\":\"https:\\\/\\\/partsandpieces.nl\\\/?s={search_term_string}\"},\"query-input\":{\"@type\":\"PropertyValueSpecification\",\"valueRequired\":true,\"valueName\":\"search_term_string\"}}],\"inLanguage\":\"de\"}]}<\/script>\n<!-- \/ Yoast SEO plugin. -->","yoast_head_json":{"title":"Festool Schleifpapier 80x133mm P80 Granat (50 St\u00fcck)","description":"Festool Schleifpapier 80x133mm P80. F\u00fcr RTS 400, RTSC 400, RS 400, RS 4, LS 130, HSK-A 80x130, HSK 80x133. Verarbeitung modernster Lacksysteme.","robots":{"index":"index","follow":"follow","max-snippet":"max-snippet:-1","max-image-preview":"max-image-preview:large","max-video-preview":"max-video-preview:-1"},"canonical":"https:\/\/partsandpieces.nl\/de\/produkt\/festool-granatschleifpapier-80x133mm-p80-50-stuck\/","og_locale":"de_DE","og_type":"article","og_title":"Festool schuurpapier 80x133mm P80 Granat (50 stuks)","og_description":"Festool schuurpapier 80x133mm P80.Voor RTS 400, RTSC 400, RS 400, RS 4, LS 130, HSK-A 80x130, HSK 80x133. Bewerking van de modernste laksystemen.","og_url":"https:\/\/partsandpieces.nl\/de\/produkt\/festool-granatschleifpapier-80x133mm-p80-50-stuck\/","og_site_name":"Parts &amp; Pieces","article_modified_time":"2026-04-02T06:59:23+00:00","og_image":[{"width":500,"height":500,"url":"https:\/\/partsandpieces.nl\/wp-content\/uploads\/2024\/03\/Festool-schuurpapier-Granat-80x133mm-P80-497119-4.jpg","type":"image\/jpeg"}],"twitter_card":"summary_large_image","twitter_misc":{"Gesch\u00e4tzte Lesezeit":"1\u00a0Minute"},"schema":{"@context":"https:\/\/schema.org","@graph":[{"@type":"WebPage","@id":"https:\/\/partsandpieces.nl\/product\/festool-schuurpapier-granat-80x133mm-p80-50-stuks\/","url":"https:\/\/partsandpieces.nl\/product\/festool-schuurpapier-granat-80x133mm-p80-50-stuks\/","name":"Festool Schleifpapier 80x133mm P80 Granat (50 St\u00fcck)","isPartOf":{"@id":"https:\/\/partsandpieces.nl\/#website"},"primaryImageOfPage":{"@id":"https:\/\/partsandpieces.nl\/product\/festool-schuurpapier-granat-80x133mm-p80-50-stuks\/#primaryimage"},"image":{"@id":"https:\/\/partsandpieces.nl\/product\/festool-schuurpapier-granat-80x133mm-p80-50-stuks\/#primaryimage"},"thumbnailUrl":"https:\/\/partsandpieces.nl\/wp-content\/uploads\/2024\/03\/Festool-schuurpapier-Granat-80x133mm-P80-497119-4.jpg","datePublished":"2024-03-13T13:51:44+00:00","dateModified":"2026-04-02T06:59:23+00:00","description":"Festool Schleifpapier 80x133mm P80. F\u00fcr RTS 400, RTSC 400, RS 400, RS 4, LS 130, HSK-A 80x130, HSK 80x133. Verarbeitung modernster Lacksysteme.","breadcrumb":{"@id":"https:\/\/partsandpieces.nl\/product\/festool-schuurpapier-granat-80x133mm-p80-50-stuks\/#breadcrumb"},"inLanguage":"de","potentialAction":[{"@type":"ReadAction","target":["https:\/\/partsandpieces.nl\/product\/festool-schuurpapier-granat-80x133mm-p80-50-stuks\/"]}]},{"@type":"ImageObject","inLanguage":"de","@id":"https:\/\/partsandpieces.nl\/product\/festool-schuurpapier-granat-80x133mm-p80-50-stuks\/#primaryimage","url":"https:\/\/partsandpieces.nl\/wp-content\/uploads\/2024\/03\/Festool-schuurpapier-Granat-80x133mm-P80-497119-4.jpg","contentUrl":"https:\/\/partsandpieces.nl\/wp-content\/uploads\/2024\/03\/Festool-schuurpapier-Granat-80x133mm-P80-497119-4.jpg","width":500,"height":500,"caption":"Festool schuurpapier Granat 80x133mm P80 (50 stuks)"},{"@type":"BreadcrumbList","@id":"https:\/\/partsandpieces.nl\/product\/festool-schuurpapier-granat-80x133mm-p80-50-stuks\/#breadcrumb","itemListElement":[{"@type":"ListItem","position":1,"name":"Home","item":"https:\/\/partsandpieces.nl\/home\/"},{"@type":"ListItem","position":2,"name":"Winkel","item":"https:\/\/partsandpieces.nl\/winkel\/"},{"@type":"ListItem","position":3,"name":"Festool schuurpapier Granat 80x133mm P80 (50 stuks)"}]},{"@type":"WebSite","@id":"https:\/\/partsandpieces.nl\/#website","url":"https:\/\/partsandpieces.nl\/","name":"Teile &amp; St\u00fccke","description":"Alles f\u00fcr Ihre M\u00f6belrestaurierung und -pflege!","potentialAction":[{"@type":"SearchAction","target":{"@type":"EntryPoint","urlTemplate":"https:\/\/partsandpieces.nl\/?s={search_term_string}"},"query-input":{"@type":"PropertyValueSpecification","valueRequired":true,"valueName":"search_term_string"}}],"inLanguage":"de"}]}},"_links":{"self":[{"href":"https:\/\/partsandpieces.nl\/de\/wp-json\/wp\/v2\/product\/8361","targetHints":{"allow":["GET"]}}],"collection":[{"href":"https:\/\/partsandpieces.nl\/de\/wp-json\/wp\/v2\/product"}],"about":[{"href":"https:\/\/partsandpieces.nl\/de\/wp-json\/wp\/v2\/types\/product"}],"wp:featuredmedia":[{"embeddable":true,"href":"https:\/\/partsandpieces.nl\/de\/wp-json\/wp\/v2\/media\/8369"}],"wp:attachment":[{"href":"https:\/\/partsandpieces.nl\/de\/wp-json\/wp\/v2\/media?parent=8361"}],"wp:term":[{"taxonomy":"product_brand","embeddable":true,"href":"https:\/\/partsandpieces.nl\/de\/wp-json\/wp\/v2\/product_brand?post=8361"},{"taxonomy":"product_cat","embeddable":true,"href":"https:\/\/partsandpieces.nl\/de\/wp-json\/wp\/v2\/product_cat?post=8361"},{"taxonomy":"product_tag","embeddable":true,"href":"https:\/\/partsandpieces.nl\/de\/wp-json\/wp\/v2\/product_tag?post=8361"}],"curies":[{"name":"wp","href":"https:\/\/api.w.org\/{rel}","templated":true}]}}