{"id":837,"date":"2020-07-24T09:41:57","date_gmt":"2020-07-24T09:41:57","guid":{"rendered":"https:\/\/partsandpieces.bonsaidev.nl\/?product=ladetrekker-ovaal-79x6064"},"modified":"2026-03-18T12:20:57","modified_gmt":"2026-03-18T11:20:57","slug":"schubladengriff-aus-messing-antik-oval-blumenstrausohren-mit-band-gros-79-x-60-mm","status":"publish","type":"product","link":"https:\/\/partsandpieces.nl\/de\/product\/ladegreep-messing-antiek-ovaal-boeket-aren-met-lint-groot-79x60mm\/","title":{"rendered":"Schubladengriff, Messing, antik, oval, Blumenstrau\u00df-Ohren mit Band, gro\u00df, 79 x 60 mm"},"content":{"rendered":"<p><strong>Schubladengriff, Messing, antik, oval, Blumenstrau\u00df-Ohren mit Band, gro\u00df, 79 x 60 mm<\/strong> ist ein wundersch\u00f6n gegossener und daher schwerer Schubladengriff aus Messing mit antikem Finish. Der Schubladengriff hat eine ovale Form und ist mit drei Ohren in Blumenstrau\u00dfform verziert, die mit einem Band zusammengehalten werden. Dieser Griff passt gut zu Ihren antiken oder klassischen M\u00f6beln und Schubladen.<\/p>\n<p>Dieser hochwertige Schubladengriff wird in Italien hergestellt.<\/p>\n<p><strong>Ma\u00dfe<br \/>\n<\/strong>Schubladengriff aus Messing, antik, oval, Blumenstrau\u00df-Ohren mit Band, gro\u00df, 79 x 60 mm, ist 79 mm breit und 60 mm hoch. Nach der Installation steht dieser Griff 14 mm hervor. Die Bohrungen des Griffs haben einen Abstand von 64 mm.<\/p>\n<p><strong>Bearbeiten<br \/>\n<\/strong>Sie k\u00f6nnen den Griff mit blind montieren\u00a0<span style=\"text-decoration: underline;\"><a href=\"https:\/\/partsandpieces.nl\/de\/produkt\/schraube-edelstahl-zur-blindmontage-von-mobelbeschlagen-45x4mm-20-stuck\/\">Edelstahlschraube zur Blindbefestigung von M\u00f6belbeschl\u00e4gen (45x4mm)<\/a><\/span>\u00a0Ich schicke diese Schrauben\u00a0<strong>FREI<\/strong>\u00a0mit Ihrer Bestellung.<\/p>","protected":false},"excerpt":{"rendered":"<p>Ladegreep Messing Antiek Ovaal Boeket Aren met Lint Groot 79x60mm is een mooie gegoten en dus zware ladegreep gemaakt van messing met een antieke afwerking. De ladetrekker is ovaal van vorm en heeft een versiering met een 3 aren in een boeketvorm bijeengehouden met een lint. Deze greep past goed op je antieke of klassieke [&hellip;]<\/p>\n","protected":false},"featured_media":6764,"template":"","meta":{"_acf_changed":false},"product_brand":[],"product_cat":[41,23],"product_tag":[],"class_list":{"0":"post-837","1":"product","2":"type-product","3":"status-publish","4":"has-post-thumbnail","6":"product_cat-ladetrekkers","7":"product_cat-meubelbeslag","9":"first","10":"instock","11":"taxable","12":"shipping-taxable","13":"purchasable","14":"product-type-simple"},"acf":[],"yoast_head":"<!-- This site is optimized with the Yoast SEO plugin v27.3 - https:\/\/yoast.com\/product\/yoast-seo-wordpress\/ -->\n<title>Ladegreep Messing Ovaal Groot<\/title>\n<meta name=\"description\" content=\"Ladegreep Messing Antiek Ovaal Boeket Aren met Lint Groot 79x60mm is een gegoten en dus zware ladegreep. De ladetrekker heeft versiering: 3 aren en lint.\" \/>\n<meta name=\"robots\" content=\"index, follow, max-snippet:-1, max-image-preview:large, max-video-preview:-1\" \/>\n<link rel=\"canonical\" href=\"https:\/\/partsandpieces.nl\/de\/produkt\/schubladengriff-aus-messing-antik-oval-blumenstrausohren-mit-band-gros-79-x-60-mm\/\" \/>\n<meta property=\"og:locale\" content=\"de_DE\" \/>\n<meta property=\"og:type\" content=\"article\" \/>\n<meta property=\"og:title\" content=\"Ladegreep Messing Ovaal Groot\" \/>\n<meta property=\"og:description\" content=\"Ladegreep Messing Antiek Ovaal Boeket Aren met Lint Groot 79x60mm is een gegoten en dus zware ladegreep. De ladetrekker heeft versiering: 3 aren en lint.\" \/>\n<meta property=\"og:url\" content=\"https:\/\/partsandpieces.nl\/de\/produkt\/schubladengriff-aus-messing-antik-oval-blumenstrausohren-mit-band-gros-79-x-60-mm\/\" \/>\n<meta property=\"og:site_name\" content=\"Parts &amp; Pieces\" \/>\n<meta property=\"article:modified_time\" content=\"2026-03-18T11:20:57+00:00\" \/>\n<meta property=\"og:image\" content=\"https:\/\/partsandpieces.nl\/wp-content\/uploads\/2020\/07\/Ladegreep-Messing-Antiek-Ovaal-Boeket-Aren-met-Lint-Groot-79x60mm.jpg\" \/>\n\t<meta property=\"og:image:width\" content=\"431\" \/>\n\t<meta property=\"og:image:height\" content=\"432\" \/>\n\t<meta property=\"og:image:type\" content=\"image\/jpeg\" \/>\n<meta name=\"twitter:card\" content=\"summary_large_image\" \/>\n<meta name=\"twitter:label1\" content=\"Gesch\u00e4tzte Lesezeit\" \/>\n\t<meta name=\"twitter:data1\" content=\"1\u00a0Minute\" \/>\n<script type=\"application\/ld+json\" class=\"yoast-schema-graph\">{\"@context\":\"https:\\\/\\\/schema.org\",\"@graph\":[{\"@type\":\"WebPage\",\"@id\":\"https:\\\/\\\/partsandpieces.nl\\\/product\\\/ladegreep-messing-antiek-ovaal-boeket-aren-met-lint-groot-79x60mm\\\/\",\"url\":\"https:\\\/\\\/partsandpieces.nl\\\/product\\\/ladegreep-messing-antiek-ovaal-boeket-aren-met-lint-groot-79x60mm\\\/\",\"name\":\"Ladegreep Messing Ovaal Groot\",\"isPartOf\":{\"@id\":\"https:\\\/\\\/partsandpieces.nl\\\/#website\"},\"primaryImageOfPage\":{\"@id\":\"https:\\\/\\\/partsandpieces.nl\\\/product\\\/ladegreep-messing-antiek-ovaal-boeket-aren-met-lint-groot-79x60mm\\\/#primaryimage\"},\"image\":{\"@id\":\"https:\\\/\\\/partsandpieces.nl\\\/product\\\/ladegreep-messing-antiek-ovaal-boeket-aren-met-lint-groot-79x60mm\\\/#primaryimage\"},\"thumbnailUrl\":\"https:\\\/\\\/partsandpieces.nl\\\/wp-content\\\/uploads\\\/2020\\\/07\\\/Ladegreep-Messing-Antiek-Ovaal-Boeket-Aren-met-Lint-Groot-79x60mm.jpg\",\"datePublished\":\"2020-07-24T09:41:57+00:00\",\"dateModified\":\"2026-03-18T11:20:57+00:00\",\"description\":\"Ladegreep Messing Antiek Ovaal Boeket Aren met Lint Groot 79x60mm is een gegoten en dus zware ladegreep. De ladetrekker heeft versiering: 3 aren en lint.\",\"breadcrumb\":{\"@id\":\"https:\\\/\\\/partsandpieces.nl\\\/product\\\/ladegreep-messing-antiek-ovaal-boeket-aren-met-lint-groot-79x60mm\\\/#breadcrumb\"},\"inLanguage\":\"de\",\"potentialAction\":[{\"@type\":\"ReadAction\",\"target\":[\"https:\\\/\\\/partsandpieces.nl\\\/product\\\/ladegreep-messing-antiek-ovaal-boeket-aren-met-lint-groot-79x60mm\\\/\"]}]},{\"@type\":\"ImageObject\",\"inLanguage\":\"de\",\"@id\":\"https:\\\/\\\/partsandpieces.nl\\\/product\\\/ladegreep-messing-antiek-ovaal-boeket-aren-met-lint-groot-79x60mm\\\/#primaryimage\",\"url\":\"https:\\\/\\\/partsandpieces.nl\\\/wp-content\\\/uploads\\\/2020\\\/07\\\/Ladegreep-Messing-Antiek-Ovaal-Boeket-Aren-met-Lint-Groot-79x60mm.jpg\",\"contentUrl\":\"https:\\\/\\\/partsandpieces.nl\\\/wp-content\\\/uploads\\\/2020\\\/07\\\/Ladegreep-Messing-Antiek-Ovaal-Boeket-Aren-met-Lint-Groot-79x60mm.jpg\",\"width\":431,\"height\":432,\"caption\":\"Ladegreep Messing Antiek Ovaal Boeket Aren met Lint Groot 79x60mm\"},{\"@type\":\"BreadcrumbList\",\"@id\":\"https:\\\/\\\/partsandpieces.nl\\\/product\\\/ladegreep-messing-antiek-ovaal-boeket-aren-met-lint-groot-79x60mm\\\/#breadcrumb\",\"itemListElement\":[{\"@type\":\"ListItem\",\"position\":1,\"name\":\"Home\",\"item\":\"https:\\\/\\\/partsandpieces.nl\\\/home\\\/\"},{\"@type\":\"ListItem\",\"position\":2,\"name\":\"Winkel\",\"item\":\"https:\\\/\\\/partsandpieces.nl\\\/winkel\\\/\"},{\"@type\":\"ListItem\",\"position\":3,\"name\":\"Ladegreep Messing Antiek Ovaal Boeket Aren met Lint Groot 79x60mm\"}]},{\"@type\":\"WebSite\",\"@id\":\"https:\\\/\\\/partsandpieces.nl\\\/#website\",\"url\":\"https:\\\/\\\/partsandpieces.nl\\\/\",\"name\":\"Parts &amp; Pieces\",\"description\":\"Alles voor uw meubelrestauratie en -onderhoud!\",\"potentialAction\":[{\"@type\":\"SearchAction\",\"target\":{\"@type\":\"EntryPoint\",\"urlTemplate\":\"https:\\\/\\\/partsandpieces.nl\\\/?s={search_term_string}\"},\"query-input\":{\"@type\":\"PropertyValueSpecification\",\"valueRequired\":true,\"valueName\":\"search_term_string\"}}],\"inLanguage\":\"de\"}]}<\/script>\n<!-- \/ Yoast SEO plugin. -->","yoast_head_json":{"title":"Schubladengriff Messing Oval Gro\u00df","description":"Schubladengriff Messing antik ovale Blumenstrau\u00dfohren mit Band gro\u00df 79x60mm ist ein gegossener und daher schwerer Schubladengriff. Der Schubladengriff ist mit drei Ohren und einem Band verziert.","robots":{"index":"index","follow":"follow","max-snippet":"max-snippet:-1","max-image-preview":"max-image-preview:large","max-video-preview":"max-video-preview:-1"},"canonical":"https:\/\/partsandpieces.nl\/de\/produkt\/schubladengriff-aus-messing-antik-oval-blumenstrausohren-mit-band-gros-79-x-60-mm\/","og_locale":"de_DE","og_type":"article","og_title":"Ladegreep Messing Ovaal Groot","og_description":"Ladegreep Messing Antiek Ovaal Boeket Aren met Lint Groot 79x60mm is een gegoten en dus zware ladegreep. De ladetrekker heeft versiering: 3 aren en lint.","og_url":"https:\/\/partsandpieces.nl\/de\/produkt\/schubladengriff-aus-messing-antik-oval-blumenstrausohren-mit-band-gros-79-x-60-mm\/","og_site_name":"Parts &amp; Pieces","article_modified_time":"2026-03-18T11:20:57+00:00","og_image":[{"width":431,"height":432,"url":"https:\/\/partsandpieces.nl\/wp-content\/uploads\/2020\/07\/Ladegreep-Messing-Antiek-Ovaal-Boeket-Aren-met-Lint-Groot-79x60mm.jpg","type":"image\/jpeg"}],"twitter_card":"summary_large_image","twitter_misc":{"Gesch\u00e4tzte Lesezeit":"1\u00a0Minute"},"schema":{"@context":"https:\/\/schema.org","@graph":[{"@type":"WebPage","@id":"https:\/\/partsandpieces.nl\/product\/ladegreep-messing-antiek-ovaal-boeket-aren-met-lint-groot-79x60mm\/","url":"https:\/\/partsandpieces.nl\/product\/ladegreep-messing-antiek-ovaal-boeket-aren-met-lint-groot-79x60mm\/","name":"Schubladengriff Messing Oval Gro\u00df","isPartOf":{"@id":"https:\/\/partsandpieces.nl\/#website"},"primaryImageOfPage":{"@id":"https:\/\/partsandpieces.nl\/product\/ladegreep-messing-antiek-ovaal-boeket-aren-met-lint-groot-79x60mm\/#primaryimage"},"image":{"@id":"https:\/\/partsandpieces.nl\/product\/ladegreep-messing-antiek-ovaal-boeket-aren-met-lint-groot-79x60mm\/#primaryimage"},"thumbnailUrl":"https:\/\/partsandpieces.nl\/wp-content\/uploads\/2020\/07\/Ladegreep-Messing-Antiek-Ovaal-Boeket-Aren-met-Lint-Groot-79x60mm.jpg","datePublished":"2020-07-24T09:41:57+00:00","dateModified":"2026-03-18T11:20:57+00:00","description":"Schubladengriff Messing antik ovale Blumenstrau\u00dfohren mit Band gro\u00df 79x60mm ist ein gegossener und daher schwerer Schubladengriff. Der Schubladengriff ist mit drei Ohren und einem Band verziert.","breadcrumb":{"@id":"https:\/\/partsandpieces.nl\/product\/ladegreep-messing-antiek-ovaal-boeket-aren-met-lint-groot-79x60mm\/#breadcrumb"},"inLanguage":"de","potentialAction":[{"@type":"ReadAction","target":["https:\/\/partsandpieces.nl\/product\/ladegreep-messing-antiek-ovaal-boeket-aren-met-lint-groot-79x60mm\/"]}]},{"@type":"ImageObject","inLanguage":"de","@id":"https:\/\/partsandpieces.nl\/product\/ladegreep-messing-antiek-ovaal-boeket-aren-met-lint-groot-79x60mm\/#primaryimage","url":"https:\/\/partsandpieces.nl\/wp-content\/uploads\/2020\/07\/Ladegreep-Messing-Antiek-Ovaal-Boeket-Aren-met-Lint-Groot-79x60mm.jpg","contentUrl":"https:\/\/partsandpieces.nl\/wp-content\/uploads\/2020\/07\/Ladegreep-Messing-Antiek-Ovaal-Boeket-Aren-met-Lint-Groot-79x60mm.jpg","width":431,"height":432,"caption":"Ladegreep Messing Antiek Ovaal Boeket Aren met Lint Groot 79x60mm"},{"@type":"BreadcrumbList","@id":"https:\/\/partsandpieces.nl\/product\/ladegreep-messing-antiek-ovaal-boeket-aren-met-lint-groot-79x60mm\/#breadcrumb","itemListElement":[{"@type":"ListItem","position":1,"name":"Home","item":"https:\/\/partsandpieces.nl\/home\/"},{"@type":"ListItem","position":2,"name":"Winkel","item":"https:\/\/partsandpieces.nl\/winkel\/"},{"@type":"ListItem","position":3,"name":"Ladegreep Messing Antiek Ovaal Boeket Aren met Lint Groot 79x60mm"}]},{"@type":"WebSite","@id":"https:\/\/partsandpieces.nl\/#website","url":"https:\/\/partsandpieces.nl\/","name":"Teile &amp; St\u00fccke","description":"Alles f\u00fcr Ihre M\u00f6belrestaurierung und -pflege!","potentialAction":[{"@type":"SearchAction","target":{"@type":"EntryPoint","urlTemplate":"https:\/\/partsandpieces.nl\/?s={search_term_string}"},"query-input":{"@type":"PropertyValueSpecification","valueRequired":true,"valueName":"search_term_string"}}],"inLanguage":"de"}]}},"_links":{"self":[{"href":"https:\/\/partsandpieces.nl\/de\/wp-json\/wp\/v2\/product\/837","targetHints":{"allow":["GET"]}}],"collection":[{"href":"https:\/\/partsandpieces.nl\/de\/wp-json\/wp\/v2\/product"}],"about":[{"href":"https:\/\/partsandpieces.nl\/de\/wp-json\/wp\/v2\/types\/product"}],"wp:featuredmedia":[{"embeddable":true,"href":"https:\/\/partsandpieces.nl\/de\/wp-json\/wp\/v2\/media\/6764"}],"wp:attachment":[{"href":"https:\/\/partsandpieces.nl\/de\/wp-json\/wp\/v2\/media?parent=837"}],"wp:term":[{"taxonomy":"product_brand","embeddable":true,"href":"https:\/\/partsandpieces.nl\/de\/wp-json\/wp\/v2\/product_brand?post=837"},{"taxonomy":"product_cat","embeddable":true,"href":"https:\/\/partsandpieces.nl\/de\/wp-json\/wp\/v2\/product_cat?post=837"},{"taxonomy":"product_tag","embeddable":true,"href":"https:\/\/partsandpieces.nl\/de\/wp-json\/wp\/v2\/product_tag?post=837"}],"curies":[{"name":"wp","href":"https:\/\/api.w.org\/{rel}","templated":true}]}}