{"id":845,"date":"2020-07-24T09:56:24","date_gmt":"2020-07-24T09:56:24","guid":{"rendered":"https:\/\/partsandpieces.bonsaidev.nl\/?product=ladetrekker-messing-8868"},"modified":"2025-12-21T15:50:17","modified_gmt":"2025-12-21T14:50:17","slug":"schubladengriff-messing-antik-oval-bandwirbel-gros-88x68mm","status":"publish","type":"product","link":"https:\/\/partsandpieces.nl\/de\/product\/ladegreep-messing-antiek-ovaal-lint-vortex-groot-88x68mm\/","title":{"rendered":"Schubladengriff Messing antik oval Ribbon Vortex gro\u00df 88x68mm"},"content":{"rendered":"<p><strong>Schubladengriff Messing antik oval Ribbon Vortex gro\u00df 88x68mm<\/strong> ist ein wundersch\u00f6n gegossener und daher schwerer Schubladengriff aus Messing mit antikem Finish. Der Schubladengriff hat eine ovale Form und ist oben mit einem Band verziert. Die R\u00fcckplatte hat in der Mitte eine Verzierung in Form eines Wirbels. Dieser Griff passt gut zu Ihren antiken oder klassischen M\u00f6beln und Schubladen.<\/p>\n<p>Dieser hochwertige Schubladengriff wird in Italien hergestellt.<\/p>\n<p><strong>Ma\u00dfe<br \/>\n<\/strong>Schubladengriff Messing antik oval Ribbon Vortex gro\u00df 88x68mm ist 88mm breit und 68mm hoch. Nach der Installation steht dieser Griff 10 mm \u00fcber. Die Bohrungen des Griffs haben einen Abstand von 32 mm.<\/p>\n<p><strong>Bearbeiten<br \/>\n<\/strong>Sie k\u00f6nnen den Griff mit blind montieren\u00a0<span style=\"text-decoration: underline;\"><a href=\"https:\/\/partsandpieces.nl\/de\/produkt\/schraube-edelstahl-zur-blindmontage-von-mobelbeschlagen-45x4mm-20-stuck\/\">Edelstahlschraube zur Blindbefestigung von M\u00f6belbeschl\u00e4gen (45x4mm)<\/a><\/span>\u00a0Ich schicke diese Schrauben\u00a0<strong>FREI<\/strong>\u00a0mit Ihrer Bestellung.<\/p>","protected":false},"excerpt":{"rendered":"<p>Ladegreep Messing antiek ovaal Lint Vortex groot 88x68mm is een mooie gegoten en dus zware ladegreep gemaakt van messing met een antieke afwerking. De ladetrekker is ovaal van vorm en is aan de bovenkant versierd met een lint. De achterplaat heeft een versiering in het midden in de vorm van een vortex. Deze greep past [&hellip;]<\/p>\n","protected":false},"featured_media":6731,"template":"","meta":{"_acf_changed":false},"product_brand":[],"product_cat":[41,23],"product_tag":[],"class_list":{"0":"post-845","1":"product","2":"type-product","3":"status-publish","4":"has-post-thumbnail","6":"product_cat-ladetrekkers","7":"product_cat-meubelbeslag","9":"first","10":"instock","11":"taxable","12":"shipping-taxable","13":"purchasable","14":"product-type-simple"},"acf":[],"yoast_head":"<!-- This site is optimized with the Yoast SEO plugin v27.3 - https:\/\/yoast.com\/product\/yoast-seo-wordpress\/ -->\n<title>Ladegreep Messing ovaal groot<\/title>\n<meta name=\"description\" content=\"Ladegreep Messing antiek ovaal Lint Vortex groot 88x68mm is een gegoten en dus zware ladegreep. De ladetrekker is versierd met een lint.\" \/>\n<meta name=\"robots\" content=\"index, follow, max-snippet:-1, max-image-preview:large, max-video-preview:-1\" \/>\n<link rel=\"canonical\" href=\"https:\/\/partsandpieces.nl\/de\/produkt\/schubladengriff-messing-antik-oval-bandwirbel-gros-88x68mm\/\" \/>\n<meta property=\"og:locale\" content=\"de_DE\" \/>\n<meta property=\"og:type\" content=\"article\" \/>\n<meta property=\"og:title\" content=\"Ladegreep Messing ovaal groot\" \/>\n<meta property=\"og:description\" content=\"Ladegreep Messing antiek ovaal Lint Vortex groot 88x68mm is een gegoten en dus zware ladegreep. De ladetrekker is versierd met een lint.\" \/>\n<meta property=\"og:url\" content=\"https:\/\/partsandpieces.nl\/de\/produkt\/schubladengriff-messing-antik-oval-bandwirbel-gros-88x68mm\/\" \/>\n<meta property=\"og:site_name\" content=\"Parts &amp; Pieces\" \/>\n<meta property=\"article:modified_time\" content=\"2025-12-21T14:50:17+00:00\" \/>\n<meta property=\"og:image\" content=\"https:\/\/partsandpieces.nl\/wp-content\/uploads\/2020\/07\/Ladegreep-Messing-antiek-ovaal-Lint-Vortex-groot-88x68mm.jpg\" \/>\n\t<meta property=\"og:image:width\" content=\"418\" \/>\n\t<meta property=\"og:image:height\" content=\"417\" \/>\n\t<meta property=\"og:image:type\" content=\"image\/jpeg\" \/>\n<meta name=\"twitter:card\" content=\"summary_large_image\" \/>\n<meta name=\"twitter:label1\" content=\"Gesch\u00e4tzte Lesezeit\" \/>\n\t<meta name=\"twitter:data1\" content=\"1\u00a0Minute\" \/>\n<script type=\"application\/ld+json\" class=\"yoast-schema-graph\">{\"@context\":\"https:\\\/\\\/schema.org\",\"@graph\":[{\"@type\":\"WebPage\",\"@id\":\"https:\\\/\\\/partsandpieces.nl\\\/product\\\/ladegreep-messing-antiek-ovaal-lint-vortex-groot-88x68mm\\\/\",\"url\":\"https:\\\/\\\/partsandpieces.nl\\\/product\\\/ladegreep-messing-antiek-ovaal-lint-vortex-groot-88x68mm\\\/\",\"name\":\"Ladegreep Messing ovaal groot\",\"isPartOf\":{\"@id\":\"https:\\\/\\\/partsandpieces.nl\\\/#website\"},\"primaryImageOfPage\":{\"@id\":\"https:\\\/\\\/partsandpieces.nl\\\/product\\\/ladegreep-messing-antiek-ovaal-lint-vortex-groot-88x68mm\\\/#primaryimage\"},\"image\":{\"@id\":\"https:\\\/\\\/partsandpieces.nl\\\/product\\\/ladegreep-messing-antiek-ovaal-lint-vortex-groot-88x68mm\\\/#primaryimage\"},\"thumbnailUrl\":\"https:\\\/\\\/partsandpieces.nl\\\/wp-content\\\/uploads\\\/2020\\\/07\\\/Ladegreep-Messing-antiek-ovaal-Lint-Vortex-groot-88x68mm.jpg\",\"datePublished\":\"2020-07-24T09:56:24+00:00\",\"dateModified\":\"2025-12-21T14:50:17+00:00\",\"description\":\"Ladegreep Messing antiek ovaal Lint Vortex groot 88x68mm is een gegoten en dus zware ladegreep. De ladetrekker is versierd met een lint.\",\"breadcrumb\":{\"@id\":\"https:\\\/\\\/partsandpieces.nl\\\/product\\\/ladegreep-messing-antiek-ovaal-lint-vortex-groot-88x68mm\\\/#breadcrumb\"},\"inLanguage\":\"de\",\"potentialAction\":[{\"@type\":\"ReadAction\",\"target\":[\"https:\\\/\\\/partsandpieces.nl\\\/product\\\/ladegreep-messing-antiek-ovaal-lint-vortex-groot-88x68mm\\\/\"]}]},{\"@type\":\"ImageObject\",\"inLanguage\":\"de\",\"@id\":\"https:\\\/\\\/partsandpieces.nl\\\/product\\\/ladegreep-messing-antiek-ovaal-lint-vortex-groot-88x68mm\\\/#primaryimage\",\"url\":\"https:\\\/\\\/partsandpieces.nl\\\/wp-content\\\/uploads\\\/2020\\\/07\\\/Ladegreep-Messing-antiek-ovaal-Lint-Vortex-groot-88x68mm.jpg\",\"contentUrl\":\"https:\\\/\\\/partsandpieces.nl\\\/wp-content\\\/uploads\\\/2020\\\/07\\\/Ladegreep-Messing-antiek-ovaal-Lint-Vortex-groot-88x68mm.jpg\",\"width\":418,\"height\":417,\"caption\":\"Ladegreep Messing antiek ovaal Lint Vortex groot 88x68mm\"},{\"@type\":\"BreadcrumbList\",\"@id\":\"https:\\\/\\\/partsandpieces.nl\\\/product\\\/ladegreep-messing-antiek-ovaal-lint-vortex-groot-88x68mm\\\/#breadcrumb\",\"itemListElement\":[{\"@type\":\"ListItem\",\"position\":1,\"name\":\"Home\",\"item\":\"https:\\\/\\\/partsandpieces.nl\\\/home\\\/\"},{\"@type\":\"ListItem\",\"position\":2,\"name\":\"Winkel\",\"item\":\"https:\\\/\\\/partsandpieces.nl\\\/winkel\\\/\"},{\"@type\":\"ListItem\",\"position\":3,\"name\":\"Ladegreep Messing antiek ovaal Lint Vortex groot 88x68mm\"}]},{\"@type\":\"WebSite\",\"@id\":\"https:\\\/\\\/partsandpieces.nl\\\/#website\",\"url\":\"https:\\\/\\\/partsandpieces.nl\\\/\",\"name\":\"Parts &amp; Pieces\",\"description\":\"Alles voor uw meubelrestauratie en -onderhoud!\",\"potentialAction\":[{\"@type\":\"SearchAction\",\"target\":{\"@type\":\"EntryPoint\",\"urlTemplate\":\"https:\\\/\\\/partsandpieces.nl\\\/?s={search_term_string}\"},\"query-input\":{\"@type\":\"PropertyValueSpecification\",\"valueRequired\":true,\"valueName\":\"search_term_string\"}}],\"inLanguage\":\"de\"}]}<\/script>\n<!-- \/ Yoast SEO plugin. -->","yoast_head_json":{"title":"Schubladengriff Messing oval gro\u00df","description":"Schubladengriff Messing antik oval Ribbon Vortex gro\u00df 88x68mm ist ein gegossener und daher schwerer Schubladengriff. Der Schubladengriff ist mit einem Band verziert.","robots":{"index":"index","follow":"follow","max-snippet":"max-snippet:-1","max-image-preview":"max-image-preview:large","max-video-preview":"max-video-preview:-1"},"canonical":"https:\/\/partsandpieces.nl\/de\/produkt\/schubladengriff-messing-antik-oval-bandwirbel-gros-88x68mm\/","og_locale":"de_DE","og_type":"article","og_title":"Ladegreep Messing ovaal groot","og_description":"Ladegreep Messing antiek ovaal Lint Vortex groot 88x68mm is een gegoten en dus zware ladegreep. De ladetrekker is versierd met een lint.","og_url":"https:\/\/partsandpieces.nl\/de\/produkt\/schubladengriff-messing-antik-oval-bandwirbel-gros-88x68mm\/","og_site_name":"Parts &amp; Pieces","article_modified_time":"2025-12-21T14:50:17+00:00","og_image":[{"width":418,"height":417,"url":"https:\/\/partsandpieces.nl\/wp-content\/uploads\/2020\/07\/Ladegreep-Messing-antiek-ovaal-Lint-Vortex-groot-88x68mm.jpg","type":"image\/jpeg"}],"twitter_card":"summary_large_image","twitter_misc":{"Gesch\u00e4tzte Lesezeit":"1\u00a0Minute"},"schema":{"@context":"https:\/\/schema.org","@graph":[{"@type":"WebPage","@id":"https:\/\/partsandpieces.nl\/product\/ladegreep-messing-antiek-ovaal-lint-vortex-groot-88x68mm\/","url":"https:\/\/partsandpieces.nl\/product\/ladegreep-messing-antiek-ovaal-lint-vortex-groot-88x68mm\/","name":"Schubladengriff Messing oval gro\u00df","isPartOf":{"@id":"https:\/\/partsandpieces.nl\/#website"},"primaryImageOfPage":{"@id":"https:\/\/partsandpieces.nl\/product\/ladegreep-messing-antiek-ovaal-lint-vortex-groot-88x68mm\/#primaryimage"},"image":{"@id":"https:\/\/partsandpieces.nl\/product\/ladegreep-messing-antiek-ovaal-lint-vortex-groot-88x68mm\/#primaryimage"},"thumbnailUrl":"https:\/\/partsandpieces.nl\/wp-content\/uploads\/2020\/07\/Ladegreep-Messing-antiek-ovaal-Lint-Vortex-groot-88x68mm.jpg","datePublished":"2020-07-24T09:56:24+00:00","dateModified":"2025-12-21T14:50:17+00:00","description":"Schubladengriff Messing antik oval Ribbon Vortex gro\u00df 88x68mm ist ein gegossener und daher schwerer Schubladengriff. Der Schubladengriff ist mit einem Band verziert.","breadcrumb":{"@id":"https:\/\/partsandpieces.nl\/product\/ladegreep-messing-antiek-ovaal-lint-vortex-groot-88x68mm\/#breadcrumb"},"inLanguage":"de","potentialAction":[{"@type":"ReadAction","target":["https:\/\/partsandpieces.nl\/product\/ladegreep-messing-antiek-ovaal-lint-vortex-groot-88x68mm\/"]}]},{"@type":"ImageObject","inLanguage":"de","@id":"https:\/\/partsandpieces.nl\/product\/ladegreep-messing-antiek-ovaal-lint-vortex-groot-88x68mm\/#primaryimage","url":"https:\/\/partsandpieces.nl\/wp-content\/uploads\/2020\/07\/Ladegreep-Messing-antiek-ovaal-Lint-Vortex-groot-88x68mm.jpg","contentUrl":"https:\/\/partsandpieces.nl\/wp-content\/uploads\/2020\/07\/Ladegreep-Messing-antiek-ovaal-Lint-Vortex-groot-88x68mm.jpg","width":418,"height":417,"caption":"Ladegreep Messing antiek ovaal Lint Vortex groot 88x68mm"},{"@type":"BreadcrumbList","@id":"https:\/\/partsandpieces.nl\/product\/ladegreep-messing-antiek-ovaal-lint-vortex-groot-88x68mm\/#breadcrumb","itemListElement":[{"@type":"ListItem","position":1,"name":"Home","item":"https:\/\/partsandpieces.nl\/home\/"},{"@type":"ListItem","position":2,"name":"Winkel","item":"https:\/\/partsandpieces.nl\/winkel\/"},{"@type":"ListItem","position":3,"name":"Ladegreep Messing antiek ovaal Lint Vortex groot 88x68mm"}]},{"@type":"WebSite","@id":"https:\/\/partsandpieces.nl\/#website","url":"https:\/\/partsandpieces.nl\/","name":"Teile &amp; St\u00fccke","description":"Alles f\u00fcr Ihre M\u00f6belrestaurierung und -pflege!","potentialAction":[{"@type":"SearchAction","target":{"@type":"EntryPoint","urlTemplate":"https:\/\/partsandpieces.nl\/?s={search_term_string}"},"query-input":{"@type":"PropertyValueSpecification","valueRequired":true,"valueName":"search_term_string"}}],"inLanguage":"de"}]}},"_links":{"self":[{"href":"https:\/\/partsandpieces.nl\/de\/wp-json\/wp\/v2\/product\/845","targetHints":{"allow":["GET"]}}],"collection":[{"href":"https:\/\/partsandpieces.nl\/de\/wp-json\/wp\/v2\/product"}],"about":[{"href":"https:\/\/partsandpieces.nl\/de\/wp-json\/wp\/v2\/types\/product"}],"wp:featuredmedia":[{"embeddable":true,"href":"https:\/\/partsandpieces.nl\/de\/wp-json\/wp\/v2\/media\/6731"}],"wp:attachment":[{"href":"https:\/\/partsandpieces.nl\/de\/wp-json\/wp\/v2\/media?parent=845"}],"wp:term":[{"taxonomy":"product_brand","embeddable":true,"href":"https:\/\/partsandpieces.nl\/de\/wp-json\/wp\/v2\/product_brand?post=845"},{"taxonomy":"product_cat","embeddable":true,"href":"https:\/\/partsandpieces.nl\/de\/wp-json\/wp\/v2\/product_cat?post=845"},{"taxonomy":"product_tag","embeddable":true,"href":"https:\/\/partsandpieces.nl\/de\/wp-json\/wp\/v2\/product_tag?post=845"}],"curies":[{"name":"wp","href":"https:\/\/api.w.org\/{rel}","templated":true}]}}