{"id":849,"date":"2020-07-24T10:02:55","date_gmt":"2020-07-24T08:02:55","guid":{"rendered":"https:\/\/partsandpieces.bonsaidev.nl\/?product=ladetrekker-zam-95x3265-1664444598"},"modified":"2026-03-29T11:35:31","modified_gmt":"2026-03-29T09:35:31","slug":"schubladengriff-bronze-antik-horizontal-mit-schlusselloch-96mm","status":"publish","type":"product","link":"https:\/\/partsandpieces.nl\/de\/product\/ladegreep-brons-antiek-horizontaal-met-sleutelgat-96mm\/","title":{"rendered":"Schubladengriff Bronze antik horizontal mit Schl\u00fcsselloch 96mm"},"content":{"rendered":"<p><strong>Schubladengriff Bronze antik horizontal mit Schl\u00fcsselloch 96mm<\/strong> ist ein wundersch\u00f6ner Schubladengriff mit Schl\u00fcsselloch aus Zamak* mit antikem Bronze-Finish. Das Erscheinungsbild dieses klassischen Griffs ist matt. Dieser Griff passt gut zu Ihren antiken oder klassischen M\u00f6beln und Schubladen.<\/p>\n<p>Dieser hochwertige Schubladengriff wird in Italien hergestellt.<\/p>\n<p><strong>Ma\u00dfe<br \/>\n<\/strong>Der bronzefarbene antike horizontale Schubladengriff mit Schl\u00fcsselloch 96 mm ist insgesamt 96 mm breit und 34 mm hoch. Der Griff selbst ist 81 mm breit. Nach der Installation steht dieser Griff 13 mm hervor. Die Bohrungen des Griffs haben einen Abstand von 64 mm.<\/p>\n<p><strong>Bearbeiten<br \/>\n<\/strong>Sie k\u00f6nnen den Griff mit blind montieren\u00a0<span style=\"text-decoration: underline;\"><a href=\"https:\/\/partsandpieces.nl\/de\/produkt\/schraube-edelstahl-zur-blindmontage-von-mobelbeschlagen-45x4mm-20-stuck\/\">Edelstahlschraube zur Blindbefestigung von M\u00f6belbeschl\u00e4gen (45x4mm)<\/a><\/span>\u00a0Ich schicke diese Schrauben\u00a0<strong>FREI<\/strong>\u00a0mit Ihrer Bestellung.<\/p>\n<p>* Zamak ist eine Legierung mit Zink als Hauptbestandteil. Es hat einen relativ niedrigen Schmelzpunkt und ist leicht zu gie\u00dfen. Der Name ist ein Akronym, abgeleitet von den Anfangsbuchstaben der deutschen Bezeichnungen f\u00fcr die Metalle, aus denen sich der Werkstoff zusammensetzt: Zink, Aluminium, MAGnesium, Kupfer. Zamak wird in der Auto- und M\u00f6belindustrie f\u00fcr T\u00fcrgriffe, Griffe, Logos und Zierleisten verwendet. Es wird auch h\u00e4ufig als Ersatz f\u00fcr das giftige Blei verwendet.<\/p>","protected":false},"excerpt":{"rendered":"<p>Ladegreep Brons antiek horizontaal met sleutelgat 96mm is een mooie ladegreep met sleutelgat gemaakt van zamak* met een antieke bronzen afwerking. De uitstraling van deze klassieke greep is mat. Deze greep past goed op je antieke of klassieke meubel en lades. Deze kwalitatief uitstekende ladegreep is gemaakt in Itali\u00eb. Afmetingen De Ladegreep Brons antiek horizontaal [&hellip;]<\/p>\n","protected":false},"featured_media":5651,"template":"","meta":{"_acf_changed":false},"product_brand":[],"product_cat":[41,23],"product_tag":[],"class_list":{"0":"post-849","1":"product","2":"type-product","3":"status-publish","4":"has-post-thumbnail","6":"product_cat-ladetrekkers","7":"product_cat-meubelbeslag","9":"first","10":"instock","11":"taxable","12":"shipping-taxable","13":"purchasable","14":"product-type-simple"},"acf":[],"yoast_head":"<!-- This site is optimized with the Yoast SEO plugin v27.3 - https:\/\/yoast.com\/product\/yoast-seo-wordpress\/ -->\n<title>Ladegreep Brons antiek sleutelgat<\/title>\n<meta name=\"description\" content=\"Ladegreep Brons antiek horizontaal met sleutelgat 96mm is een mooie ladegreep met sleutelgat en een antieke bronzen afwerking.\" \/>\n<meta name=\"robots\" content=\"index, follow, max-snippet:-1, max-image-preview:large, max-video-preview:-1\" \/>\n<link rel=\"canonical\" href=\"https:\/\/partsandpieces.nl\/de\/produkt\/schubladengriff-bronze-antik-horizontal-mit-schlusselloch-96mm\/\" \/>\n<meta property=\"og:locale\" content=\"de_DE\" \/>\n<meta property=\"og:type\" content=\"article\" \/>\n<meta property=\"og:title\" content=\"Ladegreep Brons antiek sleutelgat\" \/>\n<meta property=\"og:description\" content=\"Ladegreep Brons antiek horizontaal met sleutelgat 96mm is een mooie ladegreep met sleutelgat en een antieke bronzen afwerking.\" \/>\n<meta property=\"og:url\" content=\"https:\/\/partsandpieces.nl\/de\/produkt\/schubladengriff-bronze-antik-horizontal-mit-schlusselloch-96mm\/\" \/>\n<meta property=\"og:site_name\" content=\"Parts &amp; Pieces\" \/>\n<meta property=\"article:modified_time\" content=\"2026-03-29T09:35:31+00:00\" \/>\n<meta property=\"og:image\" content=\"https:\/\/partsandpieces.nl\/wp-content\/uploads\/2020\/07\/Ladegreep-Brons-antiek-horizontaal-met-sleutelgat-96mm.jpg\" \/>\n\t<meta property=\"og:image:width\" content=\"480\" \/>\n\t<meta property=\"og:image:height\" content=\"480\" \/>\n\t<meta property=\"og:image:type\" content=\"image\/jpeg\" \/>\n<meta name=\"twitter:card\" content=\"summary_large_image\" \/>\n<meta name=\"twitter:label1\" content=\"Gesch\u00e4tzte Lesezeit\" \/>\n\t<meta name=\"twitter:data1\" content=\"1\u00a0Minute\" \/>\n<script type=\"application\/ld+json\" class=\"yoast-schema-graph\">{\"@context\":\"https:\\\/\\\/schema.org\",\"@graph\":[{\"@type\":\"WebPage\",\"@id\":\"https:\\\/\\\/partsandpieces.nl\\\/product\\\/ladegreep-brons-antiek-horizontaal-met-sleutelgat-96mm\\\/\",\"url\":\"https:\\\/\\\/partsandpieces.nl\\\/product\\\/ladegreep-brons-antiek-horizontaal-met-sleutelgat-96mm\\\/\",\"name\":\"Ladegreep Brons antiek sleutelgat\",\"isPartOf\":{\"@id\":\"https:\\\/\\\/partsandpieces.nl\\\/#website\"},\"primaryImageOfPage\":{\"@id\":\"https:\\\/\\\/partsandpieces.nl\\\/product\\\/ladegreep-brons-antiek-horizontaal-met-sleutelgat-96mm\\\/#primaryimage\"},\"image\":{\"@id\":\"https:\\\/\\\/partsandpieces.nl\\\/product\\\/ladegreep-brons-antiek-horizontaal-met-sleutelgat-96mm\\\/#primaryimage\"},\"thumbnailUrl\":\"https:\\\/\\\/partsandpieces.nl\\\/wp-content\\\/uploads\\\/2020\\\/07\\\/Ladegreep-Brons-antiek-horizontaal-met-sleutelgat-96mm.jpg\",\"datePublished\":\"2020-07-24T08:02:55+00:00\",\"dateModified\":\"2026-03-29T09:35:31+00:00\",\"description\":\"Ladegreep Brons antiek horizontaal met sleutelgat 96mm is een mooie ladegreep met sleutelgat en een antieke bronzen afwerking.\",\"breadcrumb\":{\"@id\":\"https:\\\/\\\/partsandpieces.nl\\\/product\\\/ladegreep-brons-antiek-horizontaal-met-sleutelgat-96mm\\\/#breadcrumb\"},\"inLanguage\":\"de\",\"potentialAction\":[{\"@type\":\"ReadAction\",\"target\":[\"https:\\\/\\\/partsandpieces.nl\\\/product\\\/ladegreep-brons-antiek-horizontaal-met-sleutelgat-96mm\\\/\"]}]},{\"@type\":\"ImageObject\",\"inLanguage\":\"de\",\"@id\":\"https:\\\/\\\/partsandpieces.nl\\\/product\\\/ladegreep-brons-antiek-horizontaal-met-sleutelgat-96mm\\\/#primaryimage\",\"url\":\"https:\\\/\\\/partsandpieces.nl\\\/wp-content\\\/uploads\\\/2020\\\/07\\\/Ladegreep-Brons-antiek-horizontaal-met-sleutelgat-96mm.jpg\",\"contentUrl\":\"https:\\\/\\\/partsandpieces.nl\\\/wp-content\\\/uploads\\\/2020\\\/07\\\/Ladegreep-Brons-antiek-horizontaal-met-sleutelgat-96mm.jpg\",\"width\":480,\"height\":480,\"caption\":\"Ladegreep Brons antiek horizontaal met sleutelgat 96mm\"},{\"@type\":\"BreadcrumbList\",\"@id\":\"https:\\\/\\\/partsandpieces.nl\\\/product\\\/ladegreep-brons-antiek-horizontaal-met-sleutelgat-96mm\\\/#breadcrumb\",\"itemListElement\":[{\"@type\":\"ListItem\",\"position\":1,\"name\":\"Home\",\"item\":\"https:\\\/\\\/partsandpieces.nl\\\/home\\\/\"},{\"@type\":\"ListItem\",\"position\":2,\"name\":\"Winkel\",\"item\":\"https:\\\/\\\/partsandpieces.nl\\\/winkel\\\/\"},{\"@type\":\"ListItem\",\"position\":3,\"name\":\"Ladegreep Brons antiek horizontaal met sleutelgat 96mm\"}]},{\"@type\":\"WebSite\",\"@id\":\"https:\\\/\\\/partsandpieces.nl\\\/#website\",\"url\":\"https:\\\/\\\/partsandpieces.nl\\\/\",\"name\":\"Parts &amp; Pieces\",\"description\":\"Alles voor uw meubelrestauratie en -onderhoud!\",\"potentialAction\":[{\"@type\":\"SearchAction\",\"target\":{\"@type\":\"EntryPoint\",\"urlTemplate\":\"https:\\\/\\\/partsandpieces.nl\\\/?s={search_term_string}\"},\"query-input\":{\"@type\":\"PropertyValueSpecification\",\"valueRequired\":true,\"valueName\":\"search_term_string\"}}],\"inLanguage\":\"de\"}]}<\/script>\n<!-- \/ Yoast SEO plugin. -->","yoast_head_json":{"title":"Schubladengriff Bronze, antikes Schl\u00fcsselloch","description":"Schubladengriff Bronze antik horizontal mit Schl\u00fcsselloch 96 mm ist ein wundersch\u00f6ner Schubladengriff mit Schl\u00fcsselloch und einem antiken Bronze-Finish.","robots":{"index":"index","follow":"follow","max-snippet":"max-snippet:-1","max-image-preview":"max-image-preview:large","max-video-preview":"max-video-preview:-1"},"canonical":"https:\/\/partsandpieces.nl\/de\/produkt\/schubladengriff-bronze-antik-horizontal-mit-schlusselloch-96mm\/","og_locale":"de_DE","og_type":"article","og_title":"Ladegreep Brons antiek sleutelgat","og_description":"Ladegreep Brons antiek horizontaal met sleutelgat 96mm is een mooie ladegreep met sleutelgat en een antieke bronzen afwerking.","og_url":"https:\/\/partsandpieces.nl\/de\/produkt\/schubladengriff-bronze-antik-horizontal-mit-schlusselloch-96mm\/","og_site_name":"Parts &amp; Pieces","article_modified_time":"2026-03-29T09:35:31+00:00","og_image":[{"width":480,"height":480,"url":"https:\/\/partsandpieces.nl\/wp-content\/uploads\/2020\/07\/Ladegreep-Brons-antiek-horizontaal-met-sleutelgat-96mm.jpg","type":"image\/jpeg"}],"twitter_card":"summary_large_image","twitter_misc":{"Gesch\u00e4tzte Lesezeit":"1\u00a0Minute"},"schema":{"@context":"https:\/\/schema.org","@graph":[{"@type":"WebPage","@id":"https:\/\/partsandpieces.nl\/product\/ladegreep-brons-antiek-horizontaal-met-sleutelgat-96mm\/","url":"https:\/\/partsandpieces.nl\/product\/ladegreep-brons-antiek-horizontaal-met-sleutelgat-96mm\/","name":"Schubladengriff Bronze, antikes Schl\u00fcsselloch","isPartOf":{"@id":"https:\/\/partsandpieces.nl\/#website"},"primaryImageOfPage":{"@id":"https:\/\/partsandpieces.nl\/product\/ladegreep-brons-antiek-horizontaal-met-sleutelgat-96mm\/#primaryimage"},"image":{"@id":"https:\/\/partsandpieces.nl\/product\/ladegreep-brons-antiek-horizontaal-met-sleutelgat-96mm\/#primaryimage"},"thumbnailUrl":"https:\/\/partsandpieces.nl\/wp-content\/uploads\/2020\/07\/Ladegreep-Brons-antiek-horizontaal-met-sleutelgat-96mm.jpg","datePublished":"2020-07-24T08:02:55+00:00","dateModified":"2026-03-29T09:35:31+00:00","description":"Schubladengriff Bronze antik horizontal mit Schl\u00fcsselloch 96 mm ist ein wundersch\u00f6ner Schubladengriff mit Schl\u00fcsselloch und einem antiken Bronze-Finish.","breadcrumb":{"@id":"https:\/\/partsandpieces.nl\/product\/ladegreep-brons-antiek-horizontaal-met-sleutelgat-96mm\/#breadcrumb"},"inLanguage":"de","potentialAction":[{"@type":"ReadAction","target":["https:\/\/partsandpieces.nl\/product\/ladegreep-brons-antiek-horizontaal-met-sleutelgat-96mm\/"]}]},{"@type":"ImageObject","inLanguage":"de","@id":"https:\/\/partsandpieces.nl\/product\/ladegreep-brons-antiek-horizontaal-met-sleutelgat-96mm\/#primaryimage","url":"https:\/\/partsandpieces.nl\/wp-content\/uploads\/2020\/07\/Ladegreep-Brons-antiek-horizontaal-met-sleutelgat-96mm.jpg","contentUrl":"https:\/\/partsandpieces.nl\/wp-content\/uploads\/2020\/07\/Ladegreep-Brons-antiek-horizontaal-met-sleutelgat-96mm.jpg","width":480,"height":480,"caption":"Ladegreep Brons antiek horizontaal met sleutelgat 96mm"},{"@type":"BreadcrumbList","@id":"https:\/\/partsandpieces.nl\/product\/ladegreep-brons-antiek-horizontaal-met-sleutelgat-96mm\/#breadcrumb","itemListElement":[{"@type":"ListItem","position":1,"name":"Home","item":"https:\/\/partsandpieces.nl\/home\/"},{"@type":"ListItem","position":2,"name":"Winkel","item":"https:\/\/partsandpieces.nl\/winkel\/"},{"@type":"ListItem","position":3,"name":"Ladegreep Brons antiek horizontaal met sleutelgat 96mm"}]},{"@type":"WebSite","@id":"https:\/\/partsandpieces.nl\/#website","url":"https:\/\/partsandpieces.nl\/","name":"Teile &amp; St\u00fccke","description":"Alles f\u00fcr Ihre M\u00f6belrestaurierung und -pflege!","potentialAction":[{"@type":"SearchAction","target":{"@type":"EntryPoint","urlTemplate":"https:\/\/partsandpieces.nl\/?s={search_term_string}"},"query-input":{"@type":"PropertyValueSpecification","valueRequired":true,"valueName":"search_term_string"}}],"inLanguage":"de"}]}},"_links":{"self":[{"href":"https:\/\/partsandpieces.nl\/de\/wp-json\/wp\/v2\/product\/849","targetHints":{"allow":["GET"]}}],"collection":[{"href":"https:\/\/partsandpieces.nl\/de\/wp-json\/wp\/v2\/product"}],"about":[{"href":"https:\/\/partsandpieces.nl\/de\/wp-json\/wp\/v2\/types\/product"}],"wp:featuredmedia":[{"embeddable":true,"href":"https:\/\/partsandpieces.nl\/de\/wp-json\/wp\/v2\/media\/5651"}],"wp:attachment":[{"href":"https:\/\/partsandpieces.nl\/de\/wp-json\/wp\/v2\/media?parent=849"}],"wp:term":[{"taxonomy":"product_brand","embeddable":true,"href":"https:\/\/partsandpieces.nl\/de\/wp-json\/wp\/v2\/product_brand?post=849"},{"taxonomy":"product_cat","embeddable":true,"href":"https:\/\/partsandpieces.nl\/de\/wp-json\/wp\/v2\/product_cat?post=849"},{"taxonomy":"product_tag","embeddable":true,"href":"https:\/\/partsandpieces.nl\/de\/wp-json\/wp\/v2\/product_tag?post=849"}],"curies":[{"name":"wp","href":"https:\/\/api.w.org\/{rel}","templated":true}]}}