{"id":855,"date":"2020-07-24T10:11:56","date_gmt":"2020-07-24T10:11:56","guid":{"rendered":"https:\/\/partsandpieces.bonsaidev.nl\/?product=ladetrekker-ovaal-70x4952"},"modified":"2025-05-28T16:35:27","modified_gmt":"2025-05-28T14:35:27","slug":"schubladengriff-messing-antik-oval-70x49mm","status":"publish","type":"product","link":"https:\/\/partsandpieces.nl\/de\/product\/ladegreep-messing-antiek-ovaal-70x49mm\/","title":{"rendered":"Schubladengriff Messing antik oval 70x49mm"},"content":{"rendered":"<p><strong>Schubladengriff Messing antik oval 70x49mm<\/strong> ist ein wundersch\u00f6ner gestanzter Schubladengriff aus Messing mit antikem Finish. Der Schubladengriff hat eine ovale Form und kein weiteres Bild auf der R\u00fcckplatte. Dieser Griff passt gut zu Ihren antiken oder klassischen M\u00f6beln und Schubladen.<\/p>\n<p>Dieser hochwertige Schubladengriff wird in Italien hergestellt.<\/p>\n<p><strong>Ma\u00dfe<br \/>\n<\/strong>Schubladengriff Messing antik oval 70x49mm ist 70mm breit und 49mm hoch. Nach der Installation steht dieser Griff 12 mm hervor. Die Bohrungen des Griffs haben einen Abstand von 52 mm.<\/p>\n<p><strong>Bearbeiten<br \/>\n<\/strong>Sie k\u00f6nnen den Griff mit blind montieren\u00a0<span style=\"text-decoration: underline;\"><a href=\"https:\/\/partsandpieces.nl\/de\/produkt\/schraube-edelstahl-zur-blindmontage-von-mobelbeschlagen-45x4mm-20-stuck\/\">Edelstahlschraube zur Blindbefestigung von M\u00f6belbeschl\u00e4gen (45x4mm)<\/a><\/span>\u00a0Ich schicke diese Schrauben\u00a0<strong>FREI<\/strong>\u00a0mit Ihrer Bestellung.<\/p>","protected":false},"excerpt":{"rendered":"<p>Ladegreep Messing antiek ovaal 70x49mm is een mooie gestanste ladegreep gemaakt van messing met een antieke afwerking. De ladetrekker is ovaal van vorm en heeft geen verdere afbeelding op de achterplaat. Deze greep past goed op je antieke of klassieke meubel en lades. Deze kwalitatief uitstekende ladegreep is gemaakt in Itali\u00eb. Afmetingen Ladegreep Messing antiek [&hellip;]<\/p>\n","protected":false},"featured_media":7786,"template":"","meta":{"_acf_changed":false},"product_brand":[],"product_cat":[41,23],"product_tag":[],"class_list":{"0":"post-855","1":"product","2":"type-product","3":"status-publish","4":"has-post-thumbnail","6":"product_cat-ladetrekkers","7":"product_cat-meubelbeslag","9":"first","10":"instock","11":"taxable","12":"shipping-taxable","13":"purchasable","14":"product-type-simple"},"acf":[],"yoast_head":"<!-- This site is optimized with the Yoast SEO plugin v27.3 - https:\/\/yoast.com\/product\/yoast-seo-wordpress\/ -->\n<title>Ladegreep Messing ovaal 70x49mm<\/title>\n<meta name=\"description\" content=\"Ladegreep Messing antiek ovaal 70x49mm is een gestanste ladegreep gemaakt van messing met een antieke afwerking. Heeft geen afbeelding op de achterplaat.\" \/>\n<meta name=\"robots\" content=\"index, follow, max-snippet:-1, max-image-preview:large, max-video-preview:-1\" \/>\n<link rel=\"canonical\" href=\"https:\/\/partsandpieces.nl\/de\/produkt\/schubladengriff-messing-antik-oval-70x49mm\/\" \/>\n<meta property=\"og:locale\" content=\"de_DE\" \/>\n<meta property=\"og:type\" content=\"article\" \/>\n<meta property=\"og:title\" content=\"Ladegreep Messing ovaal 70x49mm\" \/>\n<meta property=\"og:description\" content=\"Ladegreep Messing antiek ovaal 70x49mm is een gestanste ladegreep gemaakt van messing met een antieke afwerking. Heeft geen afbeelding op de achterplaat.\" \/>\n<meta property=\"og:url\" content=\"https:\/\/partsandpieces.nl\/de\/produkt\/schubladengriff-messing-antik-oval-70x49mm\/\" \/>\n<meta property=\"og:site_name\" content=\"Parts &amp; Pieces\" \/>\n<meta property=\"article:modified_time\" content=\"2025-05-28T14:35:27+00:00\" \/>\n<meta property=\"og:image\" content=\"https:\/\/partsandpieces.nl\/wp-content\/uploads\/2020\/07\/Ladegreep-Messing-antiek-ovaal-groot-82x60mm-1.jpg\" \/>\n\t<meta property=\"og:image:width\" content=\"458\" \/>\n\t<meta property=\"og:image:height\" content=\"456\" \/>\n\t<meta property=\"og:image:type\" content=\"image\/jpeg\" \/>\n<meta name=\"twitter:card\" content=\"summary_large_image\" \/>\n<meta name=\"twitter:label1\" content=\"Gesch\u00e4tzte Lesezeit\" \/>\n\t<meta name=\"twitter:data1\" content=\"1\u00a0Minute\" \/>\n<script type=\"application\/ld+json\" class=\"yoast-schema-graph\">{\"@context\":\"https:\\\/\\\/schema.org\",\"@graph\":[{\"@type\":\"WebPage\",\"@id\":\"https:\\\/\\\/partsandpieces.nl\\\/product\\\/ladegreep-messing-antiek-ovaal-70x49mm\\\/\",\"url\":\"https:\\\/\\\/partsandpieces.nl\\\/product\\\/ladegreep-messing-antiek-ovaal-70x49mm\\\/\",\"name\":\"Ladegreep Messing ovaal 70x49mm\",\"isPartOf\":{\"@id\":\"https:\\\/\\\/partsandpieces.nl\\\/#website\"},\"primaryImageOfPage\":{\"@id\":\"https:\\\/\\\/partsandpieces.nl\\\/product\\\/ladegreep-messing-antiek-ovaal-70x49mm\\\/#primaryimage\"},\"image\":{\"@id\":\"https:\\\/\\\/partsandpieces.nl\\\/product\\\/ladegreep-messing-antiek-ovaal-70x49mm\\\/#primaryimage\"},\"thumbnailUrl\":\"https:\\\/\\\/partsandpieces.nl\\\/wp-content\\\/uploads\\\/2020\\\/07\\\/Ladegreep-Messing-antiek-ovaal-groot-82x60mm-1.jpg\",\"datePublished\":\"2020-07-24T10:11:56+00:00\",\"dateModified\":\"2025-05-28T14:35:27+00:00\",\"description\":\"Ladegreep Messing antiek ovaal 70x49mm is een gestanste ladegreep gemaakt van messing met een antieke afwerking. Heeft geen afbeelding op de achterplaat.\",\"breadcrumb\":{\"@id\":\"https:\\\/\\\/partsandpieces.nl\\\/product\\\/ladegreep-messing-antiek-ovaal-70x49mm\\\/#breadcrumb\"},\"inLanguage\":\"de\",\"potentialAction\":[{\"@type\":\"ReadAction\",\"target\":[\"https:\\\/\\\/partsandpieces.nl\\\/product\\\/ladegreep-messing-antiek-ovaal-70x49mm\\\/\"]}]},{\"@type\":\"ImageObject\",\"inLanguage\":\"de\",\"@id\":\"https:\\\/\\\/partsandpieces.nl\\\/product\\\/ladegreep-messing-antiek-ovaal-70x49mm\\\/#primaryimage\",\"url\":\"https:\\\/\\\/partsandpieces.nl\\\/wp-content\\\/uploads\\\/2020\\\/07\\\/Ladegreep-Messing-antiek-ovaal-groot-82x60mm-1.jpg\",\"contentUrl\":\"https:\\\/\\\/partsandpieces.nl\\\/wp-content\\\/uploads\\\/2020\\\/07\\\/Ladegreep-Messing-antiek-ovaal-groot-82x60mm-1.jpg\",\"width\":458,\"height\":456,\"caption\":\"Ladegreep Messing antiek ovaal 70x49mm\"},{\"@type\":\"BreadcrumbList\",\"@id\":\"https:\\\/\\\/partsandpieces.nl\\\/product\\\/ladegreep-messing-antiek-ovaal-70x49mm\\\/#breadcrumb\",\"itemListElement\":[{\"@type\":\"ListItem\",\"position\":1,\"name\":\"Home\",\"item\":\"https:\\\/\\\/partsandpieces.nl\\\/home\\\/\"},{\"@type\":\"ListItem\",\"position\":2,\"name\":\"Winkel\",\"item\":\"https:\\\/\\\/partsandpieces.nl\\\/winkel\\\/\"},{\"@type\":\"ListItem\",\"position\":3,\"name\":\"Ladegreep Messing antiek ovaal 70x49mm\"}]},{\"@type\":\"WebSite\",\"@id\":\"https:\\\/\\\/partsandpieces.nl\\\/#website\",\"url\":\"https:\\\/\\\/partsandpieces.nl\\\/\",\"name\":\"Parts &amp; Pieces\",\"description\":\"Alles voor uw meubelrestauratie en -onderhoud!\",\"potentialAction\":[{\"@type\":\"SearchAction\",\"target\":{\"@type\":\"EntryPoint\",\"urlTemplate\":\"https:\\\/\\\/partsandpieces.nl\\\/?s={search_term_string}\"},\"query-input\":{\"@type\":\"PropertyValueSpecification\",\"valueRequired\":true,\"valueName\":\"search_term_string\"}}],\"inLanguage\":\"de\"}]}<\/script>\n<!-- \/ Yoast SEO plugin. -->","yoast_head_json":{"title":"Schubladengriff Messing oval 70x49mm","description":"Schubladengriff Messing antik oval 70x49mm ist ein gestanzter Schubladengriff aus Messing mit antikem Finish. Auf der R\u00fcckplatte befindet sich kein Bild.","robots":{"index":"index","follow":"follow","max-snippet":"max-snippet:-1","max-image-preview":"max-image-preview:large","max-video-preview":"max-video-preview:-1"},"canonical":"https:\/\/partsandpieces.nl\/de\/produkt\/schubladengriff-messing-antik-oval-70x49mm\/","og_locale":"de_DE","og_type":"article","og_title":"Ladegreep Messing ovaal 70x49mm","og_description":"Ladegreep Messing antiek ovaal 70x49mm is een gestanste ladegreep gemaakt van messing met een antieke afwerking. Heeft geen afbeelding op de achterplaat.","og_url":"https:\/\/partsandpieces.nl\/de\/produkt\/schubladengriff-messing-antik-oval-70x49mm\/","og_site_name":"Parts &amp; Pieces","article_modified_time":"2025-05-28T14:35:27+00:00","og_image":[{"width":458,"height":456,"url":"https:\/\/partsandpieces.nl\/wp-content\/uploads\/2020\/07\/Ladegreep-Messing-antiek-ovaal-groot-82x60mm-1.jpg","type":"image\/jpeg"}],"twitter_card":"summary_large_image","twitter_misc":{"Gesch\u00e4tzte Lesezeit":"1\u00a0Minute"},"schema":{"@context":"https:\/\/schema.org","@graph":[{"@type":"WebPage","@id":"https:\/\/partsandpieces.nl\/product\/ladegreep-messing-antiek-ovaal-70x49mm\/","url":"https:\/\/partsandpieces.nl\/product\/ladegreep-messing-antiek-ovaal-70x49mm\/","name":"Schubladengriff Messing oval 70x49mm","isPartOf":{"@id":"https:\/\/partsandpieces.nl\/#website"},"primaryImageOfPage":{"@id":"https:\/\/partsandpieces.nl\/product\/ladegreep-messing-antiek-ovaal-70x49mm\/#primaryimage"},"image":{"@id":"https:\/\/partsandpieces.nl\/product\/ladegreep-messing-antiek-ovaal-70x49mm\/#primaryimage"},"thumbnailUrl":"https:\/\/partsandpieces.nl\/wp-content\/uploads\/2020\/07\/Ladegreep-Messing-antiek-ovaal-groot-82x60mm-1.jpg","datePublished":"2020-07-24T10:11:56+00:00","dateModified":"2025-05-28T14:35:27+00:00","description":"Schubladengriff Messing antik oval 70x49mm ist ein gestanzter Schubladengriff aus Messing mit antikem Finish. Auf der R\u00fcckplatte befindet sich kein Bild.","breadcrumb":{"@id":"https:\/\/partsandpieces.nl\/product\/ladegreep-messing-antiek-ovaal-70x49mm\/#breadcrumb"},"inLanguage":"de","potentialAction":[{"@type":"ReadAction","target":["https:\/\/partsandpieces.nl\/product\/ladegreep-messing-antiek-ovaal-70x49mm\/"]}]},{"@type":"ImageObject","inLanguage":"de","@id":"https:\/\/partsandpieces.nl\/product\/ladegreep-messing-antiek-ovaal-70x49mm\/#primaryimage","url":"https:\/\/partsandpieces.nl\/wp-content\/uploads\/2020\/07\/Ladegreep-Messing-antiek-ovaal-groot-82x60mm-1.jpg","contentUrl":"https:\/\/partsandpieces.nl\/wp-content\/uploads\/2020\/07\/Ladegreep-Messing-antiek-ovaal-groot-82x60mm-1.jpg","width":458,"height":456,"caption":"Ladegreep Messing antiek ovaal 70x49mm"},{"@type":"BreadcrumbList","@id":"https:\/\/partsandpieces.nl\/product\/ladegreep-messing-antiek-ovaal-70x49mm\/#breadcrumb","itemListElement":[{"@type":"ListItem","position":1,"name":"Home","item":"https:\/\/partsandpieces.nl\/home\/"},{"@type":"ListItem","position":2,"name":"Winkel","item":"https:\/\/partsandpieces.nl\/winkel\/"},{"@type":"ListItem","position":3,"name":"Ladegreep Messing antiek ovaal 70x49mm"}]},{"@type":"WebSite","@id":"https:\/\/partsandpieces.nl\/#website","url":"https:\/\/partsandpieces.nl\/","name":"Teile &amp; St\u00fccke","description":"Alles f\u00fcr Ihre M\u00f6belrestaurierung und -pflege!","potentialAction":[{"@type":"SearchAction","target":{"@type":"EntryPoint","urlTemplate":"https:\/\/partsandpieces.nl\/?s={search_term_string}"},"query-input":{"@type":"PropertyValueSpecification","valueRequired":true,"valueName":"search_term_string"}}],"inLanguage":"de"}]}},"_links":{"self":[{"href":"https:\/\/partsandpieces.nl\/de\/wp-json\/wp\/v2\/product\/855","targetHints":{"allow":["GET"]}}],"collection":[{"href":"https:\/\/partsandpieces.nl\/de\/wp-json\/wp\/v2\/product"}],"about":[{"href":"https:\/\/partsandpieces.nl\/de\/wp-json\/wp\/v2\/types\/product"}],"wp:featuredmedia":[{"embeddable":true,"href":"https:\/\/partsandpieces.nl\/de\/wp-json\/wp\/v2\/media\/7786"}],"wp:attachment":[{"href":"https:\/\/partsandpieces.nl\/de\/wp-json\/wp\/v2\/media?parent=855"}],"wp:term":[{"taxonomy":"product_brand","embeddable":true,"href":"https:\/\/partsandpieces.nl\/de\/wp-json\/wp\/v2\/product_brand?post=855"},{"taxonomy":"product_cat","embeddable":true,"href":"https:\/\/partsandpieces.nl\/de\/wp-json\/wp\/v2\/product_cat?post=855"},{"taxonomy":"product_tag","embeddable":true,"href":"https:\/\/partsandpieces.nl\/de\/wp-json\/wp\/v2\/product_tag?post=855"}],"curies":[{"name":"wp","href":"https:\/\/api.w.org\/{rel}","templated":true}]}}