{"id":8624,"date":"2024-04-29T14:41:07","date_gmt":"2024-04-29T12:41:07","guid":{"rendered":"https:\/\/partsandpieces.nl\/?post_type=product&#038;p=8624"},"modified":"2024-11-26T12:08:51","modified_gmt":"2024-11-26T11:08:51","slug":"schiebeschloss-eisenrohling-gerade-80x25mm","status":"publish","type":"product","link":"https:\/\/partsandpieces.nl\/de\/product\/schuifslot-ijzer-blank-recht-80x25mm\/","title":{"rendered":"Schiebeschloss Eisenrohling gerade 80x25mm"},"content":{"rendered":"<p><strong>Schiebeschloss Eisenrohling gerade 80x25mm<\/strong> ist ein einfaches Schiebeschloss aus Eisen mit geradem Schieber.<\/p>\n<p><strong>Ma\u00dfe<\/strong><br \/>\nSchiebeschloss Iron Blank 80x25mm ist 80mm breit und 25mm hoch. Der Schlitten ist 9 mm hoch und ragt im ausgefahrenen Zustand 15 mm aus der Montageplatte heraus.<\/p>\n<p><strong>Bearbeiten<\/strong><br \/>\nSie k\u00f6nnen das Schiebeschloss mit 6 Schrauben montieren. Ich werde diese Schrauben NICHT mit Ihrer Bestellung verschicken.<\/p>","protected":false},"excerpt":{"rendered":"<p>Schuifslot IJzer Blank recht 80x25mm is een blank ijzeren schuifslot met een rechte schuif. Afmetingen Schuifslot IJzer Blank 80x25mm is 80mm breed en 25mm hoog. De schuif is 9mm hoog en steekt bij het uitschuiven 15mm uit t.o.v. de bevestigingsplaat. Montage Je kunt het schuifslot monteren met 6 schroeven. Deze schroeven stuur ik NIET met [&hellip;]<\/p>\n","protected":false},"featured_media":8626,"template":"","meta":{"_acf_changed":false},"product_brand":[],"product_cat":[107,28],"product_tag":[],"class_list":{"0":"post-8624","1":"product","2":"type-product","3":"status-publish","4":"has-post-thumbnail","6":"product_cat-geen-categorie","7":"product_cat-schuifsloten","9":"first","10":"instock","11":"taxable","12":"shipping-taxable","13":"purchasable","14":"product-type-simple"},"acf":[],"yoast_head":"<!-- This site is optimized with the Yoast SEO plugin v27.3 - https:\/\/yoast.com\/product\/yoast-seo-wordpress\/ -->\n<title>Schuifslot IJzer recht 80x25mm<\/title>\n<meta name=\"description\" content=\"Schuifslot IJzer Blank recht 80x25mm is een blank ijzeren schuifslot. De schuif is 9mm hoog en steekt bij het uitschuiven 15mm uit.\" \/>\n<meta name=\"robots\" content=\"index, follow, max-snippet:-1, max-image-preview:large, max-video-preview:-1\" \/>\n<link rel=\"canonical\" href=\"https:\/\/partsandpieces.nl\/de\/produkt\/schiebeschloss-eisenrohling-gerade-80x25mm\/\" \/>\n<meta property=\"og:locale\" content=\"de_DE\" \/>\n<meta property=\"og:type\" content=\"article\" \/>\n<meta property=\"og:title\" content=\"Schuifslot IJzer recht 80x25mm\" \/>\n<meta property=\"og:description\" content=\"Schuifslot IJzer Blank recht 80x25mm is een blank ijzeren schuifslot. De schuif is 9mm hoog en steekt bij het uitschuiven 15mm uit.\" \/>\n<meta property=\"og:url\" content=\"https:\/\/partsandpieces.nl\/de\/produkt\/schiebeschloss-eisenrohling-gerade-80x25mm\/\" \/>\n<meta property=\"og:site_name\" content=\"Parts &amp; Pieces\" \/>\n<meta property=\"article:modified_time\" content=\"2024-11-26T11:08:51+00:00\" \/>\n<meta property=\"og:image\" content=\"https:\/\/partsandpieces.nl\/wp-content\/uploads\/2024\/04\/Schuifslot-IJzer-Blank-80x25mm.jpg\" \/>\n\t<meta property=\"og:image:width\" content=\"401\" \/>\n\t<meta property=\"og:image:height\" content=\"401\" \/>\n\t<meta property=\"og:image:type\" content=\"image\/jpeg\" \/>\n<meta name=\"twitter:card\" content=\"summary_large_image\" \/>\n<meta name=\"twitter:label1\" content=\"Gesch\u00e4tzte Lesezeit\" \/>\n\t<meta name=\"twitter:data1\" content=\"1\u00a0Minute\" \/>\n<script type=\"application\/ld+json\" class=\"yoast-schema-graph\">{\"@context\":\"https:\\\/\\\/schema.org\",\"@graph\":[{\"@type\":\"WebPage\",\"@id\":\"https:\\\/\\\/partsandpieces.nl\\\/product\\\/schuifslot-ijzer-blank-recht-80x25mm\\\/\",\"url\":\"https:\\\/\\\/partsandpieces.nl\\\/product\\\/schuifslot-ijzer-blank-recht-80x25mm\\\/\",\"name\":\"Schuifslot IJzer recht 80x25mm\",\"isPartOf\":{\"@id\":\"https:\\\/\\\/partsandpieces.nl\\\/#website\"},\"primaryImageOfPage\":{\"@id\":\"https:\\\/\\\/partsandpieces.nl\\\/product\\\/schuifslot-ijzer-blank-recht-80x25mm\\\/#primaryimage\"},\"image\":{\"@id\":\"https:\\\/\\\/partsandpieces.nl\\\/product\\\/schuifslot-ijzer-blank-recht-80x25mm\\\/#primaryimage\"},\"thumbnailUrl\":\"https:\\\/\\\/partsandpieces.nl\\\/wp-content\\\/uploads\\\/2024\\\/04\\\/Schuifslot-IJzer-Blank-80x25mm.jpg\",\"datePublished\":\"2024-04-29T12:41:07+00:00\",\"dateModified\":\"2024-11-26T11:08:51+00:00\",\"description\":\"Schuifslot IJzer Blank recht 80x25mm is een blank ijzeren schuifslot. De schuif is 9mm hoog en steekt bij het uitschuiven 15mm uit.\",\"breadcrumb\":{\"@id\":\"https:\\\/\\\/partsandpieces.nl\\\/product\\\/schuifslot-ijzer-blank-recht-80x25mm\\\/#breadcrumb\"},\"inLanguage\":\"de\",\"potentialAction\":[{\"@type\":\"ReadAction\",\"target\":[\"https:\\\/\\\/partsandpieces.nl\\\/product\\\/schuifslot-ijzer-blank-recht-80x25mm\\\/\"]}]},{\"@type\":\"ImageObject\",\"inLanguage\":\"de\",\"@id\":\"https:\\\/\\\/partsandpieces.nl\\\/product\\\/schuifslot-ijzer-blank-recht-80x25mm\\\/#primaryimage\",\"url\":\"https:\\\/\\\/partsandpieces.nl\\\/wp-content\\\/uploads\\\/2024\\\/04\\\/Schuifslot-IJzer-Blank-80x25mm.jpg\",\"contentUrl\":\"https:\\\/\\\/partsandpieces.nl\\\/wp-content\\\/uploads\\\/2024\\\/04\\\/Schuifslot-IJzer-Blank-80x25mm.jpg\",\"width\":401,\"height\":401,\"caption\":\"Schuifslot IJzer Blank 80x25mm\"},{\"@type\":\"BreadcrumbList\",\"@id\":\"https:\\\/\\\/partsandpieces.nl\\\/product\\\/schuifslot-ijzer-blank-recht-80x25mm\\\/#breadcrumb\",\"itemListElement\":[{\"@type\":\"ListItem\",\"position\":1,\"name\":\"Home\",\"item\":\"https:\\\/\\\/partsandpieces.nl\\\/home\\\/\"},{\"@type\":\"ListItem\",\"position\":2,\"name\":\"Winkel\",\"item\":\"https:\\\/\\\/partsandpieces.nl\\\/winkel\\\/\"},{\"@type\":\"ListItem\",\"position\":3,\"name\":\"Schuifslot IJzer Blank recht 80x25mm\"}]},{\"@type\":\"WebSite\",\"@id\":\"https:\\\/\\\/partsandpieces.nl\\\/#website\",\"url\":\"https:\\\/\\\/partsandpieces.nl\\\/\",\"name\":\"Parts &amp; Pieces\",\"description\":\"Alles voor uw meubelrestauratie en -onderhoud!\",\"potentialAction\":[{\"@type\":\"SearchAction\",\"target\":{\"@type\":\"EntryPoint\",\"urlTemplate\":\"https:\\\/\\\/partsandpieces.nl\\\/?s={search_term_string}\"},\"query-input\":{\"@type\":\"PropertyValueSpecification\",\"valueRequired\":true,\"valueName\":\"search_term_string\"}}],\"inLanguage\":\"de\"}]}<\/script>\n<!-- \/ Yoast SEO plugin. -->","yoast_head_json":{"title":"Schiebeschloss Eisen gerade 80x25mm","description":"Schiebeschloss Iron Blank gerade 80x25mm ist ein blankes Schiebeschloss aus Eisen. Der Schlitten ist 9 mm hoch und ragt im ausgefahrenen Zustand 15 mm hervor.","robots":{"index":"index","follow":"follow","max-snippet":"max-snippet:-1","max-image-preview":"max-image-preview:large","max-video-preview":"max-video-preview:-1"},"canonical":"https:\/\/partsandpieces.nl\/de\/produkt\/schiebeschloss-eisenrohling-gerade-80x25mm\/","og_locale":"de_DE","og_type":"article","og_title":"Schuifslot IJzer recht 80x25mm","og_description":"Schuifslot IJzer Blank recht 80x25mm is een blank ijzeren schuifslot. De schuif is 9mm hoog en steekt bij het uitschuiven 15mm uit.","og_url":"https:\/\/partsandpieces.nl\/de\/produkt\/schiebeschloss-eisenrohling-gerade-80x25mm\/","og_site_name":"Parts &amp; Pieces","article_modified_time":"2024-11-26T11:08:51+00:00","og_image":[{"width":401,"height":401,"url":"https:\/\/partsandpieces.nl\/wp-content\/uploads\/2024\/04\/Schuifslot-IJzer-Blank-80x25mm.jpg","type":"image\/jpeg"}],"twitter_card":"summary_large_image","twitter_misc":{"Gesch\u00e4tzte Lesezeit":"1\u00a0Minute"},"schema":{"@context":"https:\/\/schema.org","@graph":[{"@type":"WebPage","@id":"https:\/\/partsandpieces.nl\/product\/schuifslot-ijzer-blank-recht-80x25mm\/","url":"https:\/\/partsandpieces.nl\/product\/schuifslot-ijzer-blank-recht-80x25mm\/","name":"Schiebeschloss Eisen gerade 80x25mm","isPartOf":{"@id":"https:\/\/partsandpieces.nl\/#website"},"primaryImageOfPage":{"@id":"https:\/\/partsandpieces.nl\/product\/schuifslot-ijzer-blank-recht-80x25mm\/#primaryimage"},"image":{"@id":"https:\/\/partsandpieces.nl\/product\/schuifslot-ijzer-blank-recht-80x25mm\/#primaryimage"},"thumbnailUrl":"https:\/\/partsandpieces.nl\/wp-content\/uploads\/2024\/04\/Schuifslot-IJzer-Blank-80x25mm.jpg","datePublished":"2024-04-29T12:41:07+00:00","dateModified":"2024-11-26T11:08:51+00:00","description":"Schiebeschloss Iron Blank gerade 80x25mm ist ein blankes Schiebeschloss aus Eisen. Der Schlitten ist 9 mm hoch und ragt im ausgefahrenen Zustand 15 mm hervor.","breadcrumb":{"@id":"https:\/\/partsandpieces.nl\/product\/schuifslot-ijzer-blank-recht-80x25mm\/#breadcrumb"},"inLanguage":"de","potentialAction":[{"@type":"ReadAction","target":["https:\/\/partsandpieces.nl\/product\/schuifslot-ijzer-blank-recht-80x25mm\/"]}]},{"@type":"ImageObject","inLanguage":"de","@id":"https:\/\/partsandpieces.nl\/product\/schuifslot-ijzer-blank-recht-80x25mm\/#primaryimage","url":"https:\/\/partsandpieces.nl\/wp-content\/uploads\/2024\/04\/Schuifslot-IJzer-Blank-80x25mm.jpg","contentUrl":"https:\/\/partsandpieces.nl\/wp-content\/uploads\/2024\/04\/Schuifslot-IJzer-Blank-80x25mm.jpg","width":401,"height":401,"caption":"Schuifslot IJzer Blank 80x25mm"},{"@type":"BreadcrumbList","@id":"https:\/\/partsandpieces.nl\/product\/schuifslot-ijzer-blank-recht-80x25mm\/#breadcrumb","itemListElement":[{"@type":"ListItem","position":1,"name":"Home","item":"https:\/\/partsandpieces.nl\/home\/"},{"@type":"ListItem","position":2,"name":"Winkel","item":"https:\/\/partsandpieces.nl\/winkel\/"},{"@type":"ListItem","position":3,"name":"Schuifslot IJzer Blank recht 80x25mm"}]},{"@type":"WebSite","@id":"https:\/\/partsandpieces.nl\/#website","url":"https:\/\/partsandpieces.nl\/","name":"Teile &amp; St\u00fccke","description":"Alles f\u00fcr Ihre M\u00f6belrestaurierung und -pflege!","potentialAction":[{"@type":"SearchAction","target":{"@type":"EntryPoint","urlTemplate":"https:\/\/partsandpieces.nl\/?s={search_term_string}"},"query-input":{"@type":"PropertyValueSpecification","valueRequired":true,"valueName":"search_term_string"}}],"inLanguage":"de"}]}},"_links":{"self":[{"href":"https:\/\/partsandpieces.nl\/de\/wp-json\/wp\/v2\/product\/8624","targetHints":{"allow":["GET"]}}],"collection":[{"href":"https:\/\/partsandpieces.nl\/de\/wp-json\/wp\/v2\/product"}],"about":[{"href":"https:\/\/partsandpieces.nl\/de\/wp-json\/wp\/v2\/types\/product"}],"wp:featuredmedia":[{"embeddable":true,"href":"https:\/\/partsandpieces.nl\/de\/wp-json\/wp\/v2\/media\/8626"}],"wp:attachment":[{"href":"https:\/\/partsandpieces.nl\/de\/wp-json\/wp\/v2\/media?parent=8624"}],"wp:term":[{"taxonomy":"product_brand","embeddable":true,"href":"https:\/\/partsandpieces.nl\/de\/wp-json\/wp\/v2\/product_brand?post=8624"},{"taxonomy":"product_cat","embeddable":true,"href":"https:\/\/partsandpieces.nl\/de\/wp-json\/wp\/v2\/product_cat?post=8624"},{"taxonomy":"product_tag","embeddable":true,"href":"https:\/\/partsandpieces.nl\/de\/wp-json\/wp\/v2\/product_tag?post=8624"}],"curies":[{"name":"wp","href":"https:\/\/api.w.org\/{rel}","templated":true}]}}