{"id":8634,"date":"2024-04-30T10:45:31","date_gmt":"2024-04-30T08:45:31","guid":{"rendered":"https:\/\/partsandpieces.nl\/?post_type=product&#038;p=8634"},"modified":"2025-09-30T22:05:47","modified_gmt":"2025-09-30T20:05:47","slug":"schiebeschloss-eisenrohling-gerade-klein-60x20mm","status":"publish","type":"product","link":"https:\/\/partsandpieces.nl\/de\/product\/schuifslot-ijzer-blank-recht-klein-60x20mm\/","title":{"rendered":"Schiebeschloss Eisenrohling gerade klein 60x20mm"},"content":{"rendered":"<p><strong>Schiebeschloss Eisenrohling gerade klein 60x20mm<\/strong> ist ein kleines Schiebeschloss aus schlichtem Eisen mit geradem Schieber.<\/p>\n<p><strong>Ma\u00dfe<\/strong><br \/>\nSchiebeschloss Iron Blank gerade klein 60x20mm ist 60mm breit und 20mm hoch. Der Schlitten ist 7 mm hoch und ragt im ausgefahrenen Zustand 10 mm aus der Montageplatte heraus.<\/p>\n<p><strong>Bearbeiten<\/strong><br \/>\nSie k\u00f6nnen das Schiebeschloss mit 4 Schrauben montieren. Ich werde diese Schrauben NICHT mit Ihrer Bestellung verschicken.<\/p>","protected":false},"excerpt":{"rendered":"<p>Schuifslot IJzer Blank recht klein 60x20mm is een kleine blank ijzeren schuifslot met een rechte schuif. Afmetingen Schuifslot IJzer Blank recht klein 60x20mm is 60mm breed en 20mm hoog. De schuif is 7mm hoog en steekt bij het uitschuiven 10mm uit t.o.v. de bevestigingsplaat. Montage Je kunt het schuifslot monteren met 4 schroeven. Deze schroeven [&hellip;]<\/p>\n","protected":false},"featured_media":8635,"template":"","meta":{"_acf_changed":false},"product_brand":[],"product_cat":[107,28],"product_tag":[],"class_list":{"0":"post-8634","1":"product","2":"type-product","3":"status-publish","4":"has-post-thumbnail","6":"product_cat-geen-categorie","7":"product_cat-schuifsloten","9":"first","10":"instock","11":"taxable","12":"shipping-taxable","13":"purchasable","14":"product-type-simple"},"acf":[],"yoast_head":"<!-- This site is optimized with the Yoast SEO plugin v27.3 - https:\/\/yoast.com\/product\/yoast-seo-wordpress\/ -->\n<title>Schuifslot IJzer recht klein 60x20mm<\/title>\n<meta name=\"description\" content=\"Schuifslot IJzer Blank recht klein 60x20mm is een kleine blank ijzeren schuifslot met een rechte schuif. De schuif steekt bij het uitschuiven 10mm uit.\" \/>\n<meta name=\"robots\" content=\"index, follow, max-snippet:-1, max-image-preview:large, max-video-preview:-1\" \/>\n<link rel=\"canonical\" href=\"https:\/\/partsandpieces.nl\/de\/produkt\/schiebeschloss-eisenrohling-gerade-klein-60x20mm\/\" \/>\n<meta property=\"og:locale\" content=\"de_DE\" \/>\n<meta property=\"og:type\" content=\"article\" \/>\n<meta property=\"og:title\" content=\"Schuifslot IJzer recht klein 60x20mm\" \/>\n<meta property=\"og:description\" content=\"Schuifslot IJzer Blank recht klein 60x20mm is een kleine blank ijzeren schuifslot met een rechte schuif. De schuif steekt bij het uitschuiven 10mm uit.\" \/>\n<meta property=\"og:url\" content=\"https:\/\/partsandpieces.nl\/de\/produkt\/schiebeschloss-eisenrohling-gerade-klein-60x20mm\/\" \/>\n<meta property=\"og:site_name\" content=\"Parts &amp; Pieces\" \/>\n<meta property=\"article:modified_time\" content=\"2025-09-30T20:05:47+00:00\" \/>\n<meta property=\"og:image\" content=\"https:\/\/partsandpieces.nl\/wp-content\/uploads\/2024\/04\/Schuifslot-IJzer-Blank-recht-klein-60x20mm.jpg\" \/>\n\t<meta property=\"og:image:width\" content=\"401\" \/>\n\t<meta property=\"og:image:height\" content=\"401\" \/>\n\t<meta property=\"og:image:type\" content=\"image\/jpeg\" \/>\n<meta name=\"twitter:card\" content=\"summary_large_image\" \/>\n<meta name=\"twitter:label1\" content=\"Gesch\u00e4tzte Lesezeit\" \/>\n\t<meta name=\"twitter:data1\" content=\"1\u00a0Minute\" \/>\n<script type=\"application\/ld+json\" class=\"yoast-schema-graph\">{\"@context\":\"https:\\\/\\\/schema.org\",\"@graph\":[{\"@type\":\"WebPage\",\"@id\":\"https:\\\/\\\/partsandpieces.nl\\\/product\\\/schuifslot-ijzer-blank-recht-klein-60x20mm\\\/\",\"url\":\"https:\\\/\\\/partsandpieces.nl\\\/product\\\/schuifslot-ijzer-blank-recht-klein-60x20mm\\\/\",\"name\":\"Schuifslot IJzer recht klein 60x20mm\",\"isPartOf\":{\"@id\":\"https:\\\/\\\/partsandpieces.nl\\\/#website\"},\"primaryImageOfPage\":{\"@id\":\"https:\\\/\\\/partsandpieces.nl\\\/product\\\/schuifslot-ijzer-blank-recht-klein-60x20mm\\\/#primaryimage\"},\"image\":{\"@id\":\"https:\\\/\\\/partsandpieces.nl\\\/product\\\/schuifslot-ijzer-blank-recht-klein-60x20mm\\\/#primaryimage\"},\"thumbnailUrl\":\"https:\\\/\\\/partsandpieces.nl\\\/wp-content\\\/uploads\\\/2024\\\/04\\\/Schuifslot-IJzer-Blank-recht-klein-60x20mm.jpg\",\"datePublished\":\"2024-04-30T08:45:31+00:00\",\"dateModified\":\"2025-09-30T20:05:47+00:00\",\"description\":\"Schuifslot IJzer Blank recht klein 60x20mm is een kleine blank ijzeren schuifslot met een rechte schuif. De schuif steekt bij het uitschuiven 10mm uit.\",\"breadcrumb\":{\"@id\":\"https:\\\/\\\/partsandpieces.nl\\\/product\\\/schuifslot-ijzer-blank-recht-klein-60x20mm\\\/#breadcrumb\"},\"inLanguage\":\"de\",\"potentialAction\":[{\"@type\":\"ReadAction\",\"target\":[\"https:\\\/\\\/partsandpieces.nl\\\/product\\\/schuifslot-ijzer-blank-recht-klein-60x20mm\\\/\"]}]},{\"@type\":\"ImageObject\",\"inLanguage\":\"de\",\"@id\":\"https:\\\/\\\/partsandpieces.nl\\\/product\\\/schuifslot-ijzer-blank-recht-klein-60x20mm\\\/#primaryimage\",\"url\":\"https:\\\/\\\/partsandpieces.nl\\\/wp-content\\\/uploads\\\/2024\\\/04\\\/Schuifslot-IJzer-Blank-recht-klein-60x20mm.jpg\",\"contentUrl\":\"https:\\\/\\\/partsandpieces.nl\\\/wp-content\\\/uploads\\\/2024\\\/04\\\/Schuifslot-IJzer-Blank-recht-klein-60x20mm.jpg\",\"width\":401,\"height\":401,\"caption\":\"Schuifslot IJzer Blank recht klein 60x20mm\"},{\"@type\":\"BreadcrumbList\",\"@id\":\"https:\\\/\\\/partsandpieces.nl\\\/product\\\/schuifslot-ijzer-blank-recht-klein-60x20mm\\\/#breadcrumb\",\"itemListElement\":[{\"@type\":\"ListItem\",\"position\":1,\"name\":\"Home\",\"item\":\"https:\\\/\\\/partsandpieces.nl\\\/home\\\/\"},{\"@type\":\"ListItem\",\"position\":2,\"name\":\"Winkel\",\"item\":\"https:\\\/\\\/partsandpieces.nl\\\/winkel\\\/\"},{\"@type\":\"ListItem\",\"position\":3,\"name\":\"Schuifslot IJzer Blank recht klein 60x20mm\"}]},{\"@type\":\"WebSite\",\"@id\":\"https:\\\/\\\/partsandpieces.nl\\\/#website\",\"url\":\"https:\\\/\\\/partsandpieces.nl\\\/\",\"name\":\"Parts &amp; Pieces\",\"description\":\"Alles voor uw meubelrestauratie en -onderhoud!\",\"potentialAction\":[{\"@type\":\"SearchAction\",\"target\":{\"@type\":\"EntryPoint\",\"urlTemplate\":\"https:\\\/\\\/partsandpieces.nl\\\/?s={search_term_string}\"},\"query-input\":{\"@type\":\"PropertyValueSpecification\",\"valueRequired\":true,\"valueName\":\"search_term_string\"}}],\"inLanguage\":\"de\"}]}<\/script>\n<!-- \/ Yoast SEO plugin. -->","yoast_head_json":{"title":"Schiebeschloss Eisen gerade klein 60x20mm","description":"Schiebeschloss Iron Blank gerade klein 60x20mm ist ein kleines blankes Eisenschiebeschloss mit geradem Schieber. Der Schlitten f\u00e4hrt im ausgefahrenen Zustand um 10 mm aus.","robots":{"index":"index","follow":"follow","max-snippet":"max-snippet:-1","max-image-preview":"max-image-preview:large","max-video-preview":"max-video-preview:-1"},"canonical":"https:\/\/partsandpieces.nl\/de\/produkt\/schiebeschloss-eisenrohling-gerade-klein-60x20mm\/","og_locale":"de_DE","og_type":"article","og_title":"Schuifslot IJzer recht klein 60x20mm","og_description":"Schuifslot IJzer Blank recht klein 60x20mm is een kleine blank ijzeren schuifslot met een rechte schuif. De schuif steekt bij het uitschuiven 10mm uit.","og_url":"https:\/\/partsandpieces.nl\/de\/produkt\/schiebeschloss-eisenrohling-gerade-klein-60x20mm\/","og_site_name":"Parts &amp; Pieces","article_modified_time":"2025-09-30T20:05:47+00:00","og_image":[{"width":401,"height":401,"url":"https:\/\/partsandpieces.nl\/wp-content\/uploads\/2024\/04\/Schuifslot-IJzer-Blank-recht-klein-60x20mm.jpg","type":"image\/jpeg"}],"twitter_card":"summary_large_image","twitter_misc":{"Gesch\u00e4tzte Lesezeit":"1\u00a0Minute"},"schema":{"@context":"https:\/\/schema.org","@graph":[{"@type":"WebPage","@id":"https:\/\/partsandpieces.nl\/product\/schuifslot-ijzer-blank-recht-klein-60x20mm\/","url":"https:\/\/partsandpieces.nl\/product\/schuifslot-ijzer-blank-recht-klein-60x20mm\/","name":"Schiebeschloss Eisen gerade klein 60x20mm","isPartOf":{"@id":"https:\/\/partsandpieces.nl\/#website"},"primaryImageOfPage":{"@id":"https:\/\/partsandpieces.nl\/product\/schuifslot-ijzer-blank-recht-klein-60x20mm\/#primaryimage"},"image":{"@id":"https:\/\/partsandpieces.nl\/product\/schuifslot-ijzer-blank-recht-klein-60x20mm\/#primaryimage"},"thumbnailUrl":"https:\/\/partsandpieces.nl\/wp-content\/uploads\/2024\/04\/Schuifslot-IJzer-Blank-recht-klein-60x20mm.jpg","datePublished":"2024-04-30T08:45:31+00:00","dateModified":"2025-09-30T20:05:47+00:00","description":"Schiebeschloss Iron Blank gerade klein 60x20mm ist ein kleines blankes Eisenschiebeschloss mit geradem Schieber. Der Schlitten f\u00e4hrt im ausgefahrenen Zustand um 10 mm aus.","breadcrumb":{"@id":"https:\/\/partsandpieces.nl\/product\/schuifslot-ijzer-blank-recht-klein-60x20mm\/#breadcrumb"},"inLanguage":"de","potentialAction":[{"@type":"ReadAction","target":["https:\/\/partsandpieces.nl\/product\/schuifslot-ijzer-blank-recht-klein-60x20mm\/"]}]},{"@type":"ImageObject","inLanguage":"de","@id":"https:\/\/partsandpieces.nl\/product\/schuifslot-ijzer-blank-recht-klein-60x20mm\/#primaryimage","url":"https:\/\/partsandpieces.nl\/wp-content\/uploads\/2024\/04\/Schuifslot-IJzer-Blank-recht-klein-60x20mm.jpg","contentUrl":"https:\/\/partsandpieces.nl\/wp-content\/uploads\/2024\/04\/Schuifslot-IJzer-Blank-recht-klein-60x20mm.jpg","width":401,"height":401,"caption":"Schuifslot IJzer Blank recht klein 60x20mm"},{"@type":"BreadcrumbList","@id":"https:\/\/partsandpieces.nl\/product\/schuifslot-ijzer-blank-recht-klein-60x20mm\/#breadcrumb","itemListElement":[{"@type":"ListItem","position":1,"name":"Home","item":"https:\/\/partsandpieces.nl\/home\/"},{"@type":"ListItem","position":2,"name":"Winkel","item":"https:\/\/partsandpieces.nl\/winkel\/"},{"@type":"ListItem","position":3,"name":"Schuifslot IJzer Blank recht klein 60x20mm"}]},{"@type":"WebSite","@id":"https:\/\/partsandpieces.nl\/#website","url":"https:\/\/partsandpieces.nl\/","name":"Teile &amp; St\u00fccke","description":"Alles f\u00fcr Ihre M\u00f6belrestaurierung und -pflege!","potentialAction":[{"@type":"SearchAction","target":{"@type":"EntryPoint","urlTemplate":"https:\/\/partsandpieces.nl\/?s={search_term_string}"},"query-input":{"@type":"PropertyValueSpecification","valueRequired":true,"valueName":"search_term_string"}}],"inLanguage":"de"}]}},"_links":{"self":[{"href":"https:\/\/partsandpieces.nl\/de\/wp-json\/wp\/v2\/product\/8634","targetHints":{"allow":["GET"]}}],"collection":[{"href":"https:\/\/partsandpieces.nl\/de\/wp-json\/wp\/v2\/product"}],"about":[{"href":"https:\/\/partsandpieces.nl\/de\/wp-json\/wp\/v2\/types\/product"}],"wp:featuredmedia":[{"embeddable":true,"href":"https:\/\/partsandpieces.nl\/de\/wp-json\/wp\/v2\/media\/8635"}],"wp:attachment":[{"href":"https:\/\/partsandpieces.nl\/de\/wp-json\/wp\/v2\/media?parent=8634"}],"wp:term":[{"taxonomy":"product_brand","embeddable":true,"href":"https:\/\/partsandpieces.nl\/de\/wp-json\/wp\/v2\/product_brand?post=8634"},{"taxonomy":"product_cat","embeddable":true,"href":"https:\/\/partsandpieces.nl\/de\/wp-json\/wp\/v2\/product_cat?post=8634"},{"taxonomy":"product_tag","embeddable":true,"href":"https:\/\/partsandpieces.nl\/de\/wp-json\/wp\/v2\/product_tag?post=8634"}],"curies":[{"name":"wp","href":"https:\/\/api.w.org\/{rel}","templated":true}]}}