{"id":8638,"date":"2024-04-30T11:08:58","date_gmt":"2024-04-30T09:08:58","guid":{"rendered":"https:\/\/partsandpieces.nl\/?post_type=product&#038;p=8638"},"modified":"2026-03-24T22:33:26","modified_gmt":"2026-03-24T21:33:26","slug":"schiebeschloss-eisen-schwarz-gros-100x35mm","status":"publish","type":"product","link":"https:\/\/partsandpieces.nl\/de\/product\/schuifslot-ijzer-zwart-groot-100x35mm\/","title":{"rendered":"Schiebeschloss Eisen SCHWARZ gro\u00df 100x35mm"},"content":{"rendered":"<p><strong>Schiebeschloss Eisen SCHWARZ gro\u00df 100x35mm<\/strong> ist ein gro\u00dfes Schiebeschloss aus Eisen mit schwarzem Finish und geradem Schieber.<\/p>\n<p><strong>Ma\u00dfe<\/strong><br \/>\nSchiebeschloss Eisen SCHWARZ gro\u00df 100x35mm ist 100mm breit und 35mm hoch. Der Schlitten ist 12 mm hoch und ragt im ausgefahrenen Zustand 20 mm aus der Montageplatte heraus.<\/p>\n<p><strong>Bearbeiten<\/strong><br \/>\nSie k\u00f6nnen das Schiebeschloss mit 4 Schrauben montieren. Ich werde diese Schrauben NICHT mit Ihrer Bestellung verschicken.<\/p>","protected":false},"excerpt":{"rendered":"<p>Schuifslot IJzer ZWART groot 100x35mm is een grote ijzeren schuifslot afgewerkt met een zwarte finish met een rechte schuif. Afmetingen Schuifslot IJzer ZWART groot 100x35mm is 100mm breed en 35mm hoog. De schuif is 12mm hoog en steekt bij het uitschuiven 20mm uit t.o.v. de bevestigingsplaat. Montage Je kunt het schuifslot monteren met 4 schroeven. [&hellip;]<\/p>\n","protected":false},"featured_media":8639,"template":"","meta":{"_acf_changed":false},"product_brand":[],"product_cat":[107,28],"product_tag":[],"class_list":{"0":"post-8638","1":"product","2":"type-product","3":"status-publish","4":"has-post-thumbnail","6":"product_cat-geen-categorie","7":"product_cat-schuifsloten","9":"first","10":"instock","11":"taxable","12":"shipping-taxable","13":"purchasable","14":"product-type-simple"},"acf":[],"yoast_head":"<!-- This site is optimized with the Yoast SEO plugin v27.3 - https:\/\/yoast.com\/product\/yoast-seo-wordpress\/ -->\n<title>Schuifslot IJzer ZWART groot 100x35mm<\/title>\n<meta name=\"description\" content=\"Schuifslot IJzer ZWART groot 100x35mm is een ijzeren schuifslot afgewerkt met een zwarte finish met een rechte schuif. 100mm breed en 35mm hoog.\" \/>\n<meta name=\"robots\" content=\"index, follow, max-snippet:-1, max-image-preview:large, max-video-preview:-1\" \/>\n<link rel=\"canonical\" href=\"https:\/\/partsandpieces.nl\/de\/produkt\/schiebeschloss-eisen-schwarz-gros-100x35mm\/\" \/>\n<meta property=\"og:locale\" content=\"de_DE\" \/>\n<meta property=\"og:type\" content=\"article\" \/>\n<meta property=\"og:title\" content=\"Schuifslot IJzer ZWART groot 100x35mm\" \/>\n<meta property=\"og:description\" content=\"Schuifslot IJzer ZWART groot 100x35mm is een ijzeren schuifslot afgewerkt met een zwarte finish met een rechte schuif. 100mm breed en 35mm hoog.\" \/>\n<meta property=\"og:url\" content=\"https:\/\/partsandpieces.nl\/de\/produkt\/schiebeschloss-eisen-schwarz-gros-100x35mm\/\" \/>\n<meta property=\"og:site_name\" content=\"Parts &amp; Pieces\" \/>\n<meta property=\"article:modified_time\" content=\"2026-03-24T21:33:26+00:00\" \/>\n<meta property=\"og:image\" content=\"https:\/\/partsandpieces.nl\/wp-content\/uploads\/2024\/04\/Schuifslot-IJzer-ZWART-groot-100x35mm.jpg\" \/>\n\t<meta property=\"og:image:width\" content=\"401\" \/>\n\t<meta property=\"og:image:height\" content=\"400\" \/>\n\t<meta property=\"og:image:type\" content=\"image\/jpeg\" \/>\n<meta name=\"twitter:card\" content=\"summary_large_image\" \/>\n<meta name=\"twitter:label1\" content=\"Gesch\u00e4tzte Lesezeit\" \/>\n\t<meta name=\"twitter:data1\" content=\"1\u00a0Minute\" \/>\n<script type=\"application\/ld+json\" class=\"yoast-schema-graph\">{\"@context\":\"https:\\\/\\\/schema.org\",\"@graph\":[{\"@type\":\"WebPage\",\"@id\":\"https:\\\/\\\/partsandpieces.nl\\\/product\\\/schuifslot-ijzer-zwart-groot-100x35mm\\\/\",\"url\":\"https:\\\/\\\/partsandpieces.nl\\\/product\\\/schuifslot-ijzer-zwart-groot-100x35mm\\\/\",\"name\":\"Schuifslot IJzer ZWART groot 100x35mm\",\"isPartOf\":{\"@id\":\"https:\\\/\\\/partsandpieces.nl\\\/#website\"},\"primaryImageOfPage\":{\"@id\":\"https:\\\/\\\/partsandpieces.nl\\\/product\\\/schuifslot-ijzer-zwart-groot-100x35mm\\\/#primaryimage\"},\"image\":{\"@id\":\"https:\\\/\\\/partsandpieces.nl\\\/product\\\/schuifslot-ijzer-zwart-groot-100x35mm\\\/#primaryimage\"},\"thumbnailUrl\":\"https:\\\/\\\/partsandpieces.nl\\\/wp-content\\\/uploads\\\/2024\\\/04\\\/Schuifslot-IJzer-ZWART-groot-100x35mm.jpg\",\"datePublished\":\"2024-04-30T09:08:58+00:00\",\"dateModified\":\"2026-03-24T21:33:26+00:00\",\"description\":\"Schuifslot IJzer ZWART groot 100x35mm is een ijzeren schuifslot afgewerkt met een zwarte finish met een rechte schuif. 100mm breed en 35mm hoog.\",\"breadcrumb\":{\"@id\":\"https:\\\/\\\/partsandpieces.nl\\\/product\\\/schuifslot-ijzer-zwart-groot-100x35mm\\\/#breadcrumb\"},\"inLanguage\":\"de\",\"potentialAction\":[{\"@type\":\"ReadAction\",\"target\":[\"https:\\\/\\\/partsandpieces.nl\\\/product\\\/schuifslot-ijzer-zwart-groot-100x35mm\\\/\"]}]},{\"@type\":\"ImageObject\",\"inLanguage\":\"de\",\"@id\":\"https:\\\/\\\/partsandpieces.nl\\\/product\\\/schuifslot-ijzer-zwart-groot-100x35mm\\\/#primaryimage\",\"url\":\"https:\\\/\\\/partsandpieces.nl\\\/wp-content\\\/uploads\\\/2024\\\/04\\\/Schuifslot-IJzer-ZWART-groot-100x35mm.jpg\",\"contentUrl\":\"https:\\\/\\\/partsandpieces.nl\\\/wp-content\\\/uploads\\\/2024\\\/04\\\/Schuifslot-IJzer-ZWART-groot-100x35mm.jpg\",\"width\":401,\"height\":400,\"caption\":\"Schuifslot IJzer ZWART groot 100x35mm\"},{\"@type\":\"BreadcrumbList\",\"@id\":\"https:\\\/\\\/partsandpieces.nl\\\/product\\\/schuifslot-ijzer-zwart-groot-100x35mm\\\/#breadcrumb\",\"itemListElement\":[{\"@type\":\"ListItem\",\"position\":1,\"name\":\"Home\",\"item\":\"https:\\\/\\\/partsandpieces.nl\\\/home\\\/\"},{\"@type\":\"ListItem\",\"position\":2,\"name\":\"Winkel\",\"item\":\"https:\\\/\\\/partsandpieces.nl\\\/winkel\\\/\"},{\"@type\":\"ListItem\",\"position\":3,\"name\":\"Schuifslot IJzer ZWART groot 100x35mm\"}]},{\"@type\":\"WebSite\",\"@id\":\"https:\\\/\\\/partsandpieces.nl\\\/#website\",\"url\":\"https:\\\/\\\/partsandpieces.nl\\\/\",\"name\":\"Parts &amp; Pieces\",\"description\":\"Alles voor uw meubelrestauratie en -onderhoud!\",\"potentialAction\":[{\"@type\":\"SearchAction\",\"target\":{\"@type\":\"EntryPoint\",\"urlTemplate\":\"https:\\\/\\\/partsandpieces.nl\\\/?s={search_term_string}\"},\"query-input\":{\"@type\":\"PropertyValueSpecification\",\"valueRequired\":true,\"valueName\":\"search_term_string\"}}],\"inLanguage\":\"de\"}]}<\/script>\n<!-- \/ Yoast SEO plugin. -->","yoast_head_json":{"title":"Schiebeschloss Eisen SCHWARZ gro\u00df 100x35mm","description":"Schiebeschloss Eisen SCHWARZ gro\u00df 100x35mm ist ein Schiebeschloss aus Eisen mit schwarzer Oberfl\u00e4che und geradem Schieber. 100 mm breit und 35 mm hoch.","robots":{"index":"index","follow":"follow","max-snippet":"max-snippet:-1","max-image-preview":"max-image-preview:large","max-video-preview":"max-video-preview:-1"},"canonical":"https:\/\/partsandpieces.nl\/de\/produkt\/schiebeschloss-eisen-schwarz-gros-100x35mm\/","og_locale":"de_DE","og_type":"article","og_title":"Schuifslot IJzer ZWART groot 100x35mm","og_description":"Schuifslot IJzer ZWART groot 100x35mm is een ijzeren schuifslot afgewerkt met een zwarte finish met een rechte schuif. 100mm breed en 35mm hoog.","og_url":"https:\/\/partsandpieces.nl\/de\/produkt\/schiebeschloss-eisen-schwarz-gros-100x35mm\/","og_site_name":"Parts &amp; Pieces","article_modified_time":"2026-03-24T21:33:26+00:00","og_image":[{"width":401,"height":400,"url":"https:\/\/partsandpieces.nl\/wp-content\/uploads\/2024\/04\/Schuifslot-IJzer-ZWART-groot-100x35mm.jpg","type":"image\/jpeg"}],"twitter_card":"summary_large_image","twitter_misc":{"Gesch\u00e4tzte Lesezeit":"1\u00a0Minute"},"schema":{"@context":"https:\/\/schema.org","@graph":[{"@type":"WebPage","@id":"https:\/\/partsandpieces.nl\/product\/schuifslot-ijzer-zwart-groot-100x35mm\/","url":"https:\/\/partsandpieces.nl\/product\/schuifslot-ijzer-zwart-groot-100x35mm\/","name":"Schiebeschloss Eisen SCHWARZ gro\u00df 100x35mm","isPartOf":{"@id":"https:\/\/partsandpieces.nl\/#website"},"primaryImageOfPage":{"@id":"https:\/\/partsandpieces.nl\/product\/schuifslot-ijzer-zwart-groot-100x35mm\/#primaryimage"},"image":{"@id":"https:\/\/partsandpieces.nl\/product\/schuifslot-ijzer-zwart-groot-100x35mm\/#primaryimage"},"thumbnailUrl":"https:\/\/partsandpieces.nl\/wp-content\/uploads\/2024\/04\/Schuifslot-IJzer-ZWART-groot-100x35mm.jpg","datePublished":"2024-04-30T09:08:58+00:00","dateModified":"2026-03-24T21:33:26+00:00","description":"Schiebeschloss Eisen SCHWARZ gro\u00df 100x35mm ist ein Schiebeschloss aus Eisen mit schwarzer Oberfl\u00e4che und geradem Schieber. 100 mm breit und 35 mm hoch.","breadcrumb":{"@id":"https:\/\/partsandpieces.nl\/product\/schuifslot-ijzer-zwart-groot-100x35mm\/#breadcrumb"},"inLanguage":"de","potentialAction":[{"@type":"ReadAction","target":["https:\/\/partsandpieces.nl\/product\/schuifslot-ijzer-zwart-groot-100x35mm\/"]}]},{"@type":"ImageObject","inLanguage":"de","@id":"https:\/\/partsandpieces.nl\/product\/schuifslot-ijzer-zwart-groot-100x35mm\/#primaryimage","url":"https:\/\/partsandpieces.nl\/wp-content\/uploads\/2024\/04\/Schuifslot-IJzer-ZWART-groot-100x35mm.jpg","contentUrl":"https:\/\/partsandpieces.nl\/wp-content\/uploads\/2024\/04\/Schuifslot-IJzer-ZWART-groot-100x35mm.jpg","width":401,"height":400,"caption":"Schuifslot IJzer ZWART groot 100x35mm"},{"@type":"BreadcrumbList","@id":"https:\/\/partsandpieces.nl\/product\/schuifslot-ijzer-zwart-groot-100x35mm\/#breadcrumb","itemListElement":[{"@type":"ListItem","position":1,"name":"Home","item":"https:\/\/partsandpieces.nl\/home\/"},{"@type":"ListItem","position":2,"name":"Winkel","item":"https:\/\/partsandpieces.nl\/winkel\/"},{"@type":"ListItem","position":3,"name":"Schuifslot IJzer ZWART groot 100x35mm"}]},{"@type":"WebSite","@id":"https:\/\/partsandpieces.nl\/#website","url":"https:\/\/partsandpieces.nl\/","name":"Teile &amp; St\u00fccke","description":"Alles f\u00fcr Ihre M\u00f6belrestaurierung und -pflege!","potentialAction":[{"@type":"SearchAction","target":{"@type":"EntryPoint","urlTemplate":"https:\/\/partsandpieces.nl\/?s={search_term_string}"},"query-input":{"@type":"PropertyValueSpecification","valueRequired":true,"valueName":"search_term_string"}}],"inLanguage":"de"}]}},"_links":{"self":[{"href":"https:\/\/partsandpieces.nl\/de\/wp-json\/wp\/v2\/product\/8638","targetHints":{"allow":["GET"]}}],"collection":[{"href":"https:\/\/partsandpieces.nl\/de\/wp-json\/wp\/v2\/product"}],"about":[{"href":"https:\/\/partsandpieces.nl\/de\/wp-json\/wp\/v2\/types\/product"}],"wp:featuredmedia":[{"embeddable":true,"href":"https:\/\/partsandpieces.nl\/de\/wp-json\/wp\/v2\/media\/8639"}],"wp:attachment":[{"href":"https:\/\/partsandpieces.nl\/de\/wp-json\/wp\/v2\/media?parent=8638"}],"wp:term":[{"taxonomy":"product_brand","embeddable":true,"href":"https:\/\/partsandpieces.nl\/de\/wp-json\/wp\/v2\/product_brand?post=8638"},{"taxonomy":"product_cat","embeddable":true,"href":"https:\/\/partsandpieces.nl\/de\/wp-json\/wp\/v2\/product_cat?post=8638"},{"taxonomy":"product_tag","embeddable":true,"href":"https:\/\/partsandpieces.nl\/de\/wp-json\/wp\/v2\/product_tag?post=8638"}],"curies":[{"name":"wp","href":"https:\/\/api.w.org\/{rel}","templated":true}]}}