{"id":869,"date":"2020-07-24T10:26:48","date_gmt":"2020-07-24T10:26:48","guid":{"rendered":"https:\/\/partsandpieces.bonsaidev.nl\/?product=handle-mat-chroom-20x9864"},"modified":"2025-04-07T17:48:03","modified_gmt":"2025-04-07T15:48:03","slug":"griff-aus-massivem-messing-graueisenfarben-98-x-20-mm","status":"publish","type":"product","link":"https:\/\/partsandpieces.nl\/de\/product\/greep-massief-messing-grijs-ijzerkleurig-98x20mm\/","title":{"rendered":"Griff aus massivem Messing, grau\/eisenfarben, 98 x 20 mm"},"content":{"rendered":"<p><strong>Griff aus massivem Messing, grau\/eisenfarben, 98 x 20 mm<\/strong> ist ein sch\u00f6ner, klassischer Schubladengriff aus massivem Messing mit grau-\/eisenfarbener Oberfl\u00e4che. Dieser Griff passt gut zu Ihren Retro- oder Industriem\u00f6beln und Schubladen.<\/p>\n<p>Dieser hochwertige Schubladengriff wird in Italien hergestellt.<\/p>\n<p><strong>Ma\u00dfe<br \/>\n<\/strong>Der Griff aus massivem Messing in Grau\/Eisenfarbe 98 x 20 mm ist 98 mm breit und 20 mm hoch. Nach der Installation steht dieser Griff 25 mm hervor. Die Bohrl\u00f6cher haben einen Abstand von 64 mm.<\/p>\n<p><strong>Bearbeiten<br \/>\n<\/strong>Sie k\u00f6nnen den Griff mit blind montieren\u00a0<span style=\"text-decoration: underline;\"><a href=\"https:\/\/partsandpieces.nl\/de\/produkt\/schraube-edelstahl-zur-blindmontage-von-mobelbeschlagen-45x4mm-20-stuck\/\">Edelstahlschraube zur Blindbefestigung von M\u00f6belbeschl\u00e4gen (45x4mm)<\/a><\/span>. Ich schicke diese Schrauben\u00a0<strong>FREI<\/strong>\u00a0mit Ihrer Bestellung.<\/p>","protected":false},"excerpt":{"rendered":"<p>Greep Massief Messing Grijs \/ IJzerkleurig 98x20mm is een mooie, klassieke ladegreep gemaakt van massief messing met een grijze \/ ijzerkleurige afwerking. Deze greep past goed op je retro of industri\u00eble meubel en lade. Deze kwalitatief uitstekende ladegreep is gemaakt in Itali\u00eb. Afmetingen Greep Massief Messing Grijs \/ IJzerkleurig 98x20mm is 98mm breed en 20mm [&hellip;]<\/p>\n","protected":false},"featured_media":6802,"template":"","meta":{"_acf_changed":false},"product_brand":[],"product_cat":[29,41,23],"product_tag":[],"class_list":{"0":"post-869","1":"product","2":"type-product","3":"status-publish","4":"has-post-thumbnail","6":"product_cat-deurtrekkers","7":"product_cat-ladetrekkers","8":"product_cat-meubelbeslag","10":"first","11":"instock","12":"taxable","13":"shipping-taxable","14":"purchasable","15":"product-type-simple"},"acf":[],"yoast_head":"<!-- This site is optimized with the Yoast SEO plugin v27.3 - https:\/\/yoast.com\/product\/yoast-seo-wordpress\/ -->\n<title>Greep Massief Messing Grijs<\/title>\n<meta name=\"description\" content=\"Greep Massief Messing Grijs \/ IJzerkleurig 98x20mm is gemaakt van messing met een grijze \/ ijzerkleurige afwerking. Past goed op je industri\u00eble meubel.\" \/>\n<meta name=\"robots\" content=\"index, follow, max-snippet:-1, max-image-preview:large, max-video-preview:-1\" \/>\n<link rel=\"canonical\" href=\"https:\/\/partsandpieces.nl\/de\/produkt\/griff-aus-massivem-messing-graueisenfarben-98-x-20-mm\/\" \/>\n<meta property=\"og:locale\" content=\"de_DE\" \/>\n<meta property=\"og:type\" content=\"article\" \/>\n<meta property=\"og:title\" content=\"Greep Massief Messing Grijs\" \/>\n<meta property=\"og:description\" content=\"Greep Massief Messing Grijs \/ IJzerkleurig 98x20mm is gemaakt van messing met een grijze \/ ijzerkleurige afwerking. Past goed op je industri\u00eble meubel.\" \/>\n<meta property=\"og:url\" content=\"https:\/\/partsandpieces.nl\/de\/produkt\/griff-aus-massivem-messing-graueisenfarben-98-x-20-mm\/\" \/>\n<meta property=\"og:site_name\" content=\"Parts &amp; Pieces\" \/>\n<meta property=\"article:modified_time\" content=\"2025-04-07T15:48:03+00:00\" \/>\n<meta property=\"og:image\" content=\"https:\/\/partsandpieces.nl\/wp-content\/uploads\/2020\/07\/Greep-Massief-Messing-Grijs-IJzerkleurig-98x20mm.jpg\" \/>\n\t<meta property=\"og:image:width\" content=\"480\" \/>\n\t<meta property=\"og:image:height\" content=\"480\" \/>\n\t<meta property=\"og:image:type\" content=\"image\/jpeg\" \/>\n<meta name=\"twitter:card\" content=\"summary_large_image\" \/>\n<meta name=\"twitter:label1\" content=\"Gesch\u00e4tzte Lesezeit\" \/>\n\t<meta name=\"twitter:data1\" content=\"1\u00a0Minute\" \/>\n<script type=\"application\/ld+json\" class=\"yoast-schema-graph\">{\"@context\":\"https:\\\/\\\/schema.org\",\"@graph\":[{\"@type\":\"WebPage\",\"@id\":\"https:\\\/\\\/partsandpieces.nl\\\/product\\\/greep-massief-messing-grijs-ijzerkleurig-98x20mm\\\/\",\"url\":\"https:\\\/\\\/partsandpieces.nl\\\/product\\\/greep-massief-messing-grijs-ijzerkleurig-98x20mm\\\/\",\"name\":\"Greep Massief Messing Grijs\",\"isPartOf\":{\"@id\":\"https:\\\/\\\/partsandpieces.nl\\\/#website\"},\"primaryImageOfPage\":{\"@id\":\"https:\\\/\\\/partsandpieces.nl\\\/product\\\/greep-massief-messing-grijs-ijzerkleurig-98x20mm\\\/#primaryimage\"},\"image\":{\"@id\":\"https:\\\/\\\/partsandpieces.nl\\\/product\\\/greep-massief-messing-grijs-ijzerkleurig-98x20mm\\\/#primaryimage\"},\"thumbnailUrl\":\"https:\\\/\\\/partsandpieces.nl\\\/wp-content\\\/uploads\\\/2020\\\/07\\\/Greep-Massief-Messing-Grijs-IJzerkleurig-98x20mm.jpg\",\"datePublished\":\"2020-07-24T10:26:48+00:00\",\"dateModified\":\"2025-04-07T15:48:03+00:00\",\"description\":\"Greep Massief Messing Grijs \\\/ IJzerkleurig 98x20mm is gemaakt van messing met een grijze \\\/ ijzerkleurige afwerking. Past goed op je industri\u00eble meubel.\",\"breadcrumb\":{\"@id\":\"https:\\\/\\\/partsandpieces.nl\\\/product\\\/greep-massief-messing-grijs-ijzerkleurig-98x20mm\\\/#breadcrumb\"},\"inLanguage\":\"de\",\"potentialAction\":[{\"@type\":\"ReadAction\",\"target\":[\"https:\\\/\\\/partsandpieces.nl\\\/product\\\/greep-massief-messing-grijs-ijzerkleurig-98x20mm\\\/\"]}]},{\"@type\":\"ImageObject\",\"inLanguage\":\"de\",\"@id\":\"https:\\\/\\\/partsandpieces.nl\\\/product\\\/greep-massief-messing-grijs-ijzerkleurig-98x20mm\\\/#primaryimage\",\"url\":\"https:\\\/\\\/partsandpieces.nl\\\/wp-content\\\/uploads\\\/2020\\\/07\\\/Greep-Massief-Messing-Grijs-IJzerkleurig-98x20mm.jpg\",\"contentUrl\":\"https:\\\/\\\/partsandpieces.nl\\\/wp-content\\\/uploads\\\/2020\\\/07\\\/Greep-Massief-Messing-Grijs-IJzerkleurig-98x20mm.jpg\",\"width\":480,\"height\":480,\"caption\":\"Greep Massief Messing Grijs \\\/ IJzerkleurig 98x20mm\"},{\"@type\":\"BreadcrumbList\",\"@id\":\"https:\\\/\\\/partsandpieces.nl\\\/product\\\/greep-massief-messing-grijs-ijzerkleurig-98x20mm\\\/#breadcrumb\",\"itemListElement\":[{\"@type\":\"ListItem\",\"position\":1,\"name\":\"Home\",\"item\":\"https:\\\/\\\/partsandpieces.nl\\\/home\\\/\"},{\"@type\":\"ListItem\",\"position\":2,\"name\":\"Winkel\",\"item\":\"https:\\\/\\\/partsandpieces.nl\\\/winkel\\\/\"},{\"@type\":\"ListItem\",\"position\":3,\"name\":\"Greep Massief Messing Grijs \\\/ IJzerkleurig 98x20mm\"}]},{\"@type\":\"WebSite\",\"@id\":\"https:\\\/\\\/partsandpieces.nl\\\/#website\",\"url\":\"https:\\\/\\\/partsandpieces.nl\\\/\",\"name\":\"Parts &amp; Pieces\",\"description\":\"Alles voor uw meubelrestauratie en -onderhoud!\",\"potentialAction\":[{\"@type\":\"SearchAction\",\"target\":{\"@type\":\"EntryPoint\",\"urlTemplate\":\"https:\\\/\\\/partsandpieces.nl\\\/?s={search_term_string}\"},\"query-input\":{\"@type\":\"PropertyValueSpecification\",\"valueRequired\":true,\"valueName\":\"search_term_string\"}}],\"inLanguage\":\"de\"}]}<\/script>\n<!-- \/ Yoast SEO plugin. -->","yoast_head_json":{"title":"Griff aus massivem Messing in Grau","description":"Der Griff aus massivem Messing in Grau\/Eisenfarbe (98 x 20 mm) besteht aus Messing mit einer grau\/eisenfarbenen Oberfl\u00e4che. Passt gut zu Ihren Industriem\u00f6beln.","robots":{"index":"index","follow":"follow","max-snippet":"max-snippet:-1","max-image-preview":"max-image-preview:large","max-video-preview":"max-video-preview:-1"},"canonical":"https:\/\/partsandpieces.nl\/de\/produkt\/griff-aus-massivem-messing-graueisenfarben-98-x-20-mm\/","og_locale":"de_DE","og_type":"article","og_title":"Greep Massief Messing Grijs","og_description":"Greep Massief Messing Grijs \/ IJzerkleurig 98x20mm is gemaakt van messing met een grijze \/ ijzerkleurige afwerking. Past goed op je industri\u00eble meubel.","og_url":"https:\/\/partsandpieces.nl\/de\/produkt\/griff-aus-massivem-messing-graueisenfarben-98-x-20-mm\/","og_site_name":"Parts &amp; Pieces","article_modified_time":"2025-04-07T15:48:03+00:00","og_image":[{"width":480,"height":480,"url":"https:\/\/partsandpieces.nl\/wp-content\/uploads\/2020\/07\/Greep-Massief-Messing-Grijs-IJzerkleurig-98x20mm.jpg","type":"image\/jpeg"}],"twitter_card":"summary_large_image","twitter_misc":{"Gesch\u00e4tzte Lesezeit":"1\u00a0Minute"},"schema":{"@context":"https:\/\/schema.org","@graph":[{"@type":"WebPage","@id":"https:\/\/partsandpieces.nl\/product\/greep-massief-messing-grijs-ijzerkleurig-98x20mm\/","url":"https:\/\/partsandpieces.nl\/product\/greep-massief-messing-grijs-ijzerkleurig-98x20mm\/","name":"Griff aus massivem Messing in Grau","isPartOf":{"@id":"https:\/\/partsandpieces.nl\/#website"},"primaryImageOfPage":{"@id":"https:\/\/partsandpieces.nl\/product\/greep-massief-messing-grijs-ijzerkleurig-98x20mm\/#primaryimage"},"image":{"@id":"https:\/\/partsandpieces.nl\/product\/greep-massief-messing-grijs-ijzerkleurig-98x20mm\/#primaryimage"},"thumbnailUrl":"https:\/\/partsandpieces.nl\/wp-content\/uploads\/2020\/07\/Greep-Massief-Messing-Grijs-IJzerkleurig-98x20mm.jpg","datePublished":"2020-07-24T10:26:48+00:00","dateModified":"2025-04-07T15:48:03+00:00","description":"Der Griff aus massivem Messing in Grau\/Eisenfarbe (98 x 20 mm) besteht aus Messing mit einer grau\/eisenfarbenen Oberfl\u00e4che. Passt gut zu Ihren Industriem\u00f6beln.","breadcrumb":{"@id":"https:\/\/partsandpieces.nl\/product\/greep-massief-messing-grijs-ijzerkleurig-98x20mm\/#breadcrumb"},"inLanguage":"de","potentialAction":[{"@type":"ReadAction","target":["https:\/\/partsandpieces.nl\/product\/greep-massief-messing-grijs-ijzerkleurig-98x20mm\/"]}]},{"@type":"ImageObject","inLanguage":"de","@id":"https:\/\/partsandpieces.nl\/product\/greep-massief-messing-grijs-ijzerkleurig-98x20mm\/#primaryimage","url":"https:\/\/partsandpieces.nl\/wp-content\/uploads\/2020\/07\/Greep-Massief-Messing-Grijs-IJzerkleurig-98x20mm.jpg","contentUrl":"https:\/\/partsandpieces.nl\/wp-content\/uploads\/2020\/07\/Greep-Massief-Messing-Grijs-IJzerkleurig-98x20mm.jpg","width":480,"height":480,"caption":"Greep Massief Messing Grijs \/ IJzerkleurig 98x20mm"},{"@type":"BreadcrumbList","@id":"https:\/\/partsandpieces.nl\/product\/greep-massief-messing-grijs-ijzerkleurig-98x20mm\/#breadcrumb","itemListElement":[{"@type":"ListItem","position":1,"name":"Home","item":"https:\/\/partsandpieces.nl\/home\/"},{"@type":"ListItem","position":2,"name":"Winkel","item":"https:\/\/partsandpieces.nl\/winkel\/"},{"@type":"ListItem","position":3,"name":"Greep Massief Messing Grijs \/ IJzerkleurig 98x20mm"}]},{"@type":"WebSite","@id":"https:\/\/partsandpieces.nl\/#website","url":"https:\/\/partsandpieces.nl\/","name":"Teile &amp; St\u00fccke","description":"Alles f\u00fcr Ihre M\u00f6belrestaurierung und -pflege!","potentialAction":[{"@type":"SearchAction","target":{"@type":"EntryPoint","urlTemplate":"https:\/\/partsandpieces.nl\/?s={search_term_string}"},"query-input":{"@type":"PropertyValueSpecification","valueRequired":true,"valueName":"search_term_string"}}],"inLanguage":"de"}]}},"_links":{"self":[{"href":"https:\/\/partsandpieces.nl\/de\/wp-json\/wp\/v2\/product\/869","targetHints":{"allow":["GET"]}}],"collection":[{"href":"https:\/\/partsandpieces.nl\/de\/wp-json\/wp\/v2\/product"}],"about":[{"href":"https:\/\/partsandpieces.nl\/de\/wp-json\/wp\/v2\/types\/product"}],"wp:featuredmedia":[{"embeddable":true,"href":"https:\/\/partsandpieces.nl\/de\/wp-json\/wp\/v2\/media\/6802"}],"wp:attachment":[{"href":"https:\/\/partsandpieces.nl\/de\/wp-json\/wp\/v2\/media?parent=869"}],"wp:term":[{"taxonomy":"product_brand","embeddable":true,"href":"https:\/\/partsandpieces.nl\/de\/wp-json\/wp\/v2\/product_brand?post=869"},{"taxonomy":"product_cat","embeddable":true,"href":"https:\/\/partsandpieces.nl\/de\/wp-json\/wp\/v2\/product_cat?post=869"},{"taxonomy":"product_tag","embeddable":true,"href":"https:\/\/partsandpieces.nl\/de\/wp-json\/wp\/v2\/product_tag?post=869"}],"curies":[{"name":"wp","href":"https:\/\/api.w.org\/{rel}","templated":true}]}}