{"id":875,"date":"2020-07-24T10:44:25","date_gmt":"2020-07-24T10:44:25","guid":{"rendered":"https:\/\/partsandpieces.bonsaidev.nl\/?product=greep-zam-rustiek-135x19"},"modified":"2025-09-30T10:51:57","modified_gmt":"2025-09-30T08:51:57","slug":"griff-aus-eisen-rustikaler-elfenbein-weizendorn-138-mm","status":"publish","type":"product","link":"https:\/\/partsandpieces.nl\/de\/product\/greep-ijzer-rustiek-ivoor-tarwe-aar-138mm\/","title":{"rendered":"Griff Eisen rustikal Elfenbein Weizen Spike 138mm"},"content":{"rendered":"<p><strong>Griff Eisen rustikal Elfenbein Weizen Spike 138mm<\/strong> ist ein rechteckiger M\u00f6belgriff mit Antik-Eisen-Finish und einem elfenbeinfarbenen Bild einer Weizen\u00e4hre. Dieser Griff passt gut zu Ihrem rustikalen M\u00f6belst\u00fcck.<\/p>\n<p>Dieser hochwertige Griff wird in Italien hergestellt.<\/p>\n<p><strong>Ma\u00dfe<br \/>\n<\/strong>Griff Eisen rustikal Elfenbein Weizen Spike 138mm hat eine H\u00f6he von 138mm und eine Breite von 20mm. Nach der Montage ragt dieser Knopf 24mm heraus. Die Bohrl\u00f6cher haben einen Abstand von 96 mm.<\/p>\n<p><strong>Bearbeiten<br \/>\n<\/strong>Sie k\u00f6nnen den Griff mit blind montieren <span style=\"text-decoration: underline;\"><a href=\"https:\/\/partsandpieces.nl\/de\/produkt\/schraube-edelstahl-zur-blindmontage-von-mobelbeschlagen-45x4mm-20-stuck\/\">Edelstahlschraube zur Blindbefestigung von M\u00f6belbeschl\u00e4gen (45x4mm)<\/a><\/span>. Ich schicke diese Schraube\u00a0<strong>FREI<\/strong>\u00a0mit Ihrer Bestellung.<\/p>","protected":false},"excerpt":{"rendered":"<p>Greep IJzer rustiek Ivoor Tarwe Aar 138mm is een rechthoekige meubelgreep met een antiek ijzer finish en een ivoorkleurige afbeelding van een tarwe aar. Deze greep past goed op je landelijke meubelstuk. Deze kwalitatief uitstekende greep is gemaakt in Itali\u00eb. Afmetingen Greep IJzer rustiek Ivoor Tarwe Aar 138mm heeft een hoogte van 138mm en een [&hellip;]<\/p>\n","protected":false},"featured_media":5586,"template":"","meta":{"_acf_changed":false},"product_brand":[],"product_cat":[41,23],"product_tag":[],"class_list":{"0":"post-875","1":"product","2":"type-product","3":"status-publish","4":"has-post-thumbnail","6":"product_cat-ladetrekkers","7":"product_cat-meubelbeslag","9":"first","10":"instock","11":"taxable","12":"shipping-taxable","13":"purchasable","14":"product-type-simple"},"acf":[],"yoast_head":"<!-- This site is optimized with the Yoast SEO plugin v27.3 - https:\/\/yoast.com\/product\/yoast-seo-wordpress\/ -->\n<title>Greep Tarwe Aar 138mm<\/title>\n<meta name=\"description\" content=\"Greep IJzer rustiek Ivoor Tarwe Aar 138mm is een rechthoekige meubelgreep met een antiek ijzer finish en een ivoorkleurige afbeelding van een tarwe aar.\" \/>\n<meta name=\"robots\" content=\"index, follow, max-snippet:-1, max-image-preview:large, max-video-preview:-1\" \/>\n<link rel=\"canonical\" href=\"https:\/\/partsandpieces.nl\/de\/produkt\/griff-aus-eisen-rustikaler-elfenbein-weizendorn-138-mm\/\" \/>\n<meta property=\"og:locale\" content=\"de_DE\" \/>\n<meta property=\"og:type\" content=\"article\" \/>\n<meta property=\"og:title\" content=\"Greep Tarwe Aar 138mm\" \/>\n<meta property=\"og:description\" content=\"Greep IJzer rustiek Ivoor Tarwe Aar 138mm is een rechthoekige meubelgreep met een antiek ijzer finish en een ivoorkleurige afbeelding van een tarwe aar.\" \/>\n<meta property=\"og:url\" content=\"https:\/\/partsandpieces.nl\/de\/produkt\/griff-aus-eisen-rustikaler-elfenbein-weizendorn-138-mm\/\" \/>\n<meta property=\"og:site_name\" content=\"Parts &amp; Pieces\" \/>\n<meta property=\"article:modified_time\" content=\"2025-09-30T08:51:57+00:00\" \/>\n<meta property=\"og:image\" content=\"https:\/\/partsandpieces.nl\/wp-content\/uploads\/2020\/07\/Greep-IJzer-rustiek-Ivoor-Tarwe-Aar-138mm.jpg\" \/>\n\t<meta property=\"og:image:width\" content=\"480\" \/>\n\t<meta property=\"og:image:height\" content=\"481\" \/>\n\t<meta property=\"og:image:type\" content=\"image\/jpeg\" \/>\n<meta name=\"twitter:card\" content=\"summary_large_image\" \/>\n<meta name=\"twitter:label1\" content=\"Gesch\u00e4tzte Lesezeit\" \/>\n\t<meta name=\"twitter:data1\" content=\"1\u00a0Minute\" \/>\n<script type=\"application\/ld+json\" class=\"yoast-schema-graph\">{\"@context\":\"https:\\\/\\\/schema.org\",\"@graph\":[{\"@type\":\"WebPage\",\"@id\":\"https:\\\/\\\/partsandpieces.nl\\\/product\\\/greep-ijzer-rustiek-ivoor-tarwe-aar-138mm\\\/\",\"url\":\"https:\\\/\\\/partsandpieces.nl\\\/product\\\/greep-ijzer-rustiek-ivoor-tarwe-aar-138mm\\\/\",\"name\":\"Greep Tarwe Aar 138mm\",\"isPartOf\":{\"@id\":\"https:\\\/\\\/partsandpieces.nl\\\/#website\"},\"primaryImageOfPage\":{\"@id\":\"https:\\\/\\\/partsandpieces.nl\\\/product\\\/greep-ijzer-rustiek-ivoor-tarwe-aar-138mm\\\/#primaryimage\"},\"image\":{\"@id\":\"https:\\\/\\\/partsandpieces.nl\\\/product\\\/greep-ijzer-rustiek-ivoor-tarwe-aar-138mm\\\/#primaryimage\"},\"thumbnailUrl\":\"https:\\\/\\\/partsandpieces.nl\\\/wp-content\\\/uploads\\\/2020\\\/07\\\/Greep-IJzer-rustiek-Ivoor-Tarwe-Aar-138mm.jpg\",\"datePublished\":\"2020-07-24T10:44:25+00:00\",\"dateModified\":\"2025-09-30T08:51:57+00:00\",\"description\":\"Greep IJzer rustiek Ivoor Tarwe Aar 138mm is een rechthoekige meubelgreep met een antiek ijzer finish en een ivoorkleurige afbeelding van een tarwe aar.\",\"breadcrumb\":{\"@id\":\"https:\\\/\\\/partsandpieces.nl\\\/product\\\/greep-ijzer-rustiek-ivoor-tarwe-aar-138mm\\\/#breadcrumb\"},\"inLanguage\":\"de\",\"potentialAction\":[{\"@type\":\"ReadAction\",\"target\":[\"https:\\\/\\\/partsandpieces.nl\\\/product\\\/greep-ijzer-rustiek-ivoor-tarwe-aar-138mm\\\/\"]}]},{\"@type\":\"ImageObject\",\"inLanguage\":\"de\",\"@id\":\"https:\\\/\\\/partsandpieces.nl\\\/product\\\/greep-ijzer-rustiek-ivoor-tarwe-aar-138mm\\\/#primaryimage\",\"url\":\"https:\\\/\\\/partsandpieces.nl\\\/wp-content\\\/uploads\\\/2020\\\/07\\\/Greep-IJzer-rustiek-Ivoor-Tarwe-Aar-138mm.jpg\",\"contentUrl\":\"https:\\\/\\\/partsandpieces.nl\\\/wp-content\\\/uploads\\\/2020\\\/07\\\/Greep-IJzer-rustiek-Ivoor-Tarwe-Aar-138mm.jpg\",\"width\":480,\"height\":481,\"caption\":\"Greep IJzer rustiek Ivoor Tarwe Aar 138mm\"},{\"@type\":\"BreadcrumbList\",\"@id\":\"https:\\\/\\\/partsandpieces.nl\\\/product\\\/greep-ijzer-rustiek-ivoor-tarwe-aar-138mm\\\/#breadcrumb\",\"itemListElement\":[{\"@type\":\"ListItem\",\"position\":1,\"name\":\"Home\",\"item\":\"https:\\\/\\\/partsandpieces.nl\\\/home\\\/\"},{\"@type\":\"ListItem\",\"position\":2,\"name\":\"Winkel\",\"item\":\"https:\\\/\\\/partsandpieces.nl\\\/winkel\\\/\"},{\"@type\":\"ListItem\",\"position\":3,\"name\":\"Greep IJzer rustiek Ivoor Tarwe Aar 138mm\"}]},{\"@type\":\"WebSite\",\"@id\":\"https:\\\/\\\/partsandpieces.nl\\\/#website\",\"url\":\"https:\\\/\\\/partsandpieces.nl\\\/\",\"name\":\"Parts &amp; Pieces\",\"description\":\"Alles voor uw meubelrestauratie en -onderhoud!\",\"potentialAction\":[{\"@type\":\"SearchAction\",\"target\":{\"@type\":\"EntryPoint\",\"urlTemplate\":\"https:\\\/\\\/partsandpieces.nl\\\/?s={search_term_string}\"},\"query-input\":{\"@type\":\"PropertyValueSpecification\",\"valueRequired\":true,\"valueName\":\"search_term_string\"}}],\"inLanguage\":\"de\"}]}<\/script>\n<!-- \/ Yoast SEO plugin. -->","yoast_head_json":{"title":"Grip Weizen Spie\u00df 138mm","description":"Griff Eisen rustikal Elfenbein Weizen\u00e4hre 138 mm ist ein rechteckiger M\u00f6belgriff mit einem antiken Eisen-Finish und einem elfenbeinfarbenen Bild einer Weizen\u00e4hre.","robots":{"index":"index","follow":"follow","max-snippet":"max-snippet:-1","max-image-preview":"max-image-preview:large","max-video-preview":"max-video-preview:-1"},"canonical":"https:\/\/partsandpieces.nl\/de\/produkt\/griff-aus-eisen-rustikaler-elfenbein-weizendorn-138-mm\/","og_locale":"de_DE","og_type":"article","og_title":"Greep Tarwe Aar 138mm","og_description":"Greep IJzer rustiek Ivoor Tarwe Aar 138mm is een rechthoekige meubelgreep met een antiek ijzer finish en een ivoorkleurige afbeelding van een tarwe aar.","og_url":"https:\/\/partsandpieces.nl\/de\/produkt\/griff-aus-eisen-rustikaler-elfenbein-weizendorn-138-mm\/","og_site_name":"Parts &amp; Pieces","article_modified_time":"2025-09-30T08:51:57+00:00","og_image":[{"width":480,"height":481,"url":"https:\/\/partsandpieces.nl\/wp-content\/uploads\/2020\/07\/Greep-IJzer-rustiek-Ivoor-Tarwe-Aar-138mm.jpg","type":"image\/jpeg"}],"twitter_card":"summary_large_image","twitter_misc":{"Gesch\u00e4tzte Lesezeit":"1\u00a0Minute"},"schema":{"@context":"https:\/\/schema.org","@graph":[{"@type":"WebPage","@id":"https:\/\/partsandpieces.nl\/product\/greep-ijzer-rustiek-ivoor-tarwe-aar-138mm\/","url":"https:\/\/partsandpieces.nl\/product\/greep-ijzer-rustiek-ivoor-tarwe-aar-138mm\/","name":"Grip Weizen Spie\u00df 138mm","isPartOf":{"@id":"https:\/\/partsandpieces.nl\/#website"},"primaryImageOfPage":{"@id":"https:\/\/partsandpieces.nl\/product\/greep-ijzer-rustiek-ivoor-tarwe-aar-138mm\/#primaryimage"},"image":{"@id":"https:\/\/partsandpieces.nl\/product\/greep-ijzer-rustiek-ivoor-tarwe-aar-138mm\/#primaryimage"},"thumbnailUrl":"https:\/\/partsandpieces.nl\/wp-content\/uploads\/2020\/07\/Greep-IJzer-rustiek-Ivoor-Tarwe-Aar-138mm.jpg","datePublished":"2020-07-24T10:44:25+00:00","dateModified":"2025-09-30T08:51:57+00:00","description":"Griff Eisen rustikal Elfenbein Weizen\u00e4hre 138 mm ist ein rechteckiger M\u00f6belgriff mit einem antiken Eisen-Finish und einem elfenbeinfarbenen Bild einer Weizen\u00e4hre.","breadcrumb":{"@id":"https:\/\/partsandpieces.nl\/product\/greep-ijzer-rustiek-ivoor-tarwe-aar-138mm\/#breadcrumb"},"inLanguage":"de","potentialAction":[{"@type":"ReadAction","target":["https:\/\/partsandpieces.nl\/product\/greep-ijzer-rustiek-ivoor-tarwe-aar-138mm\/"]}]},{"@type":"ImageObject","inLanguage":"de","@id":"https:\/\/partsandpieces.nl\/product\/greep-ijzer-rustiek-ivoor-tarwe-aar-138mm\/#primaryimage","url":"https:\/\/partsandpieces.nl\/wp-content\/uploads\/2020\/07\/Greep-IJzer-rustiek-Ivoor-Tarwe-Aar-138mm.jpg","contentUrl":"https:\/\/partsandpieces.nl\/wp-content\/uploads\/2020\/07\/Greep-IJzer-rustiek-Ivoor-Tarwe-Aar-138mm.jpg","width":480,"height":481,"caption":"Greep IJzer rustiek Ivoor Tarwe Aar 138mm"},{"@type":"BreadcrumbList","@id":"https:\/\/partsandpieces.nl\/product\/greep-ijzer-rustiek-ivoor-tarwe-aar-138mm\/#breadcrumb","itemListElement":[{"@type":"ListItem","position":1,"name":"Home","item":"https:\/\/partsandpieces.nl\/home\/"},{"@type":"ListItem","position":2,"name":"Winkel","item":"https:\/\/partsandpieces.nl\/winkel\/"},{"@type":"ListItem","position":3,"name":"Greep IJzer rustiek Ivoor Tarwe Aar 138mm"}]},{"@type":"WebSite","@id":"https:\/\/partsandpieces.nl\/#website","url":"https:\/\/partsandpieces.nl\/","name":"Teile &amp; St\u00fccke","description":"Alles f\u00fcr Ihre M\u00f6belrestaurierung und -pflege!","potentialAction":[{"@type":"SearchAction","target":{"@type":"EntryPoint","urlTemplate":"https:\/\/partsandpieces.nl\/?s={search_term_string}"},"query-input":{"@type":"PropertyValueSpecification","valueRequired":true,"valueName":"search_term_string"}}],"inLanguage":"de"}]}},"_links":{"self":[{"href":"https:\/\/partsandpieces.nl\/de\/wp-json\/wp\/v2\/product\/875","targetHints":{"allow":["GET"]}}],"collection":[{"href":"https:\/\/partsandpieces.nl\/de\/wp-json\/wp\/v2\/product"}],"about":[{"href":"https:\/\/partsandpieces.nl\/de\/wp-json\/wp\/v2\/types\/product"}],"wp:featuredmedia":[{"embeddable":true,"href":"https:\/\/partsandpieces.nl\/de\/wp-json\/wp\/v2\/media\/5586"}],"wp:attachment":[{"href":"https:\/\/partsandpieces.nl\/de\/wp-json\/wp\/v2\/media?parent=875"}],"wp:term":[{"taxonomy":"product_brand","embeddable":true,"href":"https:\/\/partsandpieces.nl\/de\/wp-json\/wp\/v2\/product_brand?post=875"},{"taxonomy":"product_cat","embeddable":true,"href":"https:\/\/partsandpieces.nl\/de\/wp-json\/wp\/v2\/product_cat?post=875"},{"taxonomy":"product_tag","embeddable":true,"href":"https:\/\/partsandpieces.nl\/de\/wp-json\/wp\/v2\/product_tag?post=875"}],"curies":[{"name":"wp","href":"https:\/\/api.w.org\/{rel}","templated":true}]}}