{"id":877,"date":"2020-07-24T10:46:40","date_gmt":"2020-07-24T10:46:40","guid":{"rendered":"https:\/\/partsandpieces.bonsaidev.nl\/?product=ladetrekker-chroom-45x25mm"},"modified":"2024-11-26T12:09:36","modified_gmt":"2024-11-26T11:09:36","slug":"knopfgriff-chrom-welle-46x26mm","status":"publish","type":"product","link":"https:\/\/partsandpieces.nl\/de\/product\/knop-greep-chroom-golf-46x26mm\/","title":{"rendered":"Knopf\/Griff Chrome Wave 46x26mm"},"content":{"rendered":"<p><strong>Knopf\/Griff Chrome Wave 46x26mm <\/strong>ist ein Schubladengriff aus Zamak* mit hochgl\u00e4nzender Chromoberfl\u00e4che. Der Griff hat die Form einer Welle, die sich zur H\u00e4lfte dreht. Das Aussehen des Griffs ist gl\u00e4nzend. Der Griff kann f\u00fcr Schubladen und T\u00fcren verwendet werden. Das Komplettset \u201eGolf\u201c besteht aus einer gro\u00dfen und kleinen Variante, einem rechten und linken Modell sowie einem Knopf. Siehe unten unter \u201eWeitere Vorschl\u00e4ge\u2026\u201c.<\/p>\n<p>Dieser hochwertige Griff wird in Italien hergestellt.<\/p>\n<p><strong>Ma\u00dfe<br \/>\n<\/strong>Der Knopf\/Griff Chrome Wave 46x26mm ist 46mm breit und 26mm hoch. Die Bohrl\u00f6cher haben einen Abstand von 32 mm.<\/p>\n<p><strong>Bearbeiten<br \/>\n<\/strong>Sie k\u00f6nnen den Griff mit blind montieren\u00a0<span style=\"text-decoration: underline;\"><a href=\"https:\/\/partsandpieces.nl\/de\/produkt\/schraube-edelstahl-zur-blindmontage-von-mobelbeschlagen-45x4mm-20-stuck\/\">Edelstahlschraube zur Blindbefestigung von M\u00f6belbeschl\u00e4gen (45x4mm)<\/a><\/span>. Ich schicke diese Schrauben\u00a0<strong>FREI<\/strong>\u00a0mit Ihrer Bestellung.<\/p>\n<p>* Zamak ist eine Legierung mit Zink als Hauptbestandteil. Es hat einen relativ niedrigen Schmelzpunkt und ist leicht zu gie\u00dfen. Der Name ist ein Akronym, abgeleitet von den Anfangsbuchstaben der deutschen Bezeichnungen f\u00fcr die Metalle, aus denen sich der Werkstoff zusammensetzt: Zink, Aluminium, MAGnesium, Kupfer. Zamak wird in der Auto- und M\u00f6belindustrie f\u00fcr T\u00fcrgriffe, Griffe, Logos und Zierleisten verwendet. Es wird auch h\u00e4ufig als Ersatz f\u00fcr das giftige Blei verwendet.<\/p>","protected":false},"excerpt":{"rendered":"<p>Knop \/ Greep Chroom Golf 46x26mm is een ladegreep gemaakt van Zamak* met een hoogglans chromen finish. De greep heeft de vorm van een golf die halverwege omslaat. De uitstraling van de greep is glanzend. De greep is te gebruiken voor lades en deurtjes. De volledige set \u2018Golf\u2019 bestaat uit een grote en kleine variant, [&hellip;]<\/p>\n","protected":false},"featured_media":6170,"template":"","meta":{"_acf_changed":false},"product_brand":[],"product_cat":[37,41,23],"product_tag":[],"class_list":{"0":"post-877","1":"product","2":"type-product","3":"status-publish","4":"has-post-thumbnail","6":"product_cat-knoppen","7":"product_cat-ladetrekkers","8":"product_cat-meubelbeslag","10":"first","11":"instock","12":"taxable","13":"shipping-taxable","14":"purchasable","15":"product-type-simple"},"acf":[],"yoast_head":"<!-- This site is optimized with the Yoast SEO plugin v27.3 - https:\/\/yoast.com\/product\/yoast-seo-wordpress\/ -->\n<title>Knop Greep Chroom Golf<\/title>\n<meta name=\"description\" content=\"Knop \/ Greep Chroom Golf 46x26mm heeft een hoogglans chromen finish. De greep heeft de vorm van een golf die halverwege omslaat.\" \/>\n<meta name=\"robots\" content=\"index, follow, max-snippet:-1, max-image-preview:large, max-video-preview:-1\" \/>\n<link rel=\"canonical\" href=\"https:\/\/partsandpieces.nl\/de\/produkt\/knopfgriff-chrom-welle-46x26mm\/\" \/>\n<meta property=\"og:locale\" content=\"de_DE\" \/>\n<meta property=\"og:type\" content=\"article\" \/>\n<meta property=\"og:title\" content=\"Knop Greep Chroom Golf\" \/>\n<meta property=\"og:description\" content=\"Knop \/ Greep Chroom Golf 46x26mm heeft een hoogglans chromen finish. De greep heeft de vorm van een golf die halverwege omslaat.\" \/>\n<meta property=\"og:url\" content=\"https:\/\/partsandpieces.nl\/de\/produkt\/knopfgriff-chrom-welle-46x26mm\/\" \/>\n<meta property=\"og:site_name\" content=\"Parts &amp; Pieces\" \/>\n<meta property=\"article:modified_time\" content=\"2024-11-26T11:09:36+00:00\" \/>\n<meta property=\"og:image\" content=\"https:\/\/partsandpieces.nl\/wp-content\/uploads\/2020\/07\/Knop-Greep-Chroom-Golf-46x26mm.jpg\" \/>\n\t<meta property=\"og:image:width\" content=\"419\" \/>\n\t<meta property=\"og:image:height\" content=\"419\" \/>\n\t<meta property=\"og:image:type\" content=\"image\/jpeg\" \/>\n<meta name=\"twitter:card\" content=\"summary_large_image\" \/>\n<meta name=\"twitter:label1\" content=\"Gesch\u00e4tzte Lesezeit\" \/>\n\t<meta name=\"twitter:data1\" content=\"1\u00a0Minute\" \/>\n<script type=\"application\/ld+json\" class=\"yoast-schema-graph\">{\"@context\":\"https:\\\/\\\/schema.org\",\"@graph\":[{\"@type\":\"WebPage\",\"@id\":\"https:\\\/\\\/partsandpieces.nl\\\/product\\\/knop-greep-chroom-golf-46x26mm\\\/\",\"url\":\"https:\\\/\\\/partsandpieces.nl\\\/product\\\/knop-greep-chroom-golf-46x26mm\\\/\",\"name\":\"Knop Greep Chroom Golf\",\"isPartOf\":{\"@id\":\"https:\\\/\\\/partsandpieces.nl\\\/#website\"},\"primaryImageOfPage\":{\"@id\":\"https:\\\/\\\/partsandpieces.nl\\\/product\\\/knop-greep-chroom-golf-46x26mm\\\/#primaryimage\"},\"image\":{\"@id\":\"https:\\\/\\\/partsandpieces.nl\\\/product\\\/knop-greep-chroom-golf-46x26mm\\\/#primaryimage\"},\"thumbnailUrl\":\"https:\\\/\\\/partsandpieces.nl\\\/wp-content\\\/uploads\\\/2020\\\/07\\\/Knop-Greep-Chroom-Golf-46x26mm.jpg\",\"datePublished\":\"2020-07-24T10:46:40+00:00\",\"dateModified\":\"2024-11-26T11:09:36+00:00\",\"description\":\"Knop \\\/ Greep Chroom Golf 46x26mm heeft een hoogglans chromen finish. De greep heeft de vorm van een golf die halverwege omslaat.\",\"breadcrumb\":{\"@id\":\"https:\\\/\\\/partsandpieces.nl\\\/product\\\/knop-greep-chroom-golf-46x26mm\\\/#breadcrumb\"},\"inLanguage\":\"de\",\"potentialAction\":[{\"@type\":\"ReadAction\",\"target\":[\"https:\\\/\\\/partsandpieces.nl\\\/product\\\/knop-greep-chroom-golf-46x26mm\\\/\"]}]},{\"@type\":\"ImageObject\",\"inLanguage\":\"de\",\"@id\":\"https:\\\/\\\/partsandpieces.nl\\\/product\\\/knop-greep-chroom-golf-46x26mm\\\/#primaryimage\",\"url\":\"https:\\\/\\\/partsandpieces.nl\\\/wp-content\\\/uploads\\\/2020\\\/07\\\/Knop-Greep-Chroom-Golf-46x26mm.jpg\",\"contentUrl\":\"https:\\\/\\\/partsandpieces.nl\\\/wp-content\\\/uploads\\\/2020\\\/07\\\/Knop-Greep-Chroom-Golf-46x26mm.jpg\",\"width\":419,\"height\":419,\"caption\":\"Knop \\\/ Greep Chroom Golf 46x26mm\"},{\"@type\":\"BreadcrumbList\",\"@id\":\"https:\\\/\\\/partsandpieces.nl\\\/product\\\/knop-greep-chroom-golf-46x26mm\\\/#breadcrumb\",\"itemListElement\":[{\"@type\":\"ListItem\",\"position\":1,\"name\":\"Home\",\"item\":\"https:\\\/\\\/partsandpieces.nl\\\/home\\\/\"},{\"@type\":\"ListItem\",\"position\":2,\"name\":\"Winkel\",\"item\":\"https:\\\/\\\/partsandpieces.nl\\\/winkel\\\/\"},{\"@type\":\"ListItem\",\"position\":3,\"name\":\"Knop \\\/ Greep Chroom Golf 46x26mm\"}]},{\"@type\":\"WebSite\",\"@id\":\"https:\\\/\\\/partsandpieces.nl\\\/#website\",\"url\":\"https:\\\/\\\/partsandpieces.nl\\\/\",\"name\":\"Parts &amp; Pieces\",\"description\":\"Alles voor uw meubelrestauratie en -onderhoud!\",\"potentialAction\":[{\"@type\":\"SearchAction\",\"target\":{\"@type\":\"EntryPoint\",\"urlTemplate\":\"https:\\\/\\\/partsandpieces.nl\\\/?s={search_term_string}\"},\"query-input\":{\"@type\":\"PropertyValueSpecification\",\"valueRequired\":true,\"valueName\":\"search_term_string\"}}],\"inLanguage\":\"de\"}]}<\/script>\n<!-- \/ Yoast SEO plugin. -->","yoast_head_json":{"title":"Knopfgriff Chrome Wave","description":"Knopf\/Griff Chrom Golf 46x26mm hat eine hochgl\u00e4nzende Chromoberfl\u00e4che. Der Griff hat die Form einer Welle, die sich zur H\u00e4lfte dreht.","robots":{"index":"index","follow":"follow","max-snippet":"max-snippet:-1","max-image-preview":"max-image-preview:large","max-video-preview":"max-video-preview:-1"},"canonical":"https:\/\/partsandpieces.nl\/de\/produkt\/knopfgriff-chrom-welle-46x26mm\/","og_locale":"de_DE","og_type":"article","og_title":"Knop Greep Chroom Golf","og_description":"Knop \/ Greep Chroom Golf 46x26mm heeft een hoogglans chromen finish. De greep heeft de vorm van een golf die halverwege omslaat.","og_url":"https:\/\/partsandpieces.nl\/de\/produkt\/knopfgriff-chrom-welle-46x26mm\/","og_site_name":"Parts &amp; Pieces","article_modified_time":"2024-11-26T11:09:36+00:00","og_image":[{"width":419,"height":419,"url":"https:\/\/partsandpieces.nl\/wp-content\/uploads\/2020\/07\/Knop-Greep-Chroom-Golf-46x26mm.jpg","type":"image\/jpeg"}],"twitter_card":"summary_large_image","twitter_misc":{"Gesch\u00e4tzte Lesezeit":"1\u00a0Minute"},"schema":{"@context":"https:\/\/schema.org","@graph":[{"@type":"WebPage","@id":"https:\/\/partsandpieces.nl\/product\/knop-greep-chroom-golf-46x26mm\/","url":"https:\/\/partsandpieces.nl\/product\/knop-greep-chroom-golf-46x26mm\/","name":"Knopfgriff Chrome Wave","isPartOf":{"@id":"https:\/\/partsandpieces.nl\/#website"},"primaryImageOfPage":{"@id":"https:\/\/partsandpieces.nl\/product\/knop-greep-chroom-golf-46x26mm\/#primaryimage"},"image":{"@id":"https:\/\/partsandpieces.nl\/product\/knop-greep-chroom-golf-46x26mm\/#primaryimage"},"thumbnailUrl":"https:\/\/partsandpieces.nl\/wp-content\/uploads\/2020\/07\/Knop-Greep-Chroom-Golf-46x26mm.jpg","datePublished":"2020-07-24T10:46:40+00:00","dateModified":"2024-11-26T11:09:36+00:00","description":"Knopf\/Griff Chrom Golf 46x26mm hat eine hochgl\u00e4nzende Chromoberfl\u00e4che. Der Griff hat die Form einer Welle, die sich zur H\u00e4lfte dreht.","breadcrumb":{"@id":"https:\/\/partsandpieces.nl\/product\/knop-greep-chroom-golf-46x26mm\/#breadcrumb"},"inLanguage":"de","potentialAction":[{"@type":"ReadAction","target":["https:\/\/partsandpieces.nl\/product\/knop-greep-chroom-golf-46x26mm\/"]}]},{"@type":"ImageObject","inLanguage":"de","@id":"https:\/\/partsandpieces.nl\/product\/knop-greep-chroom-golf-46x26mm\/#primaryimage","url":"https:\/\/partsandpieces.nl\/wp-content\/uploads\/2020\/07\/Knop-Greep-Chroom-Golf-46x26mm.jpg","contentUrl":"https:\/\/partsandpieces.nl\/wp-content\/uploads\/2020\/07\/Knop-Greep-Chroom-Golf-46x26mm.jpg","width":419,"height":419,"caption":"Knop \/ Greep Chroom Golf 46x26mm"},{"@type":"BreadcrumbList","@id":"https:\/\/partsandpieces.nl\/product\/knop-greep-chroom-golf-46x26mm\/#breadcrumb","itemListElement":[{"@type":"ListItem","position":1,"name":"Home","item":"https:\/\/partsandpieces.nl\/home\/"},{"@type":"ListItem","position":2,"name":"Winkel","item":"https:\/\/partsandpieces.nl\/winkel\/"},{"@type":"ListItem","position":3,"name":"Knop \/ Greep Chroom Golf 46x26mm"}]},{"@type":"WebSite","@id":"https:\/\/partsandpieces.nl\/#website","url":"https:\/\/partsandpieces.nl\/","name":"Teile &amp; St\u00fccke","description":"Alles f\u00fcr Ihre M\u00f6belrestaurierung und -pflege!","potentialAction":[{"@type":"SearchAction","target":{"@type":"EntryPoint","urlTemplate":"https:\/\/partsandpieces.nl\/?s={search_term_string}"},"query-input":{"@type":"PropertyValueSpecification","valueRequired":true,"valueName":"search_term_string"}}],"inLanguage":"de"}]}},"_links":{"self":[{"href":"https:\/\/partsandpieces.nl\/de\/wp-json\/wp\/v2\/product\/877","targetHints":{"allow":["GET"]}}],"collection":[{"href":"https:\/\/partsandpieces.nl\/de\/wp-json\/wp\/v2\/product"}],"about":[{"href":"https:\/\/partsandpieces.nl\/de\/wp-json\/wp\/v2\/types\/product"}],"wp:featuredmedia":[{"embeddable":true,"href":"https:\/\/partsandpieces.nl\/de\/wp-json\/wp\/v2\/media\/6170"}],"wp:attachment":[{"href":"https:\/\/partsandpieces.nl\/de\/wp-json\/wp\/v2\/media?parent=877"}],"wp:term":[{"taxonomy":"product_brand","embeddable":true,"href":"https:\/\/partsandpieces.nl\/de\/wp-json\/wp\/v2\/product_brand?post=877"},{"taxonomy":"product_cat","embeddable":true,"href":"https:\/\/partsandpieces.nl\/de\/wp-json\/wp\/v2\/product_cat?post=877"},{"taxonomy":"product_tag","embeddable":true,"href":"https:\/\/partsandpieces.nl\/de\/wp-json\/wp\/v2\/product_tag?post=877"}],"curies":[{"name":"wp","href":"https:\/\/api.w.org\/{rel}","templated":true}]}}