{"id":879,"date":"2020-07-24T10:48:12","date_gmt":"2020-07-24T10:48:12","guid":{"rendered":"https:\/\/partsandpieces.bonsaidev.nl\/?product=greep-zam-ant-fir-ivory-126x23"},"modified":"2025-07-29T20:13:06","modified_gmt":"2025-07-29T18:13:06","slug":"griff-aus-patiniertem-messing-mit-elfenbeineinlage-rechteckig-96-mm","status":"publish","type":"product","link":"https:\/\/partsandpieces.nl\/de\/product\/greep-messing-patina-met-ivoor-inleg-rechthoekig-96mm\/","title":{"rendered":"Griff Messing patiniert mit Elfenbeineinlage rechteckig 96mm"},"content":{"rendered":"<p><strong>Griff Messing patiniert mit Elfenbeineinlage rechteckig 96mm<\/strong>\u00a0ist ein rechteckiger M\u00f6belgriff aus Zamak* mit messingfarbener, bronzefarbener Oberfl\u00e4che. Die Kunststoffeinlage hat eine elfenbeinfarbene Optik. Dieser Griff passt gut auf Ihre M\u00f6bel oder Ihren K\u00fcchenschrank.<\/p>\n<p>Dieser hochwertige Knopf wird in Italien hergestellt.<\/p>\n<p><strong>Ma\u00dfe<br \/>\n<\/strong>Der rechteckige 96-mm-Griff aus Messingpatina mit Elfenbeineinlage hat eine Breite von 126 mm und eine H\u00f6he von 23 mm. Nach der Installation steht dieser Griff 19 mm hervor. Die F\u00fc\u00dfe des Griffs haben einen Durchmesser von 11 mm. Die Bohrl\u00f6cher haben einen Abstand von 96 mm.<\/p>\n<p><strong>Bearbeiten<br \/>\n<\/strong>Sie k\u00f6nnen den Griff mit blind montieren\u00a0<span style=\"text-decoration: underline;\"><a href=\"https:\/\/partsandpieces.nl\/de\/produkt\/schraube-edelstahl-zur-blindmontage-von-mobelbeschlagen-45x4mm-20-stuck\/\">Edelstahlschraube zur Blindbefestigung von M\u00f6belbeschl\u00e4gen (45x4mm)<\/a><\/span>. Ich schicke diese Schraube\u00a0<strong>FREI<\/strong>\u00a0mit Ihrer Bestellung.<\/p>\n<p>* Zamak ist eine Legierung mit Zink als Hauptbestandteil. Es hat einen relativ niedrigen Schmelzpunkt und ist leicht zu gie\u00dfen. Der Name ist ein Akronym, abgeleitet von den Anfangsbuchstaben der deutschen Bezeichnungen f\u00fcr die Metalle, aus denen sich der Werkstoff zusammensetzt: Zink, Aluminium, MAGnesium, Kupfer. Zamak wird in der Auto- und M\u00f6belindustrie f\u00fcr T\u00fcrgriffe, Griffe, Logos und Zierleisten verwendet. Es wird auch h\u00e4ufig als Ersatz f\u00fcr das giftige Blei verwendet.<\/p>","protected":false},"excerpt":{"rendered":"<p>Greep Messing patina met ivoor inleg rechthoekig 96mm\u00a0is een rechthoekige meubelgreep gemaakt van zamak* met een messing, bronskleurige afwerking. De kunststof inleg heeft een ivoorkleurige uitstraling. Deze greep past goed op je meubel of keukenkastje. Deze kwalitatief uitstekende knop is gemaakt in Itali\u00eb. Afmetingen De Greep Messing patina met ivoor inleg rechthoekig 96mm heeft een [&hellip;]<\/p>\n","protected":false},"featured_media":5539,"template":"","meta":{"_acf_changed":false},"product_brand":[],"product_cat":[41,23],"product_tag":[],"class_list":{"0":"post-879","1":"product","2":"type-product","3":"status-publish","4":"has-post-thumbnail","6":"product_cat-ladetrekkers","7":"product_cat-meubelbeslag","9":"first","10":"instock","11":"taxable","12":"shipping-taxable","13":"purchasable","14":"product-type-simple"},"acf":[],"yoast_head":"<!-- This site is optimized with the Yoast SEO plugin v27.3 - https:\/\/yoast.com\/product\/yoast-seo-wordpress\/ -->\n<title>Greep Messing rechthoekig 96mm<\/title>\n<meta name=\"description\" content=\"Greep Messing patina met ivoor inleg rechthoekig 96mm\u00a0heeft een messing, bronskleurige afwerking. Deze greep past goed op je meubel of keukenkastje.\" \/>\n<meta name=\"robots\" content=\"index, follow, max-snippet:-1, max-image-preview:large, max-video-preview:-1\" \/>\n<link rel=\"canonical\" href=\"https:\/\/partsandpieces.nl\/de\/produkt\/griff-aus-patiniertem-messing-mit-elfenbeineinlage-rechteckig-96-mm\/\" \/>\n<meta property=\"og:locale\" content=\"de_DE\" \/>\n<meta property=\"og:type\" content=\"article\" \/>\n<meta property=\"og:title\" content=\"Greep Messing rechthoekig 96mm\" \/>\n<meta property=\"og:description\" content=\"Greep Messing patina met ivoor inleg rechthoekig 96mm\u00a0heeft een messing, bronskleurige afwerking. Deze greep past goed op je meubel of keukenkastje.\" \/>\n<meta property=\"og:url\" content=\"https:\/\/partsandpieces.nl\/de\/produkt\/griff-aus-patiniertem-messing-mit-elfenbeineinlage-rechteckig-96-mm\/\" \/>\n<meta property=\"og:site_name\" content=\"Parts &amp; Pieces\" \/>\n<meta property=\"article:modified_time\" content=\"2025-07-29T18:13:06+00:00\" \/>\n<meta property=\"og:image\" content=\"https:\/\/partsandpieces.nl\/wp-content\/uploads\/2020\/07\/Greep-Messing-patina-met-ivoor-inleg-rechthoekig-96mm.jpg\" \/>\n\t<meta property=\"og:image:width\" content=\"480\" \/>\n\t<meta property=\"og:image:height\" content=\"481\" \/>\n\t<meta property=\"og:image:type\" content=\"image\/jpeg\" \/>\n<meta name=\"twitter:card\" content=\"summary_large_image\" \/>\n<meta name=\"twitter:label1\" content=\"Gesch\u00e4tzte Lesezeit\" \/>\n\t<meta name=\"twitter:data1\" content=\"1\u00a0Minute\" \/>\n<script type=\"application\/ld+json\" class=\"yoast-schema-graph\">{\"@context\":\"https:\\\/\\\/schema.org\",\"@graph\":[{\"@type\":\"WebPage\",\"@id\":\"https:\\\/\\\/partsandpieces.nl\\\/product\\\/greep-messing-patina-met-ivoor-inleg-rechthoekig-96mm\\\/\",\"url\":\"https:\\\/\\\/partsandpieces.nl\\\/product\\\/greep-messing-patina-met-ivoor-inleg-rechthoekig-96mm\\\/\",\"name\":\"Greep Messing rechthoekig 96mm\",\"isPartOf\":{\"@id\":\"https:\\\/\\\/partsandpieces.nl\\\/#website\"},\"primaryImageOfPage\":{\"@id\":\"https:\\\/\\\/partsandpieces.nl\\\/product\\\/greep-messing-patina-met-ivoor-inleg-rechthoekig-96mm\\\/#primaryimage\"},\"image\":{\"@id\":\"https:\\\/\\\/partsandpieces.nl\\\/product\\\/greep-messing-patina-met-ivoor-inleg-rechthoekig-96mm\\\/#primaryimage\"},\"thumbnailUrl\":\"https:\\\/\\\/partsandpieces.nl\\\/wp-content\\\/uploads\\\/2020\\\/07\\\/Greep-Messing-patina-met-ivoor-inleg-rechthoekig-96mm.jpg\",\"datePublished\":\"2020-07-24T10:48:12+00:00\",\"dateModified\":\"2025-07-29T18:13:06+00:00\",\"description\":\"Greep Messing patina met ivoor inleg rechthoekig 96mm\u00a0heeft een messing, bronskleurige afwerking. Deze greep past goed op je meubel of keukenkastje.\",\"breadcrumb\":{\"@id\":\"https:\\\/\\\/partsandpieces.nl\\\/product\\\/greep-messing-patina-met-ivoor-inleg-rechthoekig-96mm\\\/#breadcrumb\"},\"inLanguage\":\"de\",\"potentialAction\":[{\"@type\":\"ReadAction\",\"target\":[\"https:\\\/\\\/partsandpieces.nl\\\/product\\\/greep-messing-patina-met-ivoor-inleg-rechthoekig-96mm\\\/\"]}]},{\"@type\":\"ImageObject\",\"inLanguage\":\"de\",\"@id\":\"https:\\\/\\\/partsandpieces.nl\\\/product\\\/greep-messing-patina-met-ivoor-inleg-rechthoekig-96mm\\\/#primaryimage\",\"url\":\"https:\\\/\\\/partsandpieces.nl\\\/wp-content\\\/uploads\\\/2020\\\/07\\\/Greep-Messing-patina-met-ivoor-inleg-rechthoekig-96mm.jpg\",\"contentUrl\":\"https:\\\/\\\/partsandpieces.nl\\\/wp-content\\\/uploads\\\/2020\\\/07\\\/Greep-Messing-patina-met-ivoor-inleg-rechthoekig-96mm.jpg\",\"width\":480,\"height\":481,\"caption\":\"Greep Messing patina met ivoor inleg rechthoekig 96mm\"},{\"@type\":\"BreadcrumbList\",\"@id\":\"https:\\\/\\\/partsandpieces.nl\\\/product\\\/greep-messing-patina-met-ivoor-inleg-rechthoekig-96mm\\\/#breadcrumb\",\"itemListElement\":[{\"@type\":\"ListItem\",\"position\":1,\"name\":\"Home\",\"item\":\"https:\\\/\\\/partsandpieces.nl\\\/home\\\/\"},{\"@type\":\"ListItem\",\"position\":2,\"name\":\"Winkel\",\"item\":\"https:\\\/\\\/partsandpieces.nl\\\/winkel\\\/\"},{\"@type\":\"ListItem\",\"position\":3,\"name\":\"Greep Messing patina met ivoor inleg rechthoekig 96mm\"}]},{\"@type\":\"WebSite\",\"@id\":\"https:\\\/\\\/partsandpieces.nl\\\/#website\",\"url\":\"https:\\\/\\\/partsandpieces.nl\\\/\",\"name\":\"Parts &amp; Pieces\",\"description\":\"Alles voor uw meubelrestauratie en -onderhoud!\",\"potentialAction\":[{\"@type\":\"SearchAction\",\"target\":{\"@type\":\"EntryPoint\",\"urlTemplate\":\"https:\\\/\\\/partsandpieces.nl\\\/?s={search_term_string}\"},\"query-input\":{\"@type\":\"PropertyValueSpecification\",\"valueRequired\":true,\"valueName\":\"search_term_string\"}}],\"inLanguage\":\"de\"}]}<\/script>\n<!-- \/ Yoast SEO plugin. -->","yoast_head_json":{"title":"Griff Messing rechteckig 96mm","description":"Griff: Messing patiniert mit Elfenbeineinlage, rechteckig, 96 mm, mit messingfarbener, bronzefarbener Oberfl\u00e4che. Dieser Griff passt gut auf Ihre M\u00f6bel oder Ihren K\u00fcchenschrank.","robots":{"index":"index","follow":"follow","max-snippet":"max-snippet:-1","max-image-preview":"max-image-preview:large","max-video-preview":"max-video-preview:-1"},"canonical":"https:\/\/partsandpieces.nl\/de\/produkt\/griff-aus-patiniertem-messing-mit-elfenbeineinlage-rechteckig-96-mm\/","og_locale":"de_DE","og_type":"article","og_title":"Greep Messing rechthoekig 96mm","og_description":"Greep Messing patina met ivoor inleg rechthoekig 96mm\u00a0heeft een messing, bronskleurige afwerking. Deze greep past goed op je meubel of keukenkastje.","og_url":"https:\/\/partsandpieces.nl\/de\/produkt\/griff-aus-patiniertem-messing-mit-elfenbeineinlage-rechteckig-96-mm\/","og_site_name":"Parts &amp; Pieces","article_modified_time":"2025-07-29T18:13:06+00:00","og_image":[{"width":480,"height":481,"url":"https:\/\/partsandpieces.nl\/wp-content\/uploads\/2020\/07\/Greep-Messing-patina-met-ivoor-inleg-rechthoekig-96mm.jpg","type":"image\/jpeg"}],"twitter_card":"summary_large_image","twitter_misc":{"Gesch\u00e4tzte Lesezeit":"1\u00a0Minute"},"schema":{"@context":"https:\/\/schema.org","@graph":[{"@type":"WebPage","@id":"https:\/\/partsandpieces.nl\/product\/greep-messing-patina-met-ivoor-inleg-rechthoekig-96mm\/","url":"https:\/\/partsandpieces.nl\/product\/greep-messing-patina-met-ivoor-inleg-rechthoekig-96mm\/","name":"Griff Messing rechteckig 96mm","isPartOf":{"@id":"https:\/\/partsandpieces.nl\/#website"},"primaryImageOfPage":{"@id":"https:\/\/partsandpieces.nl\/product\/greep-messing-patina-met-ivoor-inleg-rechthoekig-96mm\/#primaryimage"},"image":{"@id":"https:\/\/partsandpieces.nl\/product\/greep-messing-patina-met-ivoor-inleg-rechthoekig-96mm\/#primaryimage"},"thumbnailUrl":"https:\/\/partsandpieces.nl\/wp-content\/uploads\/2020\/07\/Greep-Messing-patina-met-ivoor-inleg-rechthoekig-96mm.jpg","datePublished":"2020-07-24T10:48:12+00:00","dateModified":"2025-07-29T18:13:06+00:00","description":"Griff: Messing patiniert mit Elfenbeineinlage, rechteckig, 96 mm, mit messingfarbener, bronzefarbener Oberfl\u00e4che. Dieser Griff passt gut auf Ihre M\u00f6bel oder Ihren K\u00fcchenschrank.","breadcrumb":{"@id":"https:\/\/partsandpieces.nl\/product\/greep-messing-patina-met-ivoor-inleg-rechthoekig-96mm\/#breadcrumb"},"inLanguage":"de","potentialAction":[{"@type":"ReadAction","target":["https:\/\/partsandpieces.nl\/product\/greep-messing-patina-met-ivoor-inleg-rechthoekig-96mm\/"]}]},{"@type":"ImageObject","inLanguage":"de","@id":"https:\/\/partsandpieces.nl\/product\/greep-messing-patina-met-ivoor-inleg-rechthoekig-96mm\/#primaryimage","url":"https:\/\/partsandpieces.nl\/wp-content\/uploads\/2020\/07\/Greep-Messing-patina-met-ivoor-inleg-rechthoekig-96mm.jpg","contentUrl":"https:\/\/partsandpieces.nl\/wp-content\/uploads\/2020\/07\/Greep-Messing-patina-met-ivoor-inleg-rechthoekig-96mm.jpg","width":480,"height":481,"caption":"Greep Messing patina met ivoor inleg rechthoekig 96mm"},{"@type":"BreadcrumbList","@id":"https:\/\/partsandpieces.nl\/product\/greep-messing-patina-met-ivoor-inleg-rechthoekig-96mm\/#breadcrumb","itemListElement":[{"@type":"ListItem","position":1,"name":"Home","item":"https:\/\/partsandpieces.nl\/home\/"},{"@type":"ListItem","position":2,"name":"Winkel","item":"https:\/\/partsandpieces.nl\/winkel\/"},{"@type":"ListItem","position":3,"name":"Greep Messing patina met ivoor inleg rechthoekig 96mm"}]},{"@type":"WebSite","@id":"https:\/\/partsandpieces.nl\/#website","url":"https:\/\/partsandpieces.nl\/","name":"Teile &amp; St\u00fccke","description":"Alles f\u00fcr Ihre M\u00f6belrestaurierung und -pflege!","potentialAction":[{"@type":"SearchAction","target":{"@type":"EntryPoint","urlTemplate":"https:\/\/partsandpieces.nl\/?s={search_term_string}"},"query-input":{"@type":"PropertyValueSpecification","valueRequired":true,"valueName":"search_term_string"}}],"inLanguage":"de"}]}},"_links":{"self":[{"href":"https:\/\/partsandpieces.nl\/de\/wp-json\/wp\/v2\/product\/879","targetHints":{"allow":["GET"]}}],"collection":[{"href":"https:\/\/partsandpieces.nl\/de\/wp-json\/wp\/v2\/product"}],"about":[{"href":"https:\/\/partsandpieces.nl\/de\/wp-json\/wp\/v2\/types\/product"}],"wp:featuredmedia":[{"embeddable":true,"href":"https:\/\/partsandpieces.nl\/de\/wp-json\/wp\/v2\/media\/5539"}],"wp:attachment":[{"href":"https:\/\/partsandpieces.nl\/de\/wp-json\/wp\/v2\/media?parent=879"}],"wp:term":[{"taxonomy":"product_brand","embeddable":true,"href":"https:\/\/partsandpieces.nl\/de\/wp-json\/wp\/v2\/product_brand?post=879"},{"taxonomy":"product_cat","embeddable":true,"href":"https:\/\/partsandpieces.nl\/de\/wp-json\/wp\/v2\/product_cat?post=879"},{"taxonomy":"product_tag","embeddable":true,"href":"https:\/\/partsandpieces.nl\/de\/wp-json\/wp\/v2\/product_tag?post=879"}],"curies":[{"name":"wp","href":"https:\/\/api.w.org\/{rel}","templated":true}]}}