{"id":885,"date":"2020-07-24T11:00:13","date_gmt":"2020-07-24T11:00:13","guid":{"rendered":"https:\/\/partsandpieces.bonsaidev.nl\/?product=barock-ladegreep-zam-links"},"modified":"2025-12-09T18:27:59","modified_gmt":"2025-12-09T17:27:59","slug":"griff-dekor-5500-gekratzt-antiksilber-links-gros-132mm","status":"publish","type":"product","link":"https:\/\/partsandpieces.nl\/de\/product\/greep-decor-5500-gekrast-antiek-zilver-links-groot-132mm\/","title":{"rendered":"Griff Dekor 5500 gekratzt Antiksilber links gro\u00df 132mm"},"content":{"rendered":"<p><strong>Griff Dekor 5500 gekratzt Antiksilber links gro\u00df 132mm<\/strong>\u00a0ist ein eleganter T\u00fcrgriff mit antikem Silberfinish. Die Oberfl\u00e4che weist eine Kratzstruktur auf, die dem Griff ein mattes Aussehen verleiht.<\/p>\n<p>Dieser hochwertige Knopf wird in Italien hergestellt.<\/p>\n<p><strong>Ma\u00dfe<br \/>\n<\/strong>Griff Dekor 5500 gekratzt antiksilber links gro\u00df 132mm hat eine Breite von 132mm. Nach der Installation steht dieser Griff 18 mm hervor. Der Griff hat eine maximale H\u00f6he von 48 mm. Die Bohrl\u00f6cher haben einen Abstand von 96mm.<\/p>\n<p><strong>Bearbeiten<br \/>\n<\/strong>Sie k\u00f6nnen den Griff mit blind montieren\u00a0<span style=\"text-decoration: underline;\"><a href=\"https:\/\/partsandpieces.nl\/de\/produkt\/schraube-edelstahl-zur-blindmontage-von-mobelbeschlagen-45x4mm-20-stuck\/\">Edelstahlschraube zur Blindbefestigung von M\u00f6belbeschl\u00e4gen (45x4mm)<\/a><\/span>. Ich schicke diese Schrauben\u00a0<strong>FREI<\/strong>\u00a0mit Ihrer Bestellung.<\/p>\n<p>* Zamak ist eine Legierung mit Zink als Hauptbestandteil. Es hat einen relativ niedrigen Schmelzpunkt und ist leicht zu gie\u00dfen. Der Name ist ein Akronym, abgeleitet von den Anfangsbuchstaben der deutschen Bezeichnungen f\u00fcr die Metalle, aus denen sich der Werkstoff zusammensetzt: Zink, Aluminium, MAGnesium, Kupfer. Zamak wird in der Auto- und M\u00f6belindustrie f\u00fcr T\u00fcrgriffe, Griffe, Logos und Zierleisten verwendet. Es wird auch h\u00e4ufig als Ersatz f\u00fcr das giftige Blei verwendet.<\/p>","protected":false},"excerpt":{"rendered":"<p>Greep Decor 5500 gekrast antiek zilver links groot 132mm\u00a0is een zwierige deurgreep met een antieke zilveren afwerking. De afwerking heeft een gekraste structuur die de greep een matte uitstraling geven. Deze kwalitatief uitstekende knop is gemaakt in Itali\u00eb. Afmetingen Greep Decor 5500 gekrast antiek zilver links groot 132mm heeft een breedte van 132mm. Na montage [&hellip;]<\/p>\n","protected":false},"featured_media":6063,"template":"","meta":{"_acf_changed":false},"product_brand":[],"product_cat":[29,41,23],"product_tag":[],"class_list":{"0":"post-885","1":"product","2":"type-product","3":"status-publish","4":"has-post-thumbnail","6":"product_cat-deurtrekkers","7":"product_cat-ladetrekkers","8":"product_cat-meubelbeslag","10":"first","11":"instock","12":"taxable","13":"shipping-taxable","14":"purchasable","15":"product-type-simple"},"acf":[],"yoast_head":"<!-- This site is optimized with the Yoast SEO plugin v27.3 - https:\/\/yoast.com\/product\/yoast-seo-wordpress\/ -->\n<title>Greep zilver links groot<\/title>\n<meta name=\"description\" content=\"Greep Decor 5500 gekrast antiek zilver links groot 132mm\u00a0is een zwierige deurgreep met een antieke zilveren afwerking. Greep heeft een matte uitstraling.\" \/>\n<meta name=\"robots\" content=\"index, follow, max-snippet:-1, max-image-preview:large, max-video-preview:-1\" \/>\n<link rel=\"canonical\" href=\"https:\/\/partsandpieces.nl\/de\/produkt\/griff-dekor-5500-gekratzt-antiksilber-links-gros-132mm\/\" \/>\n<meta property=\"og:locale\" content=\"de_DE\" \/>\n<meta property=\"og:type\" content=\"article\" \/>\n<meta property=\"og:title\" content=\"Greep zilver links groot\" \/>\n<meta property=\"og:description\" content=\"Greep Decor 5500 gekrast antiek zilver links groot 132mm\u00a0is een zwierige deurgreep met een antieke zilveren afwerking. Greep heeft een matte uitstraling.\" \/>\n<meta property=\"og:url\" content=\"https:\/\/partsandpieces.nl\/de\/produkt\/griff-dekor-5500-gekratzt-antiksilber-links-gros-132mm\/\" \/>\n<meta property=\"og:site_name\" content=\"Parts &amp; Pieces\" \/>\n<meta property=\"article:modified_time\" content=\"2025-12-09T17:27:59+00:00\" \/>\n<meta property=\"og:image\" content=\"https:\/\/partsandpieces.nl\/wp-content\/uploads\/2020\/07\/Greep-Decor-5500-gekrast-antiek-zilver-links-groot-132mm.jpg\" \/>\n\t<meta property=\"og:image:width\" content=\"480\" \/>\n\t<meta property=\"og:image:height\" content=\"480\" \/>\n\t<meta property=\"og:image:type\" content=\"image\/jpeg\" \/>\n<meta name=\"twitter:card\" content=\"summary_large_image\" \/>\n<meta name=\"twitter:label1\" content=\"Gesch\u00e4tzte Lesezeit\" \/>\n\t<meta name=\"twitter:data1\" content=\"1\u00a0Minute\" \/>\n<script type=\"application\/ld+json\" class=\"yoast-schema-graph\">{\"@context\":\"https:\\\/\\\/schema.org\",\"@graph\":[{\"@type\":\"WebPage\",\"@id\":\"https:\\\/\\\/partsandpieces.nl\\\/product\\\/greep-decor-5500-gekrast-antiek-zilver-links-groot-132mm\\\/\",\"url\":\"https:\\\/\\\/partsandpieces.nl\\\/product\\\/greep-decor-5500-gekrast-antiek-zilver-links-groot-132mm\\\/\",\"name\":\"Greep zilver links groot\",\"isPartOf\":{\"@id\":\"https:\\\/\\\/partsandpieces.nl\\\/#website\"},\"primaryImageOfPage\":{\"@id\":\"https:\\\/\\\/partsandpieces.nl\\\/product\\\/greep-decor-5500-gekrast-antiek-zilver-links-groot-132mm\\\/#primaryimage\"},\"image\":{\"@id\":\"https:\\\/\\\/partsandpieces.nl\\\/product\\\/greep-decor-5500-gekrast-antiek-zilver-links-groot-132mm\\\/#primaryimage\"},\"thumbnailUrl\":\"https:\\\/\\\/partsandpieces.nl\\\/wp-content\\\/uploads\\\/2020\\\/07\\\/Greep-Decor-5500-gekrast-antiek-zilver-links-groot-132mm.jpg\",\"datePublished\":\"2020-07-24T11:00:13+00:00\",\"dateModified\":\"2025-12-09T17:27:59+00:00\",\"description\":\"Greep Decor 5500 gekrast antiek zilver links groot 132mm\u00a0is een zwierige deurgreep met een antieke zilveren afwerking. Greep heeft een matte uitstraling.\",\"breadcrumb\":{\"@id\":\"https:\\\/\\\/partsandpieces.nl\\\/product\\\/greep-decor-5500-gekrast-antiek-zilver-links-groot-132mm\\\/#breadcrumb\"},\"inLanguage\":\"de\",\"potentialAction\":[{\"@type\":\"ReadAction\",\"target\":[\"https:\\\/\\\/partsandpieces.nl\\\/product\\\/greep-decor-5500-gekrast-antiek-zilver-links-groot-132mm\\\/\"]}]},{\"@type\":\"ImageObject\",\"inLanguage\":\"de\",\"@id\":\"https:\\\/\\\/partsandpieces.nl\\\/product\\\/greep-decor-5500-gekrast-antiek-zilver-links-groot-132mm\\\/#primaryimage\",\"url\":\"https:\\\/\\\/partsandpieces.nl\\\/wp-content\\\/uploads\\\/2020\\\/07\\\/Greep-Decor-5500-gekrast-antiek-zilver-links-groot-132mm.jpg\",\"contentUrl\":\"https:\\\/\\\/partsandpieces.nl\\\/wp-content\\\/uploads\\\/2020\\\/07\\\/Greep-Decor-5500-gekrast-antiek-zilver-links-groot-132mm.jpg\",\"width\":480,\"height\":480,\"caption\":\"Greep Decor 5500 gekrast antiek zilver links groot 132mm\"},{\"@type\":\"BreadcrumbList\",\"@id\":\"https:\\\/\\\/partsandpieces.nl\\\/product\\\/greep-decor-5500-gekrast-antiek-zilver-links-groot-132mm\\\/#breadcrumb\",\"itemListElement\":[{\"@type\":\"ListItem\",\"position\":1,\"name\":\"Home\",\"item\":\"https:\\\/\\\/partsandpieces.nl\\\/home\\\/\"},{\"@type\":\"ListItem\",\"position\":2,\"name\":\"Winkel\",\"item\":\"https:\\\/\\\/partsandpieces.nl\\\/winkel\\\/\"},{\"@type\":\"ListItem\",\"position\":3,\"name\":\"Greep Decor 5500 gekrast antiek zilver links groot 132mm\"}]},{\"@type\":\"WebSite\",\"@id\":\"https:\\\/\\\/partsandpieces.nl\\\/#website\",\"url\":\"https:\\\/\\\/partsandpieces.nl\\\/\",\"name\":\"Parts &amp; Pieces\",\"description\":\"Alles voor uw meubelrestauratie en -onderhoud!\",\"potentialAction\":[{\"@type\":\"SearchAction\",\"target\":{\"@type\":\"EntryPoint\",\"urlTemplate\":\"https:\\\/\\\/partsandpieces.nl\\\/?s={search_term_string}\"},\"query-input\":{\"@type\":\"PropertyValueSpecification\",\"valueRequired\":true,\"valueName\":\"search_term_string\"}}],\"inLanguage\":\"de\"}]}<\/script>\n<!-- \/ Yoast SEO plugin. -->","yoast_head_json":{"title":"Silberner Griff gro\u00df links","description":"Der Griff Decor 5500 Scratched Antique Silver Left Large 132mm ist ein eleganter T\u00fcrgriff mit einem Finish in Antiksilber. Der Griff hat ein mattes Aussehen.","robots":{"index":"index","follow":"follow","max-snippet":"max-snippet:-1","max-image-preview":"max-image-preview:large","max-video-preview":"max-video-preview:-1"},"canonical":"https:\/\/partsandpieces.nl\/de\/produkt\/griff-dekor-5500-gekratzt-antiksilber-links-gros-132mm\/","og_locale":"de_DE","og_type":"article","og_title":"Greep zilver links groot","og_description":"Greep Decor 5500 gekrast antiek zilver links groot 132mm\u00a0is een zwierige deurgreep met een antieke zilveren afwerking. Greep heeft een matte uitstraling.","og_url":"https:\/\/partsandpieces.nl\/de\/produkt\/griff-dekor-5500-gekratzt-antiksilber-links-gros-132mm\/","og_site_name":"Parts &amp; Pieces","article_modified_time":"2025-12-09T17:27:59+00:00","og_image":[{"width":480,"height":480,"url":"https:\/\/partsandpieces.nl\/wp-content\/uploads\/2020\/07\/Greep-Decor-5500-gekrast-antiek-zilver-links-groot-132mm.jpg","type":"image\/jpeg"}],"twitter_card":"summary_large_image","twitter_misc":{"Gesch\u00e4tzte Lesezeit":"1\u00a0Minute"},"schema":{"@context":"https:\/\/schema.org","@graph":[{"@type":"WebPage","@id":"https:\/\/partsandpieces.nl\/product\/greep-decor-5500-gekrast-antiek-zilver-links-groot-132mm\/","url":"https:\/\/partsandpieces.nl\/product\/greep-decor-5500-gekrast-antiek-zilver-links-groot-132mm\/","name":"Silberner Griff gro\u00df links","isPartOf":{"@id":"https:\/\/partsandpieces.nl\/#website"},"primaryImageOfPage":{"@id":"https:\/\/partsandpieces.nl\/product\/greep-decor-5500-gekrast-antiek-zilver-links-groot-132mm\/#primaryimage"},"image":{"@id":"https:\/\/partsandpieces.nl\/product\/greep-decor-5500-gekrast-antiek-zilver-links-groot-132mm\/#primaryimage"},"thumbnailUrl":"https:\/\/partsandpieces.nl\/wp-content\/uploads\/2020\/07\/Greep-Decor-5500-gekrast-antiek-zilver-links-groot-132mm.jpg","datePublished":"2020-07-24T11:00:13+00:00","dateModified":"2025-12-09T17:27:59+00:00","description":"Der Griff Decor 5500 Scratched Antique Silver Left Large 132mm ist ein eleganter T\u00fcrgriff mit einem Finish in Antiksilber. Der Griff hat ein mattes Aussehen.","breadcrumb":{"@id":"https:\/\/partsandpieces.nl\/product\/greep-decor-5500-gekrast-antiek-zilver-links-groot-132mm\/#breadcrumb"},"inLanguage":"de","potentialAction":[{"@type":"ReadAction","target":["https:\/\/partsandpieces.nl\/product\/greep-decor-5500-gekrast-antiek-zilver-links-groot-132mm\/"]}]},{"@type":"ImageObject","inLanguage":"de","@id":"https:\/\/partsandpieces.nl\/product\/greep-decor-5500-gekrast-antiek-zilver-links-groot-132mm\/#primaryimage","url":"https:\/\/partsandpieces.nl\/wp-content\/uploads\/2020\/07\/Greep-Decor-5500-gekrast-antiek-zilver-links-groot-132mm.jpg","contentUrl":"https:\/\/partsandpieces.nl\/wp-content\/uploads\/2020\/07\/Greep-Decor-5500-gekrast-antiek-zilver-links-groot-132mm.jpg","width":480,"height":480,"caption":"Greep Decor 5500 gekrast antiek zilver links groot 132mm"},{"@type":"BreadcrumbList","@id":"https:\/\/partsandpieces.nl\/product\/greep-decor-5500-gekrast-antiek-zilver-links-groot-132mm\/#breadcrumb","itemListElement":[{"@type":"ListItem","position":1,"name":"Home","item":"https:\/\/partsandpieces.nl\/home\/"},{"@type":"ListItem","position":2,"name":"Winkel","item":"https:\/\/partsandpieces.nl\/winkel\/"},{"@type":"ListItem","position":3,"name":"Greep Decor 5500 gekrast antiek zilver links groot 132mm"}]},{"@type":"WebSite","@id":"https:\/\/partsandpieces.nl\/#website","url":"https:\/\/partsandpieces.nl\/","name":"Teile &amp; St\u00fccke","description":"Alles f\u00fcr Ihre M\u00f6belrestaurierung und -pflege!","potentialAction":[{"@type":"SearchAction","target":{"@type":"EntryPoint","urlTemplate":"https:\/\/partsandpieces.nl\/?s={search_term_string}"},"query-input":{"@type":"PropertyValueSpecification","valueRequired":true,"valueName":"search_term_string"}}],"inLanguage":"de"}]}},"_links":{"self":[{"href":"https:\/\/partsandpieces.nl\/de\/wp-json\/wp\/v2\/product\/885","targetHints":{"allow":["GET"]}}],"collection":[{"href":"https:\/\/partsandpieces.nl\/de\/wp-json\/wp\/v2\/product"}],"about":[{"href":"https:\/\/partsandpieces.nl\/de\/wp-json\/wp\/v2\/types\/product"}],"wp:featuredmedia":[{"embeddable":true,"href":"https:\/\/partsandpieces.nl\/de\/wp-json\/wp\/v2\/media\/6063"}],"wp:attachment":[{"href":"https:\/\/partsandpieces.nl\/de\/wp-json\/wp\/v2\/media?parent=885"}],"wp:term":[{"taxonomy":"product_brand","embeddable":true,"href":"https:\/\/partsandpieces.nl\/de\/wp-json\/wp\/v2\/product_brand?post=885"},{"taxonomy":"product_cat","embeddable":true,"href":"https:\/\/partsandpieces.nl\/de\/wp-json\/wp\/v2\/product_cat?post=885"},{"taxonomy":"product_tag","embeddable":true,"href":"https:\/\/partsandpieces.nl\/de\/wp-json\/wp\/v2\/product_tag?post=885"}],"curies":[{"name":"wp","href":"https:\/\/api.w.org\/{rel}","templated":true}]}}