{"id":889,"date":"2020-07-24T11:11:39","date_gmt":"2020-07-24T11:11:39","guid":{"rendered":"https:\/\/partsandpieces.bonsaidev.nl\/?product=greep-chr-black-glitter-106x8mm"},"modified":"2024-11-26T12:08:57","modified_gmt":"2024-11-26T11:08:57","slug":"griff-aus-glanzendem-chrom-mit-schwarzer-glitzereinlage-klein-107-mm","status":"publish","type":"product","link":"https:\/\/partsandpieces.nl\/de\/product\/greep-glanzend-chroom-ingelegd-met-zwarte-glitter-klein-107mm\/","title":{"rendered":"Griff aus gl\u00e4nzendem Chrom mit schwarzer Glitzereinlage, klein, 107 mm"},"content":{"rendered":"<p><strong>Griff aus gl\u00e4nzendem Chrom mit schwarzer Glitzereinlage, klein, 107 mm <\/strong>Kommt aus der Serie 550 der Luxuslinie von Giusti. Der gl\u00e4nzende Chromgriff ist mit schwarzen Epoxidharzteilen eingelegt, die Glitzer enthalten. Durch die Glitzerpartikel reflektiert der Griff das Licht wundersch\u00f6n.<\/p>\n<p>Dieser hochwertige Griff wird in Italien hergestellt.<\/p>\n<p><strong>Ma\u00dfe<br \/>\n<\/strong>Der quadratische Griff aus gl\u00e4nzendem Chrom mit eingelegtem schwarzem Glitzer ist klein (107 mm), 107 mm breit und 13 mm hoch. Nach der Installation steht dieser Griff 22 mm hervor. Die Bohrl\u00f6cher haben einen Abstand von 96 mm.<\/p>\n<p><strong>Bearbeiten<br \/>\n<\/strong>Sie k\u00f6nnen den Griff mit blind montieren\u00a0<span style=\"text-decoration: underline;\"><a href=\"https:\/\/partsandpieces.nl\/de\/produkt\/schraube-edelstahl-zur-blindmontage-von-mobelbeschlagen-45x4mm-20-stuck\/\">Edelstahlschraube zur Blindbefestigung von M\u00f6belbeschl\u00e4gen (45x4mm)<\/a><\/span>. Ich schicke diese Schrauben\u00a0<strong>FREI<\/strong>\u00a0mit Ihrer Bestellung.<\/p>","protected":false},"excerpt":{"rendered":"<p>Greep glanzend chroom ingelegd met zwarte glitter klein 107mm komt uit de serie 550 van de Luxury lijn van Giusti. De glanzend chrome greep is ingelegd met zwarte epoxy delen die glimmertje bevatten. Door de glitterdeeltjes weerkaatst de greep het licht prachtig. Deze kwalitatief uitstekende greep is gemaakt in Itali\u00eb. Afmetingen Greep vierkant glanzend chroom [&hellip;]<\/p>\n","protected":false},"featured_media":6084,"template":"","meta":{"_acf_changed":false},"product_brand":[],"product_cat":[41,23],"product_tag":[],"class_list":{"0":"post-889","1":"product","2":"type-product","3":"status-publish","4":"has-post-thumbnail","6":"product_cat-ladetrekkers","7":"product_cat-meubelbeslag","9":"first","10":"instock","11":"taxable","12":"shipping-taxable","13":"purchasable","14":"product-type-simple"},"acf":[],"yoast_head":"<!-- This site is optimized with the Yoast SEO plugin v27.3 - https:\/\/yoast.com\/product\/yoast-seo-wordpress\/ -->\n<title>Greep chroom zwart 96mm<\/title>\n<meta name=\"description\" content=\"Greep glanzend chroom ingelegd met zwarte glitter klein 107mm komt uit de Luxury lijn van Giusti. Door de toegevoegde glitters weerkaatst het licht mooi.\" \/>\n<meta name=\"robots\" content=\"index, follow, max-snippet:-1, max-image-preview:large, max-video-preview:-1\" \/>\n<link rel=\"canonical\" href=\"https:\/\/partsandpieces.nl\/de\/produkt\/griff-aus-glanzendem-chrom-mit-schwarzer-glitzereinlage-klein-107-mm\/\" \/>\n<meta property=\"og:locale\" content=\"de_DE\" \/>\n<meta property=\"og:type\" content=\"article\" \/>\n<meta property=\"og:title\" content=\"Greep chroom zwart 96mm\" \/>\n<meta property=\"og:description\" content=\"Greep glanzend chroom ingelegd met zwarte glitter klein 107mm komt uit de Luxury lijn van Giusti. Door de toegevoegde glitters weerkaatst het licht mooi.\" \/>\n<meta property=\"og:url\" content=\"https:\/\/partsandpieces.nl\/de\/produkt\/griff-aus-glanzendem-chrom-mit-schwarzer-glitzereinlage-klein-107-mm\/\" \/>\n<meta property=\"og:site_name\" content=\"Parts &amp; Pieces\" \/>\n<meta property=\"article:modified_time\" content=\"2024-11-26T11:08:57+00:00\" \/>\n<meta property=\"og:image\" content=\"https:\/\/partsandpieces.nl\/wp-content\/uploads\/2020\/07\/Greep-glanzend-chroom-ingelegd-met-zwarte-glitter-klein-107mm.jpg\" \/>\n\t<meta property=\"og:image:width\" content=\"459\" \/>\n\t<meta property=\"og:image:height\" content=\"458\" \/>\n\t<meta property=\"og:image:type\" content=\"image\/jpeg\" \/>\n<meta name=\"twitter:card\" content=\"summary_large_image\" \/>\n<meta name=\"twitter:label1\" content=\"Gesch\u00e4tzte Lesezeit\" \/>\n\t<meta name=\"twitter:data1\" content=\"1\u00a0Minute\" \/>\n<script type=\"application\/ld+json\" class=\"yoast-schema-graph\">{\"@context\":\"https:\\\/\\\/schema.org\",\"@graph\":[{\"@type\":\"WebPage\",\"@id\":\"https:\\\/\\\/partsandpieces.nl\\\/product\\\/greep-glanzend-chroom-ingelegd-met-zwarte-glitter-klein-107mm\\\/\",\"url\":\"https:\\\/\\\/partsandpieces.nl\\\/product\\\/greep-glanzend-chroom-ingelegd-met-zwarte-glitter-klein-107mm\\\/\",\"name\":\"Greep chroom zwart 96mm\",\"isPartOf\":{\"@id\":\"https:\\\/\\\/partsandpieces.nl\\\/#website\"},\"primaryImageOfPage\":{\"@id\":\"https:\\\/\\\/partsandpieces.nl\\\/product\\\/greep-glanzend-chroom-ingelegd-met-zwarte-glitter-klein-107mm\\\/#primaryimage\"},\"image\":{\"@id\":\"https:\\\/\\\/partsandpieces.nl\\\/product\\\/greep-glanzend-chroom-ingelegd-met-zwarte-glitter-klein-107mm\\\/#primaryimage\"},\"thumbnailUrl\":\"https:\\\/\\\/partsandpieces.nl\\\/wp-content\\\/uploads\\\/2020\\\/07\\\/Greep-glanzend-chroom-ingelegd-met-zwarte-glitter-klein-107mm.jpg\",\"datePublished\":\"2020-07-24T11:11:39+00:00\",\"dateModified\":\"2024-11-26T11:08:57+00:00\",\"description\":\"Greep glanzend chroom ingelegd met zwarte glitter klein 107mm komt uit de Luxury lijn van Giusti. Door de toegevoegde glitters weerkaatst het licht mooi.\",\"breadcrumb\":{\"@id\":\"https:\\\/\\\/partsandpieces.nl\\\/product\\\/greep-glanzend-chroom-ingelegd-met-zwarte-glitter-klein-107mm\\\/#breadcrumb\"},\"inLanguage\":\"de\",\"potentialAction\":[{\"@type\":\"ReadAction\",\"target\":[\"https:\\\/\\\/partsandpieces.nl\\\/product\\\/greep-glanzend-chroom-ingelegd-met-zwarte-glitter-klein-107mm\\\/\"]}]},{\"@type\":\"ImageObject\",\"inLanguage\":\"de\",\"@id\":\"https:\\\/\\\/partsandpieces.nl\\\/product\\\/greep-glanzend-chroom-ingelegd-met-zwarte-glitter-klein-107mm\\\/#primaryimage\",\"url\":\"https:\\\/\\\/partsandpieces.nl\\\/wp-content\\\/uploads\\\/2020\\\/07\\\/Greep-glanzend-chroom-ingelegd-met-zwarte-glitter-klein-107mm.jpg\",\"contentUrl\":\"https:\\\/\\\/partsandpieces.nl\\\/wp-content\\\/uploads\\\/2020\\\/07\\\/Greep-glanzend-chroom-ingelegd-met-zwarte-glitter-klein-107mm.jpg\",\"width\":459,\"height\":458,\"caption\":\"Greep glanzend chroom ingelegd met zwarte glitter klein 107mm\"},{\"@type\":\"BreadcrumbList\",\"@id\":\"https:\\\/\\\/partsandpieces.nl\\\/product\\\/greep-glanzend-chroom-ingelegd-met-zwarte-glitter-klein-107mm\\\/#breadcrumb\",\"itemListElement\":[{\"@type\":\"ListItem\",\"position\":1,\"name\":\"Home\",\"item\":\"https:\\\/\\\/partsandpieces.nl\\\/home\\\/\"},{\"@type\":\"ListItem\",\"position\":2,\"name\":\"Winkel\",\"item\":\"https:\\\/\\\/partsandpieces.nl\\\/winkel\\\/\"},{\"@type\":\"ListItem\",\"position\":3,\"name\":\"Greep glanzend chroom ingelegd met zwarte glitter klein 107mm\"}]},{\"@type\":\"WebSite\",\"@id\":\"https:\\\/\\\/partsandpieces.nl\\\/#website\",\"url\":\"https:\\\/\\\/partsandpieces.nl\\\/\",\"name\":\"Parts &amp; Pieces\",\"description\":\"Alles voor uw meubelrestauratie en -onderhoud!\",\"potentialAction\":[{\"@type\":\"SearchAction\",\"target\":{\"@type\":\"EntryPoint\",\"urlTemplate\":\"https:\\\/\\\/partsandpieces.nl\\\/?s={search_term_string}\"},\"query-input\":{\"@type\":\"PropertyValueSpecification\",\"valueRequired\":true,\"valueName\":\"search_term_string\"}}],\"inLanguage\":\"de\"}]}<\/script>\n<!-- \/ Yoast SEO plugin. -->","yoast_head_json":{"title":"Griff chromschwarz 96mm","description":"Der Griff aus gl\u00e4nzendem Chrom mit eingelegtem schwarzem Glitzer, klein, 107 mm, stammt aus der Luxuslinie von Giusti. Der hinzugef\u00fcgte Glitzer reflektiert das Licht wundersch\u00f6n.","robots":{"index":"index","follow":"follow","max-snippet":"max-snippet:-1","max-image-preview":"max-image-preview:large","max-video-preview":"max-video-preview:-1"},"canonical":"https:\/\/partsandpieces.nl\/de\/produkt\/griff-aus-glanzendem-chrom-mit-schwarzer-glitzereinlage-klein-107-mm\/","og_locale":"de_DE","og_type":"article","og_title":"Greep chroom zwart 96mm","og_description":"Greep glanzend chroom ingelegd met zwarte glitter klein 107mm komt uit de Luxury lijn van Giusti. Door de toegevoegde glitters weerkaatst het licht mooi.","og_url":"https:\/\/partsandpieces.nl\/de\/produkt\/griff-aus-glanzendem-chrom-mit-schwarzer-glitzereinlage-klein-107-mm\/","og_site_name":"Parts &amp; Pieces","article_modified_time":"2024-11-26T11:08:57+00:00","og_image":[{"width":459,"height":458,"url":"https:\/\/partsandpieces.nl\/wp-content\/uploads\/2020\/07\/Greep-glanzend-chroom-ingelegd-met-zwarte-glitter-klein-107mm.jpg","type":"image\/jpeg"}],"twitter_card":"summary_large_image","twitter_misc":{"Gesch\u00e4tzte Lesezeit":"1\u00a0Minute"},"schema":{"@context":"https:\/\/schema.org","@graph":[{"@type":"WebPage","@id":"https:\/\/partsandpieces.nl\/product\/greep-glanzend-chroom-ingelegd-met-zwarte-glitter-klein-107mm\/","url":"https:\/\/partsandpieces.nl\/product\/greep-glanzend-chroom-ingelegd-met-zwarte-glitter-klein-107mm\/","name":"Griff chromschwarz 96mm","isPartOf":{"@id":"https:\/\/partsandpieces.nl\/#website"},"primaryImageOfPage":{"@id":"https:\/\/partsandpieces.nl\/product\/greep-glanzend-chroom-ingelegd-met-zwarte-glitter-klein-107mm\/#primaryimage"},"image":{"@id":"https:\/\/partsandpieces.nl\/product\/greep-glanzend-chroom-ingelegd-met-zwarte-glitter-klein-107mm\/#primaryimage"},"thumbnailUrl":"https:\/\/partsandpieces.nl\/wp-content\/uploads\/2020\/07\/Greep-glanzend-chroom-ingelegd-met-zwarte-glitter-klein-107mm.jpg","datePublished":"2020-07-24T11:11:39+00:00","dateModified":"2024-11-26T11:08:57+00:00","description":"Der Griff aus gl\u00e4nzendem Chrom mit eingelegtem schwarzem Glitzer, klein, 107 mm, stammt aus der Luxuslinie von Giusti. Der hinzugef\u00fcgte Glitzer reflektiert das Licht wundersch\u00f6n.","breadcrumb":{"@id":"https:\/\/partsandpieces.nl\/product\/greep-glanzend-chroom-ingelegd-met-zwarte-glitter-klein-107mm\/#breadcrumb"},"inLanguage":"de","potentialAction":[{"@type":"ReadAction","target":["https:\/\/partsandpieces.nl\/product\/greep-glanzend-chroom-ingelegd-met-zwarte-glitter-klein-107mm\/"]}]},{"@type":"ImageObject","inLanguage":"de","@id":"https:\/\/partsandpieces.nl\/product\/greep-glanzend-chroom-ingelegd-met-zwarte-glitter-klein-107mm\/#primaryimage","url":"https:\/\/partsandpieces.nl\/wp-content\/uploads\/2020\/07\/Greep-glanzend-chroom-ingelegd-met-zwarte-glitter-klein-107mm.jpg","contentUrl":"https:\/\/partsandpieces.nl\/wp-content\/uploads\/2020\/07\/Greep-glanzend-chroom-ingelegd-met-zwarte-glitter-klein-107mm.jpg","width":459,"height":458,"caption":"Greep glanzend chroom ingelegd met zwarte glitter klein 107mm"},{"@type":"BreadcrumbList","@id":"https:\/\/partsandpieces.nl\/product\/greep-glanzend-chroom-ingelegd-met-zwarte-glitter-klein-107mm\/#breadcrumb","itemListElement":[{"@type":"ListItem","position":1,"name":"Home","item":"https:\/\/partsandpieces.nl\/home\/"},{"@type":"ListItem","position":2,"name":"Winkel","item":"https:\/\/partsandpieces.nl\/winkel\/"},{"@type":"ListItem","position":3,"name":"Greep glanzend chroom ingelegd met zwarte glitter klein 107mm"}]},{"@type":"WebSite","@id":"https:\/\/partsandpieces.nl\/#website","url":"https:\/\/partsandpieces.nl\/","name":"Teile &amp; St\u00fccke","description":"Alles f\u00fcr Ihre M\u00f6belrestaurierung und -pflege!","potentialAction":[{"@type":"SearchAction","target":{"@type":"EntryPoint","urlTemplate":"https:\/\/partsandpieces.nl\/?s={search_term_string}"},"query-input":{"@type":"PropertyValueSpecification","valueRequired":true,"valueName":"search_term_string"}}],"inLanguage":"de"}]}},"_links":{"self":[{"href":"https:\/\/partsandpieces.nl\/de\/wp-json\/wp\/v2\/product\/889","targetHints":{"allow":["GET"]}}],"collection":[{"href":"https:\/\/partsandpieces.nl\/de\/wp-json\/wp\/v2\/product"}],"about":[{"href":"https:\/\/partsandpieces.nl\/de\/wp-json\/wp\/v2\/types\/product"}],"wp:featuredmedia":[{"embeddable":true,"href":"https:\/\/partsandpieces.nl\/de\/wp-json\/wp\/v2\/media\/6084"}],"wp:attachment":[{"href":"https:\/\/partsandpieces.nl\/de\/wp-json\/wp\/v2\/media?parent=889"}],"wp:term":[{"taxonomy":"product_brand","embeddable":true,"href":"https:\/\/partsandpieces.nl\/de\/wp-json\/wp\/v2\/product_brand?post=889"},{"taxonomy":"product_cat","embeddable":true,"href":"https:\/\/partsandpieces.nl\/de\/wp-json\/wp\/v2\/product_cat?post=889"},{"taxonomy":"product_tag","embeddable":true,"href":"https:\/\/partsandpieces.nl\/de\/wp-json\/wp\/v2\/product_tag?post=889"}],"curies":[{"name":"wp","href":"https:\/\/api.w.org\/{rel}","templated":true}]}}