{"id":891,"date":"2020-07-24T11:19:54","date_gmt":"2020-07-24T11:19:54","guid":{"rendered":"https:\/\/partsandpieces.bonsaidev.nl\/?product=greep-chr-black-glitter-49x49mm"},"modified":"2024-11-26T12:07:38","modified_gmt":"2024-11-26T11:07:38","slug":"quadratischer-griff-aus-glanzendem-chrom-mit-schwarzer-glitzereinlage-gros-49-mm","status":"publish","type":"product","link":"https:\/\/partsandpieces.nl\/de\/product\/greep-vierkant-glanzend-chroom-ingelegd-met-zwarte-glitter-groot-49mm\/","title":{"rendered":"Griff quadratisch, gl\u00e4nzendes Chrom, eingelegt mit schwarzem Glitzer, gro\u00df, 49 mm"},"content":{"rendered":"<p><strong>Griff quadratisch, gl\u00e4nzendes Chrom, eingelegt mit schwarzem Glitzer, gro\u00df, 49 mm<\/strong> Kommt aus der Serie 550 der Luxuslinie von Giusti. Der gl\u00e4nzende Chromgriff ist mit schwarzen Epoxidharzteilen eingelegt, die Glitzer enthalten. Durch die Glitzerpartikel reflektiert der Griff das Licht wundersch\u00f6n.<\/p>\n<p>Dieser hochwertige Griff wird in Italien hergestellt.<\/p>\n<p><strong>Ma\u00dfe<br \/>\n<\/strong>Quadratischer Griff aus gl\u00e4nzendem Chrom mit eingelegtem schwarzem Glitzer, gro\u00df (49 mm) ist 49 x 49 mm gro\u00df. Nach der Installation steht dieser Griff 24 mm hervor. Die Bohrl\u00f6cher haben einen Abstand von 32 mm.<\/p>\n<p><strong>Bearbeiten<br \/>\n<\/strong>Sie k\u00f6nnen den Griff mit blind montieren\u00a0<span style=\"text-decoration: underline;\"><a href=\"https:\/\/partsandpieces.nl\/de\/produkt\/schraube-edelstahl-zur-blindmontage-von-mobelbeschlagen-45x4mm-20-stuck\/\">Edelstahlschraube zur Blindbefestigung von M\u00f6belbeschl\u00e4gen (45x4mm)<\/a><\/span>. Ich schicke diese Schrauben\u00a0<strong>FREI<\/strong>\u00a0mit Ihrer Bestellung.<\/p>","protected":false},"excerpt":{"rendered":"<p>Greep vierkant glanzend chroom ingelegd met zwarte glitter groot 49mm komt uit de serie 550 van de Luxury lijn van Giusti. De glanzend chrome greep is ingelegd met zwarte epoxy delen die glimmertje bevatten. Door de glitterdeeltjes weerkaatst de greep het licht prachtig. Deze kwalitatief uitstekende greep is gemaakt in Itali\u00eb. Afmetingen Greep vierkant glanzend [&hellip;]<\/p>\n","protected":false},"featured_media":6081,"template":"","meta":{"_acf_changed":false},"product_brand":[],"product_cat":[41,23],"product_tag":[],"class_list":{"0":"post-891","1":"product","2":"type-product","3":"status-publish","4":"has-post-thumbnail","6":"product_cat-ladetrekkers","7":"product_cat-meubelbeslag","9":"first","10":"instock","11":"taxable","12":"shipping-taxable","13":"purchasable","14":"product-type-simple"},"acf":[],"yoast_head":"<!-- This site is optimized with the Yoast SEO plugin v27.3 - https:\/\/yoast.com\/product\/yoast-seo-wordpress\/ -->\n<title>Greep vierkant zwart groot<\/title>\n<meta name=\"description\" content=\"Greep vierkant glanzend chroom ingelegd met zwarte glitter groot 49mm komt uit de serie 550 van de Luxury lijn van Giusti.\" \/>\n<meta name=\"robots\" content=\"index, follow, max-snippet:-1, max-image-preview:large, max-video-preview:-1\" \/>\n<link rel=\"canonical\" href=\"https:\/\/partsandpieces.nl\/de\/produkt\/quadratischer-griff-aus-glanzendem-chrom-mit-schwarzer-glitzereinlage-gros-49-mm\/\" \/>\n<meta property=\"og:locale\" content=\"de_DE\" \/>\n<meta property=\"og:type\" content=\"article\" \/>\n<meta property=\"og:title\" content=\"Greep vierkant zwart groot\" \/>\n<meta property=\"og:description\" content=\"Greep vierkant glanzend chroom ingelegd met zwarte glitter groot 49mm komt uit de serie 550 van de Luxury lijn van Giusti.\" \/>\n<meta property=\"og:url\" content=\"https:\/\/partsandpieces.nl\/de\/produkt\/quadratischer-griff-aus-glanzendem-chrom-mit-schwarzer-glitzereinlage-gros-49-mm\/\" \/>\n<meta property=\"og:site_name\" content=\"Parts &amp; Pieces\" \/>\n<meta property=\"article:modified_time\" content=\"2024-11-26T11:07:38+00:00\" \/>\n<meta property=\"og:image\" content=\"https:\/\/partsandpieces.nl\/wp-content\/uploads\/2020\/07\/Greep-vierkant-glanzend-chroom-ingelegd-met-zwarte-glitter-groot-49mm.jpg\" \/>\n\t<meta property=\"og:image:width\" content=\"480\" \/>\n\t<meta property=\"og:image:height\" content=\"481\" \/>\n\t<meta property=\"og:image:type\" content=\"image\/jpeg\" \/>\n<meta name=\"twitter:card\" content=\"summary_large_image\" \/>\n<meta name=\"twitter:label1\" content=\"Gesch\u00e4tzte Lesezeit\" \/>\n\t<meta name=\"twitter:data1\" content=\"1\u00a0Minute\" \/>\n<script type=\"application\/ld+json\" class=\"yoast-schema-graph\">{\"@context\":\"https:\\\/\\\/schema.org\",\"@graph\":[{\"@type\":\"WebPage\",\"@id\":\"https:\\\/\\\/partsandpieces.nl\\\/product\\\/greep-vierkant-glanzend-chroom-ingelegd-met-zwarte-glitter-groot-49mm\\\/\",\"url\":\"https:\\\/\\\/partsandpieces.nl\\\/product\\\/greep-vierkant-glanzend-chroom-ingelegd-met-zwarte-glitter-groot-49mm\\\/\",\"name\":\"Greep vierkant zwart groot\",\"isPartOf\":{\"@id\":\"https:\\\/\\\/partsandpieces.nl\\\/#website\"},\"primaryImageOfPage\":{\"@id\":\"https:\\\/\\\/partsandpieces.nl\\\/product\\\/greep-vierkant-glanzend-chroom-ingelegd-met-zwarte-glitter-groot-49mm\\\/#primaryimage\"},\"image\":{\"@id\":\"https:\\\/\\\/partsandpieces.nl\\\/product\\\/greep-vierkant-glanzend-chroom-ingelegd-met-zwarte-glitter-groot-49mm\\\/#primaryimage\"},\"thumbnailUrl\":\"https:\\\/\\\/partsandpieces.nl\\\/wp-content\\\/uploads\\\/2020\\\/07\\\/Greep-vierkant-glanzend-chroom-ingelegd-met-zwarte-glitter-groot-49mm.jpg\",\"datePublished\":\"2020-07-24T11:19:54+00:00\",\"dateModified\":\"2024-11-26T11:07:38+00:00\",\"description\":\"Greep vierkant glanzend chroom ingelegd met zwarte glitter groot 49mm komt uit de serie 550 van de Luxury lijn van Giusti.\",\"breadcrumb\":{\"@id\":\"https:\\\/\\\/partsandpieces.nl\\\/product\\\/greep-vierkant-glanzend-chroom-ingelegd-met-zwarte-glitter-groot-49mm\\\/#breadcrumb\"},\"inLanguage\":\"de\",\"potentialAction\":[{\"@type\":\"ReadAction\",\"target\":[\"https:\\\/\\\/partsandpieces.nl\\\/product\\\/greep-vierkant-glanzend-chroom-ingelegd-met-zwarte-glitter-groot-49mm\\\/\"]}]},{\"@type\":\"ImageObject\",\"inLanguage\":\"de\",\"@id\":\"https:\\\/\\\/partsandpieces.nl\\\/product\\\/greep-vierkant-glanzend-chroom-ingelegd-met-zwarte-glitter-groot-49mm\\\/#primaryimage\",\"url\":\"https:\\\/\\\/partsandpieces.nl\\\/wp-content\\\/uploads\\\/2020\\\/07\\\/Greep-vierkant-glanzend-chroom-ingelegd-met-zwarte-glitter-groot-49mm.jpg\",\"contentUrl\":\"https:\\\/\\\/partsandpieces.nl\\\/wp-content\\\/uploads\\\/2020\\\/07\\\/Greep-vierkant-glanzend-chroom-ingelegd-met-zwarte-glitter-groot-49mm.jpg\",\"width\":480,\"height\":481,\"caption\":\"Greep vierkant glanzend chroom ingelegd met zwarte glitter groot 49mm\"},{\"@type\":\"BreadcrumbList\",\"@id\":\"https:\\\/\\\/partsandpieces.nl\\\/product\\\/greep-vierkant-glanzend-chroom-ingelegd-met-zwarte-glitter-groot-49mm\\\/#breadcrumb\",\"itemListElement\":[{\"@type\":\"ListItem\",\"position\":1,\"name\":\"Home\",\"item\":\"https:\\\/\\\/partsandpieces.nl\\\/home\\\/\"},{\"@type\":\"ListItem\",\"position\":2,\"name\":\"Winkel\",\"item\":\"https:\\\/\\\/partsandpieces.nl\\\/winkel\\\/\"},{\"@type\":\"ListItem\",\"position\":3,\"name\":\"Greep vierkant glanzend chroom ingelegd met zwarte glitter groot 49mm\"}]},{\"@type\":\"WebSite\",\"@id\":\"https:\\\/\\\/partsandpieces.nl\\\/#website\",\"url\":\"https:\\\/\\\/partsandpieces.nl\\\/\",\"name\":\"Parts &amp; Pieces\",\"description\":\"Alles voor uw meubelrestauratie en -onderhoud!\",\"potentialAction\":[{\"@type\":\"SearchAction\",\"target\":{\"@type\":\"EntryPoint\",\"urlTemplate\":\"https:\\\/\\\/partsandpieces.nl\\\/?s={search_term_string}\"},\"query-input\":{\"@type\":\"PropertyValueSpecification\",\"valueRequired\":true,\"valueName\":\"search_term_string\"}}],\"inLanguage\":\"de\"}]}<\/script>\n<!-- \/ Yoast SEO plugin. -->","yoast_head_json":{"title":"Griff quadratisch schwarz gro\u00df","description":"Der quadratische Griff aus gl\u00e4nzendem Chrom mit eingelegtem schwarzem Glitzer, gro\u00df, 49 mm, stammt aus der 550er-Serie der Luxuslinie von Giusti.","robots":{"index":"index","follow":"follow","max-snippet":"max-snippet:-1","max-image-preview":"max-image-preview:large","max-video-preview":"max-video-preview:-1"},"canonical":"https:\/\/partsandpieces.nl\/de\/produkt\/quadratischer-griff-aus-glanzendem-chrom-mit-schwarzer-glitzereinlage-gros-49-mm\/","og_locale":"de_DE","og_type":"article","og_title":"Greep vierkant zwart groot","og_description":"Greep vierkant glanzend chroom ingelegd met zwarte glitter groot 49mm komt uit de serie 550 van de Luxury lijn van Giusti.","og_url":"https:\/\/partsandpieces.nl\/de\/produkt\/quadratischer-griff-aus-glanzendem-chrom-mit-schwarzer-glitzereinlage-gros-49-mm\/","og_site_name":"Parts &amp; Pieces","article_modified_time":"2024-11-26T11:07:38+00:00","og_image":[{"width":480,"height":481,"url":"https:\/\/partsandpieces.nl\/wp-content\/uploads\/2020\/07\/Greep-vierkant-glanzend-chroom-ingelegd-met-zwarte-glitter-groot-49mm.jpg","type":"image\/jpeg"}],"twitter_card":"summary_large_image","twitter_misc":{"Gesch\u00e4tzte Lesezeit":"1\u00a0Minute"},"schema":{"@context":"https:\/\/schema.org","@graph":[{"@type":"WebPage","@id":"https:\/\/partsandpieces.nl\/product\/greep-vierkant-glanzend-chroom-ingelegd-met-zwarte-glitter-groot-49mm\/","url":"https:\/\/partsandpieces.nl\/product\/greep-vierkant-glanzend-chroom-ingelegd-met-zwarte-glitter-groot-49mm\/","name":"Griff quadratisch schwarz gro\u00df","isPartOf":{"@id":"https:\/\/partsandpieces.nl\/#website"},"primaryImageOfPage":{"@id":"https:\/\/partsandpieces.nl\/product\/greep-vierkant-glanzend-chroom-ingelegd-met-zwarte-glitter-groot-49mm\/#primaryimage"},"image":{"@id":"https:\/\/partsandpieces.nl\/product\/greep-vierkant-glanzend-chroom-ingelegd-met-zwarte-glitter-groot-49mm\/#primaryimage"},"thumbnailUrl":"https:\/\/partsandpieces.nl\/wp-content\/uploads\/2020\/07\/Greep-vierkant-glanzend-chroom-ingelegd-met-zwarte-glitter-groot-49mm.jpg","datePublished":"2020-07-24T11:19:54+00:00","dateModified":"2024-11-26T11:07:38+00:00","description":"Der quadratische Griff aus gl\u00e4nzendem Chrom mit eingelegtem schwarzem Glitzer, gro\u00df, 49 mm, stammt aus der 550er-Serie der Luxuslinie von Giusti.","breadcrumb":{"@id":"https:\/\/partsandpieces.nl\/product\/greep-vierkant-glanzend-chroom-ingelegd-met-zwarte-glitter-groot-49mm\/#breadcrumb"},"inLanguage":"de","potentialAction":[{"@type":"ReadAction","target":["https:\/\/partsandpieces.nl\/product\/greep-vierkant-glanzend-chroom-ingelegd-met-zwarte-glitter-groot-49mm\/"]}]},{"@type":"ImageObject","inLanguage":"de","@id":"https:\/\/partsandpieces.nl\/product\/greep-vierkant-glanzend-chroom-ingelegd-met-zwarte-glitter-groot-49mm\/#primaryimage","url":"https:\/\/partsandpieces.nl\/wp-content\/uploads\/2020\/07\/Greep-vierkant-glanzend-chroom-ingelegd-met-zwarte-glitter-groot-49mm.jpg","contentUrl":"https:\/\/partsandpieces.nl\/wp-content\/uploads\/2020\/07\/Greep-vierkant-glanzend-chroom-ingelegd-met-zwarte-glitter-groot-49mm.jpg","width":480,"height":481,"caption":"Greep vierkant glanzend chroom ingelegd met zwarte glitter groot 49mm"},{"@type":"BreadcrumbList","@id":"https:\/\/partsandpieces.nl\/product\/greep-vierkant-glanzend-chroom-ingelegd-met-zwarte-glitter-groot-49mm\/#breadcrumb","itemListElement":[{"@type":"ListItem","position":1,"name":"Home","item":"https:\/\/partsandpieces.nl\/home\/"},{"@type":"ListItem","position":2,"name":"Winkel","item":"https:\/\/partsandpieces.nl\/winkel\/"},{"@type":"ListItem","position":3,"name":"Greep vierkant glanzend chroom ingelegd met zwarte glitter groot 49mm"}]},{"@type":"WebSite","@id":"https:\/\/partsandpieces.nl\/#website","url":"https:\/\/partsandpieces.nl\/","name":"Teile &amp; St\u00fccke","description":"Alles f\u00fcr Ihre M\u00f6belrestaurierung und -pflege!","potentialAction":[{"@type":"SearchAction","target":{"@type":"EntryPoint","urlTemplate":"https:\/\/partsandpieces.nl\/?s={search_term_string}"},"query-input":{"@type":"PropertyValueSpecification","valueRequired":true,"valueName":"search_term_string"}}],"inLanguage":"de"}]}},"_links":{"self":[{"href":"https:\/\/partsandpieces.nl\/de\/wp-json\/wp\/v2\/product\/891","targetHints":{"allow":["GET"]}}],"collection":[{"href":"https:\/\/partsandpieces.nl\/de\/wp-json\/wp\/v2\/product"}],"about":[{"href":"https:\/\/partsandpieces.nl\/de\/wp-json\/wp\/v2\/types\/product"}],"wp:featuredmedia":[{"embeddable":true,"href":"https:\/\/partsandpieces.nl\/de\/wp-json\/wp\/v2\/media\/6081"}],"wp:attachment":[{"href":"https:\/\/partsandpieces.nl\/de\/wp-json\/wp\/v2\/media?parent=891"}],"wp:term":[{"taxonomy":"product_brand","embeddable":true,"href":"https:\/\/partsandpieces.nl\/de\/wp-json\/wp\/v2\/product_brand?post=891"},{"taxonomy":"product_cat","embeddable":true,"href":"https:\/\/partsandpieces.nl\/de\/wp-json\/wp\/v2\/product_cat?post=891"},{"taxonomy":"product_tag","embeddable":true,"href":"https:\/\/partsandpieces.nl\/de\/wp-json\/wp\/v2\/product_tag?post=891"}],"curies":[{"name":"wp","href":"https:\/\/api.w.org\/{rel}","templated":true}]}}