{"id":9073,"date":"2024-06-12T13:26:41","date_gmt":"2024-06-12T11:26:41","guid":{"rendered":"https:\/\/partsandpieces.nl\/?post_type=product&#038;p=9073"},"modified":"2026-03-13T17:36:23","modified_gmt":"2026-03-13T16:36:23","slug":"ringgriff-messing-antik-mitte-47mm-2","status":"publish","type":"product","link":"https:\/\/partsandpieces.nl\/de\/product\/ringgreep-messing-antiek-midden-47mm-2\/","title":{"rendered":"Ringgriff Messing antik, Mitte 47 mm"},"content":{"rendered":"<p><strong>Ringgriff Messing antik, Mitte 47 mm<\/strong> ist ein mittelgro\u00dfer Ringgriff in Ringform mit R\u00fcckplatte. Die R\u00fcckplatte ist in der Mitte mit einem Blumenmuster verziert. Der Griff besteht aus Zamak* mit Messingfinish. Dieser Ringgriff passt gut zu Ihrem antiken oder klassischen M\u00f6belst\u00fcck.<\/p>\n<p>Dieser hochwertige Ringgriff wird in Italien hergestellt.<\/p>\n<p><strong>Ma\u00dfe<br \/>\n<\/strong>Der Ringgriff Messing antik Mitte 47 mm hat einen Durchmesser von 47 mm. Nach der Installation steht dieser Ringgriff 8 mm hervor. Der Zugring hat einen Durchmesser von 39 mm.<\/p>\n<p><strong>Bearbeiten<br \/>\n<\/strong>Sie k\u00f6nnen den Ringgriff mit blind montieren <span style=\"text-decoration: underline;\"><a href=\"https:\/\/partsandpieces.nl\/de\/produkt\/schraube-edelstahl-zur-blindmontage-von-mobelbeschlagen-45x4mm-20-stuck\/\">Edelstahlschraube zur Blindbefestigung von M\u00f6belbeschl\u00e4gen (45x4mm)<\/a><\/span>. Ich schicke diese Schraube <strong>FREI<\/strong> mit Ihrer Bestellung.<\/p>\n<p>* Zamak ist eine Legierung mit Zink als Hauptbestandteil. Es hat einen relativ niedrigen Schmelzpunkt und ist leicht zu gie\u00dfen. Der Name ist ein Akronym, abgeleitet von den Anfangsbuchstaben der deutschen Bezeichnungen f\u00fcr die Metalle, aus denen sich der Werkstoff zusammensetzt: Zink, Aluminium, MAGnesium, Kupfer. Zamak wird in der Auto- und M\u00f6belindustrie f\u00fcr T\u00fcrgriffe, Griffe, Logos und Zierleisten verwendet. Es wird auch h\u00e4ufig als Ersatz f\u00fcr das giftige Blei verwendet.<\/p>","protected":false},"excerpt":{"rendered":"<p>Ringgreep Messing antiek midden 47mm is een middelgrote ringgreep in de vorm van een ring met een achterplaat. In het midden is het achterplaatje versierd met een bloemmotief. De greep is gemaakt van zamak* met een messing finish. Deze ringgreep past goed op je antieke of klassieke meubelstuk. Deze kwalitatief uitstekende ringgreep is gemaakt in [&hellip;]<\/p>\n","protected":false},"featured_media":9074,"template":"","meta":{"_acf_changed":false},"product_brand":[],"product_cat":[41,23,44],"product_tag":[],"class_list":{"0":"post-9073","1":"product","2":"type-product","3":"status-publish","4":"has-post-thumbnail","6":"product_cat-ladetrekkers","7":"product_cat-meubelbeslag","8":"product_cat-ringbeslag","10":"first","11":"instock","12":"taxable","13":"shipping-taxable","14":"purchasable","15":"product-type-simple"},"acf":[],"yoast_head":"<!-- This site is optimized with the Yoast SEO plugin v27.3 - https:\/\/yoast.com\/product\/yoast-seo-wordpress\/ -->\n<title>Ringgreep Messing antiek 47mm<\/title>\n<meta name=\"description\" content=\"Ringgreep Messing antiek midden 47mm is een middelgrote ringgreep in de vorm van een ring met een achterplaat. De greep heeft een messing finish.\" \/>\n<meta name=\"robots\" content=\"index, follow, max-snippet:-1, max-image-preview:large, max-video-preview:-1\" \/>\n<link rel=\"canonical\" href=\"https:\/\/partsandpieces.nl\/de\/produkt\/ringgriff-messing-antik-mitte-47mm-2\/\" \/>\n<meta property=\"og:locale\" content=\"de_DE\" \/>\n<meta property=\"og:type\" content=\"article\" \/>\n<meta property=\"og:title\" content=\"Ringgreep Messing antiek 47mm\" \/>\n<meta property=\"og:description\" content=\"Ringgreep Messing antiek midden 47mm is een middelgrote ringgreep in de vorm van een ring met een achterplaat. De greep heeft een messing finish.\" \/>\n<meta property=\"og:url\" content=\"https:\/\/partsandpieces.nl\/de\/produkt\/ringgriff-messing-antik-mitte-47mm-2\/\" \/>\n<meta property=\"og:site_name\" content=\"Parts &amp; Pieces\" \/>\n<meta property=\"article:modified_time\" content=\"2026-03-13T16:36:23+00:00\" \/>\n<meta property=\"og:image\" content=\"https:\/\/partsandpieces.nl\/wp-content\/uploads\/2024\/06\/Ringgreep-Messing-antiek-midden-47mm.jpg\" \/>\n\t<meta property=\"og:image:width\" content=\"405\" \/>\n\t<meta property=\"og:image:height\" content=\"402\" \/>\n\t<meta property=\"og:image:type\" content=\"image\/jpeg\" \/>\n<meta name=\"twitter:card\" content=\"summary_large_image\" \/>\n<meta name=\"twitter:label1\" content=\"Gesch\u00e4tzte Lesezeit\" \/>\n\t<meta name=\"twitter:data1\" content=\"1\u00a0Minute\" \/>\n<script type=\"application\/ld+json\" class=\"yoast-schema-graph\">{\"@context\":\"https:\\\/\\\/schema.org\",\"@graph\":[{\"@type\":\"WebPage\",\"@id\":\"https:\\\/\\\/partsandpieces.nl\\\/product\\\/ringgreep-messing-antiek-midden-47mm-2\\\/\",\"url\":\"https:\\\/\\\/partsandpieces.nl\\\/product\\\/ringgreep-messing-antiek-midden-47mm-2\\\/\",\"name\":\"Ringgreep Messing antiek 47mm\",\"isPartOf\":{\"@id\":\"https:\\\/\\\/partsandpieces.nl\\\/#website\"},\"primaryImageOfPage\":{\"@id\":\"https:\\\/\\\/partsandpieces.nl\\\/product\\\/ringgreep-messing-antiek-midden-47mm-2\\\/#primaryimage\"},\"image\":{\"@id\":\"https:\\\/\\\/partsandpieces.nl\\\/product\\\/ringgreep-messing-antiek-midden-47mm-2\\\/#primaryimage\"},\"thumbnailUrl\":\"https:\\\/\\\/partsandpieces.nl\\\/wp-content\\\/uploads\\\/2024\\\/06\\\/Ringgreep-Messing-antiek-midden-47mm.jpg\",\"datePublished\":\"2024-06-12T11:26:41+00:00\",\"dateModified\":\"2026-03-13T16:36:23+00:00\",\"description\":\"Ringgreep Messing antiek midden 47mm is een middelgrote ringgreep in de vorm van een ring met een achterplaat. De greep heeft een messing finish.\",\"breadcrumb\":{\"@id\":\"https:\\\/\\\/partsandpieces.nl\\\/product\\\/ringgreep-messing-antiek-midden-47mm-2\\\/#breadcrumb\"},\"inLanguage\":\"de\",\"potentialAction\":[{\"@type\":\"ReadAction\",\"target\":[\"https:\\\/\\\/partsandpieces.nl\\\/product\\\/ringgreep-messing-antiek-midden-47mm-2\\\/\"]}]},{\"@type\":\"ImageObject\",\"inLanguage\":\"de\",\"@id\":\"https:\\\/\\\/partsandpieces.nl\\\/product\\\/ringgreep-messing-antiek-midden-47mm-2\\\/#primaryimage\",\"url\":\"https:\\\/\\\/partsandpieces.nl\\\/wp-content\\\/uploads\\\/2024\\\/06\\\/Ringgreep-Messing-antiek-midden-47mm.jpg\",\"contentUrl\":\"https:\\\/\\\/partsandpieces.nl\\\/wp-content\\\/uploads\\\/2024\\\/06\\\/Ringgreep-Messing-antiek-midden-47mm.jpg\",\"width\":405,\"height\":402,\"caption\":\"Ringgreep Messing antiek midden 47mm\"},{\"@type\":\"BreadcrumbList\",\"@id\":\"https:\\\/\\\/partsandpieces.nl\\\/product\\\/ringgreep-messing-antiek-midden-47mm-2\\\/#breadcrumb\",\"itemListElement\":[{\"@type\":\"ListItem\",\"position\":1,\"name\":\"Home\",\"item\":\"https:\\\/\\\/partsandpieces.nl\\\/home\\\/\"},{\"@type\":\"ListItem\",\"position\":2,\"name\":\"Winkel\",\"item\":\"https:\\\/\\\/partsandpieces.nl\\\/winkel\\\/\"},{\"@type\":\"ListItem\",\"position\":3,\"name\":\"Ringgreep Messing antiek midden 47mm\"}]},{\"@type\":\"WebSite\",\"@id\":\"https:\\\/\\\/partsandpieces.nl\\\/#website\",\"url\":\"https:\\\/\\\/partsandpieces.nl\\\/\",\"name\":\"Parts &amp; Pieces\",\"description\":\"Alles voor uw meubelrestauratie en -onderhoud!\",\"potentialAction\":[{\"@type\":\"SearchAction\",\"target\":{\"@type\":\"EntryPoint\",\"urlTemplate\":\"https:\\\/\\\/partsandpieces.nl\\\/?s={search_term_string}\"},\"query-input\":{\"@type\":\"PropertyValueSpecification\",\"valueRequired\":true,\"valueName\":\"search_term_string\"}}],\"inLanguage\":\"de\"}]}<\/script>\n<!-- \/ Yoast SEO plugin. -->","yoast_head_json":{"title":"Ringgriff Messing antik 47mm","description":"Ringgriff Messing antik Mitte 47 mm ist ein mittelgro\u00dfer Ringgriff in Form eines Rings mit einer R\u00fcckplatte. Der Griff hat eine Messingoberfl\u00e4che.","robots":{"index":"index","follow":"follow","max-snippet":"max-snippet:-1","max-image-preview":"max-image-preview:large","max-video-preview":"max-video-preview:-1"},"canonical":"https:\/\/partsandpieces.nl\/de\/produkt\/ringgriff-messing-antik-mitte-47mm-2\/","og_locale":"de_DE","og_type":"article","og_title":"Ringgreep Messing antiek 47mm","og_description":"Ringgreep Messing antiek midden 47mm is een middelgrote ringgreep in de vorm van een ring met een achterplaat. De greep heeft een messing finish.","og_url":"https:\/\/partsandpieces.nl\/de\/produkt\/ringgriff-messing-antik-mitte-47mm-2\/","og_site_name":"Parts &amp; Pieces","article_modified_time":"2026-03-13T16:36:23+00:00","og_image":[{"width":405,"height":402,"url":"https:\/\/partsandpieces.nl\/wp-content\/uploads\/2024\/06\/Ringgreep-Messing-antiek-midden-47mm.jpg","type":"image\/jpeg"}],"twitter_card":"summary_large_image","twitter_misc":{"Gesch\u00e4tzte Lesezeit":"1\u00a0Minute"},"schema":{"@context":"https:\/\/schema.org","@graph":[{"@type":"WebPage","@id":"https:\/\/partsandpieces.nl\/product\/ringgreep-messing-antiek-midden-47mm-2\/","url":"https:\/\/partsandpieces.nl\/product\/ringgreep-messing-antiek-midden-47mm-2\/","name":"Ringgriff Messing antik 47mm","isPartOf":{"@id":"https:\/\/partsandpieces.nl\/#website"},"primaryImageOfPage":{"@id":"https:\/\/partsandpieces.nl\/product\/ringgreep-messing-antiek-midden-47mm-2\/#primaryimage"},"image":{"@id":"https:\/\/partsandpieces.nl\/product\/ringgreep-messing-antiek-midden-47mm-2\/#primaryimage"},"thumbnailUrl":"https:\/\/partsandpieces.nl\/wp-content\/uploads\/2024\/06\/Ringgreep-Messing-antiek-midden-47mm.jpg","datePublished":"2024-06-12T11:26:41+00:00","dateModified":"2026-03-13T16:36:23+00:00","description":"Ringgriff Messing antik Mitte 47 mm ist ein mittelgro\u00dfer Ringgriff in Form eines Rings mit einer R\u00fcckplatte. Der Griff hat eine Messingoberfl\u00e4che.","breadcrumb":{"@id":"https:\/\/partsandpieces.nl\/product\/ringgreep-messing-antiek-midden-47mm-2\/#breadcrumb"},"inLanguage":"de","potentialAction":[{"@type":"ReadAction","target":["https:\/\/partsandpieces.nl\/product\/ringgreep-messing-antiek-midden-47mm-2\/"]}]},{"@type":"ImageObject","inLanguage":"de","@id":"https:\/\/partsandpieces.nl\/product\/ringgreep-messing-antiek-midden-47mm-2\/#primaryimage","url":"https:\/\/partsandpieces.nl\/wp-content\/uploads\/2024\/06\/Ringgreep-Messing-antiek-midden-47mm.jpg","contentUrl":"https:\/\/partsandpieces.nl\/wp-content\/uploads\/2024\/06\/Ringgreep-Messing-antiek-midden-47mm.jpg","width":405,"height":402,"caption":"Ringgreep Messing antiek midden 47mm"},{"@type":"BreadcrumbList","@id":"https:\/\/partsandpieces.nl\/product\/ringgreep-messing-antiek-midden-47mm-2\/#breadcrumb","itemListElement":[{"@type":"ListItem","position":1,"name":"Home","item":"https:\/\/partsandpieces.nl\/home\/"},{"@type":"ListItem","position":2,"name":"Winkel","item":"https:\/\/partsandpieces.nl\/winkel\/"},{"@type":"ListItem","position":3,"name":"Ringgreep Messing antiek midden 47mm"}]},{"@type":"WebSite","@id":"https:\/\/partsandpieces.nl\/#website","url":"https:\/\/partsandpieces.nl\/","name":"Teile &amp; St\u00fccke","description":"Alles f\u00fcr Ihre M\u00f6belrestaurierung und -pflege!","potentialAction":[{"@type":"SearchAction","target":{"@type":"EntryPoint","urlTemplate":"https:\/\/partsandpieces.nl\/?s={search_term_string}"},"query-input":{"@type":"PropertyValueSpecification","valueRequired":true,"valueName":"search_term_string"}}],"inLanguage":"de"}]}},"_links":{"self":[{"href":"https:\/\/partsandpieces.nl\/de\/wp-json\/wp\/v2\/product\/9073","targetHints":{"allow":["GET"]}}],"collection":[{"href":"https:\/\/partsandpieces.nl\/de\/wp-json\/wp\/v2\/product"}],"about":[{"href":"https:\/\/partsandpieces.nl\/de\/wp-json\/wp\/v2\/types\/product"}],"wp:featuredmedia":[{"embeddable":true,"href":"https:\/\/partsandpieces.nl\/de\/wp-json\/wp\/v2\/media\/9074"}],"wp:attachment":[{"href":"https:\/\/partsandpieces.nl\/de\/wp-json\/wp\/v2\/media?parent=9073"}],"wp:term":[{"taxonomy":"product_brand","embeddable":true,"href":"https:\/\/partsandpieces.nl\/de\/wp-json\/wp\/v2\/product_brand?post=9073"},{"taxonomy":"product_cat","embeddable":true,"href":"https:\/\/partsandpieces.nl\/de\/wp-json\/wp\/v2\/product_cat?post=9073"},{"taxonomy":"product_tag","embeddable":true,"href":"https:\/\/partsandpieces.nl\/de\/wp-json\/wp\/v2\/product_tag?post=9073"}],"curies":[{"name":"wp","href":"https:\/\/api.w.org\/{rel}","templated":true}]}}