{"id":9097,"date":"2024-06-14T11:17:47","date_gmt":"2024-06-14T09:17:47","guid":{"rendered":"https:\/\/partsandpieces.nl\/?post_type=product&#038;p=9097"},"modified":"2026-03-12T22:02:21","modified_gmt":"2026-03-12T21:02:21","slug":"schiebeschloss-bronze-antik-78x32mm","status":"publish","type":"product","link":"https:\/\/partsandpieces.nl\/de\/product\/schuifslot-brons-antiek-78x32mm\/","title":{"rendered":"Schiebeschloss Bronze Antik 78x32mm"},"content":{"rendered":"<p><strong>Schiebeschloss Bronze Antik 78x32mm<\/strong> ist ein Schiebeschloss mit einer wundersch\u00f6nen bronzefarbenen, antiken Patina-Oberfl\u00e4che. Sehen Sie, ob Sie <a href=\"https:\/\/partsandpieces.nl\/de\/produkt\/schliesblech-fur-schiebeschloss-bronze-antik-5x20mm\/\"><span style=\"text-decoration: underline;\">Schlie\u00dfblech f\u00fcr Schiebeschloss Bronze antik 5x20mm<\/span><\/a> f\u00fcr Ihren Schiebegraben.<\/p>\n<p><strong>Ma\u00dfe<\/strong><br \/>\nDas Schiebeschloss Bronze Antik 78x32mm ist 78mm breit und 32mm hoch. Der Schieber kann maximal 12 mm ausfahren und ragt 12 mm aus der Montageplatte heraus.<\/p>\n<p><strong>Bearbeiten<\/strong><br \/>\nSie k\u00f6nnen das Schiebeschloss mit installieren <a href=\"https:\/\/partsandpieces.nl\/de\/produkt\/schrauben-flachkopf-antik-bronze-mit-schlitz-3x12mm\/\">Schraube Rundkopf Antik Bronze mit Schlitz (3x12mm)<\/a>. Ich schicke diese Schrauben <strong>FREI<\/strong> mit Ihrer Bestellung.<\/p>","protected":false},"excerpt":{"rendered":"<p>Schuifslot Brons Antiek 78x32mm is een schuifslot met een mooie bronzen antiek patina afwerking. Kijk of je Sluitplaat voor schuifslot Brons antiek 5x20mm bij je schuifsloot nodig hebt. Afmetingen Schuifslot Brons Antiek 78x32mm is 78mm breed en 32mm hoog. De schuif kan maximaal 12mm uitschuiven en steekt 12mm uit t.o.v. de bevestigingsplaat. Montage Je kunt [&hellip;]<\/p>\n","protected":false},"featured_media":9099,"template":"","meta":{"_acf_changed":false},"product_brand":[],"product_cat":[23,28],"product_tag":[],"class_list":{"0":"post-9097","1":"product","2":"type-product","3":"status-publish","4":"has-post-thumbnail","6":"product_cat-meubelbeslag","7":"product_cat-schuifsloten","9":"first","10":"instock","11":"taxable","12":"shipping-taxable","13":"purchasable","14":"product-type-simple"},"acf":[],"yoast_head":"<!-- This site is optimized with the Yoast SEO plugin v27.3 - https:\/\/yoast.com\/product\/yoast-seo-wordpress\/ -->\n<title>Schuifslot Brons Antiek 78x32mm<\/title>\n<meta name=\"description\" content=\"Schuifslot Brons Antiek 78x32mm is een schuifslot met een mooie bronzen antiek patina afwerking. De schuif kan maximaal 12mm uitschuiven.\" \/>\n<meta name=\"robots\" content=\"index, follow, max-snippet:-1, max-image-preview:large, max-video-preview:-1\" \/>\n<link rel=\"canonical\" href=\"https:\/\/partsandpieces.nl\/de\/produkt\/schiebeschloss-bronze-antik-78x32mm\/\" \/>\n<meta property=\"og:locale\" content=\"de_DE\" \/>\n<meta property=\"og:type\" content=\"article\" \/>\n<meta property=\"og:title\" content=\"Schuifslot Brons Antiek 78x32mm\" \/>\n<meta property=\"og:description\" content=\"Schuifslot Brons Antiek 78x32mm is een schuifslot met een mooie bronzen antiek patina afwerking. De schuif kan maximaal 12mm uitschuiven.\" \/>\n<meta property=\"og:url\" content=\"https:\/\/partsandpieces.nl\/de\/produkt\/schiebeschloss-bronze-antik-78x32mm\/\" \/>\n<meta property=\"og:site_name\" content=\"Parts &amp; Pieces\" \/>\n<meta property=\"article:modified_time\" content=\"2026-03-12T21:02:21+00:00\" \/>\n<meta property=\"og:image\" content=\"https:\/\/partsandpieces.nl\/wp-content\/uploads\/2024\/06\/Schuifslot-Brons-Antiek-78x32mm.jpg\" \/>\n\t<meta property=\"og:image:width\" content=\"449\" \/>\n\t<meta property=\"og:image:height\" content=\"447\" \/>\n\t<meta property=\"og:image:type\" content=\"image\/jpeg\" \/>\n<meta name=\"twitter:card\" content=\"summary_large_image\" \/>\n<meta name=\"twitter:label1\" content=\"Gesch\u00e4tzte Lesezeit\" \/>\n\t<meta name=\"twitter:data1\" content=\"1\u00a0Minute\" \/>\n<script type=\"application\/ld+json\" class=\"yoast-schema-graph\">{\"@context\":\"https:\\\/\\\/schema.org\",\"@graph\":[{\"@type\":\"WebPage\",\"@id\":\"https:\\\/\\\/partsandpieces.nl\\\/product\\\/schuifslot-brons-antiek-78x32mm\\\/\",\"url\":\"https:\\\/\\\/partsandpieces.nl\\\/product\\\/schuifslot-brons-antiek-78x32mm\\\/\",\"name\":\"Schuifslot Brons Antiek 78x32mm\",\"isPartOf\":{\"@id\":\"https:\\\/\\\/partsandpieces.nl\\\/#website\"},\"primaryImageOfPage\":{\"@id\":\"https:\\\/\\\/partsandpieces.nl\\\/product\\\/schuifslot-brons-antiek-78x32mm\\\/#primaryimage\"},\"image\":{\"@id\":\"https:\\\/\\\/partsandpieces.nl\\\/product\\\/schuifslot-brons-antiek-78x32mm\\\/#primaryimage\"},\"thumbnailUrl\":\"https:\\\/\\\/partsandpieces.nl\\\/wp-content\\\/uploads\\\/2024\\\/06\\\/Schuifslot-Brons-Antiek-78x32mm.jpg\",\"datePublished\":\"2024-06-14T09:17:47+00:00\",\"dateModified\":\"2026-03-12T21:02:21+00:00\",\"description\":\"Schuifslot Brons Antiek 78x32mm is een schuifslot met een mooie bronzen antiek patina afwerking. De schuif kan maximaal 12mm uitschuiven.\",\"breadcrumb\":{\"@id\":\"https:\\\/\\\/partsandpieces.nl\\\/product\\\/schuifslot-brons-antiek-78x32mm\\\/#breadcrumb\"},\"inLanguage\":\"de\",\"potentialAction\":[{\"@type\":\"ReadAction\",\"target\":[\"https:\\\/\\\/partsandpieces.nl\\\/product\\\/schuifslot-brons-antiek-78x32mm\\\/\"]}]},{\"@type\":\"ImageObject\",\"inLanguage\":\"de\",\"@id\":\"https:\\\/\\\/partsandpieces.nl\\\/product\\\/schuifslot-brons-antiek-78x32mm\\\/#primaryimage\",\"url\":\"https:\\\/\\\/partsandpieces.nl\\\/wp-content\\\/uploads\\\/2024\\\/06\\\/Schuifslot-Brons-Antiek-78x32mm.jpg\",\"contentUrl\":\"https:\\\/\\\/partsandpieces.nl\\\/wp-content\\\/uploads\\\/2024\\\/06\\\/Schuifslot-Brons-Antiek-78x32mm.jpg\",\"width\":449,\"height\":447,\"caption\":\"Schuifslot Brons Antiek 78x32mm\"},{\"@type\":\"BreadcrumbList\",\"@id\":\"https:\\\/\\\/partsandpieces.nl\\\/product\\\/schuifslot-brons-antiek-78x32mm\\\/#breadcrumb\",\"itemListElement\":[{\"@type\":\"ListItem\",\"position\":1,\"name\":\"Home\",\"item\":\"https:\\\/\\\/partsandpieces.nl\\\/home\\\/\"},{\"@type\":\"ListItem\",\"position\":2,\"name\":\"Winkel\",\"item\":\"https:\\\/\\\/partsandpieces.nl\\\/winkel\\\/\"},{\"@type\":\"ListItem\",\"position\":3,\"name\":\"Schuifslot Brons Antiek 78x32mm\"}]},{\"@type\":\"WebSite\",\"@id\":\"https:\\\/\\\/partsandpieces.nl\\\/#website\",\"url\":\"https:\\\/\\\/partsandpieces.nl\\\/\",\"name\":\"Parts &amp; Pieces\",\"description\":\"Alles voor uw meubelrestauratie en -onderhoud!\",\"potentialAction\":[{\"@type\":\"SearchAction\",\"target\":{\"@type\":\"EntryPoint\",\"urlTemplate\":\"https:\\\/\\\/partsandpieces.nl\\\/?s={search_term_string}\"},\"query-input\":{\"@type\":\"PropertyValueSpecification\",\"valueRequired\":true,\"valueName\":\"search_term_string\"}}],\"inLanguage\":\"de\"}]}<\/script>\n<!-- \/ Yoast SEO plugin. -->","yoast_head_json":{"title":"Schiebeschloss Bronze Antik 78x32mm","description":"Das Schiebeschloss Bronze Antik 78 x 32 mm ist ein Schiebeschloss mit einer wundersch\u00f6nen bronzefarbenen antiken Patina-Oberfl\u00e4che. Der Schieber kann maximal 12 mm ausgefahren werden.","robots":{"index":"index","follow":"follow","max-snippet":"max-snippet:-1","max-image-preview":"max-image-preview:large","max-video-preview":"max-video-preview:-1"},"canonical":"https:\/\/partsandpieces.nl\/de\/produkt\/schiebeschloss-bronze-antik-78x32mm\/","og_locale":"de_DE","og_type":"article","og_title":"Schuifslot Brons Antiek 78x32mm","og_description":"Schuifslot Brons Antiek 78x32mm is een schuifslot met een mooie bronzen antiek patina afwerking. De schuif kan maximaal 12mm uitschuiven.","og_url":"https:\/\/partsandpieces.nl\/de\/produkt\/schiebeschloss-bronze-antik-78x32mm\/","og_site_name":"Parts &amp; Pieces","article_modified_time":"2026-03-12T21:02:21+00:00","og_image":[{"width":449,"height":447,"url":"https:\/\/partsandpieces.nl\/wp-content\/uploads\/2024\/06\/Schuifslot-Brons-Antiek-78x32mm.jpg","type":"image\/jpeg"}],"twitter_card":"summary_large_image","twitter_misc":{"Gesch\u00e4tzte Lesezeit":"1\u00a0Minute"},"schema":{"@context":"https:\/\/schema.org","@graph":[{"@type":"WebPage","@id":"https:\/\/partsandpieces.nl\/product\/schuifslot-brons-antiek-78x32mm\/","url":"https:\/\/partsandpieces.nl\/product\/schuifslot-brons-antiek-78x32mm\/","name":"Schiebeschloss Bronze Antik 78x32mm","isPartOf":{"@id":"https:\/\/partsandpieces.nl\/#website"},"primaryImageOfPage":{"@id":"https:\/\/partsandpieces.nl\/product\/schuifslot-brons-antiek-78x32mm\/#primaryimage"},"image":{"@id":"https:\/\/partsandpieces.nl\/product\/schuifslot-brons-antiek-78x32mm\/#primaryimage"},"thumbnailUrl":"https:\/\/partsandpieces.nl\/wp-content\/uploads\/2024\/06\/Schuifslot-Brons-Antiek-78x32mm.jpg","datePublished":"2024-06-14T09:17:47+00:00","dateModified":"2026-03-12T21:02:21+00:00","description":"Das Schiebeschloss Bronze Antik 78 x 32 mm ist ein Schiebeschloss mit einer wundersch\u00f6nen bronzefarbenen antiken Patina-Oberfl\u00e4che. Der Schieber kann maximal 12 mm ausgefahren werden.","breadcrumb":{"@id":"https:\/\/partsandpieces.nl\/product\/schuifslot-brons-antiek-78x32mm\/#breadcrumb"},"inLanguage":"de","potentialAction":[{"@type":"ReadAction","target":["https:\/\/partsandpieces.nl\/product\/schuifslot-brons-antiek-78x32mm\/"]}]},{"@type":"ImageObject","inLanguage":"de","@id":"https:\/\/partsandpieces.nl\/product\/schuifslot-brons-antiek-78x32mm\/#primaryimage","url":"https:\/\/partsandpieces.nl\/wp-content\/uploads\/2024\/06\/Schuifslot-Brons-Antiek-78x32mm.jpg","contentUrl":"https:\/\/partsandpieces.nl\/wp-content\/uploads\/2024\/06\/Schuifslot-Brons-Antiek-78x32mm.jpg","width":449,"height":447,"caption":"Schuifslot Brons Antiek 78x32mm"},{"@type":"BreadcrumbList","@id":"https:\/\/partsandpieces.nl\/product\/schuifslot-brons-antiek-78x32mm\/#breadcrumb","itemListElement":[{"@type":"ListItem","position":1,"name":"Home","item":"https:\/\/partsandpieces.nl\/home\/"},{"@type":"ListItem","position":2,"name":"Winkel","item":"https:\/\/partsandpieces.nl\/winkel\/"},{"@type":"ListItem","position":3,"name":"Schuifslot Brons Antiek 78x32mm"}]},{"@type":"WebSite","@id":"https:\/\/partsandpieces.nl\/#website","url":"https:\/\/partsandpieces.nl\/","name":"Teile &amp; St\u00fccke","description":"Alles f\u00fcr Ihre M\u00f6belrestaurierung und -pflege!","potentialAction":[{"@type":"SearchAction","target":{"@type":"EntryPoint","urlTemplate":"https:\/\/partsandpieces.nl\/?s={search_term_string}"},"query-input":{"@type":"PropertyValueSpecification","valueRequired":true,"valueName":"search_term_string"}}],"inLanguage":"de"}]}},"_links":{"self":[{"href":"https:\/\/partsandpieces.nl\/de\/wp-json\/wp\/v2\/product\/9097","targetHints":{"allow":["GET"]}}],"collection":[{"href":"https:\/\/partsandpieces.nl\/de\/wp-json\/wp\/v2\/product"}],"about":[{"href":"https:\/\/partsandpieces.nl\/de\/wp-json\/wp\/v2\/types\/product"}],"wp:featuredmedia":[{"embeddable":true,"href":"https:\/\/partsandpieces.nl\/de\/wp-json\/wp\/v2\/media\/9099"}],"wp:attachment":[{"href":"https:\/\/partsandpieces.nl\/de\/wp-json\/wp\/v2\/media?parent=9097"}],"wp:term":[{"taxonomy":"product_brand","embeddable":true,"href":"https:\/\/partsandpieces.nl\/de\/wp-json\/wp\/v2\/product_brand?post=9097"},{"taxonomy":"product_cat","embeddable":true,"href":"https:\/\/partsandpieces.nl\/de\/wp-json\/wp\/v2\/product_cat?post=9097"},{"taxonomy":"product_tag","embeddable":true,"href":"https:\/\/partsandpieces.nl\/de\/wp-json\/wp\/v2\/product_tag?post=9097"}],"curies":[{"name":"wp","href":"https:\/\/api.w.org\/{rel}","templated":true}]}}