{"id":9112,"date":"2024-06-14T12:54:26","date_gmt":"2024-06-14T10:54:26","guid":{"rendered":"https:\/\/partsandpieces.nl\/?post_type=product&#038;p=9112"},"modified":"2025-11-26T09:02:25","modified_gmt":"2025-11-26T08:02:25","slug":"ziehgriff-chrom-mittel-83mm","status":"publish","type":"product","link":"https:\/\/partsandpieces.nl\/de\/product\/komgreep-chroom-medium-83mm\/","title":{"rendered":"Tassengriff Chrom Medium 83mm"},"content":{"rendered":"<p><strong><span data-mce-type=\"bookmark\" style=\"display: inline-block; width: 0px; overflow: hidden; line-height: 0;\" class=\"mce_SELRES_start\"><\/span>Tassengriff Chrom Medium 83mm<\/strong> ist ein massiver Muschelgriff mit chromfarbener Oberfl\u00e4che. Der Griff ist von schwerer Qualit\u00e4t. Das Erscheinungsbild der Griffmulde ist gl\u00e4nzend und glatt. Dieser Ziehgriff ist f\u00fcr schwere Schubladen geeignet.<\/p>\n<p><strong>Ma\u00dfe<br \/>\n<\/strong>Der eingelassene Griff hat eine Gesamtbreite von 83 mm. Nach der Montage ragt dieser Griffmulde ca. 20mm hervor. Die Sch\u00fcssel ist ca. 63 mm breit und 24 mm hoch. Die \u00e4u\u00dferen Bohrl\u00f6cher haben einen Abstand von ca. 70 mm.<\/p>\n<p><strong>Bearbeiten<br \/>\n<\/strong>Sie k\u00f6nnen den Knopf mit montieren\u00a0<span style=\"text-decoration: underline;\"><a href=\"https:\/\/partsandpieces.nl\/de\/produkt\/schrauben-flachkopf-antik-bronze-mit-schlitz-3x12mm\/\">Schraube Rundkopf Antik Bronze mit Schlitz (3x12mm)<\/a><\/span>. Ich schicke diese Schrauben\u00a0<strong>FREI<\/strong>\u00a0mit Ihrer Bestellung.<\/p>","protected":false},"excerpt":{"rendered":"<p>\ufeffKomgreep Chroom Medium 83mm is een massieve schelpgreep met een chroomkleurige finish. De komgreep is van zware kwaliteit. De uitstraling van de komgreep is glanzend en glad. Deze komgreep is geschikt voor zware lades. Afmetingen De komgreep heeft een totale breedte van 83mm. Na montage steekt deze komgreep ongeveer 20mm uit. De kom is ongeveer [&hellip;]<\/p>\n","protected":false},"featured_media":9118,"template":"","meta":{"_acf_changed":false},"product_brand":[],"product_cat":[39,23],"product_tag":[],"class_list":{"0":"post-9112","1":"product","2":"type-product","3":"status-publish","4":"has-post-thumbnail","6":"product_cat-komgrepen","7":"product_cat-meubelbeslag","9":"first","10":"instock","11":"taxable","12":"shipping-taxable","13":"purchasable","14":"product-type-simple"},"acf":[],"yoast_head":"<!-- This site is optimized with the Yoast SEO plugin v27.3 - https:\/\/yoast.com\/product\/yoast-seo-wordpress\/ -->\n<title>Komgreep Chroom Medium 83mm<\/title>\n<meta name=\"description\" content=\"Komgreep Chroom Medium 83mm\u00a0is een massieve schelpgreep met een chroomkleurige finish. Deze komgreep is geschikt voor zware lades.\" \/>\n<meta name=\"robots\" content=\"index, follow, max-snippet:-1, max-image-preview:large, max-video-preview:-1\" \/>\n<link rel=\"canonical\" href=\"https:\/\/partsandpieces.nl\/de\/produkt\/ziehgriff-chrom-mittel-83mm\/\" \/>\n<meta property=\"og:locale\" content=\"de_DE\" \/>\n<meta property=\"og:type\" content=\"article\" \/>\n<meta property=\"og:title\" content=\"Komgreep Chroom Medium 83mm\" \/>\n<meta property=\"og:description\" content=\"Komgreep Chroom Medium 83mm\u00a0is een massieve schelpgreep met een chroomkleurige finish. Deze komgreep is geschikt voor zware lades.\" \/>\n<meta property=\"og:url\" content=\"https:\/\/partsandpieces.nl\/de\/produkt\/ziehgriff-chrom-mittel-83mm\/\" \/>\n<meta property=\"og:site_name\" content=\"Parts &amp; Pieces\" \/>\n<meta property=\"article:modified_time\" content=\"2025-11-26T08:02:25+00:00\" \/>\n<meta property=\"og:image\" content=\"https:\/\/partsandpieces.nl\/wp-content\/uploads\/2024\/06\/Komgreep-Chroom-Medium-83mm.jpg\" \/>\n\t<meta property=\"og:image:width\" content=\"429\" \/>\n\t<meta property=\"og:image:height\" content=\"430\" \/>\n\t<meta property=\"og:image:type\" content=\"image\/jpeg\" \/>\n<meta name=\"twitter:card\" content=\"summary_large_image\" \/>\n<meta name=\"twitter:label1\" content=\"Gesch\u00e4tzte Lesezeit\" \/>\n\t<meta name=\"twitter:data1\" content=\"1\u00a0Minute\" \/>\n<script type=\"application\/ld+json\" class=\"yoast-schema-graph\">{\"@context\":\"https:\\\/\\\/schema.org\",\"@graph\":[{\"@type\":\"WebPage\",\"@id\":\"https:\\\/\\\/partsandpieces.nl\\\/product\\\/komgreep-chroom-medium-83mm\\\/\",\"url\":\"https:\\\/\\\/partsandpieces.nl\\\/product\\\/komgreep-chroom-medium-83mm\\\/\",\"name\":\"Komgreep Chroom Medium 83mm\",\"isPartOf\":{\"@id\":\"https:\\\/\\\/partsandpieces.nl\\\/#website\"},\"primaryImageOfPage\":{\"@id\":\"https:\\\/\\\/partsandpieces.nl\\\/product\\\/komgreep-chroom-medium-83mm\\\/#primaryimage\"},\"image\":{\"@id\":\"https:\\\/\\\/partsandpieces.nl\\\/product\\\/komgreep-chroom-medium-83mm\\\/#primaryimage\"},\"thumbnailUrl\":\"https:\\\/\\\/partsandpieces.nl\\\/wp-content\\\/uploads\\\/2024\\\/06\\\/Komgreep-Chroom-Medium-83mm.jpg\",\"datePublished\":\"2024-06-14T10:54:26+00:00\",\"dateModified\":\"2025-11-26T08:02:25+00:00\",\"description\":\"Komgreep Chroom Medium 83mm\u00a0is een massieve schelpgreep met een chroomkleurige finish. Deze komgreep is geschikt voor zware lades.\",\"breadcrumb\":{\"@id\":\"https:\\\/\\\/partsandpieces.nl\\\/product\\\/komgreep-chroom-medium-83mm\\\/#breadcrumb\"},\"inLanguage\":\"de\",\"potentialAction\":[{\"@type\":\"ReadAction\",\"target\":[\"https:\\\/\\\/partsandpieces.nl\\\/product\\\/komgreep-chroom-medium-83mm\\\/\"]}]},{\"@type\":\"ImageObject\",\"inLanguage\":\"de\",\"@id\":\"https:\\\/\\\/partsandpieces.nl\\\/product\\\/komgreep-chroom-medium-83mm\\\/#primaryimage\",\"url\":\"https:\\\/\\\/partsandpieces.nl\\\/wp-content\\\/uploads\\\/2024\\\/06\\\/Komgreep-Chroom-Medium-83mm.jpg\",\"contentUrl\":\"https:\\\/\\\/partsandpieces.nl\\\/wp-content\\\/uploads\\\/2024\\\/06\\\/Komgreep-Chroom-Medium-83mm.jpg\",\"width\":429,\"height\":430,\"caption\":\"Komgreep Chroom Medium 83mm\"},{\"@type\":\"BreadcrumbList\",\"@id\":\"https:\\\/\\\/partsandpieces.nl\\\/product\\\/komgreep-chroom-medium-83mm\\\/#breadcrumb\",\"itemListElement\":[{\"@type\":\"ListItem\",\"position\":1,\"name\":\"Home\",\"item\":\"https:\\\/\\\/partsandpieces.nl\\\/home\\\/\"},{\"@type\":\"ListItem\",\"position\":2,\"name\":\"Winkel\",\"item\":\"https:\\\/\\\/partsandpieces.nl\\\/winkel\\\/\"},{\"@type\":\"ListItem\",\"position\":3,\"name\":\"Komgreep Chroom Medium 83mm\"}]},{\"@type\":\"WebSite\",\"@id\":\"https:\\\/\\\/partsandpieces.nl\\\/#website\",\"url\":\"https:\\\/\\\/partsandpieces.nl\\\/\",\"name\":\"Parts &amp; Pieces\",\"description\":\"Alles voor uw meubelrestauratie en -onderhoud!\",\"potentialAction\":[{\"@type\":\"SearchAction\",\"target\":{\"@type\":\"EntryPoint\",\"urlTemplate\":\"https:\\\/\\\/partsandpieces.nl\\\/?s={search_term_string}\"},\"query-input\":{\"@type\":\"PropertyValueSpecification\",\"valueRequired\":true,\"valueName\":\"search_term_string\"}}],\"inLanguage\":\"de\"}]}<\/script>\n<!-- \/ Yoast SEO plugin. -->","yoast_head_json":{"title":"Tassengriff Chrom Medium 83mm","description":"Der Tassengriff Chrome Medium 83 mm ist ein solider Schalengriff mit chromfarbener Oberfl\u00e4che. Dieser Ziehgriff ist f\u00fcr schwere Schubladen geeignet.","robots":{"index":"index","follow":"follow","max-snippet":"max-snippet:-1","max-image-preview":"max-image-preview:large","max-video-preview":"max-video-preview:-1"},"canonical":"https:\/\/partsandpieces.nl\/de\/produkt\/ziehgriff-chrom-mittel-83mm\/","og_locale":"de_DE","og_type":"article","og_title":"Komgreep Chroom Medium 83mm","og_description":"Komgreep Chroom Medium 83mm\u00a0is een massieve schelpgreep met een chroomkleurige finish. Deze komgreep is geschikt voor zware lades.","og_url":"https:\/\/partsandpieces.nl\/de\/produkt\/ziehgriff-chrom-mittel-83mm\/","og_site_name":"Parts &amp; Pieces","article_modified_time":"2025-11-26T08:02:25+00:00","og_image":[{"width":429,"height":430,"url":"https:\/\/partsandpieces.nl\/wp-content\/uploads\/2024\/06\/Komgreep-Chroom-Medium-83mm.jpg","type":"image\/jpeg"}],"twitter_card":"summary_large_image","twitter_misc":{"Gesch\u00e4tzte Lesezeit":"1\u00a0Minute"},"schema":{"@context":"https:\/\/schema.org","@graph":[{"@type":"WebPage","@id":"https:\/\/partsandpieces.nl\/product\/komgreep-chroom-medium-83mm\/","url":"https:\/\/partsandpieces.nl\/product\/komgreep-chroom-medium-83mm\/","name":"Tassengriff Chrom Medium 83mm","isPartOf":{"@id":"https:\/\/partsandpieces.nl\/#website"},"primaryImageOfPage":{"@id":"https:\/\/partsandpieces.nl\/product\/komgreep-chroom-medium-83mm\/#primaryimage"},"image":{"@id":"https:\/\/partsandpieces.nl\/product\/komgreep-chroom-medium-83mm\/#primaryimage"},"thumbnailUrl":"https:\/\/partsandpieces.nl\/wp-content\/uploads\/2024\/06\/Komgreep-Chroom-Medium-83mm.jpg","datePublished":"2024-06-14T10:54:26+00:00","dateModified":"2025-11-26T08:02:25+00:00","description":"Der Tassengriff Chrome Medium 83 mm ist ein solider Schalengriff mit chromfarbener Oberfl\u00e4che. Dieser Ziehgriff ist f\u00fcr schwere Schubladen geeignet.","breadcrumb":{"@id":"https:\/\/partsandpieces.nl\/product\/komgreep-chroom-medium-83mm\/#breadcrumb"},"inLanguage":"de","potentialAction":[{"@type":"ReadAction","target":["https:\/\/partsandpieces.nl\/product\/komgreep-chroom-medium-83mm\/"]}]},{"@type":"ImageObject","inLanguage":"de","@id":"https:\/\/partsandpieces.nl\/product\/komgreep-chroom-medium-83mm\/#primaryimage","url":"https:\/\/partsandpieces.nl\/wp-content\/uploads\/2024\/06\/Komgreep-Chroom-Medium-83mm.jpg","contentUrl":"https:\/\/partsandpieces.nl\/wp-content\/uploads\/2024\/06\/Komgreep-Chroom-Medium-83mm.jpg","width":429,"height":430,"caption":"Komgreep Chroom Medium 83mm"},{"@type":"BreadcrumbList","@id":"https:\/\/partsandpieces.nl\/product\/komgreep-chroom-medium-83mm\/#breadcrumb","itemListElement":[{"@type":"ListItem","position":1,"name":"Home","item":"https:\/\/partsandpieces.nl\/home\/"},{"@type":"ListItem","position":2,"name":"Winkel","item":"https:\/\/partsandpieces.nl\/winkel\/"},{"@type":"ListItem","position":3,"name":"Komgreep Chroom Medium 83mm"}]},{"@type":"WebSite","@id":"https:\/\/partsandpieces.nl\/#website","url":"https:\/\/partsandpieces.nl\/","name":"Teile &amp; St\u00fccke","description":"Alles f\u00fcr Ihre M\u00f6belrestaurierung und -pflege!","potentialAction":[{"@type":"SearchAction","target":{"@type":"EntryPoint","urlTemplate":"https:\/\/partsandpieces.nl\/?s={search_term_string}"},"query-input":{"@type":"PropertyValueSpecification","valueRequired":true,"valueName":"search_term_string"}}],"inLanguage":"de"}]}},"_links":{"self":[{"href":"https:\/\/partsandpieces.nl\/de\/wp-json\/wp\/v2\/product\/9112","targetHints":{"allow":["GET"]}}],"collection":[{"href":"https:\/\/partsandpieces.nl\/de\/wp-json\/wp\/v2\/product"}],"about":[{"href":"https:\/\/partsandpieces.nl\/de\/wp-json\/wp\/v2\/types\/product"}],"wp:featuredmedia":[{"embeddable":true,"href":"https:\/\/partsandpieces.nl\/de\/wp-json\/wp\/v2\/media\/9118"}],"wp:attachment":[{"href":"https:\/\/partsandpieces.nl\/de\/wp-json\/wp\/v2\/media?parent=9112"}],"wp:term":[{"taxonomy":"product_brand","embeddable":true,"href":"https:\/\/partsandpieces.nl\/de\/wp-json\/wp\/v2\/product_brand?post=9112"},{"taxonomy":"product_cat","embeddable":true,"href":"https:\/\/partsandpieces.nl\/de\/wp-json\/wp\/v2\/product_cat?post=9112"},{"taxonomy":"product_tag","embeddable":true,"href":"https:\/\/partsandpieces.nl\/de\/wp-json\/wp\/v2\/product_tag?post=9112"}],"curies":[{"name":"wp","href":"https:\/\/api.w.org\/{rel}","templated":true}]}}