{"id":9157,"date":"2024-06-18T15:08:36","date_gmt":"2024-06-18T13:08:36","guid":{"rendered":"https:\/\/partsandpieces.nl\/?post_type=product&#038;p=9157"},"modified":"2026-04-02T13:12:56","modified_gmt":"2026-04-02T11:12:56","slug":"scharnier-eisen-antik-gros-links-160x35mm","status":"publish","type":"product","link":"https:\/\/partsandpieces.nl\/de\/product\/scharnier-ijzer-antiek-groot-links-160x35mm\/","title":{"rendered":"Scharnier Eisen antik gro\u00df links 160x35mm"},"content":{"rendered":"<p><strong>Scharnier Eisen antik gro\u00df links 160x35mm<\/strong> ist ein klassisches Scharnier mit Zierknopf f\u00fcr linksh\u00e4ndige T\u00fcren. Mit diesem Scharnier l\u00e4sst sich eine T\u00fcr ganz einfach aus dem Schrank heben, ohne vorher den Stift zu entfernen oder das Scharnier abzuschrauben. Das Scharnier besteht aus Eisen mit antik patinierter Oberfl\u00e4che.<\/p>\n<p>Dieses hochwertige Scharnier wird in Italien hergestellt.<\/p>\n<p><strong>Ma\u00dfe<br \/>\n<\/strong>Scharnier Eisen antik gro\u00df links 160x35mm ist insgesamt 35mm breit und 160mm hoch. Die Platten haben eine H\u00f6he von 140 mm, eine Breite von 15 mm und eine Dicke von 3 mm (zum Fr\u00e4sen). Die Schlinge hat einen Durchmesser von 15 mm.<\/p>\n<p><strong>Bearbeiten<\/strong><br \/>\nSie montieren das Scharnier mit 6 konischen Schrauben. Ich werde diese Schrauben Ihrer Bestellung beilegen.<\/p>","protected":false},"excerpt":{"rendered":"<p>Scharnier IJzer antiek Groot links 160x35mm is een klassiek scharnier met sierknop voor linksdraaiende deuren. Met dit scharnier is een deur eenvoudig uit de kast te tillen zonder de pen er eerst uit te halen of het scharnier los te hoeven schroeven. Het scharnier is gemaakt van ijzer met een antieke gepatineerde afwerking. Dit kwalitatief [&hellip;]<\/p>\n","protected":false},"featured_media":9159,"template":"","meta":{"_acf_changed":false},"product_brand":[],"product_cat":[45,23],"product_tag":[],"class_list":{"0":"post-9157","1":"product","2":"type-product","3":"status-publish","4":"has-post-thumbnail","6":"product_cat-antieke-scharnieren","7":"product_cat-meubelbeslag","9":"first","10":"instock","11":"taxable","12":"shipping-taxable","13":"purchasable","14":"product-type-simple"},"acf":[],"yoast_head":"<!-- This site is optimized with the Yoast SEO plugin v27.3 - https:\/\/yoast.com\/product\/yoast-seo-wordpress\/ -->\n<title>Scharnier IJzer antiek Groot links 160x35mm<\/title>\n<meta name=\"description\" content=\"Scharnier IJzer antiek Groot links 160x35mm is een klassiek scharnier met sierknop voor linksdraaiende deuren. Heeft een antieke gepatineerde afwerking.\" \/>\n<meta name=\"robots\" content=\"index, follow, max-snippet:-1, max-image-preview:large, max-video-preview:-1\" \/>\n<link rel=\"canonical\" href=\"https:\/\/partsandpieces.nl\/de\/produkt\/scharnier-eisen-antik-gros-links-160x35mm\/\" \/>\n<meta property=\"og:locale\" content=\"de_DE\" \/>\n<meta property=\"og:type\" content=\"article\" \/>\n<meta property=\"og:title\" content=\"Scharnier IJzer antiek Groot links 160x35mm\" \/>\n<meta property=\"og:description\" content=\"Scharnier IJzer antiek Groot links 160x35mm is een klassiek scharnier met sierknop voor linksdraaiende deuren. Heeft een antieke gepatineerde afwerking.\" \/>\n<meta property=\"og:url\" content=\"https:\/\/partsandpieces.nl\/de\/produkt\/scharnier-eisen-antik-gros-links-160x35mm\/\" \/>\n<meta property=\"og:site_name\" content=\"Parts &amp; Pieces\" \/>\n<meta property=\"article:modified_time\" content=\"2026-04-02T11:12:56+00:00\" \/>\n<meta property=\"og:image\" content=\"https:\/\/partsandpieces.nl\/wp-content\/uploads\/2024\/06\/Scharnier-IJzer-antiek-Groot-links-160x35mm.jpg\" \/>\n\t<meta property=\"og:image:width\" content=\"424\" \/>\n\t<meta property=\"og:image:height\" content=\"422\" \/>\n\t<meta property=\"og:image:type\" content=\"image\/jpeg\" \/>\n<meta name=\"twitter:card\" content=\"summary_large_image\" \/>\n<meta name=\"twitter:label1\" content=\"Gesch\u00e4tzte Lesezeit\" \/>\n\t<meta name=\"twitter:data1\" content=\"1\u00a0Minute\" \/>\n<script type=\"application\/ld+json\" class=\"yoast-schema-graph\">{\"@context\":\"https:\\\/\\\/schema.org\",\"@graph\":[{\"@type\":\"WebPage\",\"@id\":\"https:\\\/\\\/partsandpieces.nl\\\/product\\\/scharnier-ijzer-antiek-groot-links-160x35mm\\\/\",\"url\":\"https:\\\/\\\/partsandpieces.nl\\\/product\\\/scharnier-ijzer-antiek-groot-links-160x35mm\\\/\",\"name\":\"Scharnier IJzer antiek Groot links 160x35mm\",\"isPartOf\":{\"@id\":\"https:\\\/\\\/partsandpieces.nl\\\/#website\"},\"primaryImageOfPage\":{\"@id\":\"https:\\\/\\\/partsandpieces.nl\\\/product\\\/scharnier-ijzer-antiek-groot-links-160x35mm\\\/#primaryimage\"},\"image\":{\"@id\":\"https:\\\/\\\/partsandpieces.nl\\\/product\\\/scharnier-ijzer-antiek-groot-links-160x35mm\\\/#primaryimage\"},\"thumbnailUrl\":\"https:\\\/\\\/partsandpieces.nl\\\/wp-content\\\/uploads\\\/2024\\\/06\\\/Scharnier-IJzer-antiek-Groot-links-160x35mm.jpg\",\"datePublished\":\"2024-06-18T13:08:36+00:00\",\"dateModified\":\"2026-04-02T11:12:56+00:00\",\"description\":\"Scharnier IJzer antiek Groot links 160x35mm is een klassiek scharnier met sierknop voor linksdraaiende deuren. Heeft een antieke gepatineerde afwerking.\",\"breadcrumb\":{\"@id\":\"https:\\\/\\\/partsandpieces.nl\\\/product\\\/scharnier-ijzer-antiek-groot-links-160x35mm\\\/#breadcrumb\"},\"inLanguage\":\"de\",\"potentialAction\":[{\"@type\":\"ReadAction\",\"target\":[\"https:\\\/\\\/partsandpieces.nl\\\/product\\\/scharnier-ijzer-antiek-groot-links-160x35mm\\\/\"]}]},{\"@type\":\"ImageObject\",\"inLanguage\":\"de\",\"@id\":\"https:\\\/\\\/partsandpieces.nl\\\/product\\\/scharnier-ijzer-antiek-groot-links-160x35mm\\\/#primaryimage\",\"url\":\"https:\\\/\\\/partsandpieces.nl\\\/wp-content\\\/uploads\\\/2024\\\/06\\\/Scharnier-IJzer-antiek-Groot-links-160x35mm.jpg\",\"contentUrl\":\"https:\\\/\\\/partsandpieces.nl\\\/wp-content\\\/uploads\\\/2024\\\/06\\\/Scharnier-IJzer-antiek-Groot-links-160x35mm.jpg\",\"width\":424,\"height\":422,\"caption\":\"Scharnier IJzer antiek Groot links 160x35mm\"},{\"@type\":\"BreadcrumbList\",\"@id\":\"https:\\\/\\\/partsandpieces.nl\\\/product\\\/scharnier-ijzer-antiek-groot-links-160x35mm\\\/#breadcrumb\",\"itemListElement\":[{\"@type\":\"ListItem\",\"position\":1,\"name\":\"Home\",\"item\":\"https:\\\/\\\/partsandpieces.nl\\\/home\\\/\"},{\"@type\":\"ListItem\",\"position\":2,\"name\":\"Winkel\",\"item\":\"https:\\\/\\\/partsandpieces.nl\\\/winkel\\\/\"},{\"@type\":\"ListItem\",\"position\":3,\"name\":\"Scharnier IJzer antiek Groot links 160x35mm\"}]},{\"@type\":\"WebSite\",\"@id\":\"https:\\\/\\\/partsandpieces.nl\\\/#website\",\"url\":\"https:\\\/\\\/partsandpieces.nl\\\/\",\"name\":\"Parts &amp; Pieces\",\"description\":\"Alles voor uw meubelrestauratie en -onderhoud!\",\"potentialAction\":[{\"@type\":\"SearchAction\",\"target\":{\"@type\":\"EntryPoint\",\"urlTemplate\":\"https:\\\/\\\/partsandpieces.nl\\\/?s={search_term_string}\"},\"query-input\":{\"@type\":\"PropertyValueSpecification\",\"valueRequired\":true,\"valueName\":\"search_term_string\"}}],\"inLanguage\":\"de\"}]}<\/script>\n<!-- \/ Yoast SEO plugin. -->","yoast_head_json":{"title":"Scharnier Eisen antik gro\u00df links 160x35mm","description":"Scharnier Eisen antik gro\u00df links 160x35mm ist ein klassisches Scharnier mit Zierknopf f\u00fcr linksh\u00e4ndige T\u00fcren. Hat eine antik patinierte Oberfl\u00e4che.","robots":{"index":"index","follow":"follow","max-snippet":"max-snippet:-1","max-image-preview":"max-image-preview:large","max-video-preview":"max-video-preview:-1"},"canonical":"https:\/\/partsandpieces.nl\/de\/produkt\/scharnier-eisen-antik-gros-links-160x35mm\/","og_locale":"de_DE","og_type":"article","og_title":"Scharnier IJzer antiek Groot links 160x35mm","og_description":"Scharnier IJzer antiek Groot links 160x35mm is een klassiek scharnier met sierknop voor linksdraaiende deuren. Heeft een antieke gepatineerde afwerking.","og_url":"https:\/\/partsandpieces.nl\/de\/produkt\/scharnier-eisen-antik-gros-links-160x35mm\/","og_site_name":"Parts &amp; Pieces","article_modified_time":"2026-04-02T11:12:56+00:00","og_image":[{"width":424,"height":422,"url":"https:\/\/partsandpieces.nl\/wp-content\/uploads\/2024\/06\/Scharnier-IJzer-antiek-Groot-links-160x35mm.jpg","type":"image\/jpeg"}],"twitter_card":"summary_large_image","twitter_misc":{"Gesch\u00e4tzte Lesezeit":"1\u00a0Minute"},"schema":{"@context":"https:\/\/schema.org","@graph":[{"@type":"WebPage","@id":"https:\/\/partsandpieces.nl\/product\/scharnier-ijzer-antiek-groot-links-160x35mm\/","url":"https:\/\/partsandpieces.nl\/product\/scharnier-ijzer-antiek-groot-links-160x35mm\/","name":"Scharnier Eisen antik gro\u00df links 160x35mm","isPartOf":{"@id":"https:\/\/partsandpieces.nl\/#website"},"primaryImageOfPage":{"@id":"https:\/\/partsandpieces.nl\/product\/scharnier-ijzer-antiek-groot-links-160x35mm\/#primaryimage"},"image":{"@id":"https:\/\/partsandpieces.nl\/product\/scharnier-ijzer-antiek-groot-links-160x35mm\/#primaryimage"},"thumbnailUrl":"https:\/\/partsandpieces.nl\/wp-content\/uploads\/2024\/06\/Scharnier-IJzer-antiek-Groot-links-160x35mm.jpg","datePublished":"2024-06-18T13:08:36+00:00","dateModified":"2026-04-02T11:12:56+00:00","description":"Scharnier Eisen antik gro\u00df links 160x35mm ist ein klassisches Scharnier mit Zierknopf f\u00fcr linksh\u00e4ndige T\u00fcren. Hat eine antik patinierte Oberfl\u00e4che.","breadcrumb":{"@id":"https:\/\/partsandpieces.nl\/product\/scharnier-ijzer-antiek-groot-links-160x35mm\/#breadcrumb"},"inLanguage":"de","potentialAction":[{"@type":"ReadAction","target":["https:\/\/partsandpieces.nl\/product\/scharnier-ijzer-antiek-groot-links-160x35mm\/"]}]},{"@type":"ImageObject","inLanguage":"de","@id":"https:\/\/partsandpieces.nl\/product\/scharnier-ijzer-antiek-groot-links-160x35mm\/#primaryimage","url":"https:\/\/partsandpieces.nl\/wp-content\/uploads\/2024\/06\/Scharnier-IJzer-antiek-Groot-links-160x35mm.jpg","contentUrl":"https:\/\/partsandpieces.nl\/wp-content\/uploads\/2024\/06\/Scharnier-IJzer-antiek-Groot-links-160x35mm.jpg","width":424,"height":422,"caption":"Scharnier IJzer antiek Groot links 160x35mm"},{"@type":"BreadcrumbList","@id":"https:\/\/partsandpieces.nl\/product\/scharnier-ijzer-antiek-groot-links-160x35mm\/#breadcrumb","itemListElement":[{"@type":"ListItem","position":1,"name":"Home","item":"https:\/\/partsandpieces.nl\/home\/"},{"@type":"ListItem","position":2,"name":"Winkel","item":"https:\/\/partsandpieces.nl\/winkel\/"},{"@type":"ListItem","position":3,"name":"Scharnier IJzer antiek Groot links 160x35mm"}]},{"@type":"WebSite","@id":"https:\/\/partsandpieces.nl\/#website","url":"https:\/\/partsandpieces.nl\/","name":"Teile &amp; St\u00fccke","description":"Alles f\u00fcr Ihre M\u00f6belrestaurierung und -pflege!","potentialAction":[{"@type":"SearchAction","target":{"@type":"EntryPoint","urlTemplate":"https:\/\/partsandpieces.nl\/?s={search_term_string}"},"query-input":{"@type":"PropertyValueSpecification","valueRequired":true,"valueName":"search_term_string"}}],"inLanguage":"de"}]}},"_links":{"self":[{"href":"https:\/\/partsandpieces.nl\/de\/wp-json\/wp\/v2\/product\/9157","targetHints":{"allow":["GET"]}}],"collection":[{"href":"https:\/\/partsandpieces.nl\/de\/wp-json\/wp\/v2\/product"}],"about":[{"href":"https:\/\/partsandpieces.nl\/de\/wp-json\/wp\/v2\/types\/product"}],"wp:featuredmedia":[{"embeddable":true,"href":"https:\/\/partsandpieces.nl\/de\/wp-json\/wp\/v2\/media\/9159"}],"wp:attachment":[{"href":"https:\/\/partsandpieces.nl\/de\/wp-json\/wp\/v2\/media?parent=9157"}],"wp:term":[{"taxonomy":"product_brand","embeddable":true,"href":"https:\/\/partsandpieces.nl\/de\/wp-json\/wp\/v2\/product_brand?post=9157"},{"taxonomy":"product_cat","embeddable":true,"href":"https:\/\/partsandpieces.nl\/de\/wp-json\/wp\/v2\/product_cat?post=9157"},{"taxonomy":"product_tag","embeddable":true,"href":"https:\/\/partsandpieces.nl\/de\/wp-json\/wp\/v2\/product_tag?post=9157"}],"curies":[{"name":"wp","href":"https:\/\/api.w.org\/{rel}","templated":true}]}}