{"id":9162,"date":"2024-06-18T15:30:28","date_gmt":"2024-06-18T13:30:28","guid":{"rendered":"https:\/\/partsandpieces.nl\/?post_type=product&#038;p=9162"},"modified":"2026-01-25T14:06:14","modified_gmt":"2026-01-25T13:06:14","slug":"knauf-bronze-antik-rund-30mm","status":"publish","type":"product","link":"https:\/\/partsandpieces.nl\/de\/product\/knop-brons-antiek-rond-30mm\/","title":{"rendered":"Knopf Bronze Antik rund 30mm"},"content":{"rendered":"<p><strong>Knopf Bronze Antik 30mm rund<\/strong> ist ein wundersch\u00f6ner, handgefertigter M\u00f6belknopf mit antikem Bronze-Finish. Die Oberfl\u00e4che des Knopfes ist matt und glatt. Dieser Knopf passt gut auf Ihre M\u00f6bel oder Ihren K\u00fcchenschrank.<\/p>\n<p>Dieser hochwertige Knopf wird in Italien hergestellt.<\/p>\n<p><strong>Ma\u00dfe<br \/>\n<\/strong>Dieser bronzefarbene antike 30-mm-Knopf hat einen Durchmesser von 30 mm. Nach der Installation steht dieser Knopf 23 mm hervor. Die Basis des Knopfes hat einen Durchmesser von 16 mm.<\/p>\n<p><strong>Bearbeiten<br \/>\n<\/strong>Sie k\u00f6nnen diesen Knopf mit blind montieren\u00a0<a href=\"https:\/\/partsandpieces.nl\/de\/produkt\/schraube-edelstahl-fur-blindmontageknopf-20x4mm-20-stuck\/\"><u>Edelstahlschraube f\u00fcr Blindbefestigungsknopf (20x4mm)<\/u><\/a>. Ich schicke diese Schraube <strong>FREI<\/strong> mit Ihrer Bestellung.<\/p>","protected":false},"excerpt":{"rendered":"<p>Knop Brons Antiek 30mm rond is een mooie, ambachtelijke meubelknop met een antiek bronzen finish. De afwerking van de knop is mat en glad. Deze knop past goed op je meubel of keukenkastje. Deze kwalitatief uitstekende knop is gemaakt in Itali\u00eb. Afmetingen Deze knop Brons Antiek 30mm heeft een diameter van 30mm. Na montage steekt [&hellip;]<\/p>\n","protected":false},"featured_media":9164,"template":"","meta":{"_acf_changed":false},"product_brand":[],"product_cat":[37,23],"product_tag":[],"class_list":{"0":"post-9162","1":"product","2":"type-product","3":"status-publish","4":"has-post-thumbnail","6":"product_cat-knoppen","7":"product_cat-meubelbeslag","9":"first","10":"instock","11":"taxable","12":"shipping-taxable","13":"purchasable","14":"product-type-simple"},"acf":[],"yoast_head":"<!-- This site is optimized with the Yoast SEO plugin v27.3 - https:\/\/yoast.com\/product\/yoast-seo-wordpress\/ -->\n<title>Knop Brons Antiek 30mm<\/title>\n<meta name=\"description\" content=\"Knop Brons Antiek 30mm is een mooie, ambachtelijke meubelknop met antiek bronzen finish. Past goed op je meubel of keukenkastje.\" \/>\n<meta name=\"robots\" content=\"index, follow, max-snippet:-1, max-image-preview:large, max-video-preview:-1\" \/>\n<link rel=\"canonical\" href=\"https:\/\/partsandpieces.nl\/de\/produkt\/knauf-bronze-antik-rund-30mm\/\" \/>\n<meta property=\"og:locale\" content=\"de_DE\" \/>\n<meta property=\"og:type\" content=\"article\" \/>\n<meta property=\"og:title\" content=\"Knop Brons Antiek 30mm\" \/>\n<meta property=\"og:description\" content=\"Knop Brons Antiek 30mm is een mooie, ambachtelijke meubelknop met antiek bronzen finish. Past goed op je meubel of keukenkastje.\" \/>\n<meta property=\"og:url\" content=\"https:\/\/partsandpieces.nl\/de\/produkt\/knauf-bronze-antik-rund-30mm\/\" \/>\n<meta property=\"og:site_name\" content=\"Parts &amp; Pieces\" \/>\n<meta property=\"article:modified_time\" content=\"2026-01-25T13:06:14+00:00\" \/>\n<meta property=\"og:image\" content=\"https:\/\/partsandpieces.nl\/wp-content\/uploads\/2024\/06\/Knop-Brons-Antiek-rond-30mm.jpg\" \/>\n\t<meta property=\"og:image:width\" content=\"392\" \/>\n\t<meta property=\"og:image:height\" content=\"391\" \/>\n\t<meta property=\"og:image:type\" content=\"image\/jpeg\" \/>\n<meta name=\"twitter:card\" content=\"summary_large_image\" \/>\n<meta name=\"twitter:label1\" content=\"Gesch\u00e4tzte Lesezeit\" \/>\n\t<meta name=\"twitter:data1\" content=\"1\u00a0Minute\" \/>\n<script type=\"application\/ld+json\" class=\"yoast-schema-graph\">{\"@context\":\"https:\\\/\\\/schema.org\",\"@graph\":[{\"@type\":\"WebPage\",\"@id\":\"https:\\\/\\\/partsandpieces.nl\\\/product\\\/knop-brons-antiek-rond-30mm\\\/\",\"url\":\"https:\\\/\\\/partsandpieces.nl\\\/product\\\/knop-brons-antiek-rond-30mm\\\/\",\"name\":\"Knop Brons Antiek 30mm\",\"isPartOf\":{\"@id\":\"https:\\\/\\\/partsandpieces.nl\\\/#website\"},\"primaryImageOfPage\":{\"@id\":\"https:\\\/\\\/partsandpieces.nl\\\/product\\\/knop-brons-antiek-rond-30mm\\\/#primaryimage\"},\"image\":{\"@id\":\"https:\\\/\\\/partsandpieces.nl\\\/product\\\/knop-brons-antiek-rond-30mm\\\/#primaryimage\"},\"thumbnailUrl\":\"https:\\\/\\\/partsandpieces.nl\\\/wp-content\\\/uploads\\\/2024\\\/06\\\/Knop-Brons-Antiek-rond-30mm.jpg\",\"datePublished\":\"2024-06-18T13:30:28+00:00\",\"dateModified\":\"2026-01-25T13:06:14+00:00\",\"description\":\"Knop Brons Antiek 30mm is een mooie, ambachtelijke meubelknop met antiek bronzen finish. Past goed op je meubel of keukenkastje.\",\"breadcrumb\":{\"@id\":\"https:\\\/\\\/partsandpieces.nl\\\/product\\\/knop-brons-antiek-rond-30mm\\\/#breadcrumb\"},\"inLanguage\":\"de\",\"potentialAction\":[{\"@type\":\"ReadAction\",\"target\":[\"https:\\\/\\\/partsandpieces.nl\\\/product\\\/knop-brons-antiek-rond-30mm\\\/\"]}]},{\"@type\":\"ImageObject\",\"inLanguage\":\"de\",\"@id\":\"https:\\\/\\\/partsandpieces.nl\\\/product\\\/knop-brons-antiek-rond-30mm\\\/#primaryimage\",\"url\":\"https:\\\/\\\/partsandpieces.nl\\\/wp-content\\\/uploads\\\/2024\\\/06\\\/Knop-Brons-Antiek-rond-30mm.jpg\",\"contentUrl\":\"https:\\\/\\\/partsandpieces.nl\\\/wp-content\\\/uploads\\\/2024\\\/06\\\/Knop-Brons-Antiek-rond-30mm.jpg\",\"width\":392,\"height\":391,\"caption\":\"Knop Brons Antiek rond 30mm\"},{\"@type\":\"BreadcrumbList\",\"@id\":\"https:\\\/\\\/partsandpieces.nl\\\/product\\\/knop-brons-antiek-rond-30mm\\\/#breadcrumb\",\"itemListElement\":[{\"@type\":\"ListItem\",\"position\":1,\"name\":\"Home\",\"item\":\"https:\\\/\\\/partsandpieces.nl\\\/home\\\/\"},{\"@type\":\"ListItem\",\"position\":2,\"name\":\"Winkel\",\"item\":\"https:\\\/\\\/partsandpieces.nl\\\/winkel\\\/\"},{\"@type\":\"ListItem\",\"position\":3,\"name\":\"Knop Brons Antiek rond 30mm\"}]},{\"@type\":\"WebSite\",\"@id\":\"https:\\\/\\\/partsandpieces.nl\\\/#website\",\"url\":\"https:\\\/\\\/partsandpieces.nl\\\/\",\"name\":\"Parts &amp; Pieces\",\"description\":\"Alles voor uw meubelrestauratie en -onderhoud!\",\"potentialAction\":[{\"@type\":\"SearchAction\",\"target\":{\"@type\":\"EntryPoint\",\"urlTemplate\":\"https:\\\/\\\/partsandpieces.nl\\\/?s={search_term_string}\"},\"query-input\":{\"@type\":\"PropertyValueSpecification\",\"valueRequired\":true,\"valueName\":\"search_term_string\"}}],\"inLanguage\":\"de\"}]}<\/script>\n<!-- \/ Yoast SEO plugin. -->","yoast_head_json":{"title":"Knopf Bronze Antik 30mm","description":"Der Bronze-Antikknopf 30 mm ist ein wundersch\u00f6ner, traditioneller M\u00f6belknopf mit einem antiken Bronze-Finish. Passt gut auf Ihre M\u00f6bel oder Ihren K\u00fcchenschrank.","robots":{"index":"index","follow":"follow","max-snippet":"max-snippet:-1","max-image-preview":"max-image-preview:large","max-video-preview":"max-video-preview:-1"},"canonical":"https:\/\/partsandpieces.nl\/de\/produkt\/knauf-bronze-antik-rund-30mm\/","og_locale":"de_DE","og_type":"article","og_title":"Knop Brons Antiek 30mm","og_description":"Knop Brons Antiek 30mm is een mooie, ambachtelijke meubelknop met antiek bronzen finish. Past goed op je meubel of keukenkastje.","og_url":"https:\/\/partsandpieces.nl\/de\/produkt\/knauf-bronze-antik-rund-30mm\/","og_site_name":"Parts &amp; Pieces","article_modified_time":"2026-01-25T13:06:14+00:00","og_image":[{"width":392,"height":391,"url":"https:\/\/partsandpieces.nl\/wp-content\/uploads\/2024\/06\/Knop-Brons-Antiek-rond-30mm.jpg","type":"image\/jpeg"}],"twitter_card":"summary_large_image","twitter_misc":{"Gesch\u00e4tzte Lesezeit":"1\u00a0Minute"},"schema":{"@context":"https:\/\/schema.org","@graph":[{"@type":"WebPage","@id":"https:\/\/partsandpieces.nl\/product\/knop-brons-antiek-rond-30mm\/","url":"https:\/\/partsandpieces.nl\/product\/knop-brons-antiek-rond-30mm\/","name":"Knopf Bronze Antik 30mm","isPartOf":{"@id":"https:\/\/partsandpieces.nl\/#website"},"primaryImageOfPage":{"@id":"https:\/\/partsandpieces.nl\/product\/knop-brons-antiek-rond-30mm\/#primaryimage"},"image":{"@id":"https:\/\/partsandpieces.nl\/product\/knop-brons-antiek-rond-30mm\/#primaryimage"},"thumbnailUrl":"https:\/\/partsandpieces.nl\/wp-content\/uploads\/2024\/06\/Knop-Brons-Antiek-rond-30mm.jpg","datePublished":"2024-06-18T13:30:28+00:00","dateModified":"2026-01-25T13:06:14+00:00","description":"Der Bronze-Antikknopf 30 mm ist ein wundersch\u00f6ner, traditioneller M\u00f6belknopf mit einem antiken Bronze-Finish. Passt gut auf Ihre M\u00f6bel oder Ihren K\u00fcchenschrank.","breadcrumb":{"@id":"https:\/\/partsandpieces.nl\/product\/knop-brons-antiek-rond-30mm\/#breadcrumb"},"inLanguage":"de","potentialAction":[{"@type":"ReadAction","target":["https:\/\/partsandpieces.nl\/product\/knop-brons-antiek-rond-30mm\/"]}]},{"@type":"ImageObject","inLanguage":"de","@id":"https:\/\/partsandpieces.nl\/product\/knop-brons-antiek-rond-30mm\/#primaryimage","url":"https:\/\/partsandpieces.nl\/wp-content\/uploads\/2024\/06\/Knop-Brons-Antiek-rond-30mm.jpg","contentUrl":"https:\/\/partsandpieces.nl\/wp-content\/uploads\/2024\/06\/Knop-Brons-Antiek-rond-30mm.jpg","width":392,"height":391,"caption":"Knop Brons Antiek rond 30mm"},{"@type":"BreadcrumbList","@id":"https:\/\/partsandpieces.nl\/product\/knop-brons-antiek-rond-30mm\/#breadcrumb","itemListElement":[{"@type":"ListItem","position":1,"name":"Home","item":"https:\/\/partsandpieces.nl\/home\/"},{"@type":"ListItem","position":2,"name":"Winkel","item":"https:\/\/partsandpieces.nl\/winkel\/"},{"@type":"ListItem","position":3,"name":"Knop Brons Antiek rond 30mm"}]},{"@type":"WebSite","@id":"https:\/\/partsandpieces.nl\/#website","url":"https:\/\/partsandpieces.nl\/","name":"Teile &amp; St\u00fccke","description":"Alles f\u00fcr Ihre M\u00f6belrestaurierung und -pflege!","potentialAction":[{"@type":"SearchAction","target":{"@type":"EntryPoint","urlTemplate":"https:\/\/partsandpieces.nl\/?s={search_term_string}"},"query-input":{"@type":"PropertyValueSpecification","valueRequired":true,"valueName":"search_term_string"}}],"inLanguage":"de"}]}},"_links":{"self":[{"href":"https:\/\/partsandpieces.nl\/de\/wp-json\/wp\/v2\/product\/9162","targetHints":{"allow":["GET"]}}],"collection":[{"href":"https:\/\/partsandpieces.nl\/de\/wp-json\/wp\/v2\/product"}],"about":[{"href":"https:\/\/partsandpieces.nl\/de\/wp-json\/wp\/v2\/types\/product"}],"wp:featuredmedia":[{"embeddable":true,"href":"https:\/\/partsandpieces.nl\/de\/wp-json\/wp\/v2\/media\/9164"}],"wp:attachment":[{"href":"https:\/\/partsandpieces.nl\/de\/wp-json\/wp\/v2\/media?parent=9162"}],"wp:term":[{"taxonomy":"product_brand","embeddable":true,"href":"https:\/\/partsandpieces.nl\/de\/wp-json\/wp\/v2\/product_brand?post=9162"},{"taxonomy":"product_cat","embeddable":true,"href":"https:\/\/partsandpieces.nl\/de\/wp-json\/wp\/v2\/product_cat?post=9162"},{"taxonomy":"product_tag","embeddable":true,"href":"https:\/\/partsandpieces.nl\/de\/wp-json\/wp\/v2\/product_tag?post=9162"}],"curies":[{"name":"wp","href":"https:\/\/api.w.org\/{rel}","templated":true}]}}