{"id":9191,"date":"2024-06-20T13:10:57","date_gmt":"2024-06-20T11:10:57","guid":{"rendered":"https:\/\/partsandpieces.nl\/?post_type=product&#038;p=9191"},"modified":"2026-03-18T21:32:21","modified_gmt":"2026-03-18T20:32:21","slug":"fensterfeststeller-messing-klassisch-285cm","status":"publish","type":"product","link":"https:\/\/partsandpieces.nl\/de\/product\/raamuitzetter-messing-klassiek-285cm\/","title":{"rendered":"Fensterhalter Messing Classic 28,5 cm"},"content":{"rendered":"<p><strong>Fensterhalter Messing Classic 28,5 cm <\/strong>ist ein klassischer Fensterfeststeller. Der Fenstergriff besteht aus Metall mit gl\u00e4nzender Messingoberfl\u00e4che. Mit dieser Fensterfeststeller k\u00f6nnen Sie Ihr Fenster in 6 verschiedenen Positionen \u00f6ffnen. Dieser Fensterhalter passt gut in ein klassisches Interieur.<\/p>\n<p><strong>Ma\u00dfe<br \/>\n<\/strong>Fensterfeststeller Messing Classic 28,5 cm hat einen Hebel mit einer Gesamtl\u00e4nge von 28,5 cm. Die Montageplatte ist 45x13mm gro\u00df. Ich lege 2 passende St\u00fctzen bei.<\/p>\n<p><strong>Bearbeiten<br \/>\n<\/strong>Sie montieren diese Fensterstrebe mit 2 konischen Schrauben. Ich werde dies f\u00fcr Sie liefern.<\/p>","protected":false},"excerpt":{"rendered":"<p>Raamuitzetter Messing Klassiek 28,5cm is een klassieke raamuitzetter. De raamkruk is gemaakt van metaal met een glanzende messing finish. Met deze raamuitzetter kun je je raam in 6 verschillende standen open zetten. Deze raamuitzetter past goed in een klassiek interieur. Afmetingen Raamuitzetter Messing Klassiek 28,5cm heeft een hefboom met een totale lengte van 28,5cm. De [&hellip;]<\/p>\n","protected":false},"featured_media":9193,"template":"","meta":{"_acf_changed":false},"product_brand":[],"product_cat":[58,62],"product_tag":[],"class_list":{"0":"post-9191","1":"product","2":"type-product","3":"status-publish","4":"has-post-thumbnail","6":"product_cat-deurbeslag","7":"product_cat-raamgrepen-en-sluiters","9":"first","10":"instock","11":"taxable","12":"shipping-taxable","13":"purchasable","14":"product-type-simple"},"acf":[],"yoast_head":"<!-- This site is optimized with the Yoast SEO plugin v27.3 - https:\/\/yoast.com\/product\/yoast-seo-wordpress\/ -->\n<title>Raamuitzetter Brons met zwart heft antiek<\/title>\n<meta name=\"description\" content=\"Raamuitzetter Brons antiek met zwart heft is een klassieke raamuitzetter. Met deze raamuitzetter kun je je raam in 4 verschillende standen open zetten.\" \/>\n<meta name=\"robots\" content=\"index, follow, max-snippet:-1, max-image-preview:large, max-video-preview:-1\" \/>\n<link rel=\"canonical\" href=\"https:\/\/partsandpieces.nl\/de\/produkt\/fensterfeststeller-messing-klassisch-285cm\/\" \/>\n<meta property=\"og:locale\" content=\"de_DE\" \/>\n<meta property=\"og:type\" content=\"article\" \/>\n<meta property=\"og:title\" content=\"Raamuitzetter Brons met zwart heft antiek\" \/>\n<meta property=\"og:description\" content=\"Raamuitzetter Brons antiek met zwart heft is een klassieke raamuitzetter. Met deze raamuitzetter kun je je raam in 4 verschillende standen open zetten.\" \/>\n<meta property=\"og:url\" content=\"https:\/\/partsandpieces.nl\/de\/produkt\/fensterfeststeller-messing-klassisch-285cm\/\" \/>\n<meta property=\"og:site_name\" content=\"Parts &amp; Pieces\" \/>\n<meta property=\"article:modified_time\" content=\"2026-03-18T20:32:21+00:00\" \/>\n<meta property=\"og:image\" content=\"https:\/\/partsandpieces.nl\/wp-content\/uploads\/2024\/06\/Raamuitzetter-Messing-Klassiek-285cm.jpg\" \/>\n\t<meta property=\"og:image:width\" content=\"480\" \/>\n\t<meta property=\"og:image:height\" content=\"481\" \/>\n\t<meta property=\"og:image:type\" content=\"image\/jpeg\" \/>\n<meta name=\"twitter:card\" content=\"summary_large_image\" \/>\n<meta name=\"twitter:label1\" content=\"Gesch\u00e4tzte Lesezeit\" \/>\n\t<meta name=\"twitter:data1\" content=\"1\u00a0Minute\" \/>\n<script type=\"application\/ld+json\" class=\"yoast-schema-graph\">{\"@context\":\"https:\\\/\\\/schema.org\",\"@graph\":[{\"@type\":\"WebPage\",\"@id\":\"https:\\\/\\\/partsandpieces.nl\\\/product\\\/raamuitzetter-messing-klassiek-285cm\\\/\",\"url\":\"https:\\\/\\\/partsandpieces.nl\\\/product\\\/raamuitzetter-messing-klassiek-285cm\\\/\",\"name\":\"Raamuitzetter Brons met zwart heft antiek\",\"isPartOf\":{\"@id\":\"https:\\\/\\\/partsandpieces.nl\\\/#website\"},\"primaryImageOfPage\":{\"@id\":\"https:\\\/\\\/partsandpieces.nl\\\/product\\\/raamuitzetter-messing-klassiek-285cm\\\/#primaryimage\"},\"image\":{\"@id\":\"https:\\\/\\\/partsandpieces.nl\\\/product\\\/raamuitzetter-messing-klassiek-285cm\\\/#primaryimage\"},\"thumbnailUrl\":\"https:\\\/\\\/partsandpieces.nl\\\/wp-content\\\/uploads\\\/2024\\\/06\\\/Raamuitzetter-Messing-Klassiek-285cm.jpg\",\"datePublished\":\"2024-06-20T11:10:57+00:00\",\"dateModified\":\"2026-03-18T20:32:21+00:00\",\"description\":\"Raamuitzetter Brons antiek met zwart heft is een klassieke raamuitzetter. Met deze raamuitzetter kun je je raam in 4 verschillende standen open zetten.\",\"breadcrumb\":{\"@id\":\"https:\\\/\\\/partsandpieces.nl\\\/product\\\/raamuitzetter-messing-klassiek-285cm\\\/#breadcrumb\"},\"inLanguage\":\"de\",\"potentialAction\":[{\"@type\":\"ReadAction\",\"target\":[\"https:\\\/\\\/partsandpieces.nl\\\/product\\\/raamuitzetter-messing-klassiek-285cm\\\/\"]}]},{\"@type\":\"ImageObject\",\"inLanguage\":\"de\",\"@id\":\"https:\\\/\\\/partsandpieces.nl\\\/product\\\/raamuitzetter-messing-klassiek-285cm\\\/#primaryimage\",\"url\":\"https:\\\/\\\/partsandpieces.nl\\\/wp-content\\\/uploads\\\/2024\\\/06\\\/Raamuitzetter-Messing-Klassiek-285cm.jpg\",\"contentUrl\":\"https:\\\/\\\/partsandpieces.nl\\\/wp-content\\\/uploads\\\/2024\\\/06\\\/Raamuitzetter-Messing-Klassiek-285cm.jpg\",\"width\":480,\"height\":481,\"caption\":\"Raamuitzetter Messing Klassiek 28,5cm\"},{\"@type\":\"BreadcrumbList\",\"@id\":\"https:\\\/\\\/partsandpieces.nl\\\/product\\\/raamuitzetter-messing-klassiek-285cm\\\/#breadcrumb\",\"itemListElement\":[{\"@type\":\"ListItem\",\"position\":1,\"name\":\"Home\",\"item\":\"https:\\\/\\\/partsandpieces.nl\\\/home\\\/\"},{\"@type\":\"ListItem\",\"position\":2,\"name\":\"Winkel\",\"item\":\"https:\\\/\\\/partsandpieces.nl\\\/winkel\\\/\"},{\"@type\":\"ListItem\",\"position\":3,\"name\":\"Raamuitzetter Messing Klassiek 28,5cm\"}]},{\"@type\":\"WebSite\",\"@id\":\"https:\\\/\\\/partsandpieces.nl\\\/#website\",\"url\":\"https:\\\/\\\/partsandpieces.nl\\\/\",\"name\":\"Parts &amp; Pieces\",\"description\":\"Alles voor uw meubelrestauratie en -onderhoud!\",\"potentialAction\":[{\"@type\":\"SearchAction\",\"target\":{\"@type\":\"EntryPoint\",\"urlTemplate\":\"https:\\\/\\\/partsandpieces.nl\\\/?s={search_term_string}\"},\"query-input\":{\"@type\":\"PropertyValueSpecification\",\"valueRequired\":true,\"valueName\":\"search_term_string\"}}],\"inLanguage\":\"de\"}]}<\/script>\n<!-- \/ Yoast SEO plugin. -->","yoast_head_json":{"title":"Fensterfeststeller Bronze mit schwarzem Griff antik","description":"Fensterfeststeller Bronze antik mit schwarzem Griff ist ein klassischer Fensterfeststeller. Mit dieser Fensterfeststeller k\u00f6nnen Sie Ihr Fenster in 4 verschiedenen Positionen \u00f6ffnen.","robots":{"index":"index","follow":"follow","max-snippet":"max-snippet:-1","max-image-preview":"max-image-preview:large","max-video-preview":"max-video-preview:-1"},"canonical":"https:\/\/partsandpieces.nl\/de\/produkt\/fensterfeststeller-messing-klassisch-285cm\/","og_locale":"de_DE","og_type":"article","og_title":"Raamuitzetter Brons met zwart heft antiek","og_description":"Raamuitzetter Brons antiek met zwart heft is een klassieke raamuitzetter. Met deze raamuitzetter kun je je raam in 4 verschillende standen open zetten.","og_url":"https:\/\/partsandpieces.nl\/de\/produkt\/fensterfeststeller-messing-klassisch-285cm\/","og_site_name":"Parts &amp; Pieces","article_modified_time":"2026-03-18T20:32:21+00:00","og_image":[{"width":480,"height":481,"url":"https:\/\/partsandpieces.nl\/wp-content\/uploads\/2024\/06\/Raamuitzetter-Messing-Klassiek-285cm.jpg","type":"image\/jpeg"}],"twitter_card":"summary_large_image","twitter_misc":{"Gesch\u00e4tzte Lesezeit":"1\u00a0Minute"},"schema":{"@context":"https:\/\/schema.org","@graph":[{"@type":"WebPage","@id":"https:\/\/partsandpieces.nl\/product\/raamuitzetter-messing-klassiek-285cm\/","url":"https:\/\/partsandpieces.nl\/product\/raamuitzetter-messing-klassiek-285cm\/","name":"Fensterfeststeller Bronze mit schwarzem Griff antik","isPartOf":{"@id":"https:\/\/partsandpieces.nl\/#website"},"primaryImageOfPage":{"@id":"https:\/\/partsandpieces.nl\/product\/raamuitzetter-messing-klassiek-285cm\/#primaryimage"},"image":{"@id":"https:\/\/partsandpieces.nl\/product\/raamuitzetter-messing-klassiek-285cm\/#primaryimage"},"thumbnailUrl":"https:\/\/partsandpieces.nl\/wp-content\/uploads\/2024\/06\/Raamuitzetter-Messing-Klassiek-285cm.jpg","datePublished":"2024-06-20T11:10:57+00:00","dateModified":"2026-03-18T20:32:21+00:00","description":"Fensterfeststeller Bronze antik mit schwarzem Griff ist ein klassischer Fensterfeststeller. Mit dieser Fensterfeststeller k\u00f6nnen Sie Ihr Fenster in 4 verschiedenen Positionen \u00f6ffnen.","breadcrumb":{"@id":"https:\/\/partsandpieces.nl\/product\/raamuitzetter-messing-klassiek-285cm\/#breadcrumb"},"inLanguage":"de","potentialAction":[{"@type":"ReadAction","target":["https:\/\/partsandpieces.nl\/product\/raamuitzetter-messing-klassiek-285cm\/"]}]},{"@type":"ImageObject","inLanguage":"de","@id":"https:\/\/partsandpieces.nl\/product\/raamuitzetter-messing-klassiek-285cm\/#primaryimage","url":"https:\/\/partsandpieces.nl\/wp-content\/uploads\/2024\/06\/Raamuitzetter-Messing-Klassiek-285cm.jpg","contentUrl":"https:\/\/partsandpieces.nl\/wp-content\/uploads\/2024\/06\/Raamuitzetter-Messing-Klassiek-285cm.jpg","width":480,"height":481,"caption":"Raamuitzetter Messing Klassiek 28,5cm"},{"@type":"BreadcrumbList","@id":"https:\/\/partsandpieces.nl\/product\/raamuitzetter-messing-klassiek-285cm\/#breadcrumb","itemListElement":[{"@type":"ListItem","position":1,"name":"Home","item":"https:\/\/partsandpieces.nl\/home\/"},{"@type":"ListItem","position":2,"name":"Winkel","item":"https:\/\/partsandpieces.nl\/winkel\/"},{"@type":"ListItem","position":3,"name":"Raamuitzetter Messing Klassiek 28,5cm"}]},{"@type":"WebSite","@id":"https:\/\/partsandpieces.nl\/#website","url":"https:\/\/partsandpieces.nl\/","name":"Teile &amp; St\u00fccke","description":"Alles f\u00fcr Ihre M\u00f6belrestaurierung und -pflege!","potentialAction":[{"@type":"SearchAction","target":{"@type":"EntryPoint","urlTemplate":"https:\/\/partsandpieces.nl\/?s={search_term_string}"},"query-input":{"@type":"PropertyValueSpecification","valueRequired":true,"valueName":"search_term_string"}}],"inLanguage":"de"}]}},"_links":{"self":[{"href":"https:\/\/partsandpieces.nl\/de\/wp-json\/wp\/v2\/product\/9191","targetHints":{"allow":["GET"]}}],"collection":[{"href":"https:\/\/partsandpieces.nl\/de\/wp-json\/wp\/v2\/product"}],"about":[{"href":"https:\/\/partsandpieces.nl\/de\/wp-json\/wp\/v2\/types\/product"}],"wp:featuredmedia":[{"embeddable":true,"href":"https:\/\/partsandpieces.nl\/de\/wp-json\/wp\/v2\/media\/9193"}],"wp:attachment":[{"href":"https:\/\/partsandpieces.nl\/de\/wp-json\/wp\/v2\/media?parent=9191"}],"wp:term":[{"taxonomy":"product_brand","embeddable":true,"href":"https:\/\/partsandpieces.nl\/de\/wp-json\/wp\/v2\/product_brand?post=9191"},{"taxonomy":"product_cat","embeddable":true,"href":"https:\/\/partsandpieces.nl\/de\/wp-json\/wp\/v2\/product_cat?post=9191"},{"taxonomy":"product_tag","embeddable":true,"href":"https:\/\/partsandpieces.nl\/de\/wp-json\/wp\/v2\/product_tag?post=9191"}],"curies":[{"name":"wp","href":"https:\/\/api.w.org\/{rel}","templated":true}]}}