{"id":9194,"date":"2024-06-20T13:27:19","date_gmt":"2024-06-20T11:27:19","guid":{"rendered":"https:\/\/partsandpieces.nl\/?post_type=product&#038;p=9194"},"modified":"2025-12-03T09:38:11","modified_gmt":"2025-12-03T08:38:11","slug":"fensterfeststeller-aus-messing-klassisches-seil-31-cm","status":"publish","type":"product","link":"https:\/\/partsandpieces.nl\/de\/product\/raamuitzetter-messing-klassiek-touw-31cm\/","title":{"rendered":"Fensterfeststeller Messing Classic &#039;Rope&#039; 31cm"},"content":{"rendered":"<p><strong>Fensterfeststeller Messing Classic &#039;Rope&#039; 31cm <\/strong>ist ein klassischer Fensterfeststeller. Der Fenstergriff besteht aus Metall mit gl\u00e4nzender Messingoberfl\u00e4che. Der Griff ist mit einem Seilmotiv verziert. Mit dieser Fensterfeststeller k\u00f6nnen Sie Ihr Fenster in 5 verschiedenen Positionen \u00f6ffnen. Dieser Fensterhalter passt gut in ein klassisches Interieur.<\/p>\n<p><strong>Ma\u00dfe<br \/>\n<\/strong>Der Fensterfeststeller Brass Classic \u201eRope\u201c 31 cm hat einen Hebel mit einer Gesamtl\u00e4nge von 31 cm. Die Montageplatte ist 48x13mm gro\u00df. Ich lege 2 passende St\u00fctzen bei.<\/p>\n<p><strong>Bearbeiten<br \/>\n<\/strong>Sie montieren diese Fensterstrebe mit 2 konischen Schrauben. Ich werde dies f\u00fcr Sie liefern.<\/p>","protected":false},"excerpt":{"rendered":"<p>Raamuitzetter Messing Klassiek &#8216;Touw&#8217; 31cm is een klassieke raamuitzetter. De raamkruk is gemaakt van metaal met een glanzende messing finish. De handgreep is versierd met een touwmotief. Met deze raamuitzetter kun je je raam in 5 verschillende standen open zetten. Deze raamuitzetter past goed in een klassiek interieur. Afmetingen Raamuitzetter Messing Klassiek &#8216;Touw&#8217; 31cm heeft [&hellip;]<\/p>\n","protected":false},"featured_media":9196,"template":"","meta":{"_acf_changed":false},"product_brand":[],"product_cat":[58,62],"product_tag":[],"class_list":{"0":"post-9194","1":"product","2":"type-product","3":"status-publish","4":"has-post-thumbnail","6":"product_cat-deurbeslag","7":"product_cat-raamgrepen-en-sluiters","9":"first","10":"instock","11":"taxable","12":"shipping-taxable","13":"purchasable","14":"product-type-simple"},"acf":[],"yoast_head":"<!-- This site is optimized with the Yoast SEO plugin v27.3 - https:\/\/yoast.com\/product\/yoast-seo-wordpress\/ -->\n<title>Raamuitzetter Messing Klassiek &#039;Touw&#039; 31cm<\/title>\n<meta name=\"description\" content=\"Raamuitzetter Messing Klassiek &#039;Touw&#039; 31cm is een klassieke raamuitzetter. De handgreep is versierd met een touwmotief. Past goed in een klassiek interieur.\" \/>\n<meta name=\"robots\" content=\"index, follow, max-snippet:-1, max-image-preview:large, max-video-preview:-1\" \/>\n<link rel=\"canonical\" href=\"https:\/\/partsandpieces.nl\/de\/produkt\/fensterfeststeller-aus-messing-klassisches-seil-31-cm\/\" \/>\n<meta property=\"og:locale\" content=\"de_DE\" \/>\n<meta property=\"og:type\" content=\"article\" \/>\n<meta property=\"og:title\" content=\"Raamuitzetter Messing Klassiek &#039;Touw&#039; 31cm\" \/>\n<meta property=\"og:description\" content=\"Raamuitzetter Messing Klassiek &#039;Touw&#039; 31cm is een klassieke raamuitzetter. De handgreep is versierd met een touwmotief. Past goed in een klassiek interieur.\" \/>\n<meta property=\"og:url\" content=\"https:\/\/partsandpieces.nl\/de\/produkt\/fensterfeststeller-aus-messing-klassisches-seil-31-cm\/\" \/>\n<meta property=\"og:site_name\" content=\"Parts &amp; Pieces\" \/>\n<meta property=\"article:modified_time\" content=\"2025-12-03T08:38:11+00:00\" \/>\n<meta property=\"og:image\" content=\"https:\/\/partsandpieces.nl\/wp-content\/uploads\/2024\/06\/Raamuitzetter-Messing-Klassiek-Touw-31cm.jpg\" \/>\n\t<meta property=\"og:image:width\" content=\"464\" \/>\n\t<meta property=\"og:image:height\" content=\"461\" \/>\n\t<meta property=\"og:image:type\" content=\"image\/jpeg\" \/>\n<meta name=\"twitter:card\" content=\"summary_large_image\" \/>\n<meta name=\"twitter:label1\" content=\"Gesch\u00e4tzte Lesezeit\" \/>\n\t<meta name=\"twitter:data1\" content=\"1\u00a0Minute\" \/>\n<script type=\"application\/ld+json\" class=\"yoast-schema-graph\">{\"@context\":\"https:\\\/\\\/schema.org\",\"@graph\":[{\"@type\":\"WebPage\",\"@id\":\"https:\\\/\\\/partsandpieces.nl\\\/product\\\/raamuitzetter-messing-klassiek-touw-31cm\\\/\",\"url\":\"https:\\\/\\\/partsandpieces.nl\\\/product\\\/raamuitzetter-messing-klassiek-touw-31cm\\\/\",\"name\":\"Raamuitzetter Messing Klassiek 'Touw' 31cm\",\"isPartOf\":{\"@id\":\"https:\\\/\\\/partsandpieces.nl\\\/#website\"},\"primaryImageOfPage\":{\"@id\":\"https:\\\/\\\/partsandpieces.nl\\\/product\\\/raamuitzetter-messing-klassiek-touw-31cm\\\/#primaryimage\"},\"image\":{\"@id\":\"https:\\\/\\\/partsandpieces.nl\\\/product\\\/raamuitzetter-messing-klassiek-touw-31cm\\\/#primaryimage\"},\"thumbnailUrl\":\"https:\\\/\\\/partsandpieces.nl\\\/wp-content\\\/uploads\\\/2024\\\/06\\\/Raamuitzetter-Messing-Klassiek-Touw-31cm.jpg\",\"datePublished\":\"2024-06-20T11:27:19+00:00\",\"dateModified\":\"2025-12-03T08:38:11+00:00\",\"description\":\"Raamuitzetter Messing Klassiek 'Touw' 31cm is een klassieke raamuitzetter. De handgreep is versierd met een touwmotief. Past goed in een klassiek interieur.\",\"breadcrumb\":{\"@id\":\"https:\\\/\\\/partsandpieces.nl\\\/product\\\/raamuitzetter-messing-klassiek-touw-31cm\\\/#breadcrumb\"},\"inLanguage\":\"de\",\"potentialAction\":[{\"@type\":\"ReadAction\",\"target\":[\"https:\\\/\\\/partsandpieces.nl\\\/product\\\/raamuitzetter-messing-klassiek-touw-31cm\\\/\"]}]},{\"@type\":\"ImageObject\",\"inLanguage\":\"de\",\"@id\":\"https:\\\/\\\/partsandpieces.nl\\\/product\\\/raamuitzetter-messing-klassiek-touw-31cm\\\/#primaryimage\",\"url\":\"https:\\\/\\\/partsandpieces.nl\\\/wp-content\\\/uploads\\\/2024\\\/06\\\/Raamuitzetter-Messing-Klassiek-Touw-31cm.jpg\",\"contentUrl\":\"https:\\\/\\\/partsandpieces.nl\\\/wp-content\\\/uploads\\\/2024\\\/06\\\/Raamuitzetter-Messing-Klassiek-Touw-31cm.jpg\",\"width\":464,\"height\":461,\"caption\":\"Raamuitzetter Messing Klassiek 'Touw' 31cm\"},{\"@type\":\"BreadcrumbList\",\"@id\":\"https:\\\/\\\/partsandpieces.nl\\\/product\\\/raamuitzetter-messing-klassiek-touw-31cm\\\/#breadcrumb\",\"itemListElement\":[{\"@type\":\"ListItem\",\"position\":1,\"name\":\"Home\",\"item\":\"https:\\\/\\\/partsandpieces.nl\\\/home\\\/\"},{\"@type\":\"ListItem\",\"position\":2,\"name\":\"Winkel\",\"item\":\"https:\\\/\\\/partsandpieces.nl\\\/winkel\\\/\"},{\"@type\":\"ListItem\",\"position\":3,\"name\":\"Raamuitzetter Messing Klassiek &#8216;Touw&#8217; 31cm\"}]},{\"@type\":\"WebSite\",\"@id\":\"https:\\\/\\\/partsandpieces.nl\\\/#website\",\"url\":\"https:\\\/\\\/partsandpieces.nl\\\/\",\"name\":\"Parts &amp; Pieces\",\"description\":\"Alles voor uw meubelrestauratie en -onderhoud!\",\"potentialAction\":[{\"@type\":\"SearchAction\",\"target\":{\"@type\":\"EntryPoint\",\"urlTemplate\":\"https:\\\/\\\/partsandpieces.nl\\\/?s={search_term_string}\"},\"query-input\":{\"@type\":\"PropertyValueSpecification\",\"valueRequired\":true,\"valueName\":\"search_term_string\"}}],\"inLanguage\":\"de\"}]}<\/script>\n<!-- \/ Yoast SEO plugin. -->","yoast_head_json":{"title":"Fensterfeststeller Messing Classic &#039;Rope&#039; 31cm","description":"Fensterfeststeller Brass Classic \u201eRope\u201c 31 cm ist ein klassischer Fensterfeststeller. Der Griff ist mit einem Seilmotiv verziert. Passt gut in ein klassisches Interieur.","robots":{"index":"index","follow":"follow","max-snippet":"max-snippet:-1","max-image-preview":"max-image-preview:large","max-video-preview":"max-video-preview:-1"},"canonical":"https:\/\/partsandpieces.nl\/de\/produkt\/fensterfeststeller-aus-messing-klassisches-seil-31-cm\/","og_locale":"de_DE","og_type":"article","og_title":"Raamuitzetter Messing Klassiek 'Touw' 31cm","og_description":"Raamuitzetter Messing Klassiek 'Touw' 31cm is een klassieke raamuitzetter. De handgreep is versierd met een touwmotief. Past goed in een klassiek interieur.","og_url":"https:\/\/partsandpieces.nl\/de\/produkt\/fensterfeststeller-aus-messing-klassisches-seil-31-cm\/","og_site_name":"Parts &amp; Pieces","article_modified_time":"2025-12-03T08:38:11+00:00","og_image":[{"width":464,"height":461,"url":"https:\/\/partsandpieces.nl\/wp-content\/uploads\/2024\/06\/Raamuitzetter-Messing-Klassiek-Touw-31cm.jpg","type":"image\/jpeg"}],"twitter_card":"summary_large_image","twitter_misc":{"Gesch\u00e4tzte Lesezeit":"1\u00a0Minute"},"schema":{"@context":"https:\/\/schema.org","@graph":[{"@type":"WebPage","@id":"https:\/\/partsandpieces.nl\/product\/raamuitzetter-messing-klassiek-touw-31cm\/","url":"https:\/\/partsandpieces.nl\/product\/raamuitzetter-messing-klassiek-touw-31cm\/","name":"Fensterfeststeller Messing Classic &#039;Rope&#039; 31cm","isPartOf":{"@id":"https:\/\/partsandpieces.nl\/#website"},"primaryImageOfPage":{"@id":"https:\/\/partsandpieces.nl\/product\/raamuitzetter-messing-klassiek-touw-31cm\/#primaryimage"},"image":{"@id":"https:\/\/partsandpieces.nl\/product\/raamuitzetter-messing-klassiek-touw-31cm\/#primaryimage"},"thumbnailUrl":"https:\/\/partsandpieces.nl\/wp-content\/uploads\/2024\/06\/Raamuitzetter-Messing-Klassiek-Touw-31cm.jpg","datePublished":"2024-06-20T11:27:19+00:00","dateModified":"2025-12-03T08:38:11+00:00","description":"Fensterfeststeller Brass Classic \u201eRope\u201c 31 cm ist ein klassischer Fensterfeststeller. Der Griff ist mit einem Seilmotiv verziert. Passt gut in ein klassisches Interieur.","breadcrumb":{"@id":"https:\/\/partsandpieces.nl\/product\/raamuitzetter-messing-klassiek-touw-31cm\/#breadcrumb"},"inLanguage":"de","potentialAction":[{"@type":"ReadAction","target":["https:\/\/partsandpieces.nl\/product\/raamuitzetter-messing-klassiek-touw-31cm\/"]}]},{"@type":"ImageObject","inLanguage":"de","@id":"https:\/\/partsandpieces.nl\/product\/raamuitzetter-messing-klassiek-touw-31cm\/#primaryimage","url":"https:\/\/partsandpieces.nl\/wp-content\/uploads\/2024\/06\/Raamuitzetter-Messing-Klassiek-Touw-31cm.jpg","contentUrl":"https:\/\/partsandpieces.nl\/wp-content\/uploads\/2024\/06\/Raamuitzetter-Messing-Klassiek-Touw-31cm.jpg","width":464,"height":461,"caption":"Raamuitzetter Messing Klassiek 'Touw' 31cm"},{"@type":"BreadcrumbList","@id":"https:\/\/partsandpieces.nl\/product\/raamuitzetter-messing-klassiek-touw-31cm\/#breadcrumb","itemListElement":[{"@type":"ListItem","position":1,"name":"Home","item":"https:\/\/partsandpieces.nl\/home\/"},{"@type":"ListItem","position":2,"name":"Winkel","item":"https:\/\/partsandpieces.nl\/winkel\/"},{"@type":"ListItem","position":3,"name":"Raamuitzetter Messing Klassiek &#8216;Touw&#8217; 31cm"}]},{"@type":"WebSite","@id":"https:\/\/partsandpieces.nl\/#website","url":"https:\/\/partsandpieces.nl\/","name":"Teile &amp; St\u00fccke","description":"Alles f\u00fcr Ihre M\u00f6belrestaurierung und -pflege!","potentialAction":[{"@type":"SearchAction","target":{"@type":"EntryPoint","urlTemplate":"https:\/\/partsandpieces.nl\/?s={search_term_string}"},"query-input":{"@type":"PropertyValueSpecification","valueRequired":true,"valueName":"search_term_string"}}],"inLanguage":"de"}]}},"_links":{"self":[{"href":"https:\/\/partsandpieces.nl\/de\/wp-json\/wp\/v2\/product\/9194","targetHints":{"allow":["GET"]}}],"collection":[{"href":"https:\/\/partsandpieces.nl\/de\/wp-json\/wp\/v2\/product"}],"about":[{"href":"https:\/\/partsandpieces.nl\/de\/wp-json\/wp\/v2\/types\/product"}],"wp:featuredmedia":[{"embeddable":true,"href":"https:\/\/partsandpieces.nl\/de\/wp-json\/wp\/v2\/media\/9196"}],"wp:attachment":[{"href":"https:\/\/partsandpieces.nl\/de\/wp-json\/wp\/v2\/media?parent=9194"}],"wp:term":[{"taxonomy":"product_brand","embeddable":true,"href":"https:\/\/partsandpieces.nl\/de\/wp-json\/wp\/v2\/product_brand?post=9194"},{"taxonomy":"product_cat","embeddable":true,"href":"https:\/\/partsandpieces.nl\/de\/wp-json\/wp\/v2\/product_cat?post=9194"},{"taxonomy":"product_tag","embeddable":true,"href":"https:\/\/partsandpieces.nl\/de\/wp-json\/wp\/v2\/product_tag?post=9194"}],"curies":[{"name":"wp","href":"https:\/\/api.w.org\/{rel}","templated":true}]}}