{"id":9257,"date":"2024-07-02T14:13:30","date_gmt":"2024-07-02T12:13:30","guid":{"rendered":"https:\/\/partsandpieces.nl\/?post_type=product&#038;p=9257"},"modified":"2024-07-02T14:22:04","modified_gmt":"2024-07-02T12:22:04","slug":"garderobenhaken-messing-delphin-110x70mm","status":"publish","type":"product","link":"https:\/\/partsandpieces.nl\/de\/product\/kapstokhaak-messing-dolfijn-110x70mm\/","title":{"rendered":"Kleiderhaken Messing Delphin 110x70mm"},"content":{"rendered":"<p><strong>Kleiderhaken Messing Delphin 110x70mm<\/strong> ist ein Kleiderhaken mit dem Bild eines Delfins. Der Garderobenst\u00e4nder hat eine sch\u00f6ne gl\u00e4nzende Messingoberfl\u00e4che.<\/p>\n<p><strong>Ma\u00dfe<br \/>\n<\/strong>Der Kleiderhaken Messing Dolphin 110x70mm ist 110mm breit und 70mm hoch. L\u00e4sst sich nach der Montage um 45 mm ausziehen.<\/p>\n<p><strong>Bearbeiten<br \/>\n<\/strong>Sie befestigen die Garderobe mit 2 Schrauben. Ich schicke diese Befestigungsschrauben mit Ihrer Bestellung.<\/p>","protected":false},"excerpt":{"rendered":"<p>Der Kleiderhaken Messing Delfin 110 x 70 mm ist ein Kleiderhaken mit dem Bild eines Delfins. Die Garderobe hat ein sch\u00f6nes, gl\u00e4nzendes Messing-Finish. Ma\u00dfe: Kleiderhaken Messing Delfin 110x70mm ist 110mm breit und 70mm hoch. Steht nach der Montage 45 mm hervor. Montage Sie befestigen die Garderobe mit 2 Schrauben. Diese Befestigungsschrauben sende ich Ihrer Bestellung mit.<\/p>","protected":false},"featured_media":9259,"template":"","meta":{"_acf_changed":false},"product_brand":[],"product_cat":[58,63],"product_tag":[],"class_list":{"0":"post-9257","1":"product","2":"type-product","3":"status-publish","4":"has-post-thumbnail","6":"product_cat-deurbeslag","7":"product_cat-kapstokhaken","9":"first","10":"instock","11":"taxable","12":"shipping-taxable","13":"purchasable","14":"product-type-simple"},"acf":[],"yoast_head":"<!-- This site is optimized with the Yoast SEO plugin v27.3 - https:\/\/yoast.com\/product\/yoast-seo-wordpress\/ -->\n<title>Kapstokhaak Messing Dolfijn 110x70mm<\/title>\n<meta name=\"description\" content=\"Kapstokhaak Messing Dolfijn 110x70mm is een\u00a0 kapstokhaak met een afbeelding van een dolfijn. De kapstok heeft een mooi glanzende messing afwerking.\" \/>\n<meta name=\"robots\" content=\"index, follow, max-snippet:-1, max-image-preview:large, max-video-preview:-1\" \/>\n<link rel=\"canonical\" href=\"https:\/\/partsandpieces.nl\/de\/produkt\/garderobenhaken-messing-delphin-110x70mm\/\" \/>\n<meta property=\"og:locale\" content=\"de_DE\" \/>\n<meta property=\"og:type\" content=\"article\" \/>\n<meta property=\"og:title\" content=\"Kapstokhaak Messing Dolfijn 110x70mm\" \/>\n<meta property=\"og:description\" content=\"Kapstokhaak Messing Dolfijn 110x70mm is een\u00a0 kapstokhaak met een afbeelding van een dolfijn. De kapstok heeft een mooi glanzende messing afwerking.\" \/>\n<meta property=\"og:url\" content=\"https:\/\/partsandpieces.nl\/de\/produkt\/garderobenhaken-messing-delphin-110x70mm\/\" \/>\n<meta property=\"og:site_name\" content=\"Parts &amp; Pieces\" \/>\n<meta property=\"article:modified_time\" content=\"2024-07-02T12:22:04+00:00\" \/>\n<meta property=\"og:image\" content=\"https:\/\/partsandpieces.nl\/wp-content\/uploads\/2024\/07\/Kapstokhaak-Messing-Dolfijn-110x70mm.jpg\" \/>\n\t<meta property=\"og:image:width\" content=\"454\" \/>\n\t<meta property=\"og:image:height\" content=\"453\" \/>\n\t<meta property=\"og:image:type\" content=\"image\/jpeg\" \/>\n<meta name=\"twitter:card\" content=\"summary_large_image\" \/>\n<meta name=\"twitter:label1\" content=\"Gesch\u00e4tzte Lesezeit\" \/>\n\t<meta name=\"twitter:data1\" content=\"1\u00a0Minute\" \/>\n<script type=\"application\/ld+json\" class=\"yoast-schema-graph\">{\"@context\":\"https:\\\/\\\/schema.org\",\"@graph\":[{\"@type\":\"WebPage\",\"@id\":\"https:\\\/\\\/partsandpieces.nl\\\/product\\\/kapstokhaak-messing-dolfijn-110x70mm\\\/\",\"url\":\"https:\\\/\\\/partsandpieces.nl\\\/product\\\/kapstokhaak-messing-dolfijn-110x70mm\\\/\",\"name\":\"Kapstokhaak Messing Dolfijn 110x70mm\",\"isPartOf\":{\"@id\":\"https:\\\/\\\/partsandpieces.nl\\\/#website\"},\"primaryImageOfPage\":{\"@id\":\"https:\\\/\\\/partsandpieces.nl\\\/product\\\/kapstokhaak-messing-dolfijn-110x70mm\\\/#primaryimage\"},\"image\":{\"@id\":\"https:\\\/\\\/partsandpieces.nl\\\/product\\\/kapstokhaak-messing-dolfijn-110x70mm\\\/#primaryimage\"},\"thumbnailUrl\":\"https:\\\/\\\/partsandpieces.nl\\\/wp-content\\\/uploads\\\/2024\\\/07\\\/Kapstokhaak-Messing-Dolfijn-110x70mm.jpg\",\"datePublished\":\"2024-07-02T12:13:30+00:00\",\"dateModified\":\"2024-07-02T12:22:04+00:00\",\"description\":\"Kapstokhaak Messing Dolfijn 110x70mm is een\u00a0 kapstokhaak met een afbeelding van een dolfijn. De kapstok heeft een mooi glanzende messing afwerking.\",\"breadcrumb\":{\"@id\":\"https:\\\/\\\/partsandpieces.nl\\\/product\\\/kapstokhaak-messing-dolfijn-110x70mm\\\/#breadcrumb\"},\"inLanguage\":\"de\",\"potentialAction\":[{\"@type\":\"ReadAction\",\"target\":[\"https:\\\/\\\/partsandpieces.nl\\\/product\\\/kapstokhaak-messing-dolfijn-110x70mm\\\/\"]}]},{\"@type\":\"ImageObject\",\"inLanguage\":\"de\",\"@id\":\"https:\\\/\\\/partsandpieces.nl\\\/product\\\/kapstokhaak-messing-dolfijn-110x70mm\\\/#primaryimage\",\"url\":\"https:\\\/\\\/partsandpieces.nl\\\/wp-content\\\/uploads\\\/2024\\\/07\\\/Kapstokhaak-Messing-Dolfijn-110x70mm.jpg\",\"contentUrl\":\"https:\\\/\\\/partsandpieces.nl\\\/wp-content\\\/uploads\\\/2024\\\/07\\\/Kapstokhaak-Messing-Dolfijn-110x70mm.jpg\",\"width\":454,\"height\":453,\"caption\":\"Kapstokhaak Messing Dolfijn 110x70mm\"},{\"@type\":\"BreadcrumbList\",\"@id\":\"https:\\\/\\\/partsandpieces.nl\\\/product\\\/kapstokhaak-messing-dolfijn-110x70mm\\\/#breadcrumb\",\"itemListElement\":[{\"@type\":\"ListItem\",\"position\":1,\"name\":\"Home\",\"item\":\"https:\\\/\\\/partsandpieces.nl\\\/home\\\/\"},{\"@type\":\"ListItem\",\"position\":2,\"name\":\"Winkel\",\"item\":\"https:\\\/\\\/partsandpieces.nl\\\/winkel\\\/\"},{\"@type\":\"ListItem\",\"position\":3,\"name\":\"Kapstokhaak Messing Dolfijn 110x70mm\"}]},{\"@type\":\"WebSite\",\"@id\":\"https:\\\/\\\/partsandpieces.nl\\\/#website\",\"url\":\"https:\\\/\\\/partsandpieces.nl\\\/\",\"name\":\"Parts &amp; Pieces\",\"description\":\"Alles voor uw meubelrestauratie en -onderhoud!\",\"potentialAction\":[{\"@type\":\"SearchAction\",\"target\":{\"@type\":\"EntryPoint\",\"urlTemplate\":\"https:\\\/\\\/partsandpieces.nl\\\/?s={search_term_string}\"},\"query-input\":{\"@type\":\"PropertyValueSpecification\",\"valueRequired\":true,\"valueName\":\"search_term_string\"}}],\"inLanguage\":\"de\"}]}<\/script>\n<!-- \/ Yoast SEO plugin. -->","yoast_head_json":{"title":"Kleiderhaken Messing Delphin 110x70mm","description":"Kleiderhaken Messing Delphin 110x70mm ist ein Kleiderhaken mit dem Bild eines Delphins. Der Garderobenst\u00e4nder hat eine sch\u00f6ne gl\u00e4nzende Messingoberfl\u00e4che.","robots":{"index":"index","follow":"follow","max-snippet":"max-snippet:-1","max-image-preview":"max-image-preview:large","max-video-preview":"max-video-preview:-1"},"canonical":"https:\/\/partsandpieces.nl\/de\/produkt\/garderobenhaken-messing-delphin-110x70mm\/","og_locale":"de_DE","og_type":"article","og_title":"Kapstokhaak Messing Dolfijn 110x70mm","og_description":"Kapstokhaak Messing Dolfijn 110x70mm is een\u00a0 kapstokhaak met een afbeelding van een dolfijn. De kapstok heeft een mooi glanzende messing afwerking.","og_url":"https:\/\/partsandpieces.nl\/de\/produkt\/garderobenhaken-messing-delphin-110x70mm\/","og_site_name":"Parts &amp; Pieces","article_modified_time":"2024-07-02T12:22:04+00:00","og_image":[{"width":454,"height":453,"url":"https:\/\/partsandpieces.nl\/wp-content\/uploads\/2024\/07\/Kapstokhaak-Messing-Dolfijn-110x70mm.jpg","type":"image\/jpeg"}],"twitter_card":"summary_large_image","twitter_misc":{"Gesch\u00e4tzte Lesezeit":"1\u00a0Minute"},"schema":{"@context":"https:\/\/schema.org","@graph":[{"@type":"WebPage","@id":"https:\/\/partsandpieces.nl\/product\/kapstokhaak-messing-dolfijn-110x70mm\/","url":"https:\/\/partsandpieces.nl\/product\/kapstokhaak-messing-dolfijn-110x70mm\/","name":"Kleiderhaken Messing Delphin 110x70mm","isPartOf":{"@id":"https:\/\/partsandpieces.nl\/#website"},"primaryImageOfPage":{"@id":"https:\/\/partsandpieces.nl\/product\/kapstokhaak-messing-dolfijn-110x70mm\/#primaryimage"},"image":{"@id":"https:\/\/partsandpieces.nl\/product\/kapstokhaak-messing-dolfijn-110x70mm\/#primaryimage"},"thumbnailUrl":"https:\/\/partsandpieces.nl\/wp-content\/uploads\/2024\/07\/Kapstokhaak-Messing-Dolfijn-110x70mm.jpg","datePublished":"2024-07-02T12:13:30+00:00","dateModified":"2024-07-02T12:22:04+00:00","description":"Kleiderhaken Messing Delphin 110x70mm ist ein Kleiderhaken mit dem Bild eines Delphins. Der Garderobenst\u00e4nder hat eine sch\u00f6ne gl\u00e4nzende Messingoberfl\u00e4che.","breadcrumb":{"@id":"https:\/\/partsandpieces.nl\/product\/kapstokhaak-messing-dolfijn-110x70mm\/#breadcrumb"},"inLanguage":"de","potentialAction":[{"@type":"ReadAction","target":["https:\/\/partsandpieces.nl\/product\/kapstokhaak-messing-dolfijn-110x70mm\/"]}]},{"@type":"ImageObject","inLanguage":"de","@id":"https:\/\/partsandpieces.nl\/product\/kapstokhaak-messing-dolfijn-110x70mm\/#primaryimage","url":"https:\/\/partsandpieces.nl\/wp-content\/uploads\/2024\/07\/Kapstokhaak-Messing-Dolfijn-110x70mm.jpg","contentUrl":"https:\/\/partsandpieces.nl\/wp-content\/uploads\/2024\/07\/Kapstokhaak-Messing-Dolfijn-110x70mm.jpg","width":454,"height":453,"caption":"Kapstokhaak Messing Dolfijn 110x70mm"},{"@type":"BreadcrumbList","@id":"https:\/\/partsandpieces.nl\/product\/kapstokhaak-messing-dolfijn-110x70mm\/#breadcrumb","itemListElement":[{"@type":"ListItem","position":1,"name":"Home","item":"https:\/\/partsandpieces.nl\/home\/"},{"@type":"ListItem","position":2,"name":"Winkel","item":"https:\/\/partsandpieces.nl\/winkel\/"},{"@type":"ListItem","position":3,"name":"Kapstokhaak Messing Dolfijn 110x70mm"}]},{"@type":"WebSite","@id":"https:\/\/partsandpieces.nl\/#website","url":"https:\/\/partsandpieces.nl\/","name":"Teile &amp; St\u00fccke","description":"Alles f\u00fcr Ihre M\u00f6belrestaurierung und -pflege!","potentialAction":[{"@type":"SearchAction","target":{"@type":"EntryPoint","urlTemplate":"https:\/\/partsandpieces.nl\/?s={search_term_string}"},"query-input":{"@type":"PropertyValueSpecification","valueRequired":true,"valueName":"search_term_string"}}],"inLanguage":"de"}]}},"_links":{"self":[{"href":"https:\/\/partsandpieces.nl\/de\/wp-json\/wp\/v2\/product\/9257","targetHints":{"allow":["GET"]}}],"collection":[{"href":"https:\/\/partsandpieces.nl\/de\/wp-json\/wp\/v2\/product"}],"about":[{"href":"https:\/\/partsandpieces.nl\/de\/wp-json\/wp\/v2\/types\/product"}],"wp:featuredmedia":[{"embeddable":true,"href":"https:\/\/partsandpieces.nl\/de\/wp-json\/wp\/v2\/media\/9259"}],"wp:attachment":[{"href":"https:\/\/partsandpieces.nl\/de\/wp-json\/wp\/v2\/media?parent=9257"}],"wp:term":[{"taxonomy":"product_brand","embeddable":true,"href":"https:\/\/partsandpieces.nl\/de\/wp-json\/wp\/v2\/product_brand?post=9257"},{"taxonomy":"product_cat","embeddable":true,"href":"https:\/\/partsandpieces.nl\/de\/wp-json\/wp\/v2\/product_cat?post=9257"},{"taxonomy":"product_tag","embeddable":true,"href":"https:\/\/partsandpieces.nl\/de\/wp-json\/wp\/v2\/product_tag?post=9257"}],"curies":[{"name":"wp","href":"https:\/\/api.w.org\/{rel}","templated":true}]}}