{"id":947,"date":"2020-07-27T09:40:55","date_gmt":"2020-07-27T07:40:55","guid":{"rendered":"https:\/\/partsandpieces.bonsaidev.nl\/?product=greep-met-porselein-105x1796"},"modified":"2025-09-19T11:45:29","modified_gmt":"2025-09-19T09:45:29","slug":"schubladengriff-rustikal-elfenbeinporzellan-antik-108-mm","status":"publish","type":"product","link":"https:\/\/partsandpieces.nl\/de\/product\/ladegreep-rustiek-ivoor-porselein-antiek-108mm\/","title":{"rendered":"Schubladengriff Rustikal Elfenbein Porzellan antik 108mm"},"content":{"rendered":"<p><strong>Schubladengriff Rustikal Elfenbein Porzellan antik 108mm<\/strong> ist ein wundersch\u00f6ner Schubladengriff mit einem antiken, rustikalen Anthrazit-Finish und Porzellaneinlagen. Das Porzellan hat eine cremefarbene Farbe. Das Aussehen des Griffs ist matt mit einer elfenbeinfarbenen Patina. Dieser Griff passt gut zu Ihren antiken oder klassischen M\u00f6beln und Schubladen.<\/p>\n<p>Dieser hochwertige Schubladengriff wird in Italien hergestellt.<\/p>\n<p><strong>Ma\u00dfe<br \/>\n<\/strong>Der Schubladengriff rustikales Elfenbeinporzellan antik 108 mm ist 108 mm breit und 18 mm hoch. Nach der Installation ragt dieser Griff ca. 26 mm hervor. Die Bohrungen des Griffs haben einen Abstand von 96 mm.<\/p>\n<p><strong>Bearbeiten<br \/>\n<\/strong>Sie k\u00f6nnen den Griff mit blind montieren\u00a0<span style=\"text-decoration: underline;\"><a href=\"https:\/\/partsandpieces.nl\/de\/produkt\/schraube-edelstahl-zur-blindmontage-von-mobelbeschlagen-45x4mm-20-stuck\/\">Edelstahlschraube zur Blindbefestigung von M\u00f6belbeschl\u00e4gen (45x4mm)<\/a><\/span>. Ich schicke diese Schrauben\u00a0<strong>FREI<\/strong>\u00a0mit Ihrer Bestellung.<\/p>","protected":false},"excerpt":{"rendered":"<p>Ladegreep Rustiek Ivoor Porselein antiek 108mm is een mooie ladegreep met een antieke rustieke antracieten afwerking ingelegd met porselein. Het porselein is gebroken wit van kleur. De uitstraling van de greep is mat met een ivoren patina. Deze greep past goed op je antieke of klassieke meubel en lades. Deze kwalitatief uitstekende ladegreep is gemaakt [&hellip;]<\/p>\n","protected":false},"featured_media":5283,"template":"","meta":{"_acf_changed":false},"product_brand":[],"product_cat":[41,23],"product_tag":[],"class_list":{"0":"post-947","1":"product","2":"type-product","3":"status-publish","4":"has-post-thumbnail","6":"product_cat-ladetrekkers","7":"product_cat-meubelbeslag","9":"first","10":"instock","11":"taxable","12":"shipping-taxable","13":"purchasable","14":"product-type-simple"},"acf":[],"yoast_head":"<!-- This site is optimized with the Yoast SEO plugin v27.3 - https:\/\/yoast.com\/product\/yoast-seo-wordpress\/ -->\n<title>Ladegreep Rustiek Porselein antiek<\/title>\n<meta name=\"description\" content=\"Ladegreep Rustiek Ivoor Porselein antiek 108mm heeft een antieke rustieke antracieten afwerking ingelegd met porselein. Past goed op klassieke meubels.\" \/>\n<meta name=\"robots\" content=\"index, follow, max-snippet:-1, max-image-preview:large, max-video-preview:-1\" \/>\n<link rel=\"canonical\" href=\"https:\/\/partsandpieces.nl\/de\/produkt\/schubladengriff-rustikal-elfenbeinporzellan-antik-108-mm\/\" \/>\n<meta property=\"og:locale\" content=\"de_DE\" \/>\n<meta property=\"og:type\" content=\"article\" \/>\n<meta property=\"og:title\" content=\"Ladegreep Rustiek Porselein antiek\" \/>\n<meta property=\"og:description\" content=\"Ladegreep Rustiek Ivoor Porselein antiek 108mm heeft een antieke rustieke antracieten afwerking ingelegd met porselein. Past goed op klassieke meubels.\" \/>\n<meta property=\"og:url\" content=\"https:\/\/partsandpieces.nl\/de\/produkt\/schubladengriff-rustikal-elfenbeinporzellan-antik-108-mm\/\" \/>\n<meta property=\"og:site_name\" content=\"Parts &amp; Pieces\" \/>\n<meta property=\"article:modified_time\" content=\"2025-09-19T09:45:29+00:00\" \/>\n<meta property=\"og:image\" content=\"https:\/\/partsandpieces.nl\/wp-content\/uploads\/2020\/07\/Ladegreep-Rustiek-Ivoor-Porselein-antiek-108mm.jpg\" \/>\n\t<meta property=\"og:image:width\" content=\"480\" \/>\n\t<meta property=\"og:image:height\" content=\"480\" \/>\n\t<meta property=\"og:image:type\" content=\"image\/jpeg\" \/>\n<meta name=\"twitter:card\" content=\"summary_large_image\" \/>\n<meta name=\"twitter:label1\" content=\"Gesch\u00e4tzte Lesezeit\" \/>\n\t<meta name=\"twitter:data1\" content=\"1\u00a0Minute\" \/>\n<script type=\"application\/ld+json\" class=\"yoast-schema-graph\">{\"@context\":\"https:\\\/\\\/schema.org\",\"@graph\":[{\"@type\":\"WebPage\",\"@id\":\"https:\\\/\\\/partsandpieces.nl\\\/product\\\/ladegreep-rustiek-ivoor-porselein-antiek-108mm\\\/\",\"url\":\"https:\\\/\\\/partsandpieces.nl\\\/product\\\/ladegreep-rustiek-ivoor-porselein-antiek-108mm\\\/\",\"name\":\"Ladegreep Rustiek Porselein antiek\",\"isPartOf\":{\"@id\":\"https:\\\/\\\/partsandpieces.nl\\\/#website\"},\"primaryImageOfPage\":{\"@id\":\"https:\\\/\\\/partsandpieces.nl\\\/product\\\/ladegreep-rustiek-ivoor-porselein-antiek-108mm\\\/#primaryimage\"},\"image\":{\"@id\":\"https:\\\/\\\/partsandpieces.nl\\\/product\\\/ladegreep-rustiek-ivoor-porselein-antiek-108mm\\\/#primaryimage\"},\"thumbnailUrl\":\"https:\\\/\\\/partsandpieces.nl\\\/wp-content\\\/uploads\\\/2020\\\/07\\\/Ladegreep-Rustiek-Ivoor-Porselein-antiek-108mm.jpg\",\"datePublished\":\"2020-07-27T07:40:55+00:00\",\"dateModified\":\"2025-09-19T09:45:29+00:00\",\"description\":\"Ladegreep Rustiek Ivoor Porselein antiek 108mm heeft een antieke rustieke antracieten afwerking ingelegd met porselein. Past goed op klassieke meubels.\",\"breadcrumb\":{\"@id\":\"https:\\\/\\\/partsandpieces.nl\\\/product\\\/ladegreep-rustiek-ivoor-porselein-antiek-108mm\\\/#breadcrumb\"},\"inLanguage\":\"de\",\"potentialAction\":[{\"@type\":\"ReadAction\",\"target\":[\"https:\\\/\\\/partsandpieces.nl\\\/product\\\/ladegreep-rustiek-ivoor-porselein-antiek-108mm\\\/\"]}]},{\"@type\":\"ImageObject\",\"inLanguage\":\"de\",\"@id\":\"https:\\\/\\\/partsandpieces.nl\\\/product\\\/ladegreep-rustiek-ivoor-porselein-antiek-108mm\\\/#primaryimage\",\"url\":\"https:\\\/\\\/partsandpieces.nl\\\/wp-content\\\/uploads\\\/2020\\\/07\\\/Ladegreep-Rustiek-Ivoor-Porselein-antiek-108mm.jpg\",\"contentUrl\":\"https:\\\/\\\/partsandpieces.nl\\\/wp-content\\\/uploads\\\/2020\\\/07\\\/Ladegreep-Rustiek-Ivoor-Porselein-antiek-108mm.jpg\",\"width\":480,\"height\":480,\"caption\":\"Ladegreep Rustiek Ivoor Porselein antiek 108mm\"},{\"@type\":\"BreadcrumbList\",\"@id\":\"https:\\\/\\\/partsandpieces.nl\\\/product\\\/ladegreep-rustiek-ivoor-porselein-antiek-108mm\\\/#breadcrumb\",\"itemListElement\":[{\"@type\":\"ListItem\",\"position\":1,\"name\":\"Home\",\"item\":\"https:\\\/\\\/partsandpieces.nl\\\/home\\\/\"},{\"@type\":\"ListItem\",\"position\":2,\"name\":\"Winkel\",\"item\":\"https:\\\/\\\/partsandpieces.nl\\\/winkel\\\/\"},{\"@type\":\"ListItem\",\"position\":3,\"name\":\"Ladegreep Rustiek Ivoor Porselein antiek 108mm\"}]},{\"@type\":\"WebSite\",\"@id\":\"https:\\\/\\\/partsandpieces.nl\\\/#website\",\"url\":\"https:\\\/\\\/partsandpieces.nl\\\/\",\"name\":\"Parts &amp; Pieces\",\"description\":\"Alles voor uw meubelrestauratie en -onderhoud!\",\"potentialAction\":[{\"@type\":\"SearchAction\",\"target\":{\"@type\":\"EntryPoint\",\"urlTemplate\":\"https:\\\/\\\/partsandpieces.nl\\\/?s={search_term_string}\"},\"query-input\":{\"@type\":\"PropertyValueSpecification\",\"valueRequired\":true,\"valueName\":\"search_term_string\"}}],\"inLanguage\":\"de\"}]}<\/script>\n<!-- \/ Yoast SEO plugin. -->","yoast_head_json":{"title":"Schubladengriff Rustikales Porzellan antik","description":"Schubladengriff Rustikales Elfenbeinporzellan antik 108 mm hat ein antikes, rustikales Anthrazit-Finish mit Porzellaneinlagen. Passt gut zu klassischen M\u00f6beln.","robots":{"index":"index","follow":"follow","max-snippet":"max-snippet:-1","max-image-preview":"max-image-preview:large","max-video-preview":"max-video-preview:-1"},"canonical":"https:\/\/partsandpieces.nl\/de\/produkt\/schubladengriff-rustikal-elfenbeinporzellan-antik-108-mm\/","og_locale":"de_DE","og_type":"article","og_title":"Ladegreep Rustiek Porselein antiek","og_description":"Ladegreep Rustiek Ivoor Porselein antiek 108mm heeft een antieke rustieke antracieten afwerking ingelegd met porselein. Past goed op klassieke meubels.","og_url":"https:\/\/partsandpieces.nl\/de\/produkt\/schubladengriff-rustikal-elfenbeinporzellan-antik-108-mm\/","og_site_name":"Parts &amp; Pieces","article_modified_time":"2025-09-19T09:45:29+00:00","og_image":[{"width":480,"height":480,"url":"https:\/\/partsandpieces.nl\/wp-content\/uploads\/2020\/07\/Ladegreep-Rustiek-Ivoor-Porselein-antiek-108mm.jpg","type":"image\/jpeg"}],"twitter_card":"summary_large_image","twitter_misc":{"Gesch\u00e4tzte Lesezeit":"1\u00a0Minute"},"schema":{"@context":"https:\/\/schema.org","@graph":[{"@type":"WebPage","@id":"https:\/\/partsandpieces.nl\/product\/ladegreep-rustiek-ivoor-porselein-antiek-108mm\/","url":"https:\/\/partsandpieces.nl\/product\/ladegreep-rustiek-ivoor-porselein-antiek-108mm\/","name":"Schubladengriff Rustikales Porzellan antik","isPartOf":{"@id":"https:\/\/partsandpieces.nl\/#website"},"primaryImageOfPage":{"@id":"https:\/\/partsandpieces.nl\/product\/ladegreep-rustiek-ivoor-porselein-antiek-108mm\/#primaryimage"},"image":{"@id":"https:\/\/partsandpieces.nl\/product\/ladegreep-rustiek-ivoor-porselein-antiek-108mm\/#primaryimage"},"thumbnailUrl":"https:\/\/partsandpieces.nl\/wp-content\/uploads\/2020\/07\/Ladegreep-Rustiek-Ivoor-Porselein-antiek-108mm.jpg","datePublished":"2020-07-27T07:40:55+00:00","dateModified":"2025-09-19T09:45:29+00:00","description":"Schubladengriff Rustikales Elfenbeinporzellan antik 108 mm hat ein antikes, rustikales Anthrazit-Finish mit Porzellaneinlagen. Passt gut zu klassischen M\u00f6beln.","breadcrumb":{"@id":"https:\/\/partsandpieces.nl\/product\/ladegreep-rustiek-ivoor-porselein-antiek-108mm\/#breadcrumb"},"inLanguage":"de","potentialAction":[{"@type":"ReadAction","target":["https:\/\/partsandpieces.nl\/product\/ladegreep-rustiek-ivoor-porselein-antiek-108mm\/"]}]},{"@type":"ImageObject","inLanguage":"de","@id":"https:\/\/partsandpieces.nl\/product\/ladegreep-rustiek-ivoor-porselein-antiek-108mm\/#primaryimage","url":"https:\/\/partsandpieces.nl\/wp-content\/uploads\/2020\/07\/Ladegreep-Rustiek-Ivoor-Porselein-antiek-108mm.jpg","contentUrl":"https:\/\/partsandpieces.nl\/wp-content\/uploads\/2020\/07\/Ladegreep-Rustiek-Ivoor-Porselein-antiek-108mm.jpg","width":480,"height":480,"caption":"Ladegreep Rustiek Ivoor Porselein antiek 108mm"},{"@type":"BreadcrumbList","@id":"https:\/\/partsandpieces.nl\/product\/ladegreep-rustiek-ivoor-porselein-antiek-108mm\/#breadcrumb","itemListElement":[{"@type":"ListItem","position":1,"name":"Home","item":"https:\/\/partsandpieces.nl\/home\/"},{"@type":"ListItem","position":2,"name":"Winkel","item":"https:\/\/partsandpieces.nl\/winkel\/"},{"@type":"ListItem","position":3,"name":"Ladegreep Rustiek Ivoor Porselein antiek 108mm"}]},{"@type":"WebSite","@id":"https:\/\/partsandpieces.nl\/#website","url":"https:\/\/partsandpieces.nl\/","name":"Teile &amp; St\u00fccke","description":"Alles f\u00fcr Ihre M\u00f6belrestaurierung und -pflege!","potentialAction":[{"@type":"SearchAction","target":{"@type":"EntryPoint","urlTemplate":"https:\/\/partsandpieces.nl\/?s={search_term_string}"},"query-input":{"@type":"PropertyValueSpecification","valueRequired":true,"valueName":"search_term_string"}}],"inLanguage":"de"}]}},"_links":{"self":[{"href":"https:\/\/partsandpieces.nl\/de\/wp-json\/wp\/v2\/product\/947","targetHints":{"allow":["GET"]}}],"collection":[{"href":"https:\/\/partsandpieces.nl\/de\/wp-json\/wp\/v2\/product"}],"about":[{"href":"https:\/\/partsandpieces.nl\/de\/wp-json\/wp\/v2\/types\/product"}],"wp:featuredmedia":[{"embeddable":true,"href":"https:\/\/partsandpieces.nl\/de\/wp-json\/wp\/v2\/media\/5283"}],"wp:attachment":[{"href":"https:\/\/partsandpieces.nl\/de\/wp-json\/wp\/v2\/media?parent=947"}],"wp:term":[{"taxonomy":"product_brand","embeddable":true,"href":"https:\/\/partsandpieces.nl\/de\/wp-json\/wp\/v2\/product_brand?post=947"},{"taxonomy":"product_cat","embeddable":true,"href":"https:\/\/partsandpieces.nl\/de\/wp-json\/wp\/v2\/product_cat?post=947"},{"taxonomy":"product_tag","embeddable":true,"href":"https:\/\/partsandpieces.nl\/de\/wp-json\/wp\/v2\/product_tag?post=947"}],"curies":[{"name":"wp","href":"https:\/\/api.w.org\/{rel}","templated":true}]}}