{"id":948,"date":"2020-07-27T09:42:53","date_gmt":"2020-07-27T09:42:53","guid":{"rendered":"https:\/\/partsandpieces.bonsaidev.nl\/?product=ladetrekker-messing-804548"},"modified":"2026-01-25T17:32:13","modified_gmt":"2026-01-25T16:32:13","slug":"antiker-mittelgroser-schubladengriff-aus-messing-mit-schlusselloch-80-x-35-mm","status":"publish","type":"product","link":"https:\/\/partsandpieces.nl\/de\/product\/ladegreep-messing-antiek-middelgroot-met-sleutelgat-80x35mm\/","title":{"rendered":"Schubladengriff Messing antik mittelgro\u00df mit Schl\u00fcsselloch 80x35mm"},"content":{"rendered":"<p><strong>Schubladengriff Messing antik mittelgro\u00df mit Schl\u00fcsselloch 80x35mm<\/strong>\u00a0ist ein sch\u00f6ner, klassischer Schubladengriff aus Messing mit antikem Finish. Der Griff ist an der R\u00fcckplatte befestigt. Das Erscheinungsbild dieses klassischen Griffs ist matt. Dieser Griff passt gut zu Ihren antiken oder klassischen M\u00f6beln und Schubladen.<\/p>\n<p>Dieser hochwertige Schubladengriff wird in Italien hergestellt.<\/p>\n<p><strong>Ma\u00dfe<br \/>\n<\/strong>Schubladengriff Messing antik mittelgro\u00df mit Schl\u00fcsselloch 80x35mm ist 80mm breit und 35mm hoch. Der Griff selbst ist 54 mm breit. Nach der Installation steht dieser Griff 15 mm \u00fcber. Die Bohrungen des Griffs haben einen Abstand von 48 mm.<\/p>\n<p><strong>Bearbeiten<br \/>\n<\/strong>Sie k\u00f6nnen den Griff mit blind montieren\u00a0<span style=\"text-decoration: underline;\"><a href=\"https:\/\/partsandpieces.nl\/de\/produkt\/schraube-edelstahl-zur-blindmontage-von-mobelbeschlagen-45x4mm-20-stuck\/\">Edelstahlschraube zur Blindbefestigung von M\u00f6belbeschl\u00e4gen (45x4mm)<\/a><\/span>\u00a0Ich schicke diese Schrauben\u00a0<strong>FREI<\/strong>\u00a0mit Ihrer Bestellung.<\/p>","protected":false},"excerpt":{"rendered":"<p>Ladegreep Messing antiek middelgroot met sleutelgat 80x35mm\u00a0is een mooie, klassieke ladegreep gemaakt van messing met een antieke afwerking. De greep zit vast op de achterplaat. De uitstraling van deze klassieke greep is mat. Deze greep past goed op je antieke of klassieke meubel en lades. Deze kwalitatief uitstekende ladegreep is gemaakt in Itali\u00eb. Afmetingen Ladegreep [&hellip;]<\/p>\n","protected":false},"featured_media":6712,"template":"","meta":{"_acf_changed":false},"product_brand":[],"product_cat":[41,48],"product_tag":[],"class_list":{"0":"post-948","1":"product","2":"type-product","3":"status-publish","4":"has-post-thumbnail","6":"product_cat-ladetrekkers","7":"product_cat-sleutelplaten","9":"first","10":"instock","11":"taxable","12":"shipping-taxable","13":"purchasable","14":"product-type-simple"},"acf":[],"yoast_head":"<!-- This site is optimized with the Yoast SEO plugin v27.3 - https:\/\/yoast.com\/product\/yoast-seo-wordpress\/ -->\n<title>Ladegreep Messing middelgroot met sleutelgat<\/title>\n<meta name=\"description\" content=\"Ladegreep Messing antiek middelgroot met sleutelgat 80x35mm\u00a0is gemaakt van messing met een antieke afwerking. De greep zit vast op de achterplaat.\" \/>\n<meta name=\"robots\" content=\"index, follow, max-snippet:-1, max-image-preview:large, max-video-preview:-1\" \/>\n<link rel=\"canonical\" href=\"https:\/\/partsandpieces.nl\/de\/produkt\/antiker-mittelgroser-schubladengriff-aus-messing-mit-schlusselloch-80-x-35-mm\/\" \/>\n<meta property=\"og:locale\" content=\"de_DE\" \/>\n<meta property=\"og:type\" content=\"article\" \/>\n<meta property=\"og:title\" content=\"Ladegreep Messing middelgroot met sleutelgat\" \/>\n<meta property=\"og:description\" content=\"Ladegreep Messing antiek middelgroot met sleutelgat 80x35mm\u00a0is gemaakt van messing met een antieke afwerking. De greep zit vast op de achterplaat.\" \/>\n<meta property=\"og:url\" content=\"https:\/\/partsandpieces.nl\/de\/produkt\/antiker-mittelgroser-schubladengriff-aus-messing-mit-schlusselloch-80-x-35-mm\/\" \/>\n<meta property=\"og:site_name\" content=\"Parts &amp; Pieces\" \/>\n<meta property=\"article:modified_time\" content=\"2026-01-25T16:32:13+00:00\" \/>\n<meta property=\"og:image\" content=\"https:\/\/partsandpieces.nl\/wp-content\/uploads\/2020\/07\/Ladegreep-Messing-antiek-middelgroot-met-sleutelgat-80x35mm.jpg\" \/>\n\t<meta property=\"og:image:width\" content=\"369\" \/>\n\t<meta property=\"og:image:height\" content=\"371\" \/>\n\t<meta property=\"og:image:type\" content=\"image\/jpeg\" \/>\n<meta name=\"twitter:card\" content=\"summary_large_image\" \/>\n<meta name=\"twitter:label1\" content=\"Gesch\u00e4tzte Lesezeit\" \/>\n\t<meta name=\"twitter:data1\" content=\"1\u00a0Minute\" \/>\n<script type=\"application\/ld+json\" class=\"yoast-schema-graph\">{\"@context\":\"https:\\\/\\\/schema.org\",\"@graph\":[{\"@type\":\"WebPage\",\"@id\":\"https:\\\/\\\/partsandpieces.nl\\\/product\\\/ladegreep-messing-antiek-middelgroot-met-sleutelgat-80x35mm\\\/\",\"url\":\"https:\\\/\\\/partsandpieces.nl\\\/product\\\/ladegreep-messing-antiek-middelgroot-met-sleutelgat-80x35mm\\\/\",\"name\":\"Ladegreep Messing middelgroot met sleutelgat\",\"isPartOf\":{\"@id\":\"https:\\\/\\\/partsandpieces.nl\\\/#website\"},\"primaryImageOfPage\":{\"@id\":\"https:\\\/\\\/partsandpieces.nl\\\/product\\\/ladegreep-messing-antiek-middelgroot-met-sleutelgat-80x35mm\\\/#primaryimage\"},\"image\":{\"@id\":\"https:\\\/\\\/partsandpieces.nl\\\/product\\\/ladegreep-messing-antiek-middelgroot-met-sleutelgat-80x35mm\\\/#primaryimage\"},\"thumbnailUrl\":\"https:\\\/\\\/partsandpieces.nl\\\/wp-content\\\/uploads\\\/2020\\\/07\\\/Ladegreep-Messing-antiek-middelgroot-met-sleutelgat-80x35mm.jpg\",\"datePublished\":\"2020-07-27T09:42:53+00:00\",\"dateModified\":\"2026-01-25T16:32:13+00:00\",\"description\":\"Ladegreep Messing antiek middelgroot met sleutelgat 80x35mm\u00a0is gemaakt van messing met een antieke afwerking. De greep zit vast op de achterplaat.\",\"breadcrumb\":{\"@id\":\"https:\\\/\\\/partsandpieces.nl\\\/product\\\/ladegreep-messing-antiek-middelgroot-met-sleutelgat-80x35mm\\\/#breadcrumb\"},\"inLanguage\":\"de\",\"potentialAction\":[{\"@type\":\"ReadAction\",\"target\":[\"https:\\\/\\\/partsandpieces.nl\\\/product\\\/ladegreep-messing-antiek-middelgroot-met-sleutelgat-80x35mm\\\/\"]}]},{\"@type\":\"ImageObject\",\"inLanguage\":\"de\",\"@id\":\"https:\\\/\\\/partsandpieces.nl\\\/product\\\/ladegreep-messing-antiek-middelgroot-met-sleutelgat-80x35mm\\\/#primaryimage\",\"url\":\"https:\\\/\\\/partsandpieces.nl\\\/wp-content\\\/uploads\\\/2020\\\/07\\\/Ladegreep-Messing-antiek-middelgroot-met-sleutelgat-80x35mm.jpg\",\"contentUrl\":\"https:\\\/\\\/partsandpieces.nl\\\/wp-content\\\/uploads\\\/2020\\\/07\\\/Ladegreep-Messing-antiek-middelgroot-met-sleutelgat-80x35mm.jpg\",\"width\":369,\"height\":371,\"caption\":\"Ladegreep Messing antiek middelgroot met sleutelgat 80x35mm\"},{\"@type\":\"BreadcrumbList\",\"@id\":\"https:\\\/\\\/partsandpieces.nl\\\/product\\\/ladegreep-messing-antiek-middelgroot-met-sleutelgat-80x35mm\\\/#breadcrumb\",\"itemListElement\":[{\"@type\":\"ListItem\",\"position\":1,\"name\":\"Home\",\"item\":\"https:\\\/\\\/partsandpieces.nl\\\/home\\\/\"},{\"@type\":\"ListItem\",\"position\":2,\"name\":\"Winkel\",\"item\":\"https:\\\/\\\/partsandpieces.nl\\\/winkel\\\/\"},{\"@type\":\"ListItem\",\"position\":3,\"name\":\"Ladegreep Messing antiek middelgroot met sleutelgat 80x35mm\"}]},{\"@type\":\"WebSite\",\"@id\":\"https:\\\/\\\/partsandpieces.nl\\\/#website\",\"url\":\"https:\\\/\\\/partsandpieces.nl\\\/\",\"name\":\"Parts &amp; Pieces\",\"description\":\"Alles voor uw meubelrestauratie en -onderhoud!\",\"potentialAction\":[{\"@type\":\"SearchAction\",\"target\":{\"@type\":\"EntryPoint\",\"urlTemplate\":\"https:\\\/\\\/partsandpieces.nl\\\/?s={search_term_string}\"},\"query-input\":{\"@type\":\"PropertyValueSpecification\",\"valueRequired\":true,\"valueName\":\"search_term_string\"}}],\"inLanguage\":\"de\"}]}<\/script>\n<!-- \/ Yoast SEO plugin. -->","yoast_head_json":{"title":"Schubladengriff Messing mittelgro\u00df mit Schl\u00fcsselloch","description":"Schubladengriff Messing antik mittelgro\u00df mit Schl\u00fcsselloch 80x35mm ist aus Messing mit antiker Oberfl\u00e4che gefertigt. Der Griff ist an der R\u00fcckplatte befestigt.","robots":{"index":"index","follow":"follow","max-snippet":"max-snippet:-1","max-image-preview":"max-image-preview:large","max-video-preview":"max-video-preview:-1"},"canonical":"https:\/\/partsandpieces.nl\/de\/produkt\/antiker-mittelgroser-schubladengriff-aus-messing-mit-schlusselloch-80-x-35-mm\/","og_locale":"de_DE","og_type":"article","og_title":"Ladegreep Messing middelgroot met sleutelgat","og_description":"Ladegreep Messing antiek middelgroot met sleutelgat 80x35mm\u00a0is gemaakt van messing met een antieke afwerking. De greep zit vast op de achterplaat.","og_url":"https:\/\/partsandpieces.nl\/de\/produkt\/antiker-mittelgroser-schubladengriff-aus-messing-mit-schlusselloch-80-x-35-mm\/","og_site_name":"Parts &amp; Pieces","article_modified_time":"2026-01-25T16:32:13+00:00","og_image":[{"width":369,"height":371,"url":"https:\/\/partsandpieces.nl\/wp-content\/uploads\/2020\/07\/Ladegreep-Messing-antiek-middelgroot-met-sleutelgat-80x35mm.jpg","type":"image\/jpeg"}],"twitter_card":"summary_large_image","twitter_misc":{"Gesch\u00e4tzte Lesezeit":"1\u00a0Minute"},"schema":{"@context":"https:\/\/schema.org","@graph":[{"@type":"WebPage","@id":"https:\/\/partsandpieces.nl\/product\/ladegreep-messing-antiek-middelgroot-met-sleutelgat-80x35mm\/","url":"https:\/\/partsandpieces.nl\/product\/ladegreep-messing-antiek-middelgroot-met-sleutelgat-80x35mm\/","name":"Schubladengriff Messing mittelgro\u00df mit Schl\u00fcsselloch","isPartOf":{"@id":"https:\/\/partsandpieces.nl\/#website"},"primaryImageOfPage":{"@id":"https:\/\/partsandpieces.nl\/product\/ladegreep-messing-antiek-middelgroot-met-sleutelgat-80x35mm\/#primaryimage"},"image":{"@id":"https:\/\/partsandpieces.nl\/product\/ladegreep-messing-antiek-middelgroot-met-sleutelgat-80x35mm\/#primaryimage"},"thumbnailUrl":"https:\/\/partsandpieces.nl\/wp-content\/uploads\/2020\/07\/Ladegreep-Messing-antiek-middelgroot-met-sleutelgat-80x35mm.jpg","datePublished":"2020-07-27T09:42:53+00:00","dateModified":"2026-01-25T16:32:13+00:00","description":"Schubladengriff Messing antik mittelgro\u00df mit Schl\u00fcsselloch 80x35mm ist aus Messing mit antiker Oberfl\u00e4che gefertigt. Der Griff ist an der R\u00fcckplatte befestigt.","breadcrumb":{"@id":"https:\/\/partsandpieces.nl\/product\/ladegreep-messing-antiek-middelgroot-met-sleutelgat-80x35mm\/#breadcrumb"},"inLanguage":"de","potentialAction":[{"@type":"ReadAction","target":["https:\/\/partsandpieces.nl\/product\/ladegreep-messing-antiek-middelgroot-met-sleutelgat-80x35mm\/"]}]},{"@type":"ImageObject","inLanguage":"de","@id":"https:\/\/partsandpieces.nl\/product\/ladegreep-messing-antiek-middelgroot-met-sleutelgat-80x35mm\/#primaryimage","url":"https:\/\/partsandpieces.nl\/wp-content\/uploads\/2020\/07\/Ladegreep-Messing-antiek-middelgroot-met-sleutelgat-80x35mm.jpg","contentUrl":"https:\/\/partsandpieces.nl\/wp-content\/uploads\/2020\/07\/Ladegreep-Messing-antiek-middelgroot-met-sleutelgat-80x35mm.jpg","width":369,"height":371,"caption":"Ladegreep Messing antiek middelgroot met sleutelgat 80x35mm"},{"@type":"BreadcrumbList","@id":"https:\/\/partsandpieces.nl\/product\/ladegreep-messing-antiek-middelgroot-met-sleutelgat-80x35mm\/#breadcrumb","itemListElement":[{"@type":"ListItem","position":1,"name":"Home","item":"https:\/\/partsandpieces.nl\/home\/"},{"@type":"ListItem","position":2,"name":"Winkel","item":"https:\/\/partsandpieces.nl\/winkel\/"},{"@type":"ListItem","position":3,"name":"Ladegreep Messing antiek middelgroot met sleutelgat 80x35mm"}]},{"@type":"WebSite","@id":"https:\/\/partsandpieces.nl\/#website","url":"https:\/\/partsandpieces.nl\/","name":"Teile &amp; St\u00fccke","description":"Alles f\u00fcr Ihre M\u00f6belrestaurierung und -pflege!","potentialAction":[{"@type":"SearchAction","target":{"@type":"EntryPoint","urlTemplate":"https:\/\/partsandpieces.nl\/?s={search_term_string}"},"query-input":{"@type":"PropertyValueSpecification","valueRequired":true,"valueName":"search_term_string"}}],"inLanguage":"de"}]}},"_links":{"self":[{"href":"https:\/\/partsandpieces.nl\/de\/wp-json\/wp\/v2\/product\/948","targetHints":{"allow":["GET"]}}],"collection":[{"href":"https:\/\/partsandpieces.nl\/de\/wp-json\/wp\/v2\/product"}],"about":[{"href":"https:\/\/partsandpieces.nl\/de\/wp-json\/wp\/v2\/types\/product"}],"wp:featuredmedia":[{"embeddable":true,"href":"https:\/\/partsandpieces.nl\/de\/wp-json\/wp\/v2\/media\/6712"}],"wp:attachment":[{"href":"https:\/\/partsandpieces.nl\/de\/wp-json\/wp\/v2\/media?parent=948"}],"wp:term":[{"taxonomy":"product_brand","embeddable":true,"href":"https:\/\/partsandpieces.nl\/de\/wp-json\/wp\/v2\/product_brand?post=948"},{"taxonomy":"product_cat","embeddable":true,"href":"https:\/\/partsandpieces.nl\/de\/wp-json\/wp\/v2\/product_cat?post=948"},{"taxonomy":"product_tag","embeddable":true,"href":"https:\/\/partsandpieces.nl\/de\/wp-json\/wp\/v2\/product_tag?post=948"}],"curies":[{"name":"wp","href":"https:\/\/api.w.org\/{rel}","templated":true}]}}