{"id":9516,"date":"2024-09-04T15:20:29","date_gmt":"2024-09-04T13:20:29","guid":{"rendered":"https:\/\/partsandpieces.nl\/?post_type=product&#038;p=9516"},"modified":"2024-09-06T11:39:45","modified_gmt":"2024-09-06T09:39:45","slug":"holzkapital-mahagoni-modell-nar-65mm","status":"publish","type":"product","link":"https:\/\/partsandpieces.nl\/de\/product\/houten-kapiteel-mahonie-model-nar-65mm\/","title":{"rendered":"H\u00f6lzernes Hauptstadt-Mahagoni-Modell \u201eJester\u201c, 65 mm"},"content":{"rendered":"<p><strong>H\u00f6lzernes Hauptstadt-Mahagoni-Modell \u201eJester\u201c, 65 mm<\/strong> ist ein wundersch\u00f6n gestaltetes Schrankbein aus Mahagoniholz. Das Holz ist unbehandelt und geschliffen, sodass es f\u00fcr jede weitere Behandlung bereit ist.<\/p>\n<p><strong>Ma\u00dfe\u00a0<\/strong><br \/>\nDas h\u00f6lzerne Capital Mahagoni-Modell \u201eNar\u201c 65 mm ist 65 mm breit und 65 mm tief. Das Bein ist 43 mm hoch.<\/p>","protected":false},"excerpt":{"rendered":"<p>Das Mahagoni-Holzunterteil \u2018Nar\u2019 (65 mm) ist ein formsch\u00f6nes M\u00f6belbein aus Mahagoni. Das Holz ist unbehandelt und geschliffen und somit f\u00fcr jede weitere Bearbeitung bereit. Das Unterteil ist 65 mm breit und 65 mm tief. Die H\u00f6he betr\u00e4gt 43 mm.<\/p>","protected":false},"featured_media":9527,"template":"","meta":{"_acf_changed":false},"product_brand":[],"product_cat":[54,56],"product_tag":[],"class_list":{"0":"post-9516","1":"product","2":"type-product","3":"status-publish","4":"has-post-thumbnail","6":"product_cat-houten-snij-en-draaiwerk","7":"product_cat-ornamenten","9":"first","10":"instock","11":"taxable","12":"shipping-taxable","13":"purchasable","14":"product-type-simple"},"acf":[],"yoast_head":"<!-- This site is optimized with the Yoast SEO plugin v27.3 - https:\/\/yoast.com\/product\/yoast-seo-wordpress\/ -->\n<title>Houten Kapiteel Mahonie model Nar<\/title>\n<meta name=\"description\" content=\"Houten Kapiteel Mahonie model &#039;Nar&#039; 65mm is een mooi vormgegeven kastpoot gemaakt van mahonie hout. Het hout is onbehandeld en geschuurd.\" \/>\n<meta name=\"robots\" content=\"index, follow, max-snippet:-1, max-image-preview:large, max-video-preview:-1\" \/>\n<link rel=\"canonical\" href=\"https:\/\/partsandpieces.nl\/de\/produkt\/holzkapital-mahagoni-modell-nar-65mm\/\" \/>\n<meta property=\"og:locale\" content=\"de_DE\" \/>\n<meta property=\"og:type\" content=\"article\" \/>\n<meta property=\"og:title\" content=\"Houten Kapiteel Mahonie model Nar\" \/>\n<meta property=\"og:description\" content=\"Houten Kapiteel Mahonie model &#039;Nar&#039; 65mm is een mooi vormgegeven kastpoot gemaakt van mahonie hout. Het hout is onbehandeld en geschuurd.\" \/>\n<meta property=\"og:url\" content=\"https:\/\/partsandpieces.nl\/de\/produkt\/holzkapital-mahagoni-modell-nar-65mm\/\" \/>\n<meta property=\"og:site_name\" content=\"Parts &amp; Pieces\" \/>\n<meta property=\"article:modified_time\" content=\"2024-09-06T09:39:45+00:00\" \/>\n<meta property=\"og:image\" content=\"https:\/\/partsandpieces.nl\/wp-content\/uploads\/2024\/09\/Houten-Kapiteel-Mahonie-model-Nar-65mm-1.jpg\" \/>\n\t<meta property=\"og:image:width\" content=\"480\" \/>\n\t<meta property=\"og:image:height\" content=\"478\" \/>\n\t<meta property=\"og:image:type\" content=\"image\/jpeg\" \/>\n<meta name=\"twitter:card\" content=\"summary_large_image\" \/>\n<meta name=\"twitter:label1\" content=\"Gesch\u00e4tzte Lesezeit\" \/>\n\t<meta name=\"twitter:data1\" content=\"1\u00a0Minute\" \/>\n<script type=\"application\/ld+json\" class=\"yoast-schema-graph\">{\"@context\":\"https:\\\/\\\/schema.org\",\"@graph\":[{\"@type\":\"WebPage\",\"@id\":\"https:\\\/\\\/partsandpieces.nl\\\/product\\\/houten-kapiteel-mahonie-model-nar-65mm\\\/\",\"url\":\"https:\\\/\\\/partsandpieces.nl\\\/product\\\/houten-kapiteel-mahonie-model-nar-65mm\\\/\",\"name\":\"Houten Kapiteel Mahonie model Nar\",\"isPartOf\":{\"@id\":\"https:\\\/\\\/partsandpieces.nl\\\/#website\"},\"primaryImageOfPage\":{\"@id\":\"https:\\\/\\\/partsandpieces.nl\\\/product\\\/houten-kapiteel-mahonie-model-nar-65mm\\\/#primaryimage\"},\"image\":{\"@id\":\"https:\\\/\\\/partsandpieces.nl\\\/product\\\/houten-kapiteel-mahonie-model-nar-65mm\\\/#primaryimage\"},\"thumbnailUrl\":\"https:\\\/\\\/partsandpieces.nl\\\/wp-content\\\/uploads\\\/2024\\\/09\\\/Houten-Kapiteel-Mahonie-model-Nar-65mm-1.jpg\",\"datePublished\":\"2024-09-04T13:20:29+00:00\",\"dateModified\":\"2024-09-06T09:39:45+00:00\",\"description\":\"Houten Kapiteel Mahonie model 'Nar' 65mm is een mooi vormgegeven kastpoot gemaakt van mahonie hout. Het hout is onbehandeld en geschuurd.\",\"breadcrumb\":{\"@id\":\"https:\\\/\\\/partsandpieces.nl\\\/product\\\/houten-kapiteel-mahonie-model-nar-65mm\\\/#breadcrumb\"},\"inLanguage\":\"de\",\"potentialAction\":[{\"@type\":\"ReadAction\",\"target\":[\"https:\\\/\\\/partsandpieces.nl\\\/product\\\/houten-kapiteel-mahonie-model-nar-65mm\\\/\"]}]},{\"@type\":\"ImageObject\",\"inLanguage\":\"de\",\"@id\":\"https:\\\/\\\/partsandpieces.nl\\\/product\\\/houten-kapiteel-mahonie-model-nar-65mm\\\/#primaryimage\",\"url\":\"https:\\\/\\\/partsandpieces.nl\\\/wp-content\\\/uploads\\\/2024\\\/09\\\/Houten-Kapiteel-Mahonie-model-Nar-65mm-1.jpg\",\"contentUrl\":\"https:\\\/\\\/partsandpieces.nl\\\/wp-content\\\/uploads\\\/2024\\\/09\\\/Houten-Kapiteel-Mahonie-model-Nar-65mm-1.jpg\",\"width\":480,\"height\":478,\"caption\":\"Houten Kapiteel Mahonie model \u2018Nar\u2019 65mm\"},{\"@type\":\"BreadcrumbList\",\"@id\":\"https:\\\/\\\/partsandpieces.nl\\\/product\\\/houten-kapiteel-mahonie-model-nar-65mm\\\/#breadcrumb\",\"itemListElement\":[{\"@type\":\"ListItem\",\"position\":1,\"name\":\"Home\",\"item\":\"https:\\\/\\\/partsandpieces.nl\\\/home\\\/\"},{\"@type\":\"ListItem\",\"position\":2,\"name\":\"Winkel\",\"item\":\"https:\\\/\\\/partsandpieces.nl\\\/winkel\\\/\"},{\"@type\":\"ListItem\",\"position\":3,\"name\":\"Houten Kapiteel Mahonie model &#8216;Nar&#8217; 65mm\"}]},{\"@type\":\"WebSite\",\"@id\":\"https:\\\/\\\/partsandpieces.nl\\\/#website\",\"url\":\"https:\\\/\\\/partsandpieces.nl\\\/\",\"name\":\"Parts &amp; Pieces\",\"description\":\"Alles voor uw meubelrestauratie en -onderhoud!\",\"potentialAction\":[{\"@type\":\"SearchAction\",\"target\":{\"@type\":\"EntryPoint\",\"urlTemplate\":\"https:\\\/\\\/partsandpieces.nl\\\/?s={search_term_string}\"},\"query-input\":{\"@type\":\"PropertyValueSpecification\",\"valueRequired\":true,\"valueName\":\"search_term_string\"}}],\"inLanguage\":\"de\"}]}<\/script>\n<!-- \/ Yoast SEO plugin. -->","yoast_head_json":{"title":"Holzkapital Mahagoni Modell Nar","description":"Das Wooden Capital Mahagoni-Modell \u201eNar\u201c 65 mm ist ein wundersch\u00f6n gestaltetes Schrankbein aus Mahagoniholz. Das Holz ist unbehandelt und geschliffen.","robots":{"index":"index","follow":"follow","max-snippet":"max-snippet:-1","max-image-preview":"max-image-preview:large","max-video-preview":"max-video-preview:-1"},"canonical":"https:\/\/partsandpieces.nl\/de\/produkt\/holzkapital-mahagoni-modell-nar-65mm\/","og_locale":"de_DE","og_type":"article","og_title":"Houten Kapiteel Mahonie model Nar","og_description":"Houten Kapiteel Mahonie model 'Nar' 65mm is een mooi vormgegeven kastpoot gemaakt van mahonie hout. Het hout is onbehandeld en geschuurd.","og_url":"https:\/\/partsandpieces.nl\/de\/produkt\/holzkapital-mahagoni-modell-nar-65mm\/","og_site_name":"Parts &amp; Pieces","article_modified_time":"2024-09-06T09:39:45+00:00","og_image":[{"width":480,"height":478,"url":"https:\/\/partsandpieces.nl\/wp-content\/uploads\/2024\/09\/Houten-Kapiteel-Mahonie-model-Nar-65mm-1.jpg","type":"image\/jpeg"}],"twitter_card":"summary_large_image","twitter_misc":{"Gesch\u00e4tzte Lesezeit":"1\u00a0Minute"},"schema":{"@context":"https:\/\/schema.org","@graph":[{"@type":"WebPage","@id":"https:\/\/partsandpieces.nl\/product\/houten-kapiteel-mahonie-model-nar-65mm\/","url":"https:\/\/partsandpieces.nl\/product\/houten-kapiteel-mahonie-model-nar-65mm\/","name":"Holzkapital Mahagoni Modell Nar","isPartOf":{"@id":"https:\/\/partsandpieces.nl\/#website"},"primaryImageOfPage":{"@id":"https:\/\/partsandpieces.nl\/product\/houten-kapiteel-mahonie-model-nar-65mm\/#primaryimage"},"image":{"@id":"https:\/\/partsandpieces.nl\/product\/houten-kapiteel-mahonie-model-nar-65mm\/#primaryimage"},"thumbnailUrl":"https:\/\/partsandpieces.nl\/wp-content\/uploads\/2024\/09\/Houten-Kapiteel-Mahonie-model-Nar-65mm-1.jpg","datePublished":"2024-09-04T13:20:29+00:00","dateModified":"2024-09-06T09:39:45+00:00","description":"Das Wooden Capital Mahagoni-Modell \u201eNar\u201c 65 mm ist ein wundersch\u00f6n gestaltetes Schrankbein aus Mahagoniholz. Das Holz ist unbehandelt und geschliffen.","breadcrumb":{"@id":"https:\/\/partsandpieces.nl\/product\/houten-kapiteel-mahonie-model-nar-65mm\/#breadcrumb"},"inLanguage":"de","potentialAction":[{"@type":"ReadAction","target":["https:\/\/partsandpieces.nl\/product\/houten-kapiteel-mahonie-model-nar-65mm\/"]}]},{"@type":"ImageObject","inLanguage":"de","@id":"https:\/\/partsandpieces.nl\/product\/houten-kapiteel-mahonie-model-nar-65mm\/#primaryimage","url":"https:\/\/partsandpieces.nl\/wp-content\/uploads\/2024\/09\/Houten-Kapiteel-Mahonie-model-Nar-65mm-1.jpg","contentUrl":"https:\/\/partsandpieces.nl\/wp-content\/uploads\/2024\/09\/Houten-Kapiteel-Mahonie-model-Nar-65mm-1.jpg","width":480,"height":478,"caption":"Houten Kapiteel Mahonie model \u2018Nar\u2019 65mm"},{"@type":"BreadcrumbList","@id":"https:\/\/partsandpieces.nl\/product\/houten-kapiteel-mahonie-model-nar-65mm\/#breadcrumb","itemListElement":[{"@type":"ListItem","position":1,"name":"Home","item":"https:\/\/partsandpieces.nl\/home\/"},{"@type":"ListItem","position":2,"name":"Winkel","item":"https:\/\/partsandpieces.nl\/winkel\/"},{"@type":"ListItem","position":3,"name":"Houten Kapiteel Mahonie model &#8216;Nar&#8217; 65mm"}]},{"@type":"WebSite","@id":"https:\/\/partsandpieces.nl\/#website","url":"https:\/\/partsandpieces.nl\/","name":"Teile &amp; St\u00fccke","description":"Alles f\u00fcr Ihre M\u00f6belrestaurierung und -pflege!","potentialAction":[{"@type":"SearchAction","target":{"@type":"EntryPoint","urlTemplate":"https:\/\/partsandpieces.nl\/?s={search_term_string}"},"query-input":{"@type":"PropertyValueSpecification","valueRequired":true,"valueName":"search_term_string"}}],"inLanguage":"de"}]}},"_links":{"self":[{"href":"https:\/\/partsandpieces.nl\/de\/wp-json\/wp\/v2\/product\/9516","targetHints":{"allow":["GET"]}}],"collection":[{"href":"https:\/\/partsandpieces.nl\/de\/wp-json\/wp\/v2\/product"}],"about":[{"href":"https:\/\/partsandpieces.nl\/de\/wp-json\/wp\/v2\/types\/product"}],"wp:featuredmedia":[{"embeddable":true,"href":"https:\/\/partsandpieces.nl\/de\/wp-json\/wp\/v2\/media\/9527"}],"wp:attachment":[{"href":"https:\/\/partsandpieces.nl\/de\/wp-json\/wp\/v2\/media?parent=9516"}],"wp:term":[{"taxonomy":"product_brand","embeddable":true,"href":"https:\/\/partsandpieces.nl\/de\/wp-json\/wp\/v2\/product_brand?post=9516"},{"taxonomy":"product_cat","embeddable":true,"href":"https:\/\/partsandpieces.nl\/de\/wp-json\/wp\/v2\/product_cat?post=9516"},{"taxonomy":"product_tag","embeddable":true,"href":"https:\/\/partsandpieces.nl\/de\/wp-json\/wp\/v2\/product_tag?post=9516"}],"curies":[{"name":"wp","href":"https:\/\/api.w.org\/{rel}","templated":true}]}}