{"id":964,"date":"2020-07-27T10:05:31","date_gmt":"2020-07-27T10:05:31","guid":{"rendered":"https:\/\/partsandpieces.bonsaidev.nl\/?product=ladetrekker-messing-rond-5260"},"modified":"2025-04-11T09:39:46","modified_gmt":"2025-04-11T07:39:46","slug":"schubladengriff-aus-massivem-messing-antik-rund-klein-46-mm","status":"publish","type":"product","link":"https:\/\/partsandpieces.nl\/de\/product\/ladegreep-massief-messing-antiek-rond-klein-46mm\/","title":{"rendered":"Schubladengriff aus massivem Messing, antik, rund, klein, 46 mm"},"content":{"rendered":"<p><strong>Schubladengriff aus massivem Messing, antik, rund, klein, 46 mm<\/strong> ist ein wundersch\u00f6ner Schubladengriff aus massivem Messing mit antikem Finish. Der Schubladengriff hat eine runde Form und ist oben mit einer Schleifenverzierung versehen. Dieser Griff ist aus Messing und passt gut zu Ihren antiken oder klassischen M\u00f6beln und Schubladen.<\/p>\n<p>Ich habe diesen Schubladengriff auch in der Gr\u00f6\u00dfe 56 mm.<\/p>\n<p>Dieser hochwertige Schubladengriff wird in Italien hergestellt.<\/p>\n<p><strong>Ma\u00dfe<br \/>\n<\/strong>Der antike runde Schubladengriff aus massivem Messing, klein, 46 mm, hat einen Durchmesser von 46 mm und eine Gesamth\u00f6he von 60 mm.<\/p>\n<p><strong>Bearbeiten<br \/>\n<\/strong>Sie k\u00f6nnen den Griff mit blind montieren\u00a0<span style=\"text-decoration: underline;\"><a href=\"https:\/\/partsandpieces.nl\/de\/produkt\/schraube-edelstahl-zur-blindmontage-von-mobelbeschlagen-45x4mm-20-stuck\/\">Edelstahlschraube zur Blindbefestigung von M\u00f6belbeschl\u00e4gen (45x4mm)<\/a><\/span>\u00a0Ich schicke diese Schrauben\u00a0<strong>FREI<\/strong>\u00a0mit Ihrer Bestellung.<\/p>","protected":false},"excerpt":{"rendered":"<p>Ladegreep massief Messing antiek rond klein 46mm is een mooie massief messing ladegreep met een antieke afwerking. De ladetrekker is rond van vorm en heeft een versiering met een lint aan de bovenkant. Deze greep is gemaakt van messing en past goed op je antieke of klassieke meubel en lades. Ik heb deze ladegreep ook [&hellip;]<\/p>\n","protected":false},"featured_media":6666,"template":"","meta":{"_acf_changed":false},"product_brand":[],"product_cat":[41,23,44],"product_tag":[],"class_list":{"0":"post-964","1":"product","2":"type-product","3":"status-publish","4":"has-post-thumbnail","6":"product_cat-ladetrekkers","7":"product_cat-meubelbeslag","8":"product_cat-ringbeslag","10":"first","11":"instock","12":"taxable","13":"shipping-taxable","14":"purchasable","15":"product-type-simple"},"acf":[],"yoast_head":"<!-- This site is optimized with the Yoast SEO plugin v27.3 - https:\/\/yoast.com\/product\/yoast-seo-wordpress\/ -->\n<title>Ladegreep Messing rond klein<\/title>\n<meta name=\"description\" content=\"Ladegreep massief Messing antiek rond klein 46mm is een mooie massief messing ladegreep. De ladetrekker heeft een versiering met een lint aan de bovenkant.\" \/>\n<meta name=\"robots\" content=\"index, follow, max-snippet:-1, max-image-preview:large, max-video-preview:-1\" \/>\n<link rel=\"canonical\" href=\"https:\/\/partsandpieces.nl\/de\/produkt\/schubladengriff-aus-massivem-messing-antik-rund-klein-46-mm\/\" \/>\n<meta property=\"og:locale\" content=\"de_DE\" \/>\n<meta property=\"og:type\" content=\"article\" \/>\n<meta property=\"og:title\" content=\"Ladegreep Messing rond klein\" \/>\n<meta property=\"og:description\" content=\"Ladegreep massief Messing antiek rond klein 46mm is een mooie massief messing ladegreep. De ladetrekker heeft een versiering met een lint aan de bovenkant.\" \/>\n<meta property=\"og:url\" content=\"https:\/\/partsandpieces.nl\/de\/produkt\/schubladengriff-aus-massivem-messing-antik-rund-klein-46-mm\/\" \/>\n<meta property=\"og:site_name\" content=\"Parts &amp; Pieces\" \/>\n<meta property=\"article:modified_time\" content=\"2025-04-11T07:39:46+00:00\" \/>\n<meta property=\"og:image\" content=\"https:\/\/partsandpieces.nl\/wp-content\/uploads\/2020\/07\/Ladegreep-massief-Messing-antiek-rond-klein-46mm.jpg\" \/>\n\t<meta property=\"og:image:width\" content=\"480\" \/>\n\t<meta property=\"og:image:height\" content=\"481\" \/>\n\t<meta property=\"og:image:type\" content=\"image\/jpeg\" \/>\n<meta name=\"twitter:card\" content=\"summary_large_image\" \/>\n<meta name=\"twitter:label1\" content=\"Gesch\u00e4tzte Lesezeit\" \/>\n\t<meta name=\"twitter:data1\" content=\"1\u00a0Minute\" \/>\n<script type=\"application\/ld+json\" class=\"yoast-schema-graph\">{\"@context\":\"https:\\\/\\\/schema.org\",\"@graph\":[{\"@type\":\"WebPage\",\"@id\":\"https:\\\/\\\/partsandpieces.nl\\\/product\\\/ladegreep-massief-messing-antiek-rond-klein-46mm\\\/\",\"url\":\"https:\\\/\\\/partsandpieces.nl\\\/product\\\/ladegreep-massief-messing-antiek-rond-klein-46mm\\\/\",\"name\":\"Ladegreep Messing rond klein\",\"isPartOf\":{\"@id\":\"https:\\\/\\\/partsandpieces.nl\\\/#website\"},\"primaryImageOfPage\":{\"@id\":\"https:\\\/\\\/partsandpieces.nl\\\/product\\\/ladegreep-massief-messing-antiek-rond-klein-46mm\\\/#primaryimage\"},\"image\":{\"@id\":\"https:\\\/\\\/partsandpieces.nl\\\/product\\\/ladegreep-massief-messing-antiek-rond-klein-46mm\\\/#primaryimage\"},\"thumbnailUrl\":\"https:\\\/\\\/partsandpieces.nl\\\/wp-content\\\/uploads\\\/2020\\\/07\\\/Ladegreep-massief-Messing-antiek-rond-klein-46mm.jpg\",\"datePublished\":\"2020-07-27T10:05:31+00:00\",\"dateModified\":\"2025-04-11T07:39:46+00:00\",\"description\":\"Ladegreep massief Messing antiek rond klein 46mm is een mooie massief messing ladegreep. De ladetrekker heeft een versiering met een lint aan de bovenkant.\",\"breadcrumb\":{\"@id\":\"https:\\\/\\\/partsandpieces.nl\\\/product\\\/ladegreep-massief-messing-antiek-rond-klein-46mm\\\/#breadcrumb\"},\"inLanguage\":\"de\",\"potentialAction\":[{\"@type\":\"ReadAction\",\"target\":[\"https:\\\/\\\/partsandpieces.nl\\\/product\\\/ladegreep-massief-messing-antiek-rond-klein-46mm\\\/\"]}]},{\"@type\":\"ImageObject\",\"inLanguage\":\"de\",\"@id\":\"https:\\\/\\\/partsandpieces.nl\\\/product\\\/ladegreep-massief-messing-antiek-rond-klein-46mm\\\/#primaryimage\",\"url\":\"https:\\\/\\\/partsandpieces.nl\\\/wp-content\\\/uploads\\\/2020\\\/07\\\/Ladegreep-massief-Messing-antiek-rond-klein-46mm.jpg\",\"contentUrl\":\"https:\\\/\\\/partsandpieces.nl\\\/wp-content\\\/uploads\\\/2020\\\/07\\\/Ladegreep-massief-Messing-antiek-rond-klein-46mm.jpg\",\"width\":480,\"height\":481,\"caption\":\"Ladegreep massief Messing antiek rond klein 46mm\"},{\"@type\":\"BreadcrumbList\",\"@id\":\"https:\\\/\\\/partsandpieces.nl\\\/product\\\/ladegreep-massief-messing-antiek-rond-klein-46mm\\\/#breadcrumb\",\"itemListElement\":[{\"@type\":\"ListItem\",\"position\":1,\"name\":\"Home\",\"item\":\"https:\\\/\\\/partsandpieces.nl\\\/home\\\/\"},{\"@type\":\"ListItem\",\"position\":2,\"name\":\"Winkel\",\"item\":\"https:\\\/\\\/partsandpieces.nl\\\/winkel\\\/\"},{\"@type\":\"ListItem\",\"position\":3,\"name\":\"Ladegreep massief Messing antiek rond klein 46mm\"}]},{\"@type\":\"WebSite\",\"@id\":\"https:\\\/\\\/partsandpieces.nl\\\/#website\",\"url\":\"https:\\\/\\\/partsandpieces.nl\\\/\",\"name\":\"Parts &amp; Pieces\",\"description\":\"Alles voor uw meubelrestauratie en -onderhoud!\",\"potentialAction\":[{\"@type\":\"SearchAction\",\"target\":{\"@type\":\"EntryPoint\",\"urlTemplate\":\"https:\\\/\\\/partsandpieces.nl\\\/?s={search_term_string}\"},\"query-input\":{\"@type\":\"PropertyValueSpecification\",\"valueRequired\":true,\"valueName\":\"search_term_string\"}}],\"inLanguage\":\"de\"}]}<\/script>\n<!-- \/ Yoast SEO plugin. -->","yoast_head_json":{"title":"Schubladengriff Messing rund klein","description":"Schubladengriff aus massivem Messing, antik, rund, klein, 46 mm, ist ein wundersch\u00f6ner Schubladengriff aus massivem Messing. Der Schubladengriff ist oben mit einer Schleife verziert.","robots":{"index":"index","follow":"follow","max-snippet":"max-snippet:-1","max-image-preview":"max-image-preview:large","max-video-preview":"max-video-preview:-1"},"canonical":"https:\/\/partsandpieces.nl\/de\/produkt\/schubladengriff-aus-massivem-messing-antik-rund-klein-46-mm\/","og_locale":"de_DE","og_type":"article","og_title":"Ladegreep Messing rond klein","og_description":"Ladegreep massief Messing antiek rond klein 46mm is een mooie massief messing ladegreep. De ladetrekker heeft een versiering met een lint aan de bovenkant.","og_url":"https:\/\/partsandpieces.nl\/de\/produkt\/schubladengriff-aus-massivem-messing-antik-rund-klein-46-mm\/","og_site_name":"Parts &amp; Pieces","article_modified_time":"2025-04-11T07:39:46+00:00","og_image":[{"width":480,"height":481,"url":"https:\/\/partsandpieces.nl\/wp-content\/uploads\/2020\/07\/Ladegreep-massief-Messing-antiek-rond-klein-46mm.jpg","type":"image\/jpeg"}],"twitter_card":"summary_large_image","twitter_misc":{"Gesch\u00e4tzte Lesezeit":"1\u00a0Minute"},"schema":{"@context":"https:\/\/schema.org","@graph":[{"@type":"WebPage","@id":"https:\/\/partsandpieces.nl\/product\/ladegreep-massief-messing-antiek-rond-klein-46mm\/","url":"https:\/\/partsandpieces.nl\/product\/ladegreep-massief-messing-antiek-rond-klein-46mm\/","name":"Schubladengriff Messing rund klein","isPartOf":{"@id":"https:\/\/partsandpieces.nl\/#website"},"primaryImageOfPage":{"@id":"https:\/\/partsandpieces.nl\/product\/ladegreep-massief-messing-antiek-rond-klein-46mm\/#primaryimage"},"image":{"@id":"https:\/\/partsandpieces.nl\/product\/ladegreep-massief-messing-antiek-rond-klein-46mm\/#primaryimage"},"thumbnailUrl":"https:\/\/partsandpieces.nl\/wp-content\/uploads\/2020\/07\/Ladegreep-massief-Messing-antiek-rond-klein-46mm.jpg","datePublished":"2020-07-27T10:05:31+00:00","dateModified":"2025-04-11T07:39:46+00:00","description":"Schubladengriff aus massivem Messing, antik, rund, klein, 46 mm, ist ein wundersch\u00f6ner Schubladengriff aus massivem Messing. Der Schubladengriff ist oben mit einer Schleife verziert.","breadcrumb":{"@id":"https:\/\/partsandpieces.nl\/product\/ladegreep-massief-messing-antiek-rond-klein-46mm\/#breadcrumb"},"inLanguage":"de","potentialAction":[{"@type":"ReadAction","target":["https:\/\/partsandpieces.nl\/product\/ladegreep-massief-messing-antiek-rond-klein-46mm\/"]}]},{"@type":"ImageObject","inLanguage":"de","@id":"https:\/\/partsandpieces.nl\/product\/ladegreep-massief-messing-antiek-rond-klein-46mm\/#primaryimage","url":"https:\/\/partsandpieces.nl\/wp-content\/uploads\/2020\/07\/Ladegreep-massief-Messing-antiek-rond-klein-46mm.jpg","contentUrl":"https:\/\/partsandpieces.nl\/wp-content\/uploads\/2020\/07\/Ladegreep-massief-Messing-antiek-rond-klein-46mm.jpg","width":480,"height":481,"caption":"Ladegreep massief Messing antiek rond klein 46mm"},{"@type":"BreadcrumbList","@id":"https:\/\/partsandpieces.nl\/product\/ladegreep-massief-messing-antiek-rond-klein-46mm\/#breadcrumb","itemListElement":[{"@type":"ListItem","position":1,"name":"Home","item":"https:\/\/partsandpieces.nl\/home\/"},{"@type":"ListItem","position":2,"name":"Winkel","item":"https:\/\/partsandpieces.nl\/winkel\/"},{"@type":"ListItem","position":3,"name":"Ladegreep massief Messing antiek rond klein 46mm"}]},{"@type":"WebSite","@id":"https:\/\/partsandpieces.nl\/#website","url":"https:\/\/partsandpieces.nl\/","name":"Teile &amp; St\u00fccke","description":"Alles f\u00fcr Ihre M\u00f6belrestaurierung und -pflege!","potentialAction":[{"@type":"SearchAction","target":{"@type":"EntryPoint","urlTemplate":"https:\/\/partsandpieces.nl\/?s={search_term_string}"},"query-input":{"@type":"PropertyValueSpecification","valueRequired":true,"valueName":"search_term_string"}}],"inLanguage":"de"}]}},"_links":{"self":[{"href":"https:\/\/partsandpieces.nl\/de\/wp-json\/wp\/v2\/product\/964","targetHints":{"allow":["GET"]}}],"collection":[{"href":"https:\/\/partsandpieces.nl\/de\/wp-json\/wp\/v2\/product"}],"about":[{"href":"https:\/\/partsandpieces.nl\/de\/wp-json\/wp\/v2\/types\/product"}],"wp:featuredmedia":[{"embeddable":true,"href":"https:\/\/partsandpieces.nl\/de\/wp-json\/wp\/v2\/media\/6666"}],"wp:attachment":[{"href":"https:\/\/partsandpieces.nl\/de\/wp-json\/wp\/v2\/media?parent=964"}],"wp:term":[{"taxonomy":"product_brand","embeddable":true,"href":"https:\/\/partsandpieces.nl\/de\/wp-json\/wp\/v2\/product_brand?post=964"},{"taxonomy":"product_cat","embeddable":true,"href":"https:\/\/partsandpieces.nl\/de\/wp-json\/wp\/v2\/product_cat?post=964"},{"taxonomy":"product_tag","embeddable":true,"href":"https:\/\/partsandpieces.nl\/de\/wp-json\/wp\/v2\/product_tag?post=964"}],"curies":[{"name":"wp","href":"https:\/\/api.w.org\/{rel}","templated":true}]}}