{"id":968,"date":"2020-07-27T10:37:54","date_gmt":"2020-07-27T10:37:54","guid":{"rendered":"https:\/\/partsandpieces.bonsaidev.nl\/?product=greep-brons-ant-140x50-links"},"modified":"2025-11-26T12:10:36","modified_gmt":"2025-11-26T11:10:36","slug":"griff-messingguss-barock-rechts-gros","status":"publish","type":"product","link":"https:\/\/partsandpieces.nl\/de\/product\/greep-messing-gegoten-barok-rechts-groot\/","title":{"rendered":"Griff Messingguss Barock rechts gro\u00df"},"content":{"rendered":"<p><strong>Griff Messingguss Barock rechts gro\u00df<\/strong> ist ein eleganter Griff f\u00fcr eine antike oder klassische Schrankt\u00fcr oder Schublade. Der Griff besteht aus Messingguss. Der Griff ist mit Ranken verziert.<\/p>\n<p>Dieser hochwertige Griff wird in Italien hergestellt.<\/p>\n<p><strong>Ma\u00dfe<br \/>\n<\/strong>Der Griff Messingguss Barock rechts gro\u00df hat eine Breite von 140mm und eine H\u00f6he von 48mm. Nach der Montage ragt dieser Griff ca. 27 mm hervor.<\/p>\n<p><strong>Bearbeiten<br \/>\n<\/strong>Sie k\u00f6nnen den Knopf mit montieren <span style=\"text-decoration: underline;\"><a href=\"https:\/\/partsandpieces.nl\/de\/produkt\/schrauben-flachkopf-antik-bronze-mit-schlitz-3x12mm\/\">Schraube Rundkopf Antik Bronze mit Schlitz (3x12mm)<\/a><\/span>. Ich schicke diese Schraube <strong>FREI<\/strong> mit Ihrer Bestellung.<\/p>","protected":false},"excerpt":{"rendered":"<p>Greep Messing gegoten Barok rechts groot is een sierlijke greep voor een antieke of klassieke kastdeur of lade. De greep is gemaakt van gegoten messing. De greep is versierd met wijnranken. Deze kwalitatief uitstekende greep is gemaakt in Itali\u00eb. Afmetingen De Greep Messing gegoten Barok rechts groot heeft een breedte van 140mm en een hoogte [&hellip;]<\/p>\n","protected":false},"featured_media":5468,"template":"","meta":{"_acf_changed":false},"product_brand":[],"product_cat":[29,41,23],"product_tag":[],"class_list":{"0":"post-968","1":"product","2":"type-product","3":"status-publish","4":"has-post-thumbnail","6":"product_cat-deurtrekkers","7":"product_cat-ladetrekkers","8":"product_cat-meubelbeslag","10":"first","11":"outofstock","12":"taxable","13":"shipping-taxable","14":"purchasable","15":"product-type-simple"},"acf":[],"yoast_head":"<!-- This site is optimized with the Yoast SEO plugin v27.3 - https:\/\/yoast.com\/product\/yoast-seo-wordpress\/ -->\n<title>Greep Messing gegoten rechts groot<\/title>\n<meta name=\"description\" content=\"Greep Messing gegoten Barok rechts groot is een sierlijke greep voor een antieke of klassieke kastdeur. De greep is versierd met wijnranken.\" \/>\n<meta name=\"robots\" content=\"index, follow, max-snippet:-1, max-image-preview:large, max-video-preview:-1\" \/>\n<link rel=\"canonical\" href=\"https:\/\/partsandpieces.nl\/de\/produkt\/griff-messingguss-barock-rechts-gros\/\" \/>\n<meta property=\"og:locale\" content=\"de_DE\" \/>\n<meta property=\"og:type\" content=\"article\" \/>\n<meta property=\"og:title\" content=\"Greep Messing gegoten rechts groot\" \/>\n<meta property=\"og:description\" content=\"Greep Messing gegoten Barok rechts groot is een sierlijke greep voor een antieke of klassieke kastdeur. De greep is versierd met wijnranken.\" \/>\n<meta property=\"og:url\" content=\"https:\/\/partsandpieces.nl\/de\/produkt\/griff-messingguss-barock-rechts-gros\/\" \/>\n<meta property=\"og:site_name\" content=\"Parts &amp; Pieces\" \/>\n<meta property=\"article:modified_time\" content=\"2025-11-26T11:10:36+00:00\" \/>\n<meta property=\"og:image\" content=\"https:\/\/partsandpieces.nl\/wp-content\/uploads\/2020\/07\/Greep-Messing-gegoten-Barok-rechts-groot.jpg\" \/>\n\t<meta property=\"og:image:width\" content=\"480\" \/>\n\t<meta property=\"og:image:height\" content=\"480\" \/>\n\t<meta property=\"og:image:type\" content=\"image\/jpeg\" \/>\n<meta name=\"twitter:card\" content=\"summary_large_image\" \/>\n<meta name=\"twitter:label1\" content=\"Gesch\u00e4tzte Lesezeit\" \/>\n\t<meta name=\"twitter:data1\" content=\"1\u00a0Minute\" \/>\n<script type=\"application\/ld+json\" class=\"yoast-schema-graph\">{\"@context\":\"https:\\\/\\\/schema.org\",\"@graph\":[{\"@type\":\"WebPage\",\"@id\":\"https:\\\/\\\/partsandpieces.nl\\\/product\\\/greep-messing-gegoten-barok-rechts-groot\\\/\",\"url\":\"https:\\\/\\\/partsandpieces.nl\\\/product\\\/greep-messing-gegoten-barok-rechts-groot\\\/\",\"name\":\"Greep Messing gegoten rechts groot\",\"isPartOf\":{\"@id\":\"https:\\\/\\\/partsandpieces.nl\\\/#website\"},\"primaryImageOfPage\":{\"@id\":\"https:\\\/\\\/partsandpieces.nl\\\/product\\\/greep-messing-gegoten-barok-rechts-groot\\\/#primaryimage\"},\"image\":{\"@id\":\"https:\\\/\\\/partsandpieces.nl\\\/product\\\/greep-messing-gegoten-barok-rechts-groot\\\/#primaryimage\"},\"thumbnailUrl\":\"https:\\\/\\\/partsandpieces.nl\\\/wp-content\\\/uploads\\\/2020\\\/07\\\/Greep-Messing-gegoten-Barok-rechts-groot.jpg\",\"datePublished\":\"2020-07-27T10:37:54+00:00\",\"dateModified\":\"2025-11-26T11:10:36+00:00\",\"description\":\"Greep Messing gegoten Barok rechts groot is een sierlijke greep voor een antieke of klassieke kastdeur. De greep is versierd met wijnranken.\",\"breadcrumb\":{\"@id\":\"https:\\\/\\\/partsandpieces.nl\\\/product\\\/greep-messing-gegoten-barok-rechts-groot\\\/#breadcrumb\"},\"inLanguage\":\"de\",\"potentialAction\":[{\"@type\":\"ReadAction\",\"target\":[\"https:\\\/\\\/partsandpieces.nl\\\/product\\\/greep-messing-gegoten-barok-rechts-groot\\\/\"]}]},{\"@type\":\"ImageObject\",\"inLanguage\":\"de\",\"@id\":\"https:\\\/\\\/partsandpieces.nl\\\/product\\\/greep-messing-gegoten-barok-rechts-groot\\\/#primaryimage\",\"url\":\"https:\\\/\\\/partsandpieces.nl\\\/wp-content\\\/uploads\\\/2020\\\/07\\\/Greep-Messing-gegoten-Barok-rechts-groot.jpg\",\"contentUrl\":\"https:\\\/\\\/partsandpieces.nl\\\/wp-content\\\/uploads\\\/2020\\\/07\\\/Greep-Messing-gegoten-Barok-rechts-groot.jpg\",\"width\":480,\"height\":480,\"caption\":\"Greep Messing gegoten Barok rechts groot\"},{\"@type\":\"BreadcrumbList\",\"@id\":\"https:\\\/\\\/partsandpieces.nl\\\/product\\\/greep-messing-gegoten-barok-rechts-groot\\\/#breadcrumb\",\"itemListElement\":[{\"@type\":\"ListItem\",\"position\":1,\"name\":\"Home\",\"item\":\"https:\\\/\\\/partsandpieces.nl\\\/home\\\/\"},{\"@type\":\"ListItem\",\"position\":2,\"name\":\"Winkel\",\"item\":\"https:\\\/\\\/partsandpieces.nl\\\/winkel\\\/\"},{\"@type\":\"ListItem\",\"position\":3,\"name\":\"Greep Messing gegoten Barok rechts groot\"}]},{\"@type\":\"WebSite\",\"@id\":\"https:\\\/\\\/partsandpieces.nl\\\/#website\",\"url\":\"https:\\\/\\\/partsandpieces.nl\\\/\",\"name\":\"Parts &amp; Pieces\",\"description\":\"Alles voor uw meubelrestauratie en -onderhoud!\",\"potentialAction\":[{\"@type\":\"SearchAction\",\"target\":{\"@type\":\"EntryPoint\",\"urlTemplate\":\"https:\\\/\\\/partsandpieces.nl\\\/?s={search_term_string}\"},\"query-input\":{\"@type\":\"PropertyValueSpecification\",\"valueRequired\":true,\"valueName\":\"search_term_string\"}}],\"inLanguage\":\"de\"}]}<\/script>\n<!-- \/ Yoast SEO plugin. -->","yoast_head_json":{"title":"Griff Messingguss rechts gro\u00df","description":"Der Griff aus Messingguss Barock rechts gro\u00df ist ein eleganter Griff f\u00fcr eine antike oder klassische Schrankt\u00fcr. Der Griff ist mit Ranken verziert.","robots":{"index":"index","follow":"follow","max-snippet":"max-snippet:-1","max-image-preview":"max-image-preview:large","max-video-preview":"max-video-preview:-1"},"canonical":"https:\/\/partsandpieces.nl\/de\/produkt\/griff-messingguss-barock-rechts-gros\/","og_locale":"de_DE","og_type":"article","og_title":"Greep Messing gegoten rechts groot","og_description":"Greep Messing gegoten Barok rechts groot is een sierlijke greep voor een antieke of klassieke kastdeur. De greep is versierd met wijnranken.","og_url":"https:\/\/partsandpieces.nl\/de\/produkt\/griff-messingguss-barock-rechts-gros\/","og_site_name":"Parts &amp; Pieces","article_modified_time":"2025-11-26T11:10:36+00:00","og_image":[{"width":480,"height":480,"url":"https:\/\/partsandpieces.nl\/wp-content\/uploads\/2020\/07\/Greep-Messing-gegoten-Barok-rechts-groot.jpg","type":"image\/jpeg"}],"twitter_card":"summary_large_image","twitter_misc":{"Gesch\u00e4tzte Lesezeit":"1\u00a0Minute"},"schema":{"@context":"https:\/\/schema.org","@graph":[{"@type":"WebPage","@id":"https:\/\/partsandpieces.nl\/product\/greep-messing-gegoten-barok-rechts-groot\/","url":"https:\/\/partsandpieces.nl\/product\/greep-messing-gegoten-barok-rechts-groot\/","name":"Griff Messingguss rechts gro\u00df","isPartOf":{"@id":"https:\/\/partsandpieces.nl\/#website"},"primaryImageOfPage":{"@id":"https:\/\/partsandpieces.nl\/product\/greep-messing-gegoten-barok-rechts-groot\/#primaryimage"},"image":{"@id":"https:\/\/partsandpieces.nl\/product\/greep-messing-gegoten-barok-rechts-groot\/#primaryimage"},"thumbnailUrl":"https:\/\/partsandpieces.nl\/wp-content\/uploads\/2020\/07\/Greep-Messing-gegoten-Barok-rechts-groot.jpg","datePublished":"2020-07-27T10:37:54+00:00","dateModified":"2025-11-26T11:10:36+00:00","description":"Der Griff aus Messingguss Barock rechts gro\u00df ist ein eleganter Griff f\u00fcr eine antike oder klassische Schrankt\u00fcr. Der Griff ist mit Ranken verziert.","breadcrumb":{"@id":"https:\/\/partsandpieces.nl\/product\/greep-messing-gegoten-barok-rechts-groot\/#breadcrumb"},"inLanguage":"de","potentialAction":[{"@type":"ReadAction","target":["https:\/\/partsandpieces.nl\/product\/greep-messing-gegoten-barok-rechts-groot\/"]}]},{"@type":"ImageObject","inLanguage":"de","@id":"https:\/\/partsandpieces.nl\/product\/greep-messing-gegoten-barok-rechts-groot\/#primaryimage","url":"https:\/\/partsandpieces.nl\/wp-content\/uploads\/2020\/07\/Greep-Messing-gegoten-Barok-rechts-groot.jpg","contentUrl":"https:\/\/partsandpieces.nl\/wp-content\/uploads\/2020\/07\/Greep-Messing-gegoten-Barok-rechts-groot.jpg","width":480,"height":480,"caption":"Greep Messing gegoten Barok rechts groot"},{"@type":"BreadcrumbList","@id":"https:\/\/partsandpieces.nl\/product\/greep-messing-gegoten-barok-rechts-groot\/#breadcrumb","itemListElement":[{"@type":"ListItem","position":1,"name":"Home","item":"https:\/\/partsandpieces.nl\/home\/"},{"@type":"ListItem","position":2,"name":"Winkel","item":"https:\/\/partsandpieces.nl\/winkel\/"},{"@type":"ListItem","position":3,"name":"Greep Messing gegoten Barok rechts groot"}]},{"@type":"WebSite","@id":"https:\/\/partsandpieces.nl\/#website","url":"https:\/\/partsandpieces.nl\/","name":"Teile &amp; St\u00fccke","description":"Alles f\u00fcr Ihre M\u00f6belrestaurierung und -pflege!","potentialAction":[{"@type":"SearchAction","target":{"@type":"EntryPoint","urlTemplate":"https:\/\/partsandpieces.nl\/?s={search_term_string}"},"query-input":{"@type":"PropertyValueSpecification","valueRequired":true,"valueName":"search_term_string"}}],"inLanguage":"de"}]}},"_links":{"self":[{"href":"https:\/\/partsandpieces.nl\/de\/wp-json\/wp\/v2\/product\/968","targetHints":{"allow":["GET"]}}],"collection":[{"href":"https:\/\/partsandpieces.nl\/de\/wp-json\/wp\/v2\/product"}],"about":[{"href":"https:\/\/partsandpieces.nl\/de\/wp-json\/wp\/v2\/types\/product"}],"wp:featuredmedia":[{"embeddable":true,"href":"https:\/\/partsandpieces.nl\/de\/wp-json\/wp\/v2\/media\/5468"}],"wp:attachment":[{"href":"https:\/\/partsandpieces.nl\/de\/wp-json\/wp\/v2\/media?parent=968"}],"wp:term":[{"taxonomy":"product_brand","embeddable":true,"href":"https:\/\/partsandpieces.nl\/de\/wp-json\/wp\/v2\/product_brand?post=968"},{"taxonomy":"product_cat","embeddable":true,"href":"https:\/\/partsandpieces.nl\/de\/wp-json\/wp\/v2\/product_cat?post=968"},{"taxonomy":"product_tag","embeddable":true,"href":"https:\/\/partsandpieces.nl\/de\/wp-json\/wp\/v2\/product_tag?post=968"}],"curies":[{"name":"wp","href":"https:\/\/api.w.org\/{rel}","templated":true}]}}