{"id":974,"date":"2020-07-27T10:54:52","date_gmt":"2020-07-27T10:54:52","guid":{"rendered":"https:\/\/partsandpieces.bonsaidev.nl\/?product=ladetrekker-130x55-mat-zilver"},"modified":"2026-01-15T19:58:14","modified_gmt":"2026-01-15T18:58:14","slug":"schubladengriff-antiksilber-horizontal-129x43mm","status":"publish","type":"product","link":"https:\/\/partsandpieces.nl\/de\/product\/ladegreep-antiek-zilver-horizontaal-129x43mm\/","title":{"rendered":"Schubladengriff antiksilber horizontal 129x43mm"},"content":{"rendered":"<p><strong>Schubladengriff antiksilber horizontal 129x43mm<\/strong> ist ein reich verzierter Griff aus Messing. Der Schubladengriff hat ein antikes Silberfinish. Dieser Griff passt gut zu Ihren Vintage- oder klassischen Schubladen.<\/p>\n<p>Dieser hochwertige Schubladengriff wird in Italien hergestellt.<\/p>\n<p><strong>Ma\u00dfe<br \/>\n<\/strong>Der horizontale Schubladengriff in Antiksilber (129 x 43 mm) ist 129 mm breit und 43 mm hoch. Der Griff selbst ist 77 mm breit. Nach der Installation steht dieser Griff 15 mm \u00fcber. Die Bohrungen des Griffs haben einen Abstand von 75 mm.<\/p>\n<p><strong>Bearbeiten<br \/>\n<\/strong>Sie befestigen dieses Schl\u00fcsselschild mit 4 Schrauben an Ihrem M\u00f6belst\u00fcck. Ich liefere diese Schrauben nicht.<\/p>","protected":false},"excerpt":{"rendered":"<p>Ladegreep antiek Zilver horizontaal 129x43mm is een rijk gedecoreerde greep gemaakt van messing. De ladegreep heeft een antiek zilveren finish. Deze greep past goed op je brocante of klassieke lades. Deze kwalitatief uitstekende ladegreep is gemaakt in Itali\u00eb. Afmetingen Ladegreep antiek Zilver horizontaal 129x43mm is in zijn geheel 129mm breed en 43mm hoog. De greep [&hellip;]<\/p>\n","protected":false},"featured_media":6283,"template":"","meta":{"_acf_changed":false},"product_brand":[],"product_cat":[41,23],"product_tag":[],"class_list":{"0":"post-974","1":"product","2":"type-product","3":"status-publish","4":"has-post-thumbnail","6":"product_cat-ladetrekkers","7":"product_cat-meubelbeslag","9":"first","10":"instock","11":"taxable","12":"shipping-taxable","13":"purchasable","14":"product-type-simple"},"acf":[],"yoast_head":"<!-- This site is optimized with the Yoast SEO plugin v27.3 - https:\/\/yoast.com\/product\/yoast-seo-wordpress\/ -->\n<title>Ladegreep antiek Zilver horizontaal<\/title>\n<meta name=\"description\" content=\"Ladegreep antiek Zilver horizontaal 129x43mm is een rijk gedecoreerde greep gemaakt van messing. De ladegreep heeft een antiek zilveren finish.\" \/>\n<meta name=\"robots\" content=\"index, follow, max-snippet:-1, max-image-preview:large, max-video-preview:-1\" \/>\n<link rel=\"canonical\" href=\"https:\/\/partsandpieces.nl\/de\/produkt\/schubladengriff-antiksilber-horizontal-129x43mm\/\" \/>\n<meta property=\"og:locale\" content=\"de_DE\" \/>\n<meta property=\"og:type\" content=\"article\" \/>\n<meta property=\"og:title\" content=\"Ladegreep antiek Zilver horizontaal\" \/>\n<meta property=\"og:description\" content=\"Ladegreep antiek Zilver horizontaal 129x43mm is een rijk gedecoreerde greep gemaakt van messing. De ladegreep heeft een antiek zilveren finish.\" \/>\n<meta property=\"og:url\" content=\"https:\/\/partsandpieces.nl\/de\/produkt\/schubladengriff-antiksilber-horizontal-129x43mm\/\" \/>\n<meta property=\"og:site_name\" content=\"Parts &amp; Pieces\" \/>\n<meta property=\"article:modified_time\" content=\"2026-01-15T18:58:14+00:00\" \/>\n<meta property=\"og:image\" content=\"https:\/\/partsandpieces.nl\/wp-content\/uploads\/2020\/07\/Ladegreep-antiek-Zilver-horizontaal-139x56mm.jpg\" \/>\n\t<meta property=\"og:image:width\" content=\"469\" \/>\n\t<meta property=\"og:image:height\" content=\"469\" \/>\n\t<meta property=\"og:image:type\" content=\"image\/jpeg\" \/>\n<meta name=\"twitter:card\" content=\"summary_large_image\" \/>\n<meta name=\"twitter:label1\" content=\"Gesch\u00e4tzte Lesezeit\" \/>\n\t<meta name=\"twitter:data1\" content=\"1\u00a0Minute\" \/>\n<script type=\"application\/ld+json\" class=\"yoast-schema-graph\">{\"@context\":\"https:\\\/\\\/schema.org\",\"@graph\":[{\"@type\":\"WebPage\",\"@id\":\"https:\\\/\\\/partsandpieces.nl\\\/product\\\/ladegreep-antiek-zilver-horizontaal-129x43mm\\\/\",\"url\":\"https:\\\/\\\/partsandpieces.nl\\\/product\\\/ladegreep-antiek-zilver-horizontaal-129x43mm\\\/\",\"name\":\"Ladegreep antiek Zilver horizontaal\",\"isPartOf\":{\"@id\":\"https:\\\/\\\/partsandpieces.nl\\\/#website\"},\"primaryImageOfPage\":{\"@id\":\"https:\\\/\\\/partsandpieces.nl\\\/product\\\/ladegreep-antiek-zilver-horizontaal-129x43mm\\\/#primaryimage\"},\"image\":{\"@id\":\"https:\\\/\\\/partsandpieces.nl\\\/product\\\/ladegreep-antiek-zilver-horizontaal-129x43mm\\\/#primaryimage\"},\"thumbnailUrl\":\"https:\\\/\\\/partsandpieces.nl\\\/wp-content\\\/uploads\\\/2020\\\/07\\\/Ladegreep-antiek-Zilver-horizontaal-139x56mm.jpg\",\"datePublished\":\"2020-07-27T10:54:52+00:00\",\"dateModified\":\"2026-01-15T18:58:14+00:00\",\"description\":\"Ladegreep antiek Zilver horizontaal 129x43mm is een rijk gedecoreerde greep gemaakt van messing. De ladegreep heeft een antiek zilveren finish.\",\"breadcrumb\":{\"@id\":\"https:\\\/\\\/partsandpieces.nl\\\/product\\\/ladegreep-antiek-zilver-horizontaal-129x43mm\\\/#breadcrumb\"},\"inLanguage\":\"de\",\"potentialAction\":[{\"@type\":\"ReadAction\",\"target\":[\"https:\\\/\\\/partsandpieces.nl\\\/product\\\/ladegreep-antiek-zilver-horizontaal-129x43mm\\\/\"]}]},{\"@type\":\"ImageObject\",\"inLanguage\":\"de\",\"@id\":\"https:\\\/\\\/partsandpieces.nl\\\/product\\\/ladegreep-antiek-zilver-horizontaal-129x43mm\\\/#primaryimage\",\"url\":\"https:\\\/\\\/partsandpieces.nl\\\/wp-content\\\/uploads\\\/2020\\\/07\\\/Ladegreep-antiek-Zilver-horizontaal-139x56mm.jpg\",\"contentUrl\":\"https:\\\/\\\/partsandpieces.nl\\\/wp-content\\\/uploads\\\/2020\\\/07\\\/Ladegreep-antiek-Zilver-horizontaal-139x56mm.jpg\",\"width\":469,\"height\":469,\"caption\":\"Ladegreep antiek Zilver horizontaal 139x56mm\"},{\"@type\":\"BreadcrumbList\",\"@id\":\"https:\\\/\\\/partsandpieces.nl\\\/product\\\/ladegreep-antiek-zilver-horizontaal-129x43mm\\\/#breadcrumb\",\"itemListElement\":[{\"@type\":\"ListItem\",\"position\":1,\"name\":\"Home\",\"item\":\"https:\\\/\\\/partsandpieces.nl\\\/home\\\/\"},{\"@type\":\"ListItem\",\"position\":2,\"name\":\"Winkel\",\"item\":\"https:\\\/\\\/partsandpieces.nl\\\/winkel\\\/\"},{\"@type\":\"ListItem\",\"position\":3,\"name\":\"Ladegreep antiek Zilver horizontaal 129x43mm\"}]},{\"@type\":\"WebSite\",\"@id\":\"https:\\\/\\\/partsandpieces.nl\\\/#website\",\"url\":\"https:\\\/\\\/partsandpieces.nl\\\/\",\"name\":\"Parts &amp; Pieces\",\"description\":\"Alles voor uw meubelrestauratie en -onderhoud!\",\"potentialAction\":[{\"@type\":\"SearchAction\",\"target\":{\"@type\":\"EntryPoint\",\"urlTemplate\":\"https:\\\/\\\/partsandpieces.nl\\\/?s={search_term_string}\"},\"query-input\":{\"@type\":\"PropertyValueSpecification\",\"valueRequired\":true,\"valueName\":\"search_term_string\"}}],\"inLanguage\":\"de\"}]}<\/script>\n<!-- \/ Yoast SEO plugin. -->","yoast_head_json":{"title":"Horizontaler Schubladengriff in Antiksilber","description":"Der horizontale Schubladengriff 129 x 43 mm in Antiksilber ist ein reich verzierter Griff aus Messing. Der Schubladengriff hat ein antikes Silberfinish.","robots":{"index":"index","follow":"follow","max-snippet":"max-snippet:-1","max-image-preview":"max-image-preview:large","max-video-preview":"max-video-preview:-1"},"canonical":"https:\/\/partsandpieces.nl\/de\/produkt\/schubladengriff-antiksilber-horizontal-129x43mm\/","og_locale":"de_DE","og_type":"article","og_title":"Ladegreep antiek Zilver horizontaal","og_description":"Ladegreep antiek Zilver horizontaal 129x43mm is een rijk gedecoreerde greep gemaakt van messing. De ladegreep heeft een antiek zilveren finish.","og_url":"https:\/\/partsandpieces.nl\/de\/produkt\/schubladengriff-antiksilber-horizontal-129x43mm\/","og_site_name":"Parts &amp; Pieces","article_modified_time":"2026-01-15T18:58:14+00:00","og_image":[{"width":469,"height":469,"url":"https:\/\/partsandpieces.nl\/wp-content\/uploads\/2020\/07\/Ladegreep-antiek-Zilver-horizontaal-139x56mm.jpg","type":"image\/jpeg"}],"twitter_card":"summary_large_image","twitter_misc":{"Gesch\u00e4tzte Lesezeit":"1\u00a0Minute"},"schema":{"@context":"https:\/\/schema.org","@graph":[{"@type":"WebPage","@id":"https:\/\/partsandpieces.nl\/product\/ladegreep-antiek-zilver-horizontaal-129x43mm\/","url":"https:\/\/partsandpieces.nl\/product\/ladegreep-antiek-zilver-horizontaal-129x43mm\/","name":"Horizontaler Schubladengriff in Antiksilber","isPartOf":{"@id":"https:\/\/partsandpieces.nl\/#website"},"primaryImageOfPage":{"@id":"https:\/\/partsandpieces.nl\/product\/ladegreep-antiek-zilver-horizontaal-129x43mm\/#primaryimage"},"image":{"@id":"https:\/\/partsandpieces.nl\/product\/ladegreep-antiek-zilver-horizontaal-129x43mm\/#primaryimage"},"thumbnailUrl":"https:\/\/partsandpieces.nl\/wp-content\/uploads\/2020\/07\/Ladegreep-antiek-Zilver-horizontaal-139x56mm.jpg","datePublished":"2020-07-27T10:54:52+00:00","dateModified":"2026-01-15T18:58:14+00:00","description":"Der horizontale Schubladengriff 129 x 43 mm in Antiksilber ist ein reich verzierter Griff aus Messing. Der Schubladengriff hat ein antikes Silberfinish.","breadcrumb":{"@id":"https:\/\/partsandpieces.nl\/product\/ladegreep-antiek-zilver-horizontaal-129x43mm\/#breadcrumb"},"inLanguage":"de","potentialAction":[{"@type":"ReadAction","target":["https:\/\/partsandpieces.nl\/product\/ladegreep-antiek-zilver-horizontaal-129x43mm\/"]}]},{"@type":"ImageObject","inLanguage":"de","@id":"https:\/\/partsandpieces.nl\/product\/ladegreep-antiek-zilver-horizontaal-129x43mm\/#primaryimage","url":"https:\/\/partsandpieces.nl\/wp-content\/uploads\/2020\/07\/Ladegreep-antiek-Zilver-horizontaal-139x56mm.jpg","contentUrl":"https:\/\/partsandpieces.nl\/wp-content\/uploads\/2020\/07\/Ladegreep-antiek-Zilver-horizontaal-139x56mm.jpg","width":469,"height":469,"caption":"Ladegreep antiek Zilver horizontaal 139x56mm"},{"@type":"BreadcrumbList","@id":"https:\/\/partsandpieces.nl\/product\/ladegreep-antiek-zilver-horizontaal-129x43mm\/#breadcrumb","itemListElement":[{"@type":"ListItem","position":1,"name":"Home","item":"https:\/\/partsandpieces.nl\/home\/"},{"@type":"ListItem","position":2,"name":"Winkel","item":"https:\/\/partsandpieces.nl\/winkel\/"},{"@type":"ListItem","position":3,"name":"Ladegreep antiek Zilver horizontaal 129x43mm"}]},{"@type":"WebSite","@id":"https:\/\/partsandpieces.nl\/#website","url":"https:\/\/partsandpieces.nl\/","name":"Teile &amp; St\u00fccke","description":"Alles f\u00fcr Ihre M\u00f6belrestaurierung und -pflege!","potentialAction":[{"@type":"SearchAction","target":{"@type":"EntryPoint","urlTemplate":"https:\/\/partsandpieces.nl\/?s={search_term_string}"},"query-input":{"@type":"PropertyValueSpecification","valueRequired":true,"valueName":"search_term_string"}}],"inLanguage":"de"}]}},"_links":{"self":[{"href":"https:\/\/partsandpieces.nl\/de\/wp-json\/wp\/v2\/product\/974","targetHints":{"allow":["GET"]}}],"collection":[{"href":"https:\/\/partsandpieces.nl\/de\/wp-json\/wp\/v2\/product"}],"about":[{"href":"https:\/\/partsandpieces.nl\/de\/wp-json\/wp\/v2\/types\/product"}],"wp:featuredmedia":[{"embeddable":true,"href":"https:\/\/partsandpieces.nl\/de\/wp-json\/wp\/v2\/media\/6283"}],"wp:attachment":[{"href":"https:\/\/partsandpieces.nl\/de\/wp-json\/wp\/v2\/media?parent=974"}],"wp:term":[{"taxonomy":"product_brand","embeddable":true,"href":"https:\/\/partsandpieces.nl\/de\/wp-json\/wp\/v2\/product_brand?post=974"},{"taxonomy":"product_cat","embeddable":true,"href":"https:\/\/partsandpieces.nl\/de\/wp-json\/wp\/v2\/product_cat?post=974"},{"taxonomy":"product_tag","embeddable":true,"href":"https:\/\/partsandpieces.nl\/de\/wp-json\/wp\/v2\/product_tag?post=974"}],"curies":[{"name":"wp","href":"https:\/\/api.w.org\/{rel}","templated":true}]}}