{"id":978,"date":"2020-07-27T10:58:47","date_gmt":"2020-07-27T10:58:47","guid":{"rendered":"https:\/\/partsandpieces.bonsaidev.nl\/?product=ladetrekker-32x52mm"},"modified":"2025-10-06T11:07:57","modified_gmt":"2025-10-06T09:07:57","slug":"schubladengriff-messing-glanzend-kleiner-blumenregen-32x37mm","status":"publish","type":"product","link":"https:\/\/partsandpieces.nl\/de\/product\/ladegreep-messing-glanzend-klein-bloemenregen-32x37mm\/","title":{"rendered":"Schubladengriff Messing gl\u00e4nzend klein &#039;Blumenregen&#039; 32x37mm"},"content":{"rendered":"<p><strong>Schubladengriff Messing gl\u00e4nzend klein &#039;Blumenregen&#039; 32x37mm<\/strong> ist ein wundersch\u00f6ner Schubladengriff mit gl\u00e4nzendem Messingfinish. Der Griff ist mit einem Blumenmuster verziert. Dieser Griff passt gut zu Ihren antiken oder klassischen M\u00f6beln und Schubladen.<\/p>\n<p><strong>Ma\u00dfe<br \/>\n<\/strong>Schubladengriff aus gl\u00e4nzendem Messing, klein \u201eBlumenregen\u201c, 32 x 37 mm, ist 32 mm breit und 37 mm hoch. Nach der Installation steht dieser Griff 18 mm hervor.<\/p>\n<p><strong>Bearbeiten<br \/>\n<\/strong>Sie k\u00f6nnen den Griff mit montieren <span style=\"text-decoration: underline;\"><a href=\"https:\/\/partsandpieces.nl\/de\/produkt\/schrauben-mit-rundkopf-antikbronze-mit-schlitz-2-x-14-mm\/\">Schraube Rundkopf Antik Bronze mit Schlitz (2x14mm)<\/a><\/span>. Ich schicke diese Schraube KOSTENLOS zu Ihrer Bestellung.<\/p>","protected":false},"excerpt":{"rendered":"<p>Ladegreep Messing glanzend klein &#8216;Bloemenregen&#8217; 32x37mm is een mooie ladegreep met een glanzende messing afwerking. De greep is versierd met een bloemmotief. Deze greep past goed op je antieke of klassieke meubel en lades. Afmetingen Ladegreep Messing glanzend klein &#8216;Bloemenregen&#8217; 32x37mm is 32mm breed en 37mm hoog. Na montage steekt deze greep 18mm uit. Montage [&hellip;]<\/p>\n","protected":false},"featured_media":7879,"template":"","meta":{"_acf_changed":false},"product_brand":[],"product_cat":[41,23],"product_tag":[],"class_list":{"0":"post-978","1":"product","2":"type-product","3":"status-publish","4":"has-post-thumbnail","6":"product_cat-ladetrekkers","7":"product_cat-meubelbeslag","9":"first","10":"instock","11":"taxable","12":"shipping-taxable","13":"purchasable","14":"product-type-simple"},"acf":[],"yoast_head":"<!-- This site is optimized with the Yoast SEO plugin v27.3 - https:\/\/yoast.com\/product\/yoast-seo-wordpress\/ -->\n<title>Ladegreep Messing glanzend klein &#039;Bloemenregen&#039; 32x37mm<\/title>\n<meta name=\"description\" content=\"Ladegreep Messing glanzend klein &#039;Bloemenregen&#039; 32x37mm is een mooie ladegreep met een glanzende messing afwerking. Versierd met een bloemmotief.\" \/>\n<meta name=\"robots\" content=\"index, follow, max-snippet:-1, max-image-preview:large, max-video-preview:-1\" \/>\n<link rel=\"canonical\" href=\"https:\/\/partsandpieces.nl\/de\/produkt\/schubladengriff-messing-glanzend-kleiner-blumenregen-32x37mm\/\" \/>\n<meta property=\"og:locale\" content=\"de_DE\" \/>\n<meta property=\"og:type\" content=\"article\" \/>\n<meta property=\"og:title\" content=\"Ladegreep Messing glanzend klein &#039;Bloemenregen&#039; 32x37mm\" \/>\n<meta property=\"og:description\" content=\"Ladegreep Messing glanzend klein &#039;Bloemenregen&#039; 32x37mm is een mooie ladegreep met een glanzende messing afwerking. Versierd met een bloemmotief.\" \/>\n<meta property=\"og:url\" content=\"https:\/\/partsandpieces.nl\/de\/produkt\/schubladengriff-messing-glanzend-kleiner-blumenregen-32x37mm\/\" \/>\n<meta property=\"og:site_name\" content=\"Parts &amp; Pieces\" \/>\n<meta property=\"article:modified_time\" content=\"2025-10-06T09:07:57+00:00\" \/>\n<meta property=\"og:image\" content=\"https:\/\/partsandpieces.nl\/wp-content\/uploads\/2020\/07\/Ladegreep-Messing-glanzend-klein-Bloemenregen-32x37mm.jpg\" \/>\n\t<meta property=\"og:image:width\" content=\"421\" \/>\n\t<meta property=\"og:image:height\" content=\"418\" \/>\n\t<meta property=\"og:image:type\" content=\"image\/jpeg\" \/>\n<meta name=\"twitter:card\" content=\"summary_large_image\" \/>\n<meta name=\"twitter:label1\" content=\"Gesch\u00e4tzte Lesezeit\" \/>\n\t<meta name=\"twitter:data1\" content=\"1\u00a0Minute\" \/>\n<script type=\"application\/ld+json\" class=\"yoast-schema-graph\">{\"@context\":\"https:\\\/\\\/schema.org\",\"@graph\":[{\"@type\":\"WebPage\",\"@id\":\"https:\\\/\\\/partsandpieces.nl\\\/product\\\/ladegreep-messing-glanzend-klein-bloemenregen-32x37mm\\\/\",\"url\":\"https:\\\/\\\/partsandpieces.nl\\\/product\\\/ladegreep-messing-glanzend-klein-bloemenregen-32x37mm\\\/\",\"name\":\"Ladegreep Messing glanzend klein 'Bloemenregen' 32x37mm\",\"isPartOf\":{\"@id\":\"https:\\\/\\\/partsandpieces.nl\\\/#website\"},\"primaryImageOfPage\":{\"@id\":\"https:\\\/\\\/partsandpieces.nl\\\/product\\\/ladegreep-messing-glanzend-klein-bloemenregen-32x37mm\\\/#primaryimage\"},\"image\":{\"@id\":\"https:\\\/\\\/partsandpieces.nl\\\/product\\\/ladegreep-messing-glanzend-klein-bloemenregen-32x37mm\\\/#primaryimage\"},\"thumbnailUrl\":\"https:\\\/\\\/partsandpieces.nl\\\/wp-content\\\/uploads\\\/2020\\\/07\\\/Ladegreep-Messing-glanzend-klein-Bloemenregen-32x37mm.jpg\",\"datePublished\":\"2020-07-27T10:58:47+00:00\",\"dateModified\":\"2025-10-06T09:07:57+00:00\",\"description\":\"Ladegreep Messing glanzend klein 'Bloemenregen' 32x37mm is een mooie ladegreep met een glanzende messing afwerking. Versierd met een bloemmotief.\",\"breadcrumb\":{\"@id\":\"https:\\\/\\\/partsandpieces.nl\\\/product\\\/ladegreep-messing-glanzend-klein-bloemenregen-32x37mm\\\/#breadcrumb\"},\"inLanguage\":\"de\",\"potentialAction\":[{\"@type\":\"ReadAction\",\"target\":[\"https:\\\/\\\/partsandpieces.nl\\\/product\\\/ladegreep-messing-glanzend-klein-bloemenregen-32x37mm\\\/\"]}]},{\"@type\":\"ImageObject\",\"inLanguage\":\"de\",\"@id\":\"https:\\\/\\\/partsandpieces.nl\\\/product\\\/ladegreep-messing-glanzend-klein-bloemenregen-32x37mm\\\/#primaryimage\",\"url\":\"https:\\\/\\\/partsandpieces.nl\\\/wp-content\\\/uploads\\\/2020\\\/07\\\/Ladegreep-Messing-glanzend-klein-Bloemenregen-32x37mm.jpg\",\"contentUrl\":\"https:\\\/\\\/partsandpieces.nl\\\/wp-content\\\/uploads\\\/2020\\\/07\\\/Ladegreep-Messing-glanzend-klein-Bloemenregen-32x37mm.jpg\",\"width\":421,\"height\":418,\"caption\":\"Ladegreep Messing glanzend klein 'Bloemenregen' 32x37mm\"},{\"@type\":\"BreadcrumbList\",\"@id\":\"https:\\\/\\\/partsandpieces.nl\\\/product\\\/ladegreep-messing-glanzend-klein-bloemenregen-32x37mm\\\/#breadcrumb\",\"itemListElement\":[{\"@type\":\"ListItem\",\"position\":1,\"name\":\"Home\",\"item\":\"https:\\\/\\\/partsandpieces.nl\\\/home\\\/\"},{\"@type\":\"ListItem\",\"position\":2,\"name\":\"Winkel\",\"item\":\"https:\\\/\\\/partsandpieces.nl\\\/winkel\\\/\"},{\"@type\":\"ListItem\",\"position\":3,\"name\":\"Ladegreep Messing glanzend klein &#8216;Bloemenregen&#8217; 32x37mm\"}]},{\"@type\":\"WebSite\",\"@id\":\"https:\\\/\\\/partsandpieces.nl\\\/#website\",\"url\":\"https:\\\/\\\/partsandpieces.nl\\\/\",\"name\":\"Parts &amp; Pieces\",\"description\":\"Alles voor uw meubelrestauratie en -onderhoud!\",\"potentialAction\":[{\"@type\":\"SearchAction\",\"target\":{\"@type\":\"EntryPoint\",\"urlTemplate\":\"https:\\\/\\\/partsandpieces.nl\\\/?s={search_term_string}\"},\"query-input\":{\"@type\":\"PropertyValueSpecification\",\"valueRequired\":true,\"valueName\":\"search_term_string\"}}],\"inLanguage\":\"de\"}]}<\/script>\n<!-- \/ Yoast SEO plugin. -->","yoast_head_json":{"title":"Schubladengriff Messing gl\u00e4nzend klein &#039;Blumenregen&#039; 32x37mm","description":"Schubladengriff Messing gl\u00e4nzend klein \u201eBlumenregen\u201c 32x37mm ist ein wundersch\u00f6ner Schubladengriff mit gl\u00e4nzendem Messingfinish. Mit Blumenmuster verziert.","robots":{"index":"index","follow":"follow","max-snippet":"max-snippet:-1","max-image-preview":"max-image-preview:large","max-video-preview":"max-video-preview:-1"},"canonical":"https:\/\/partsandpieces.nl\/de\/produkt\/schubladengriff-messing-glanzend-kleiner-blumenregen-32x37mm\/","og_locale":"de_DE","og_type":"article","og_title":"Ladegreep Messing glanzend klein 'Bloemenregen' 32x37mm","og_description":"Ladegreep Messing glanzend klein 'Bloemenregen' 32x37mm is een mooie ladegreep met een glanzende messing afwerking. Versierd met een bloemmotief.","og_url":"https:\/\/partsandpieces.nl\/de\/produkt\/schubladengriff-messing-glanzend-kleiner-blumenregen-32x37mm\/","og_site_name":"Parts &amp; Pieces","article_modified_time":"2025-10-06T09:07:57+00:00","og_image":[{"width":421,"height":418,"url":"https:\/\/partsandpieces.nl\/wp-content\/uploads\/2020\/07\/Ladegreep-Messing-glanzend-klein-Bloemenregen-32x37mm.jpg","type":"image\/jpeg"}],"twitter_card":"summary_large_image","twitter_misc":{"Gesch\u00e4tzte Lesezeit":"1\u00a0Minute"},"schema":{"@context":"https:\/\/schema.org","@graph":[{"@type":"WebPage","@id":"https:\/\/partsandpieces.nl\/product\/ladegreep-messing-glanzend-klein-bloemenregen-32x37mm\/","url":"https:\/\/partsandpieces.nl\/product\/ladegreep-messing-glanzend-klein-bloemenregen-32x37mm\/","name":"Schubladengriff Messing gl\u00e4nzend klein &#039;Blumenregen&#039; 32x37mm","isPartOf":{"@id":"https:\/\/partsandpieces.nl\/#website"},"primaryImageOfPage":{"@id":"https:\/\/partsandpieces.nl\/product\/ladegreep-messing-glanzend-klein-bloemenregen-32x37mm\/#primaryimage"},"image":{"@id":"https:\/\/partsandpieces.nl\/product\/ladegreep-messing-glanzend-klein-bloemenregen-32x37mm\/#primaryimage"},"thumbnailUrl":"https:\/\/partsandpieces.nl\/wp-content\/uploads\/2020\/07\/Ladegreep-Messing-glanzend-klein-Bloemenregen-32x37mm.jpg","datePublished":"2020-07-27T10:58:47+00:00","dateModified":"2025-10-06T09:07:57+00:00","description":"Schubladengriff Messing gl\u00e4nzend klein \u201eBlumenregen\u201c 32x37mm ist ein wundersch\u00f6ner Schubladengriff mit gl\u00e4nzendem Messingfinish. Mit Blumenmuster verziert.","breadcrumb":{"@id":"https:\/\/partsandpieces.nl\/product\/ladegreep-messing-glanzend-klein-bloemenregen-32x37mm\/#breadcrumb"},"inLanguage":"de","potentialAction":[{"@type":"ReadAction","target":["https:\/\/partsandpieces.nl\/product\/ladegreep-messing-glanzend-klein-bloemenregen-32x37mm\/"]}]},{"@type":"ImageObject","inLanguage":"de","@id":"https:\/\/partsandpieces.nl\/product\/ladegreep-messing-glanzend-klein-bloemenregen-32x37mm\/#primaryimage","url":"https:\/\/partsandpieces.nl\/wp-content\/uploads\/2020\/07\/Ladegreep-Messing-glanzend-klein-Bloemenregen-32x37mm.jpg","contentUrl":"https:\/\/partsandpieces.nl\/wp-content\/uploads\/2020\/07\/Ladegreep-Messing-glanzend-klein-Bloemenregen-32x37mm.jpg","width":421,"height":418,"caption":"Ladegreep Messing glanzend klein 'Bloemenregen' 32x37mm"},{"@type":"BreadcrumbList","@id":"https:\/\/partsandpieces.nl\/product\/ladegreep-messing-glanzend-klein-bloemenregen-32x37mm\/#breadcrumb","itemListElement":[{"@type":"ListItem","position":1,"name":"Home","item":"https:\/\/partsandpieces.nl\/home\/"},{"@type":"ListItem","position":2,"name":"Winkel","item":"https:\/\/partsandpieces.nl\/winkel\/"},{"@type":"ListItem","position":3,"name":"Ladegreep Messing glanzend klein &#8216;Bloemenregen&#8217; 32x37mm"}]},{"@type":"WebSite","@id":"https:\/\/partsandpieces.nl\/#website","url":"https:\/\/partsandpieces.nl\/","name":"Teile &amp; St\u00fccke","description":"Alles f\u00fcr Ihre M\u00f6belrestaurierung und -pflege!","potentialAction":[{"@type":"SearchAction","target":{"@type":"EntryPoint","urlTemplate":"https:\/\/partsandpieces.nl\/?s={search_term_string}"},"query-input":{"@type":"PropertyValueSpecification","valueRequired":true,"valueName":"search_term_string"}}],"inLanguage":"de"}]}},"_links":{"self":[{"href":"https:\/\/partsandpieces.nl\/de\/wp-json\/wp\/v2\/product\/978","targetHints":{"allow":["GET"]}}],"collection":[{"href":"https:\/\/partsandpieces.nl\/de\/wp-json\/wp\/v2\/product"}],"about":[{"href":"https:\/\/partsandpieces.nl\/de\/wp-json\/wp\/v2\/types\/product"}],"wp:featuredmedia":[{"embeddable":true,"href":"https:\/\/partsandpieces.nl\/de\/wp-json\/wp\/v2\/media\/7879"}],"wp:attachment":[{"href":"https:\/\/partsandpieces.nl\/de\/wp-json\/wp\/v2\/media?parent=978"}],"wp:term":[{"taxonomy":"product_brand","embeddable":true,"href":"https:\/\/partsandpieces.nl\/de\/wp-json\/wp\/v2\/product_brand?post=978"},{"taxonomy":"product_cat","embeddable":true,"href":"https:\/\/partsandpieces.nl\/de\/wp-json\/wp\/v2\/product_cat?post=978"},{"taxonomy":"product_tag","embeddable":true,"href":"https:\/\/partsandpieces.nl\/de\/wp-json\/wp\/v2\/product_tag?post=978"}],"curies":[{"name":"wp","href":"https:\/\/api.w.org\/{rel}","templated":true}]}}