{"id":982,"date":"2020-07-28T08:11:25","date_gmt":"2020-07-28T08:11:25","guid":{"rendered":"https:\/\/partsandpieces.bonsaidev.nl\/?product=ladetrekker-nikkelring-54x26-mm"},"modified":"2026-01-10T20:13:29","modified_gmt":"2026-01-10T19:13:29","slug":"ringgriff-glanzend-antiksilber-diamantiert-klein-54mm","status":"publish","type":"product","link":"https:\/\/partsandpieces.nl\/de\/product\/ringgreep-glanzend-antiek-zilver-ruit-klein-54mm\/","title":{"rendered":"Ringgriff antiksilber gl\u00e4nzend Raute Klein 54mm"},"content":{"rendered":"<p><strong>Ringgriff antiksilber gl\u00e4nzend Raute Klein 54mm<\/strong> ist ein kleiner Ringgriff in Form eines ovalen Rings mit einer rautenf\u00f6rmigen R\u00fcckplatte. Der Ring ist mit einer gro\u00dfen Kugel an der R\u00fcckplatte befestigt. Der Griff besteht aus Zamak* mit antikem Silberfinish. Dieser Ringgriff passt gut zu Ihrem klassischen M\u00f6belst\u00fcck.<\/p>\n<p>Dieser hochwertige Ringgriff wird in Italien hergestellt.<\/p>\n<p><strong>Ma\u00dfe<br \/>\n<\/strong>Der Ringgriff gl\u00e4nzend antiksilber diamantiert klein 54 mm hat eine R\u00fcckplatte mit einer Breite von 54 mm und einer H\u00f6he von 27 mm. Nach der Installation steht dieser Ringgriff 13 mm hervor. Der Zugring hat eine Breite von 43 mm.<\/p>\n<p><strong>Bearbeiten<br \/>\n<\/strong>Sie k\u00f6nnen den Taster mit blind montieren\u00a0<span style=\"text-decoration: underline;\"><a href=\"https:\/\/partsandpieces.nl\/de\/produkt\/schraube-edelstahl-fur-blindmontageknopf-20x4mm-20-stuck\/\">Edelstahlschraube f\u00fcr Blindbefestigungsknopf (20x4mm)<\/a><\/span>. Ich schicke diese Schraube\u00a0<strong>FREI<\/strong>\u00a0mit Ihrer Bestellung. HINWEIS: Die dekorativen Schrauben f\u00fcr beide Seiten sind nicht im Lieferumfang enthalten.<\/p>\n<p>* Zamak ist eine Legierung mit Zink als Hauptbestandteil. Es hat einen relativ niedrigen Schmelzpunkt und ist leicht zu gie\u00dfen. Der Name ist ein Akronym, abgeleitet von den Anfangsbuchstaben der deutschen Bezeichnungen f\u00fcr die Metalle, aus denen sich der Werkstoff zusammensetzt: Zink, Aluminium, MAGnesium, Kupfer. Zamak wird in der Auto- und M\u00f6belindustrie f\u00fcr T\u00fcrgriffe, Griffe, Logos und Zierleisten verwendet. Es wird auch h\u00e4ufig als Ersatz f\u00fcr das giftige Blei verwendet.<\/p>","protected":false},"excerpt":{"rendered":"<p>Ringgreep glanzend antiek zilver ruit Klein 54mm is een kleine ringgreep in de vorm van een ovale ring met een ruitvormige achterplaat. De ring is met een grote bol bevestigd aan de achterplaat. De greep is gemaakt van zamak* met een antieke zilveren finish. Deze ringgreep past goed op je klassieke meubelstuk. Deze kwalitatief uitstekende [&hellip;]<\/p>\n","protected":false},"featured_media":5679,"template":"","meta":{"_acf_changed":false},"product_brand":[],"product_cat":[41,23,44],"product_tag":[],"class_list":{"0":"post-982","1":"product","2":"type-product","3":"status-publish","4":"has-post-thumbnail","6":"product_cat-ladetrekkers","7":"product_cat-meubelbeslag","8":"product_cat-ringbeslag","10":"first","11":"instock","12":"taxable","13":"shipping-taxable","14":"purchasable","15":"product-type-simple"},"acf":[],"yoast_head":"<!-- This site is optimized with the Yoast SEO plugin v27.3 - https:\/\/yoast.com\/product\/yoast-seo-wordpress\/ -->\n<title>Ringgreep antiek zilver Klein<\/title>\n<meta name=\"description\" content=\"Ringgreep glanzend antiek zilver ruit Klein 54mm is een kleine ringgreep in de vorm van een ovale ring met een ruitvormige achterplaat.\" \/>\n<meta name=\"robots\" content=\"index, follow, max-snippet:-1, max-image-preview:large, max-video-preview:-1\" \/>\n<link rel=\"canonical\" href=\"https:\/\/partsandpieces.nl\/de\/produkt\/ringgriff-glanzend-antiksilber-diamantiert-klein-54mm\/\" \/>\n<meta property=\"og:locale\" content=\"de_DE\" \/>\n<meta property=\"og:type\" content=\"article\" \/>\n<meta property=\"og:title\" content=\"Ringgreep antiek zilver Klein\" \/>\n<meta property=\"og:description\" content=\"Ringgreep glanzend antiek zilver ruit Klein 54mm is een kleine ringgreep in de vorm van een ovale ring met een ruitvormige achterplaat.\" \/>\n<meta property=\"og:url\" content=\"https:\/\/partsandpieces.nl\/de\/produkt\/ringgriff-glanzend-antiksilber-diamantiert-klein-54mm\/\" \/>\n<meta property=\"og:site_name\" content=\"Parts &amp; Pieces\" \/>\n<meta property=\"article:modified_time\" content=\"2026-01-10T19:13:29+00:00\" \/>\n<meta property=\"og:image\" content=\"https:\/\/partsandpieces.nl\/wp-content\/uploads\/2020\/07\/Ringgreep-glanzend-antiek-zilver-ruit-Klein-54mm.jpg\" \/>\n\t<meta property=\"og:image:width\" content=\"385\" \/>\n\t<meta property=\"og:image:height\" content=\"384\" \/>\n\t<meta property=\"og:image:type\" content=\"image\/jpeg\" \/>\n<meta name=\"twitter:card\" content=\"summary_large_image\" \/>\n<meta name=\"twitter:label1\" content=\"Gesch\u00e4tzte Lesezeit\" \/>\n\t<meta name=\"twitter:data1\" content=\"1\u00a0Minute\" \/>\n<script type=\"application\/ld+json\" class=\"yoast-schema-graph\">{\"@context\":\"https:\\\/\\\/schema.org\",\"@graph\":[{\"@type\":\"WebPage\",\"@id\":\"https:\\\/\\\/partsandpieces.nl\\\/product\\\/ringgreep-glanzend-antiek-zilver-ruit-klein-54mm\\\/\",\"url\":\"https:\\\/\\\/partsandpieces.nl\\\/product\\\/ringgreep-glanzend-antiek-zilver-ruit-klein-54mm\\\/\",\"name\":\"Ringgreep antiek zilver Klein\",\"isPartOf\":{\"@id\":\"https:\\\/\\\/partsandpieces.nl\\\/#website\"},\"primaryImageOfPage\":{\"@id\":\"https:\\\/\\\/partsandpieces.nl\\\/product\\\/ringgreep-glanzend-antiek-zilver-ruit-klein-54mm\\\/#primaryimage\"},\"image\":{\"@id\":\"https:\\\/\\\/partsandpieces.nl\\\/product\\\/ringgreep-glanzend-antiek-zilver-ruit-klein-54mm\\\/#primaryimage\"},\"thumbnailUrl\":\"https:\\\/\\\/partsandpieces.nl\\\/wp-content\\\/uploads\\\/2020\\\/07\\\/Ringgreep-glanzend-antiek-zilver-ruit-Klein-54mm.jpg\",\"datePublished\":\"2020-07-28T08:11:25+00:00\",\"dateModified\":\"2026-01-10T19:13:29+00:00\",\"description\":\"Ringgreep glanzend antiek zilver ruit Klein 54mm is een kleine ringgreep in de vorm van een ovale ring met een ruitvormige achterplaat.\",\"breadcrumb\":{\"@id\":\"https:\\\/\\\/partsandpieces.nl\\\/product\\\/ringgreep-glanzend-antiek-zilver-ruit-klein-54mm\\\/#breadcrumb\"},\"inLanguage\":\"de\",\"potentialAction\":[{\"@type\":\"ReadAction\",\"target\":[\"https:\\\/\\\/partsandpieces.nl\\\/product\\\/ringgreep-glanzend-antiek-zilver-ruit-klein-54mm\\\/\"]}]},{\"@type\":\"ImageObject\",\"inLanguage\":\"de\",\"@id\":\"https:\\\/\\\/partsandpieces.nl\\\/product\\\/ringgreep-glanzend-antiek-zilver-ruit-klein-54mm\\\/#primaryimage\",\"url\":\"https:\\\/\\\/partsandpieces.nl\\\/wp-content\\\/uploads\\\/2020\\\/07\\\/Ringgreep-glanzend-antiek-zilver-ruit-Klein-54mm.jpg\",\"contentUrl\":\"https:\\\/\\\/partsandpieces.nl\\\/wp-content\\\/uploads\\\/2020\\\/07\\\/Ringgreep-glanzend-antiek-zilver-ruit-Klein-54mm.jpg\",\"width\":385,\"height\":384,\"caption\":\"Ringgreep glanzend antiek zilver ruit Klein 54mm\"},{\"@type\":\"BreadcrumbList\",\"@id\":\"https:\\\/\\\/partsandpieces.nl\\\/product\\\/ringgreep-glanzend-antiek-zilver-ruit-klein-54mm\\\/#breadcrumb\",\"itemListElement\":[{\"@type\":\"ListItem\",\"position\":1,\"name\":\"Home\",\"item\":\"https:\\\/\\\/partsandpieces.nl\\\/home\\\/\"},{\"@type\":\"ListItem\",\"position\":2,\"name\":\"Winkel\",\"item\":\"https:\\\/\\\/partsandpieces.nl\\\/winkel\\\/\"},{\"@type\":\"ListItem\",\"position\":3,\"name\":\"Ringgreep glanzend antiek zilver ruit Klein 54mm\"}]},{\"@type\":\"WebSite\",\"@id\":\"https:\\\/\\\/partsandpieces.nl\\\/#website\",\"url\":\"https:\\\/\\\/partsandpieces.nl\\\/\",\"name\":\"Parts &amp; Pieces\",\"description\":\"Alles voor uw meubelrestauratie en -onderhoud!\",\"potentialAction\":[{\"@type\":\"SearchAction\",\"target\":{\"@type\":\"EntryPoint\",\"urlTemplate\":\"https:\\\/\\\/partsandpieces.nl\\\/?s={search_term_string}\"},\"query-input\":{\"@type\":\"PropertyValueSpecification\",\"valueRequired\":true,\"valueName\":\"search_term_string\"}}],\"inLanguage\":\"de\"}]}<\/script>\n<!-- \/ Yoast SEO plugin. -->","yoast_head_json":{"title":"Ringgriff antiksilber klein","description":"Ringgriff gl\u00e4nzend antiksilber diamantiert klein 54 mm ist ein kleiner Ringgriff in Form eines ovalen Rings mit einer rautenf\u00f6rmigen R\u00fcckplatte.","robots":{"index":"index","follow":"follow","max-snippet":"max-snippet:-1","max-image-preview":"max-image-preview:large","max-video-preview":"max-video-preview:-1"},"canonical":"https:\/\/partsandpieces.nl\/de\/produkt\/ringgriff-glanzend-antiksilber-diamantiert-klein-54mm\/","og_locale":"de_DE","og_type":"article","og_title":"Ringgreep antiek zilver Klein","og_description":"Ringgreep glanzend antiek zilver ruit Klein 54mm is een kleine ringgreep in de vorm van een ovale ring met een ruitvormige achterplaat.","og_url":"https:\/\/partsandpieces.nl\/de\/produkt\/ringgriff-glanzend-antiksilber-diamantiert-klein-54mm\/","og_site_name":"Parts &amp; Pieces","article_modified_time":"2026-01-10T19:13:29+00:00","og_image":[{"width":385,"height":384,"url":"https:\/\/partsandpieces.nl\/wp-content\/uploads\/2020\/07\/Ringgreep-glanzend-antiek-zilver-ruit-Klein-54mm.jpg","type":"image\/jpeg"}],"twitter_card":"summary_large_image","twitter_misc":{"Gesch\u00e4tzte Lesezeit":"1\u00a0Minute"},"schema":{"@context":"https:\/\/schema.org","@graph":[{"@type":"WebPage","@id":"https:\/\/partsandpieces.nl\/product\/ringgreep-glanzend-antiek-zilver-ruit-klein-54mm\/","url":"https:\/\/partsandpieces.nl\/product\/ringgreep-glanzend-antiek-zilver-ruit-klein-54mm\/","name":"Ringgriff antiksilber klein","isPartOf":{"@id":"https:\/\/partsandpieces.nl\/#website"},"primaryImageOfPage":{"@id":"https:\/\/partsandpieces.nl\/product\/ringgreep-glanzend-antiek-zilver-ruit-klein-54mm\/#primaryimage"},"image":{"@id":"https:\/\/partsandpieces.nl\/product\/ringgreep-glanzend-antiek-zilver-ruit-klein-54mm\/#primaryimage"},"thumbnailUrl":"https:\/\/partsandpieces.nl\/wp-content\/uploads\/2020\/07\/Ringgreep-glanzend-antiek-zilver-ruit-Klein-54mm.jpg","datePublished":"2020-07-28T08:11:25+00:00","dateModified":"2026-01-10T19:13:29+00:00","description":"Ringgriff gl\u00e4nzend antiksilber diamantiert klein 54 mm ist ein kleiner Ringgriff in Form eines ovalen Rings mit einer rautenf\u00f6rmigen R\u00fcckplatte.","breadcrumb":{"@id":"https:\/\/partsandpieces.nl\/product\/ringgreep-glanzend-antiek-zilver-ruit-klein-54mm\/#breadcrumb"},"inLanguage":"de","potentialAction":[{"@type":"ReadAction","target":["https:\/\/partsandpieces.nl\/product\/ringgreep-glanzend-antiek-zilver-ruit-klein-54mm\/"]}]},{"@type":"ImageObject","inLanguage":"de","@id":"https:\/\/partsandpieces.nl\/product\/ringgreep-glanzend-antiek-zilver-ruit-klein-54mm\/#primaryimage","url":"https:\/\/partsandpieces.nl\/wp-content\/uploads\/2020\/07\/Ringgreep-glanzend-antiek-zilver-ruit-Klein-54mm.jpg","contentUrl":"https:\/\/partsandpieces.nl\/wp-content\/uploads\/2020\/07\/Ringgreep-glanzend-antiek-zilver-ruit-Klein-54mm.jpg","width":385,"height":384,"caption":"Ringgreep glanzend antiek zilver ruit Klein 54mm"},{"@type":"BreadcrumbList","@id":"https:\/\/partsandpieces.nl\/product\/ringgreep-glanzend-antiek-zilver-ruit-klein-54mm\/#breadcrumb","itemListElement":[{"@type":"ListItem","position":1,"name":"Home","item":"https:\/\/partsandpieces.nl\/home\/"},{"@type":"ListItem","position":2,"name":"Winkel","item":"https:\/\/partsandpieces.nl\/winkel\/"},{"@type":"ListItem","position":3,"name":"Ringgreep glanzend antiek zilver ruit Klein 54mm"}]},{"@type":"WebSite","@id":"https:\/\/partsandpieces.nl\/#website","url":"https:\/\/partsandpieces.nl\/","name":"Teile &amp; St\u00fccke","description":"Alles f\u00fcr Ihre M\u00f6belrestaurierung und -pflege!","potentialAction":[{"@type":"SearchAction","target":{"@type":"EntryPoint","urlTemplate":"https:\/\/partsandpieces.nl\/?s={search_term_string}"},"query-input":{"@type":"PropertyValueSpecification","valueRequired":true,"valueName":"search_term_string"}}],"inLanguage":"de"}]}},"_links":{"self":[{"href":"https:\/\/partsandpieces.nl\/de\/wp-json\/wp\/v2\/product\/982","targetHints":{"allow":["GET"]}}],"collection":[{"href":"https:\/\/partsandpieces.nl\/de\/wp-json\/wp\/v2\/product"}],"about":[{"href":"https:\/\/partsandpieces.nl\/de\/wp-json\/wp\/v2\/types\/product"}],"wp:featuredmedia":[{"embeddable":true,"href":"https:\/\/partsandpieces.nl\/de\/wp-json\/wp\/v2\/media\/5679"}],"wp:attachment":[{"href":"https:\/\/partsandpieces.nl\/de\/wp-json\/wp\/v2\/media?parent=982"}],"wp:term":[{"taxonomy":"product_brand","embeddable":true,"href":"https:\/\/partsandpieces.nl\/de\/wp-json\/wp\/v2\/product_brand?post=982"},{"taxonomy":"product_cat","embeddable":true,"href":"https:\/\/partsandpieces.nl\/de\/wp-json\/wp\/v2\/product_cat?post=982"},{"taxonomy":"product_tag","embeddable":true,"href":"https:\/\/partsandpieces.nl\/de\/wp-json\/wp\/v2\/product_tag?post=982"}],"curies":[{"name":"wp","href":"https:\/\/api.w.org\/{rel}","templated":true}]}}