{"id":996,"date":"2020-07-28T08:25:21","date_gmt":"2020-07-28T08:25:21","guid":{"rendered":"https:\/\/partsandpieces.bonsaidev.nl\/?product=ladetrekker-antique-101x34mm"},"modified":"2026-02-01T12:41:11","modified_gmt":"2026-02-01T11:41:11","slug":"schubladengriff-bronze-antik-horizontal-mit-schlusselloch-100mm","status":"publish","type":"product","link":"https:\/\/partsandpieces.nl\/de\/product\/ladegreep-brons-antiek-horizontaal-met-sleutelgat-100mm\/","title":{"rendered":"Schubladengriff Bronze antik horizontal mit Schl\u00fcsselloch 100mm"},"content":{"rendered":"<p><strong>Schubladengriff Bronze antik horizontal mit Schl\u00fcsselloch 100mm<\/strong> ist ein wundersch\u00f6ner, handgefertigter Schubladengriff f\u00fcr M\u00f6belschubladen. Der Schubladengriff hat ein antikes Bronze-Finish.<\/p>\n<p><strong>Ma\u00dfe<br \/>\n<\/strong>Schubladengriff Messing Bronze antik gl\u00e4nzend horizontal mit Schl\u00fcsselloch 100 mm hat eine Breite von 100 mm und eine H\u00f6he von 34 mm. Das Schl\u00fcsselloch ist 16 mm hoch.<\/p>\n<p><strong>Bearbeiten<br \/>\n<\/strong>Sie k\u00f6nnen den Griff mit montieren <span style=\"text-decoration: underline;\"><a href=\"https:\/\/partsandpieces.nl\/de\/produkt\/schrauben-mit-rundkopf-antikbronze-mit-schlitz-2-x-14-mm\/\">Schraube Rundkopf Antik Bronze mit Schlitz (2x14mm)<\/a><\/span>. Ich schicke diese Schraube <strong>FREI<\/strong> mit Ihrer Bestellung.<\/p>","protected":false},"excerpt":{"rendered":"<p>Ladegreep Brons antiek horizontaal met sleutelgat 100mm is een mooie, bewerkte ladegreep voor meubellades. De ladegreep heeft een brons antieke afwerking. Afmetingen Ladegreep Messing Brons antiek glanzend horizontaal met sleutelgat 100mm heeft een breedte van 100mm en een hoogte van 34mm. Het sleutelgat is 16mm hoog. Montage Je kunt de greep\u00a0monteren met Schroef Bolkop Antiek [&hellip;]<\/p>\n","protected":false},"featured_media":7801,"template":"","meta":{"_acf_changed":false},"product_brand":[],"product_cat":[41,23,48],"product_tag":[],"class_list":{"0":"post-996","1":"product","2":"type-product","3":"status-publish","4":"has-post-thumbnail","6":"product_cat-ladetrekkers","7":"product_cat-meubelbeslag","8":"product_cat-sleutelplaten","10":"first","11":"instock","12":"taxable","13":"shipping-taxable","14":"purchasable","15":"product-type-simple"},"acf":[],"yoast_head":"<!-- This site is optimized with the Yoast SEO plugin v27.3 - https:\/\/yoast.com\/product\/yoast-seo-wordpress\/ -->\n<title>Ladegreep Brons antiek met sleutelgat 100mm horizontaal<\/title>\n<meta name=\"description\" content=\"Ladegreep Brons antiek horizontaal met sleutelgat 100mm is een mooie, bewerkte ladegreep voor meubellades. De ladegreep heeft een brons antieke afwerking.\" \/>\n<meta name=\"robots\" content=\"index, follow, max-snippet:-1, max-image-preview:large, max-video-preview:-1\" \/>\n<link rel=\"canonical\" href=\"https:\/\/partsandpieces.nl\/de\/produkt\/schubladengriff-bronze-antik-horizontal-mit-schlusselloch-100mm\/\" \/>\n<meta property=\"og:locale\" content=\"de_DE\" \/>\n<meta property=\"og:type\" content=\"article\" \/>\n<meta property=\"og:title\" content=\"Ladegreep Brons antiek met sleutelgat 100mm horizontaal\" \/>\n<meta property=\"og:description\" content=\"Ladegreep Brons antiek horizontaal met sleutelgat 100mm is een mooie, bewerkte ladegreep voor meubellades. De ladegreep heeft een brons antieke afwerking.\" \/>\n<meta property=\"og:url\" content=\"https:\/\/partsandpieces.nl\/de\/produkt\/schubladengriff-bronze-antik-horizontal-mit-schlusselloch-100mm\/\" \/>\n<meta property=\"og:site_name\" content=\"Parts &amp; Pieces\" \/>\n<meta property=\"article:modified_time\" content=\"2026-02-01T11:41:11+00:00\" \/>\n<meta property=\"og:image\" content=\"https:\/\/partsandpieces.nl\/wp-content\/uploads\/2020\/07\/Ladegreep-Brons-antiek-horizontaal-met-sleutelgat-100mm.jpg\" \/>\n\t<meta property=\"og:image:width\" content=\"416\" \/>\n\t<meta property=\"og:image:height\" content=\"415\" \/>\n\t<meta property=\"og:image:type\" content=\"image\/jpeg\" \/>\n<meta name=\"twitter:card\" content=\"summary_large_image\" \/>\n<meta name=\"twitter:label1\" content=\"Gesch\u00e4tzte Lesezeit\" \/>\n\t<meta name=\"twitter:data1\" content=\"1\u00a0Minute\" \/>\n<script type=\"application\/ld+json\" class=\"yoast-schema-graph\">{\"@context\":\"https:\\\/\\\/schema.org\",\"@graph\":[{\"@type\":\"WebPage\",\"@id\":\"https:\\\/\\\/partsandpieces.nl\\\/product\\\/ladegreep-brons-antiek-horizontaal-met-sleutelgat-100mm\\\/\",\"url\":\"https:\\\/\\\/partsandpieces.nl\\\/product\\\/ladegreep-brons-antiek-horizontaal-met-sleutelgat-100mm\\\/\",\"name\":\"Ladegreep Brons antiek met sleutelgat 100mm horizontaal\",\"isPartOf\":{\"@id\":\"https:\\\/\\\/partsandpieces.nl\\\/#website\"},\"primaryImageOfPage\":{\"@id\":\"https:\\\/\\\/partsandpieces.nl\\\/product\\\/ladegreep-brons-antiek-horizontaal-met-sleutelgat-100mm\\\/#primaryimage\"},\"image\":{\"@id\":\"https:\\\/\\\/partsandpieces.nl\\\/product\\\/ladegreep-brons-antiek-horizontaal-met-sleutelgat-100mm\\\/#primaryimage\"},\"thumbnailUrl\":\"https:\\\/\\\/partsandpieces.nl\\\/wp-content\\\/uploads\\\/2020\\\/07\\\/Ladegreep-Brons-antiek-horizontaal-met-sleutelgat-100mm.jpg\",\"datePublished\":\"2020-07-28T08:25:21+00:00\",\"dateModified\":\"2026-02-01T11:41:11+00:00\",\"description\":\"Ladegreep Brons antiek horizontaal met sleutelgat 100mm is een mooie, bewerkte ladegreep voor meubellades. De ladegreep heeft een brons antieke afwerking.\",\"breadcrumb\":{\"@id\":\"https:\\\/\\\/partsandpieces.nl\\\/product\\\/ladegreep-brons-antiek-horizontaal-met-sleutelgat-100mm\\\/#breadcrumb\"},\"inLanguage\":\"de\",\"potentialAction\":[{\"@type\":\"ReadAction\",\"target\":[\"https:\\\/\\\/partsandpieces.nl\\\/product\\\/ladegreep-brons-antiek-horizontaal-met-sleutelgat-100mm\\\/\"]}]},{\"@type\":\"ImageObject\",\"inLanguage\":\"de\",\"@id\":\"https:\\\/\\\/partsandpieces.nl\\\/product\\\/ladegreep-brons-antiek-horizontaal-met-sleutelgat-100mm\\\/#primaryimage\",\"url\":\"https:\\\/\\\/partsandpieces.nl\\\/wp-content\\\/uploads\\\/2020\\\/07\\\/Ladegreep-Brons-antiek-horizontaal-met-sleutelgat-100mm.jpg\",\"contentUrl\":\"https:\\\/\\\/partsandpieces.nl\\\/wp-content\\\/uploads\\\/2020\\\/07\\\/Ladegreep-Brons-antiek-horizontaal-met-sleutelgat-100mm.jpg\",\"width\":416,\"height\":415,\"caption\":\"Ladegreep Brons antiek horizontaal met sleutelgat 100mm\"},{\"@type\":\"BreadcrumbList\",\"@id\":\"https:\\\/\\\/partsandpieces.nl\\\/product\\\/ladegreep-brons-antiek-horizontaal-met-sleutelgat-100mm\\\/#breadcrumb\",\"itemListElement\":[{\"@type\":\"ListItem\",\"position\":1,\"name\":\"Home\",\"item\":\"https:\\\/\\\/partsandpieces.nl\\\/home\\\/\"},{\"@type\":\"ListItem\",\"position\":2,\"name\":\"Winkel\",\"item\":\"https:\\\/\\\/partsandpieces.nl\\\/winkel\\\/\"},{\"@type\":\"ListItem\",\"position\":3,\"name\":\"Ladegreep Brons antiek horizontaal met sleutelgat 100mm\"}]},{\"@type\":\"WebSite\",\"@id\":\"https:\\\/\\\/partsandpieces.nl\\\/#website\",\"url\":\"https:\\\/\\\/partsandpieces.nl\\\/\",\"name\":\"Parts &amp; Pieces\",\"description\":\"Alles voor uw meubelrestauratie en -onderhoud!\",\"potentialAction\":[{\"@type\":\"SearchAction\",\"target\":{\"@type\":\"EntryPoint\",\"urlTemplate\":\"https:\\\/\\\/partsandpieces.nl\\\/?s={search_term_string}\"},\"query-input\":{\"@type\":\"PropertyValueSpecification\",\"valueRequired\":true,\"valueName\":\"search_term_string\"}}],\"inLanguage\":\"de\"}]}<\/script>\n<!-- \/ Yoast SEO plugin. -->","yoast_head_json":{"title":"Schubladengriff Bronze antik mit Schl\u00fcsselloch 100mm horizontal","description":"Schubladengriff Bronze antik horizontal mit Schl\u00fcsselloch 100 mm ist ein wundersch\u00f6ner, verzierter Schubladengriff f\u00fcr M\u00f6belschubladen. Der Schubladengriff hat ein antikes Bronze-Finish.","robots":{"index":"index","follow":"follow","max-snippet":"max-snippet:-1","max-image-preview":"max-image-preview:large","max-video-preview":"max-video-preview:-1"},"canonical":"https:\/\/partsandpieces.nl\/de\/produkt\/schubladengriff-bronze-antik-horizontal-mit-schlusselloch-100mm\/","og_locale":"de_DE","og_type":"article","og_title":"Ladegreep Brons antiek met sleutelgat 100mm horizontaal","og_description":"Ladegreep Brons antiek horizontaal met sleutelgat 100mm is een mooie, bewerkte ladegreep voor meubellades. De ladegreep heeft een brons antieke afwerking.","og_url":"https:\/\/partsandpieces.nl\/de\/produkt\/schubladengriff-bronze-antik-horizontal-mit-schlusselloch-100mm\/","og_site_name":"Parts &amp; Pieces","article_modified_time":"2026-02-01T11:41:11+00:00","og_image":[{"width":416,"height":415,"url":"https:\/\/partsandpieces.nl\/wp-content\/uploads\/2020\/07\/Ladegreep-Brons-antiek-horizontaal-met-sleutelgat-100mm.jpg","type":"image\/jpeg"}],"twitter_card":"summary_large_image","twitter_misc":{"Gesch\u00e4tzte Lesezeit":"1\u00a0Minute"},"schema":{"@context":"https:\/\/schema.org","@graph":[{"@type":"WebPage","@id":"https:\/\/partsandpieces.nl\/product\/ladegreep-brons-antiek-horizontaal-met-sleutelgat-100mm\/","url":"https:\/\/partsandpieces.nl\/product\/ladegreep-brons-antiek-horizontaal-met-sleutelgat-100mm\/","name":"Schubladengriff Bronze antik mit Schl\u00fcsselloch 100mm horizontal","isPartOf":{"@id":"https:\/\/partsandpieces.nl\/#website"},"primaryImageOfPage":{"@id":"https:\/\/partsandpieces.nl\/product\/ladegreep-brons-antiek-horizontaal-met-sleutelgat-100mm\/#primaryimage"},"image":{"@id":"https:\/\/partsandpieces.nl\/product\/ladegreep-brons-antiek-horizontaal-met-sleutelgat-100mm\/#primaryimage"},"thumbnailUrl":"https:\/\/partsandpieces.nl\/wp-content\/uploads\/2020\/07\/Ladegreep-Brons-antiek-horizontaal-met-sleutelgat-100mm.jpg","datePublished":"2020-07-28T08:25:21+00:00","dateModified":"2026-02-01T11:41:11+00:00","description":"Schubladengriff Bronze antik horizontal mit Schl\u00fcsselloch 100 mm ist ein wundersch\u00f6ner, verzierter Schubladengriff f\u00fcr M\u00f6belschubladen. Der Schubladengriff hat ein antikes Bronze-Finish.","breadcrumb":{"@id":"https:\/\/partsandpieces.nl\/product\/ladegreep-brons-antiek-horizontaal-met-sleutelgat-100mm\/#breadcrumb"},"inLanguage":"de","potentialAction":[{"@type":"ReadAction","target":["https:\/\/partsandpieces.nl\/product\/ladegreep-brons-antiek-horizontaal-met-sleutelgat-100mm\/"]}]},{"@type":"ImageObject","inLanguage":"de","@id":"https:\/\/partsandpieces.nl\/product\/ladegreep-brons-antiek-horizontaal-met-sleutelgat-100mm\/#primaryimage","url":"https:\/\/partsandpieces.nl\/wp-content\/uploads\/2020\/07\/Ladegreep-Brons-antiek-horizontaal-met-sleutelgat-100mm.jpg","contentUrl":"https:\/\/partsandpieces.nl\/wp-content\/uploads\/2020\/07\/Ladegreep-Brons-antiek-horizontaal-met-sleutelgat-100mm.jpg","width":416,"height":415,"caption":"Ladegreep Brons antiek horizontaal met sleutelgat 100mm"},{"@type":"BreadcrumbList","@id":"https:\/\/partsandpieces.nl\/product\/ladegreep-brons-antiek-horizontaal-met-sleutelgat-100mm\/#breadcrumb","itemListElement":[{"@type":"ListItem","position":1,"name":"Home","item":"https:\/\/partsandpieces.nl\/home\/"},{"@type":"ListItem","position":2,"name":"Winkel","item":"https:\/\/partsandpieces.nl\/winkel\/"},{"@type":"ListItem","position":3,"name":"Ladegreep Brons antiek horizontaal met sleutelgat 100mm"}]},{"@type":"WebSite","@id":"https:\/\/partsandpieces.nl\/#website","url":"https:\/\/partsandpieces.nl\/","name":"Teile &amp; St\u00fccke","description":"Alles f\u00fcr Ihre M\u00f6belrestaurierung und -pflege!","potentialAction":[{"@type":"SearchAction","target":{"@type":"EntryPoint","urlTemplate":"https:\/\/partsandpieces.nl\/?s={search_term_string}"},"query-input":{"@type":"PropertyValueSpecification","valueRequired":true,"valueName":"search_term_string"}}],"inLanguage":"de"}]}},"_links":{"self":[{"href":"https:\/\/partsandpieces.nl\/de\/wp-json\/wp\/v2\/product\/996","targetHints":{"allow":["GET"]}}],"collection":[{"href":"https:\/\/partsandpieces.nl\/de\/wp-json\/wp\/v2\/product"}],"about":[{"href":"https:\/\/partsandpieces.nl\/de\/wp-json\/wp\/v2\/types\/product"}],"wp:featuredmedia":[{"embeddable":true,"href":"https:\/\/partsandpieces.nl\/de\/wp-json\/wp\/v2\/media\/7801"}],"wp:attachment":[{"href":"https:\/\/partsandpieces.nl\/de\/wp-json\/wp\/v2\/media?parent=996"}],"wp:term":[{"taxonomy":"product_brand","embeddable":true,"href":"https:\/\/partsandpieces.nl\/de\/wp-json\/wp\/v2\/product_brand?post=996"},{"taxonomy":"product_cat","embeddable":true,"href":"https:\/\/partsandpieces.nl\/de\/wp-json\/wp\/v2\/product_cat?post=996"},{"taxonomy":"product_tag","embeddable":true,"href":"https:\/\/partsandpieces.nl\/de\/wp-json\/wp\/v2\/product_tag?post=996"}],"curies":[{"name":"wp","href":"https:\/\/api.w.org\/{rel}","templated":true}]}}