{"id":2861,"date":"2022-06-10T12:00:51","date_gmt":"2022-06-10T12:00:51","guid":{"rendered":"https:\/\/partsandpieces.bonsaidev.nl\/?product=borma-wachs-deense-olie-terras-olie-kleurloos-1-liter"},"modified":"2026-04-02T13:31:48","modified_gmt":"2026-04-02T11:31:48","slug":"borma-wachs-danish-oil-terrace-oil-colorless","status":"publish","type":"product","link":"https:\/\/partsandpieces.nl\/en\/product\/borma-wachs-deense-olie-terras-olie-kleurloos\/","title":{"rendered":"Borma Wachs Danish oil \/ Terrace oil Colorless"},"content":{"rendered":"<p><b>Borma Wachs Danish oil \/ Terrace oil<\/b> Colorless of <a href=\"http:\/\/www.bormawachs.com\">Borma Wachs<\/a> is formulated on the basis of fortified, natural oils, with a high penetration coefficient. It penetrates deep into the wood due to its low viscosity. Thanks to its high solids content, it provides efficient protection and breathability without flaking and with a natural satin effect. Enriched with UV filters and antiseptic additives, Borma Wachs Danish oil \/ Terrace oil has an extremely easy application. Even if it is colored. Sanding is not necessary.<\/p>\n<p>\u2013 penetrates deep into the wood<br \/>\n\u2013 with UV filters<br \/>\n\u2013 very easy to apply<\/p>\n<p>&nbsp;<\/p>\n<p><b>Instructions<\/b><br \/>\n\u2013 Apply the Danish oil \/ terrace oil colorless to a clean, degreased and well-sanded wooden surface.<br \/>\n\u2013 Apply the oil evenly with a brush or a cloth (no primer is needed). Avoid local excess.<br \/>\n\u2013 Allow to dry for at least 10-12 hours, depending on the season and wood conditions.<br \/>\n\u2013 Apply at least 2 layers. Total drying time: 12-24 hours.<\/p>","protected":false},"excerpt":{"rendered":"<p>Borma Wachs Deense olie \/ Terras olie Kleurloos van Borma Wachs is samengesteld op basis van versterkte, natuurlijke oli\u00ebn, met een hoge penetratieco\u00ebffici\u00ebnt. Het dringt door zijn lage viscositeit diep in het hout door. Het geeft dankzij het hoge vaste stofgehalte een effici\u00ebnte bescherming en ademend vermogen zonder schilferverschijnselen en met een natuurlijk satijneffect. Verrijkt [&hellip;]<\/p>\n","protected":false},"featured_media":1943,"template":"","meta":{"_acf_changed":false},"product_brand":[],"product_cat":[67,64],"product_tag":[],"class_list":{"0":"post-2861","1":"product","2":"type-product","3":"status-publish","4":"has-post-thumbnail","6":"product_cat-danish-oil-en-outdoor-olie","7":"product_cat-oppervlakte-behandeling-borma-wachs","9":"first","10":"instock","11":"taxable","12":"shipping-taxable","13":"purchasable","14":"product-type-variable","15":"has-default-attributes"},"acf":[],"yoast_head":"<!-- This site is optimized with the Yoast SEO plugin v27.3 - https:\/\/yoast.com\/product\/yoast-seo-wordpress\/ -->\n<title>Terras olie kleurloos van Borma Wachs<\/title>\n<meta name=\"description\" content=\"Terras olie \/ Deense olie kleurloos van Borma Wachs beschermt uw houten terras en buitenmeubelen tegen weersinvloeden. Met UV filter en diepe penetratie.\" \/>\n<meta name=\"robots\" content=\"index, follow, max-snippet:-1, max-image-preview:large, max-video-preview:-1\" \/>\n<link rel=\"canonical\" href=\"https:\/\/partsandpieces.nl\/en\/product\/borma-wachs-danish-oil-terrace-oil-colorless\/\" \/>\n<meta property=\"og:locale\" content=\"en_GB\" \/>\n<meta property=\"og:type\" content=\"article\" \/>\n<meta property=\"og:title\" content=\"Terras olie kleurloos van Borma Wachs\" \/>\n<meta property=\"og:description\" content=\"Terras olie \/ Deense olie kleurloos van Borma Wachs beschermt uw houten terras en buitenmeubelen tegen weersinvloeden. Met UV filter en diepe penetratie.\" \/>\n<meta property=\"og:url\" content=\"https:\/\/partsandpieces.nl\/en\/product\/borma-wachs-danish-oil-terrace-oil-colorless\/\" \/>\n<meta property=\"og:site_name\" content=\"Parts &amp; Pieces\" \/>\n<meta property=\"article:modified_time\" content=\"2026-04-02T11:31:48+00:00\" \/>\n<meta property=\"og:image\" content=\"https:\/\/partsandpieces.nl\/wp-content\/uploads\/2022\/09\/4971XXIL.jpg\" \/>\n\t<meta property=\"og:image:width\" content=\"800\" \/>\n\t<meta property=\"og:image:height\" content=\"800\" \/>\n\t<meta property=\"og:image:type\" content=\"image\/jpeg\" \/>\n<meta name=\"twitter:card\" content=\"summary_large_image\" \/>\n<meta name=\"twitter:label1\" content=\"Estimated reading time\" \/>\n\t<meta name=\"twitter:data1\" content=\"1 minute\" \/>\n<script type=\"application\/ld+json\" class=\"yoast-schema-graph\">{\"@context\":\"https:\\\/\\\/schema.org\",\"@graph\":[{\"@type\":\"WebPage\",\"@id\":\"https:\\\/\\\/partsandpieces.nl\\\/product\\\/borma-wachs-deense-olie-terras-olie-kleurloos\\\/\",\"url\":\"https:\\\/\\\/partsandpieces.nl\\\/product\\\/borma-wachs-deense-olie-terras-olie-kleurloos\\\/\",\"name\":\"Terras olie kleurloos van Borma Wachs\",\"isPartOf\":{\"@id\":\"https:\\\/\\\/partsandpieces.nl\\\/#website\"},\"primaryImageOfPage\":{\"@id\":\"https:\\\/\\\/partsandpieces.nl\\\/product\\\/borma-wachs-deense-olie-terras-olie-kleurloos\\\/#primaryimage\"},\"image\":{\"@id\":\"https:\\\/\\\/partsandpieces.nl\\\/product\\\/borma-wachs-deense-olie-terras-olie-kleurloos\\\/#primaryimage\"},\"thumbnailUrl\":\"https:\\\/\\\/partsandpieces.nl\\\/wp-content\\\/uploads\\\/2022\\\/09\\\/4971XXIL.jpg\",\"datePublished\":\"2022-06-10T12:00:51+00:00\",\"dateModified\":\"2026-04-02T11:31:48+00:00\",\"description\":\"Terras olie \\\/ Deense olie kleurloos van Borma Wachs beschermt uw houten terras en buitenmeubelen tegen weersinvloeden. Met UV filter en diepe penetratie.\",\"breadcrumb\":{\"@id\":\"https:\\\/\\\/partsandpieces.nl\\\/product\\\/borma-wachs-deense-olie-terras-olie-kleurloos\\\/#breadcrumb\"},\"inLanguage\":\"en-GB\",\"potentialAction\":[{\"@type\":\"ReadAction\",\"target\":[\"https:\\\/\\\/partsandpieces.nl\\\/product\\\/borma-wachs-deense-olie-terras-olie-kleurloos\\\/\"]}]},{\"@type\":\"ImageObject\",\"inLanguage\":\"en-GB\",\"@id\":\"https:\\\/\\\/partsandpieces.nl\\\/product\\\/borma-wachs-deense-olie-terras-olie-kleurloos\\\/#primaryimage\",\"url\":\"https:\\\/\\\/partsandpieces.nl\\\/wp-content\\\/uploads\\\/2022\\\/09\\\/4971XXIL.jpg\",\"contentUrl\":\"https:\\\/\\\/partsandpieces.nl\\\/wp-content\\\/uploads\\\/2022\\\/09\\\/4971XXIL.jpg\",\"width\":800,\"height\":800},{\"@type\":\"BreadcrumbList\",\"@id\":\"https:\\\/\\\/partsandpieces.nl\\\/product\\\/borma-wachs-deense-olie-terras-olie-kleurloos\\\/#breadcrumb\",\"itemListElement\":[{\"@type\":\"ListItem\",\"position\":1,\"name\":\"Home\",\"item\":\"https:\\\/\\\/partsandpieces.nl\\\/home\\\/\"},{\"@type\":\"ListItem\",\"position\":2,\"name\":\"Winkel\",\"item\":\"https:\\\/\\\/partsandpieces.nl\\\/winkel\\\/\"},{\"@type\":\"ListItem\",\"position\":3,\"name\":\"Borma Wachs Deense olie \\\/ Terras olie Kleurloos\"}]},{\"@type\":\"WebSite\",\"@id\":\"https:\\\/\\\/partsandpieces.nl\\\/#website\",\"url\":\"https:\\\/\\\/partsandpieces.nl\\\/\",\"name\":\"Parts &amp; Pieces\",\"description\":\"Alles voor uw meubelrestauratie en -onderhoud!\",\"potentialAction\":[{\"@type\":\"SearchAction\",\"target\":{\"@type\":\"EntryPoint\",\"urlTemplate\":\"https:\\\/\\\/partsandpieces.nl\\\/?s={search_term_string}\"},\"query-input\":{\"@type\":\"PropertyValueSpecification\",\"valueRequired\":true,\"valueName\":\"search_term_string\"}}],\"inLanguage\":\"en-GB\"}]}<\/script>\n<!-- \/ Yoast SEO plugin. -->","yoast_head_json":{"title":"Terrace oil colorless from Borma Wachs","description":"Terrace oil \/ Danish oil colorless from Borma Wachs protects your wooden terrace and outdoor furniture against weather influences. With UV filter and deep penetration.","robots":{"index":"index","follow":"follow","max-snippet":"max-snippet:-1","max-image-preview":"max-image-preview:large","max-video-preview":"max-video-preview:-1"},"canonical":"https:\/\/partsandpieces.nl\/en\/product\/borma-wachs-danish-oil-terrace-oil-colorless\/","og_locale":"en_GB","og_type":"article","og_title":"Terras olie kleurloos van Borma Wachs","og_description":"Terras olie \/ Deense olie kleurloos van Borma Wachs beschermt uw houten terras en buitenmeubelen tegen weersinvloeden. Met UV filter en diepe penetratie.","og_url":"https:\/\/partsandpieces.nl\/en\/product\/borma-wachs-danish-oil-terrace-oil-colorless\/","og_site_name":"Parts &amp; Pieces","article_modified_time":"2026-04-02T11:31:48+00:00","og_image":[{"width":800,"height":800,"url":"https:\/\/partsandpieces.nl\/wp-content\/uploads\/2022\/09\/4971XXIL.jpg","type":"image\/jpeg"}],"twitter_card":"summary_large_image","twitter_misc":{"Estimated reading time":"1 minute"},"schema":{"@context":"https:\/\/schema.org","@graph":[{"@type":"WebPage","@id":"https:\/\/partsandpieces.nl\/product\/borma-wachs-deense-olie-terras-olie-kleurloos\/","url":"https:\/\/partsandpieces.nl\/product\/borma-wachs-deense-olie-terras-olie-kleurloos\/","name":"Terrace oil colorless from Borma Wachs","isPartOf":{"@id":"https:\/\/partsandpieces.nl\/#website"},"primaryImageOfPage":{"@id":"https:\/\/partsandpieces.nl\/product\/borma-wachs-deense-olie-terras-olie-kleurloos\/#primaryimage"},"image":{"@id":"https:\/\/partsandpieces.nl\/product\/borma-wachs-deense-olie-terras-olie-kleurloos\/#primaryimage"},"thumbnailUrl":"https:\/\/partsandpieces.nl\/wp-content\/uploads\/2022\/09\/4971XXIL.jpg","datePublished":"2022-06-10T12:00:51+00:00","dateModified":"2026-04-02T11:31:48+00:00","description":"Terrace oil \/ Danish oil colorless from Borma Wachs protects your wooden terrace and outdoor furniture against weather influences. With UV filter and deep penetration.","breadcrumb":{"@id":"https:\/\/partsandpieces.nl\/product\/borma-wachs-deense-olie-terras-olie-kleurloos\/#breadcrumb"},"inLanguage":"en-GB","potentialAction":[{"@type":"ReadAction","target":["https:\/\/partsandpieces.nl\/product\/borma-wachs-deense-olie-terras-olie-kleurloos\/"]}]},{"@type":"ImageObject","inLanguage":"en-GB","@id":"https:\/\/partsandpieces.nl\/product\/borma-wachs-deense-olie-terras-olie-kleurloos\/#primaryimage","url":"https:\/\/partsandpieces.nl\/wp-content\/uploads\/2022\/09\/4971XXIL.jpg","contentUrl":"https:\/\/partsandpieces.nl\/wp-content\/uploads\/2022\/09\/4971XXIL.jpg","width":800,"height":800},{"@type":"BreadcrumbList","@id":"https:\/\/partsandpieces.nl\/product\/borma-wachs-deense-olie-terras-olie-kleurloos\/#breadcrumb","itemListElement":[{"@type":"ListItem","position":1,"name":"Home","item":"https:\/\/partsandpieces.nl\/home\/"},{"@type":"ListItem","position":2,"name":"Winkel","item":"https:\/\/partsandpieces.nl\/winkel\/"},{"@type":"ListItem","position":3,"name":"Borma Wachs Deense olie \/ Terras olie Kleurloos"}]},{"@type":"WebSite","@id":"https:\/\/partsandpieces.nl\/#website","url":"https:\/\/partsandpieces.nl\/","name":"Parts &amp; Pieces","description":"Everything for your furniture restoration and maintenance!","potentialAction":[{"@type":"SearchAction","target":{"@type":"EntryPoint","urlTemplate":"https:\/\/partsandpieces.nl\/?s={search_term_string}"},"query-input":{"@type":"PropertyValueSpecification","valueRequired":true,"valueName":"search_term_string"}}],"inLanguage":"en-GB"}]}},"_links":{"self":[{"href":"https:\/\/partsandpieces.nl\/en\/wp-json\/wp\/v2\/product\/2861","targetHints":{"allow":["GET"]}}],"collection":[{"href":"https:\/\/partsandpieces.nl\/en\/wp-json\/wp\/v2\/product"}],"about":[{"href":"https:\/\/partsandpieces.nl\/en\/wp-json\/wp\/v2\/types\/product"}],"wp:featuredmedia":[{"embeddable":true,"href":"https:\/\/partsandpieces.nl\/en\/wp-json\/wp\/v2\/media\/1943"}],"wp:attachment":[{"href":"https:\/\/partsandpieces.nl\/en\/wp-json\/wp\/v2\/media?parent=2861"}],"wp:term":[{"taxonomy":"product_brand","embeddable":true,"href":"https:\/\/partsandpieces.nl\/en\/wp-json\/wp\/v2\/product_brand?post=2861"},{"taxonomy":"product_cat","embeddable":true,"href":"https:\/\/partsandpieces.nl\/en\/wp-json\/wp\/v2\/product_cat?post=2861"},{"taxonomy":"product_tag","embeddable":true,"href":"https:\/\/partsandpieces.nl\/en\/wp-json\/wp\/v2\/product_tag?post=2861"}],"curies":[{"name":"wp","href":"https:\/\/api.w.org\/{rel}","templated":true}]}}